{"id":10127,"date":"2020-02-14T19:46:48","date_gmt":"2020-02-14T19:46:48","guid":{"rendered":"https:\/\/licenseconsulting.com\/legal\/"},"modified":"2020-05-25T09:09:27","modified_gmt":"2020-05-25T09:09:27","slug":"legal","status":"publish","type":"page","link":"https:\/\/licenseconsulting.com\/pt-br\/legal\/","title":{"rendered":"Legal"},"content":{"rendered":"<div class=\"wpb-content-wrapper\"><p>[vc_row][vc_column][vc_column_text]<\/p>\n<h2>Ambiguidades contratuais e orienta\u00e7\u00e3o jur\u00eddica<\/h2>\n<p><img fetchpriority=\"high\" decoding=\"async\" class=\"size-medium wp-image-11087 alignleft\" src=\"https:\/\/licenseconsulting.com\/wp-content\/uploads\/2020\/03\/administration-agreement-banking-blur-618158-300x169.jpg\" alt=\"\" width=\"300\" height=\"169\" srcset=\"https:\/\/licenseconsulting.com\/wp-content\/uploads\/2020\/03\/administration-agreement-banking-blur-618158-300x169.jpg 300w, https:\/\/licenseconsulting.com\/wp-content\/uploads\/2020\/03\/administration-agreement-banking-blur-618158-1024x577.jpg 1024w, https:\/\/licenseconsulting.com\/wp-content\/uploads\/2020\/03\/administration-agreement-banking-blur-618158-768x433.jpg 768w, https:\/\/licenseconsulting.com\/wp-content\/uploads\/2020\/03\/administration-agreement-banking-blur-618158-1536x866.jpg 1536w, https:\/\/licenseconsulting.com\/wp-content\/uploads\/2020\/03\/administration-agreement-banking-blur-618158-2048x1155.jpg 2048w\" sizes=\"(max-width: 300px) 100vw, 300px\" \/>Muitos clientes Oracle vivenciam a experi\u00eancia de mudan\u00e7a das regras de acordos Oracle.<\/p>\n<p><span lang=\"PT-BR\">A License Consulting tem uma experi\u00eancia de longa data e hist\u00f3rico na identifica\u00e7\u00e3o, discuss\u00e3o e supera\u00e7\u00e3o das dificuldades percebidas em trabalhar com contratos Oracle. Desde 2007, orientamos centenas de clientes, assessorando seus gerentes de contratos e assessoria jur\u00eddica. Al\u00e9m disso, temos uma vasta rede em advogados externos que est\u00e3o familiarizados em trabalhar com a Oracle e que possuem pulso firme.<\/span><\/p>\n<h3>A import\u00e2ncia do alinhamento interno<\/h3>\n<p><span lang=\"PT-BR\">A Oracle \u00e9 um fornecedor cr\u00edtico para muitas empresas. Qualquer ambiguidade em seu relacionamento comercial com a Oracle causa Medo, Incerteza e D\u00favida (MID). O MID muitas vezes ganha vida pr\u00f3pria: partes interessadas financeiras, t\u00e9cnicas e contratuais come\u00e7am a viver sua pr\u00f3pria MID \u2013 com cada parte interessada tendo suas pr\u00f3prias impress\u00f5es e opini\u00f5es. Isso impacta muito as capacidades de tomar decis\u00f5es informadas. Ao longo de <a href=\"https:\/\/licenseconsulting.com\/pt-br\/servicos\/\">nossos servi\u00e7os,<\/a> garantimos que alinhamos o entendimento do cliente sobre o acordo, as implementa\u00e7\u00f5es t\u00e9cnicas e o estado de direito local s\u00e3o considerados em toda a empresa. Isso permite que os clientes tomem decis\u00f5es melhores e informadas. Para melhorar o processo de tomada de decis\u00e3o, quantificamos o dom\u00ednio das possibilidades n\u00e3o apenas em riscos contratuais, mas cada escolha diferente tamb\u00e9m em um <a href=\"https:\/\/licenseconsulting.com\/pt-br\/financeiro\/\">valor monet\u00e1rio.<\/a><\/span><\/p>\n<p>&nbsp;<\/p>\n<h3>Exemplos<\/h3>\n<p><img decoding=\"async\" class=\"alignright size-medium wp-image-8861\" src=\"https:\/\/licenseconsulting.com\/wp-content\/uploads\/2019\/09\/copyright-389901_1280-300x199.jpg\" alt=\"\" width=\"300\" height=\"199\" srcset=\"https:\/\/licenseconsulting.com\/wp-content\/uploads\/2019\/09\/copyright-389901_1280-300x199.jpg 300w, https:\/\/licenseconsulting.com\/wp-content\/uploads\/2019\/09\/copyright-389901_1280-768x508.jpg 768w, https:\/\/licenseconsulting.com\/wp-content\/uploads\/2019\/09\/copyright-389901_1280-1024x678.jpg 1024w, https:\/\/licenseconsulting.com\/wp-content\/uploads\/2019\/09\/copyright-389901_1280.jpg 1280w\" sizes=\"(max-width: 300px) 100vw, 300px\" \/>H\u00e1 v\u00e1rias maneiras de um Oracle MID ser introduzido. Fontes frequentes s\u00e3o organiza\u00e7\u00f5es parceiras, representantes da Oracle ou algu\u00e9m que leu algo e depois fez em interpreta\u00e7\u00e3o. Algo foi dito durante um evento, ou outra empresa postou uma discuss\u00e3o no Linkedin. Todas essas impress\u00f5es e opini\u00f5es levam a sentimentos mistos que, em seguida, impactam as capacidades de tomar decis\u00f5es informadas. A Oracle como empresa est\u00e1 deliberadamente criando conte\u00fado que enfatiza MID.<\/p>\n<p>Por exemplo, a Oracle publica (e modifica) os seguintes documentos:<\/p>\n<p><a href=\"https:\/\/www.oracle.com\/assets\/data-recovery-licensing-070587.pdf\" target=\"_blank\" rel=\"noopener noreferrer\">Ambientes de recupera\u00e7\u00e3o de dados de licenciamento<\/a><br \/>\n<a href=\"https:\/\/www.oracle.com\/assets\/databaselicensing-070584.pdf\" target=\"_blank\" rel=\"noopener noreferrer\">White-Paper de licenciamento de banco de dados<\/a><br \/>\n<a href=\"https:\/\/www.oracle.com\/assets\/partitioning-070609.pdf\" target=\"_blank\" rel=\"noopener noreferrer\">Pol\u00edtica de particionamento Oracle (White-Paper no VMware)<\/a><br \/>\n<a href=\"https:\/\/www.oracle.com\/assets\/cloud-licensing-070579.pdf\" target=\"_blank\" rel=\"noopener noreferrer\">Licenciamento em nuvem Oracle<\/a><\/p>\n<p>&#8230; e muitos outros. Enquanto a Oracle os apresenta como &#8220;a verdade e nada mais que a verdade&#8221;, eles n\u00e3o fazem parte do contrato. E as notas de rodap\u00e9 deixam isso muito claro.<\/p>\n<h3>Educa\u00e7\u00e3o e orienta\u00e7\u00e3o sobre seus direitos<\/h3>\n<p>Depois de ter trabalhado com a License Consulting, os clientes n\u00e3o colocam mais a carteira na mesa e dizem \u00e0 Oracle &#8220;pegue o que voc\u00ea acha que precisa&#8221;. Em vez disso, eles ganham uma compreens\u00e3o profunda de seus direitos contratuais e legais, de forma que \u00e9 endossada em toda a empresa. Isso os ajuda a tomar decis\u00f5es informadas.[\/vc_column_text][\/vc_column][\/vc_row][vc_row][vc_column]<style type=\"text\/css\" data-type=\"the7_shortcodes-inline-css\">#default-btn-12138558a96ce163c419073d8cba255a.ico-right-side > i {\n  margin-right: 0px;\n  margin-left: 8px;\n}\n#default-btn-12138558a96ce163c419073d8cba255a > i {\n  margin-right: 8px;\n}\n<\/style><a href=\"https:\/\/licenseconsulting.com\/pt-br\/contato\/\" class=\"default-btn-shortcode dt-btn dt-btn-m link-hover-off full-width-btn btn-inline-left \" id=\"default-btn-12138558a96ce163c419073d8cba255a\" title=\"Contact\"><span>Contacte-nos para mais informa\u00e7\u00f5es<\/span><\/a>[\/vc_column][\/vc_row]<\/p>\n<\/div>","protected":false},"excerpt":{"rendered":"<p>[vc_row][vc_column][vc_column_text] Ambiguidades contratuais e orienta\u00e7\u00e3o jur\u00eddica Muitos clientes Oracle vivenciam a experi\u00eancia de mudan\u00e7a das regras de acordos Oracle. A License Consulting tem uma experi\u00eancia de longa data e hist\u00f3rico na identifica\u00e7\u00e3o, discuss\u00e3o e supera\u00e7\u00e3o das dificuldades percebidas em trabalhar com contratos Oracle. Desde 2007, orientamos centenas de clientes, assessorando seus gerentes de contratos e&hellip;<\/p>\n","protected":false},"author":1,"featured_media":0,"parent":0,"menu_order":0,"comment_status":"closed","ping_status":"closed","template":"","meta":{"footnotes":""},"class_list":["post-10127","page","type-page","status-publish","hentry","description-off"],"yoast_head":"<!-- This site is optimized with the Yoast SEO Premium plugin v25.2 (Yoast SEO v26.8) - https:\/\/yoast.com\/product\/yoast-seo-premium-wordpress\/ -->\n<title>Legal - License Consulting<\/title>\n<meta name=\"robots\" content=\"index, follow, max-snippet:-1, max-image-preview:large, max-video-preview:-1\" \/>\n<link rel=\"canonical\" href=\"https:\/\/licenseconsulting.com\/pt-br\/legal\/\" \/>\n<meta property=\"og:locale\" content=\"pt_BR\" \/>\n<meta property=\"og:type\" content=\"article\" \/>\n<meta property=\"og:title\" content=\"Legal\" \/>\n<meta property=\"og:description\" content=\"Ambiguidades contratuais e orienta\u00e7\u00e3o jur\u00eddica Muitos clientes Oracle vivenciam a experi\u00eancia de mudan\u00e7a das regras de acordos Oracle. A License\" \/>\n<meta property=\"og:url\" content=\"https:\/\/licenseconsulting.com\/pt-br\/legal\/\" \/>\n<meta property=\"og:site_name\" content=\"License Consulting\" \/>\n<meta property=\"article:modified_time\" content=\"2020-05-25T09:09:27+00:00\" \/>\n<meta property=\"og:image\" content=\"https:\/\/licenseconsulting.com\/wp-content\/uploads\/2020\/03\/administration-agreement-banking-blur-618158-300x169.jpg\" \/>\n<meta name=\"twitter:card\" content=\"summary_large_image\" \/>\n<meta name=\"twitter:site\" content=\"@OracleLicensing\" \/>\n<meta name=\"twitter:label1\" content=\"Est. tempo de leitura\" \/>\n\t<meta name=\"twitter:data1\" content=\"3 minutos\" \/>\n<script type=\"application\/ld+json\" class=\"yoast-schema-graph\">{\"@context\":\"https:\/\/schema.org\",\"@graph\":[{\"@type\":\"WebPage\",\"@id\":\"https:\/\/licenseconsulting.com\/pt-br\/legal\/\",\"url\":\"https:\/\/licenseconsulting.com\/pt-br\/legal\/\",\"name\":\"Legal - License Consulting\",\"isPartOf\":{\"@id\":\"https:\/\/licenseconsulting.com\/pt-br\/#website\"},\"primaryImageOfPage\":{\"@id\":\"https:\/\/licenseconsulting.com\/pt-br\/legal\/#primaryimage\"},\"image\":{\"@id\":\"https:\/\/licenseconsulting.com\/pt-br\/legal\/#primaryimage\"},\"thumbnailUrl\":\"https:\/\/licenseconsulting.com\/wp-content\/uploads\/2020\/03\/administration-agreement-banking-blur-618158-300x169.jpg\",\"datePublished\":\"2020-02-14T19:46:48+00:00\",\"dateModified\":\"2020-05-25T09:09:27+00:00\",\"breadcrumb\":{\"@id\":\"https:\/\/licenseconsulting.com\/pt-br\/legal\/#breadcrumb\"},\"inLanguage\":\"pt-BR\",\"potentialAction\":[{\"@type\":\"ReadAction\",\"target\":[\"https:\/\/licenseconsulting.com\/pt-br\/legal\/\"]}]},{\"@type\":\"ImageObject\",\"inLanguage\":\"pt-BR\",\"@id\":\"https:\/\/licenseconsulting.com\/pt-br\/legal\/#primaryimage\",\"url\":\"https:\/\/licenseconsulting.com\/wp-content\/uploads\/2020\/03\/administration-agreement-banking-blur-618158-300x169.jpg\",\"contentUrl\":\"https:\/\/licenseconsulting.com\/wp-content\/uploads\/2020\/03\/administration-agreement-banking-blur-618158-300x169.jpg\"},{\"@type\":\"BreadcrumbList\",\"@id\":\"https:\/\/licenseconsulting.com\/pt-br\/legal\/#breadcrumb\",\"itemListElement\":[{\"@type\":\"ListItem\",\"position\":1,\"name\":\"Home\",\"item\":\"https:\/\/licenseconsulting.com\/pt-br\/\"},{\"@type\":\"ListItem\",\"position\":2,\"name\":\"Legal\"}]},{\"@type\":\"WebSite\",\"@id\":\"https:\/\/licenseconsulting.com\/pt-br\/#website\",\"url\":\"https:\/\/licenseconsulting.com\/pt-br\/\",\"name\":\"License Consulting\",\"description\":\"Oracle License Compliance Company\",\"publisher\":{\"@id\":\"https:\/\/licenseconsulting.com\/pt-br\/#organization\"},\"potentialAction\":[{\"@type\":\"SearchAction\",\"target\":{\"@type\":\"EntryPoint\",\"urlTemplate\":\"https:\/\/licenseconsulting.com\/pt-br\/?s={search_term_string}\"},\"query-input\":{\"@type\":\"PropertyValueSpecification\",\"valueRequired\":true,\"valueName\":\"search_term_string\"}}],\"inLanguage\":\"pt-BR\"},{\"@type\":\"Organization\",\"@id\":\"https:\/\/licenseconsulting.com\/pt-br\/#organization\",\"name\":\"License Consulting BV\",\"url\":\"https:\/\/licenseconsulting.com\/pt-br\/\",\"logo\":{\"@type\":\"ImageObject\",\"inLanguage\":\"pt-BR\",\"@id\":\"https:\/\/licenseconsulting.com\/pt-br\/#\/schema\/logo\/image\/\",\"url\":\"https:\/\/licenseconsulting.com\/wp-content\/uploads\/2020\/07\/LC-logo-2019-768x144-1.png\",\"contentUrl\":\"https:\/\/licenseconsulting.com\/wp-content\/uploads\/2020\/07\/LC-logo-2019-768x144-1.png\",\"width\":768,\"height\":144,\"caption\":\"License Consulting BV\"},\"image\":{\"@id\":\"https:\/\/licenseconsulting.com\/pt-br\/#\/schema\/logo\/image\/\"},\"sameAs\":[\"https:\/\/x.com\/OracleLicensing\",\"https:\/\/www.linkedin.com\/company\/license-consulting\/\"]}]}<\/script>\n<!-- \/ Yoast SEO Premium plugin. -->","yoast_head_json":{"title":"Legal - License Consulting","robots":{"index":"index","follow":"follow","max-snippet":"max-snippet:-1","max-image-preview":"max-image-preview:large","max-video-preview":"max-video-preview:-1"},"canonical":"https:\/\/licenseconsulting.com\/pt-br\/legal\/","og_locale":"pt_BR","og_type":"article","og_title":"Legal","og_description":"Ambiguidades contratuais e orienta\u00e7\u00e3o jur\u00eddica Muitos clientes Oracle vivenciam a experi\u00eancia de mudan\u00e7a das regras de acordos Oracle. A License","og_url":"https:\/\/licenseconsulting.com\/pt-br\/legal\/","og_site_name":"License Consulting","article_modified_time":"2020-05-25T09:09:27+00:00","og_image":[{"url":"https:\/\/licenseconsulting.com\/wp-content\/uploads\/2020\/03\/administration-agreement-banking-blur-618158-300x169.jpg","type":"","width":"","height":""}],"twitter_card":"summary_large_image","twitter_site":"@OracleLicensing","twitter_misc":{"Est. tempo de leitura":"3 minutos"},"schema":{"@context":"https:\/\/schema.org","@graph":[{"@type":"WebPage","@id":"https:\/\/licenseconsulting.com\/pt-br\/legal\/","url":"https:\/\/licenseconsulting.com\/pt-br\/legal\/","name":"Legal - License Consulting","isPartOf":{"@id":"https:\/\/licenseconsulting.com\/pt-br\/#website"},"primaryImageOfPage":{"@id":"https:\/\/licenseconsulting.com\/pt-br\/legal\/#primaryimage"},"image":{"@id":"https:\/\/licenseconsulting.com\/pt-br\/legal\/#primaryimage"},"thumbnailUrl":"https:\/\/licenseconsulting.com\/wp-content\/uploads\/2020\/03\/administration-agreement-banking-blur-618158-300x169.jpg","datePublished":"2020-02-14T19:46:48+00:00","dateModified":"2020-05-25T09:09:27+00:00","breadcrumb":{"@id":"https:\/\/licenseconsulting.com\/pt-br\/legal\/#breadcrumb"},"inLanguage":"pt-BR","potentialAction":[{"@type":"ReadAction","target":["https:\/\/licenseconsulting.com\/pt-br\/legal\/"]}]},{"@type":"ImageObject","inLanguage":"pt-BR","@id":"https:\/\/licenseconsulting.com\/pt-br\/legal\/#primaryimage","url":"https:\/\/licenseconsulting.com\/wp-content\/uploads\/2020\/03\/administration-agreement-banking-blur-618158-300x169.jpg","contentUrl":"https:\/\/licenseconsulting.com\/wp-content\/uploads\/2020\/03\/administration-agreement-banking-blur-618158-300x169.jpg"},{"@type":"BreadcrumbList","@id":"https:\/\/licenseconsulting.com\/pt-br\/legal\/#breadcrumb","itemListElement":[{"@type":"ListItem","position":1,"name":"Home","item":"https:\/\/licenseconsulting.com\/pt-br\/"},{"@type":"ListItem","position":2,"name":"Legal"}]},{"@type":"WebSite","@id":"https:\/\/licenseconsulting.com\/pt-br\/#website","url":"https:\/\/licenseconsulting.com\/pt-br\/","name":"License Consulting","description":"Oracle License Compliance Company","publisher":{"@id":"https:\/\/licenseconsulting.com\/pt-br\/#organization"},"potentialAction":[{"@type":"SearchAction","target":{"@type":"EntryPoint","urlTemplate":"https:\/\/licenseconsulting.com\/pt-br\/?s={search_term_string}"},"query-input":{"@type":"PropertyValueSpecification","valueRequired":true,"valueName":"search_term_string"}}],"inLanguage":"pt-BR"},{"@type":"Organization","@id":"https:\/\/licenseconsulting.com\/pt-br\/#organization","name":"License Consulting BV","url":"https:\/\/licenseconsulting.com\/pt-br\/","logo":{"@type":"ImageObject","inLanguage":"pt-BR","@id":"https:\/\/licenseconsulting.com\/pt-br\/#\/schema\/logo\/image\/","url":"https:\/\/licenseconsulting.com\/wp-content\/uploads\/2020\/07\/LC-logo-2019-768x144-1.png","contentUrl":"https:\/\/licenseconsulting.com\/wp-content\/uploads\/2020\/07\/LC-logo-2019-768x144-1.png","width":768,"height":144,"caption":"License Consulting BV"},"image":{"@id":"https:\/\/licenseconsulting.com\/pt-br\/#\/schema\/logo\/image\/"},"sameAs":["https:\/\/x.com\/OracleLicensing","https:\/\/www.linkedin.com\/company\/license-consulting\/"]}]}},"_links":{"self":[{"href":"https:\/\/licenseconsulting.com\/pt-br\/wp-json\/wp\/v2\/pages\/10127","targetHints":{"allow":["GET"]}}],"collection":[{"href":"https:\/\/licenseconsulting.com\/pt-br\/wp-json\/wp\/v2\/pages"}],"about":[{"href":"https:\/\/licenseconsulting.com\/pt-br\/wp-json\/wp\/v2\/types\/page"}],"author":[{"embeddable":true,"href":"https:\/\/licenseconsulting.com\/pt-br\/wp-json\/wp\/v2\/users\/1"}],"replies":[{"embeddable":true,"href":"https:\/\/licenseconsulting.com\/pt-br\/wp-json\/wp\/v2\/comments?post=10127"}],"version-history":[{"count":4,"href":"https:\/\/licenseconsulting.com\/pt-br\/wp-json\/wp\/v2\/pages\/10127\/revisions"}],"predecessor-version":[{"id":12209,"href":"https:\/\/licenseconsulting.com\/pt-br\/wp-json\/wp\/v2\/pages\/10127\/revisions\/12209"}],"wp:attachment":[{"href":"https:\/\/licenseconsulting.com\/pt-br\/wp-json\/wp\/v2\/media?parent=10127"}],"curies":[{"name":"wp","href":"https:\/\/api.w.org\/{rel}","templated":true}]}}