{"id":10120,"date":"2020-02-14T19:46:46","date_gmt":"2020-02-14T19:46:46","guid":{"rendered":"https:\/\/licenseconsulting.com\/tecnico\/"},"modified":"2020-05-08T10:27:03","modified_gmt":"2020-05-08T10:27:03","slug":"tecnico","status":"publish","type":"page","link":"https:\/\/licenseconsulting.com\/pt-br\/tecnico\/","title":{"rendered":"T\u00e9cnico"},"content":{"rendered":"<div class=\"wpb-content-wrapper\"><p>[vc_row][vc_column][vc_column_text]<\/p>\n<h1><span class=\"TextRun BCX0 SCXW219290113\" lang=\"EN-IE\" xml:lang=\"EN-IE\" data-contrast=\"auto\"><span class=\"NormalTextRun BCX0 SCXW219290113\">Scripting de auditoria oracle, an\u00e1lise, ferramentas e arquiteturas de TI <\/span><\/span><\/h1>\n<p>[\/vc_column_text][\/vc_column][\/vc_row][vc_row][vc_column][vc_column_text]<span lang=\"PT-BR\">A License Consulting fornece aos clientes uma grande variedade de recursos t\u00e9cnicos.<\/span><\/p>\n<h3><strong>Disponibilidade de script de auditoria Oracle<\/strong><\/h3>\n<p><img fetchpriority=\"high\" decoding=\"async\" class=\"alignleft size-medium wp-image-11105\" src=\"https:\/\/licenseconsulting.com\/wp-content\/uploads\/2020\/03\/woman-holding-laptop-beside-glass-wall-1181316-300x200.jpg\" alt=\"\" width=\"300\" height=\"200\" srcset=\"https:\/\/licenseconsulting.com\/wp-content\/uploads\/2020\/03\/woman-holding-laptop-beside-glass-wall-1181316-300x200.jpg 300w, https:\/\/licenseconsulting.com\/wp-content\/uploads\/2020\/03\/woman-holding-laptop-beside-glass-wall-1181316-1024x684.jpg 1024w, https:\/\/licenseconsulting.com\/wp-content\/uploads\/2020\/03\/woman-holding-laptop-beside-glass-wall-1181316-768x513.jpg 768w, https:\/\/licenseconsulting.com\/wp-content\/uploads\/2020\/03\/woman-holding-laptop-beside-glass-wall-1181316-1536x1025.jpg 1536w, https:\/\/licenseconsulting.com\/wp-content\/uploads\/2020\/03\/woman-holding-laptop-beside-glass-wall-1181316-2048x1367.jpg 2048w\" sizes=\"(max-width: 300px) 100vw, 300px\" \/>A Oracle n\u00e3o fornece c\u00f3digos de licen\u00e7a ou qualquer outro meio para proteger os clientes de usar recursos n\u00e3o licenciados. Na verdade, a maioria das m\u00eddias de instala\u00e7\u00e3o vem com muitas funcionalidades que s\u00e3o pr\u00e9-instaladas por padr\u00e3o, e que exigem licen\u00e7as adicionais ao utilizar essas funcionalidades. Ao mesmo tempo, a Oracle n\u00e3o fornece ferramentas ou orienta\u00e7\u00f5es que ajudem os clientes a avaliar seus pr\u00f3prios riscos de licen\u00e7a.<\/p>\n<p><span lang=\"PT-BR\">Ao usar o software Oracle, o risco de inconformidade \u00e9 um fato. Ao mesmo tempo, os clientes acham igualmente dif\u00edcil entender se est\u00e3o pagando suporte para licen\u00e7as que n\u00e3o s\u00e3o utilizadas.<\/span><\/p>\n<p>Temos solu\u00e7\u00f5es para scripting a grande maioria dos produtos Oracle para refletir a utiliza\u00e7\u00e3o de cada licen\u00e7a e defini\u00e7\u00e3o de licen\u00e7a associada. Abaixo destacamos algumas de nossas capacidades.<\/p>\n<p><strong>Contagem Licen\u00e7as de processador<\/strong><\/p>\n<p>A License Consulting<span style=\"font-size: 14px; font-weight: normal;\">desenvolveu scripts de CPU propriet\u00e1rios para todas as plataformas de hardware \u2013 incluindo a VMware \u2013 para quantificar o n\u00famero de licen\u00e7as do processador de acordo com as defini\u00e7\u00f5es contratuais da Oracle.<\/span><strong><br \/>\n<\/strong><\/p>\n<p><strong>Scripts de auditoria do Banco de Dados Oracle<\/strong><\/p>\n<p>A License Consulting desenvolveu scripts SQLPlus que consultam as tabelas do sistema de banco de dados Oracle. Al\u00e9m das tabelas consultadas pelos scripts de auditoria da Oracle, nossos scripts consultam informa\u00e7\u00f5es adicionais que nos permitem fornecer conselhos melhores e mais significativos para otimizar suas implanta\u00e7\u00f5es Oracle.<\/p>\n<p><strong>Oracle E-Business Suite<\/strong><\/p>\n<p>Usando consultas SQL, tabelas de (entre outras) os Usu\u00e1rios e Responsabilidades s\u00e3o exportadas. Com o administrador do EBS, mapeamos os dados para refletir a posi\u00e7\u00e3o da licen\u00e7a de acordo com o contrato que voc\u00ea concordou. Uma vez mapeados seu ambiente EBS espec\u00edfico, \u00e9 muito simples e econ\u00f4mico nos fornecer uma Posi\u00e7\u00e3o de Licen\u00e7a Efetiva (ELP) regularmente.<\/p>\n<p>&nbsp;<\/p>\n<h3><span lang=\"PT-BR\">Oracle LMS \u201cfornecedores de ferramentas de terceiros verificado\u201d<\/span><\/h3>\n<p><span lang=\"PT-BR\">A Oracle mant\u00e9m um <a href=\"https:\/\/www.oracle.com\/corporate\/license-management-services\/tooling.html\">programa de ferramentas LMS verificado.<\/a> Ao contr\u00e1rio do que os folhetos de marketing sugerem, as ferramentas n\u00e3o s\u00e3o uma bala de prata para a conformidade Oracle: Ao contr\u00e1rio. Oracle afirma claramente que:<\/span><\/p>\n<ul>\n<li>Ferramentas dos seguintes fornecedores foram verificadas para fornecer conjuntos de dados que complementam um engajamento Oracle LMS<\/li>\n<li>O escopo do processo de verifica\u00e7\u00e3o abrange apenas o Banco de Dados Oracle e as op\u00e7\u00f5es associadas.<\/li>\n<li>O Oracle LMS aceitar\u00e1 dados de qualquer uma dessas ferramentas como uma alternativa \u00e0 instala\u00e7\u00e3o de ferramentas de medi\u00e7\u00e3o Oracle LMS.<\/li>\n<li>Observe que a instala\u00e7\u00e3o e o uso de uma ferramenta de um fornecedor verificado n\u00e3o substitui uma Auditoria de Licen\u00e7a Oracle ou revoga o direito contratual da Oracle de realizar uma.<\/li>\n<li>Al\u00e9m disso, os dados de uso coletados dessas ferramentas ainda precisar\u00e3o ser analisados pela organiza\u00e7\u00e3o Oracle LMS para avaliar as necessidades de licen\u00e7a e fornecer ao cliente uma declara\u00e7\u00e3o de conformidade.<\/li>\n<\/ul>\n<p><span lang=\"PT-BR\">Os fornecedores de ferramentas verificadas s\u00e3o a Aspera Smart Collect, iQuate, Lime Software, Micro Focus e Flexera. Todas as ferramentas devem fornecer o mesmo \u201crelat\u00f3rio de uso\u201d (pr\u00e9-definido pela Oracle) e os mesmos dados \u201cbrutos\u201d. As dificuldades da Oracle significam que:<\/span><\/p>\n<ol>\n<li>Os dados &#8220;f\u00e1ceis de usar&#8221; fornecidos pelas ferramentas n\u00e3o s\u00e3o precisos e, portanto, n\u00e3o s\u00e3o aceitos pela Oracle.<\/li>\n<li>A Oracle vai querer ter os dados &#8216;brutos&#8217; e criar sua an\u00e1lise &#8216;pr\u00f3pria&#8217;.<\/li>\n<li>Os clientes n\u00e3o t\u00eam a capacidade de analisar os dados &#8216;brutos&#8217; em si.<\/li>\n<\/ol>\n<p>&nbsp;<\/p>\n<p><strong>Importante<\/strong>: Os fornecedores de ferramentas n\u00e3o podem ser responsabilizados pelas defici\u00eancias nos relat\u00f3rios Oracle fornecidos por eles: Todos eles est\u00e3o agindo de acordo com os pr\u00e9-requisitos da Oracle e n\u00e3o est\u00e3o autorizados a relatar outros dados.<\/p>\n<p>A License Consulting \u00e9 capaz de analisar os dados brutos coletados por todos os fornecedores de ferramentas verificadas e fornecer relat\u00f3rios de uso e conformidade detalhados. Al\u00e9m disso, explicamos as diferen\u00e7as entre os relat\u00f3rios &#8216;padr\u00e3o&#8217; gerados \u2013 todos imprecisos \u2013 e o relat\u00f3rio gerado por n\u00f3s. Essa compara\u00e7\u00e3o aumenta a consci\u00eancia da conformidade da licen\u00e7a Oracle em nossa clientela e ajuda-os a entender qual parte da produ\u00e7\u00e3o gerada pelo motor da Oracle n\u00e3o pode e n\u00e3o deve ser totalmente confi\u00e1vel.<\/p>\n<p>&nbsp;<\/p>\n<h3>Arquiteturas e design Oracle<\/h3>\n<p><span lang=\"PT-BR\">A License Consulting oferece suporte para ajudar os clientes a tomar decis\u00f5es sobre como configurar e licenciar ambientes Oracle. Isso ajuda que as arquiteturas n\u00e3o s\u00f3 forne\u00e7am a funcionalidade exigida pelos profissionais de TI, mas tamb\u00e9m previne que o \u2018custo da licen\u00e7a\u2019 seja esquecido. E, todos os aspectos em torno dos custos, como recupera\u00e7\u00e3o de desastres, toler\u00e2ncia a falhas e a otimiza\u00e7\u00e3o de custos em torno de recursos espec\u00edficos, como op\u00e7\u00f5es de banco de dados. Muitas vezes, o custo das licen\u00e7as s\u00e3o esquecidos. A License Consulting n\u00e3o apenas calcula o custo de suas ideias \u2018iniciais\u2019, mas tamb\u00e9m ajuda na cria\u00e7\u00e3o de cen\u00e1rios alternativos que atendam igualmente \u00e0s suas necessidades \u2013 mas a um pre\u00e7o muito melhor do ponto de vista do licenciamento.<\/span>[\/vc_column_text][\/vc_column][\/vc_row][vc_row][vc_column]<style type=\"text\/css\" data-type=\"the7_shortcodes-inline-css\">#default-btn-12138558a96ce163c419073d8cba255a.ico-right-side > i {\n  margin-right: 0px;\n  margin-left: 8px;\n}\n#default-btn-12138558a96ce163c419073d8cba255a > i {\n  margin-right: 8px;\n}\n<\/style><a href=\"https:\/\/licenseconsulting.com\/pt-br\/contato\/\" class=\"default-btn-shortcode dt-btn dt-btn-m link-hover-off full-width-btn btn-inline-left \" id=\"default-btn-12138558a96ce163c419073d8cba255a\" title=\"Contact\"><span>Contacte-nos para mais informa\u00e7\u00f5es<\/span><\/a>[\/vc_column][\/vc_row]<\/p>\n<\/div>","protected":false},"excerpt":{"rendered":"<p>[vc_row][vc_column][vc_column_text] Scripting de auditoria oracle, an\u00e1lise, ferramentas e arquiteturas de TI [\/vc_column_text][\/vc_column][\/vc_row][vc_row][vc_column][vc_column_text]A License Consulting fornece aos clientes uma grande variedade de recursos t\u00e9cnicos. Disponibilidade de script de auditoria Oracle A Oracle n\u00e3o fornece c\u00f3digos de licen\u00e7a ou qualquer outro meio para proteger os clientes de usar recursos n\u00e3o licenciados. Na verdade, a maioria das m\u00eddias&hellip;<\/p>\n","protected":false},"author":1,"featured_media":0,"parent":0,"menu_order":0,"comment_status":"closed","ping_status":"closed","template":"","meta":{"footnotes":""},"class_list":["post-10120","page","type-page","status-publish","hentry","description-off"],"yoast_head":"<!-- This site is optimized with the Yoast SEO Premium plugin v25.2 (Yoast SEO v26.8) - https:\/\/yoast.com\/product\/yoast-seo-premium-wordpress\/ -->\n<title>T\u00e9cnico - License Consulting<\/title>\n<meta name=\"description\" content=\"Fornecemos servi\u00e7os de TI altamente especializados - incluindo scripts de auditoria e recursos de an\u00e1lise - para clientes Oracle em todo o mundo. Consultoria vMware e arquitetura.\" \/>\n<meta name=\"robots\" content=\"index, follow, max-snippet:-1, max-image-preview:large, max-video-preview:-1\" \/>\n<link rel=\"canonical\" href=\"https:\/\/licenseconsulting.com\/pt-br\/tecnico\/\" \/>\n<meta property=\"og:locale\" content=\"pt_BR\" \/>\n<meta property=\"og:type\" content=\"article\" \/>\n<meta property=\"og:title\" content=\"T\u00e9cnico\" \/>\n<meta property=\"og:description\" content=\"Scripting de auditoria oracle, an\u00e1lise, ferramentas e arquiteturas de TI A License Consulting fornece aos clientes uma grande variedade de recursos\" \/>\n<meta property=\"og:url\" content=\"https:\/\/licenseconsulting.com\/pt-br\/tecnico\/\" \/>\n<meta property=\"og:site_name\" content=\"License Consulting\" \/>\n<meta property=\"article:modified_time\" content=\"2020-05-08T10:27:03+00:00\" \/>\n<meta property=\"og:image\" content=\"https:\/\/licenseconsulting.com\/wp-content\/uploads\/2020\/03\/woman-holding-laptop-beside-glass-wall-1181316-300x200.jpg\" \/>\n<meta name=\"twitter:card\" content=\"summary_large_image\" \/>\n<meta name=\"twitter:site\" content=\"@OracleLicensing\" \/>\n<meta name=\"twitter:label1\" content=\"Est. tempo de leitura\" \/>\n\t<meta name=\"twitter:data1\" content=\"5 minutos\" \/>\n<script type=\"application\/ld+json\" class=\"yoast-schema-graph\">{\"@context\":\"https:\/\/schema.org\",\"@graph\":[{\"@type\":\"WebPage\",\"@id\":\"https:\/\/licenseconsulting.com\/pt-br\/tecnico\/\",\"url\":\"https:\/\/licenseconsulting.com\/pt-br\/tecnico\/\",\"name\":\"T\u00e9cnico - License Consulting\",\"isPartOf\":{\"@id\":\"https:\/\/licenseconsulting.com\/pt-br\/#website\"},\"primaryImageOfPage\":{\"@id\":\"https:\/\/licenseconsulting.com\/pt-br\/tecnico\/#primaryimage\"},\"image\":{\"@id\":\"https:\/\/licenseconsulting.com\/pt-br\/tecnico\/#primaryimage\"},\"thumbnailUrl\":\"https:\/\/licenseconsulting.com\/wp-content\/uploads\/2020\/03\/woman-holding-laptop-beside-glass-wall-1181316-300x200.jpg\",\"datePublished\":\"2020-02-14T19:46:46+00:00\",\"dateModified\":\"2020-05-08T10:27:03+00:00\",\"description\":\"Fornecemos servi\u00e7os de TI altamente especializados - incluindo scripts de auditoria e recursos de an\u00e1lise - para clientes Oracle em todo o mundo. Consultoria vMware e arquitetura.\",\"breadcrumb\":{\"@id\":\"https:\/\/licenseconsulting.com\/pt-br\/tecnico\/#breadcrumb\"},\"inLanguage\":\"pt-BR\",\"potentialAction\":[{\"@type\":\"ReadAction\",\"target\":[\"https:\/\/licenseconsulting.com\/pt-br\/tecnico\/\"]}]},{\"@type\":\"ImageObject\",\"inLanguage\":\"pt-BR\",\"@id\":\"https:\/\/licenseconsulting.com\/pt-br\/tecnico\/#primaryimage\",\"url\":\"https:\/\/licenseconsulting.com\/wp-content\/uploads\/2020\/03\/woman-holding-laptop-beside-glass-wall-1181316-300x200.jpg\",\"contentUrl\":\"https:\/\/licenseconsulting.com\/wp-content\/uploads\/2020\/03\/woman-holding-laptop-beside-glass-wall-1181316-300x200.jpg\"},{\"@type\":\"BreadcrumbList\",\"@id\":\"https:\/\/licenseconsulting.com\/pt-br\/tecnico\/#breadcrumb\",\"itemListElement\":[{\"@type\":\"ListItem\",\"position\":1,\"name\":\"Home\",\"item\":\"https:\/\/licenseconsulting.com\/pt-br\/\"},{\"@type\":\"ListItem\",\"position\":2,\"name\":\"T\u00e9cnico\"}]},{\"@type\":\"WebSite\",\"@id\":\"https:\/\/licenseconsulting.com\/pt-br\/#website\",\"url\":\"https:\/\/licenseconsulting.com\/pt-br\/\",\"name\":\"License Consulting\",\"description\":\"Oracle License Compliance Company\",\"publisher\":{\"@id\":\"https:\/\/licenseconsulting.com\/pt-br\/#organization\"},\"potentialAction\":[{\"@type\":\"SearchAction\",\"target\":{\"@type\":\"EntryPoint\",\"urlTemplate\":\"https:\/\/licenseconsulting.com\/pt-br\/?s={search_term_string}\"},\"query-input\":{\"@type\":\"PropertyValueSpecification\",\"valueRequired\":true,\"valueName\":\"search_term_string\"}}],\"inLanguage\":\"pt-BR\"},{\"@type\":\"Organization\",\"@id\":\"https:\/\/licenseconsulting.com\/pt-br\/#organization\",\"name\":\"License Consulting BV\",\"url\":\"https:\/\/licenseconsulting.com\/pt-br\/\",\"logo\":{\"@type\":\"ImageObject\",\"inLanguage\":\"pt-BR\",\"@id\":\"https:\/\/licenseconsulting.com\/pt-br\/#\/schema\/logo\/image\/\",\"url\":\"https:\/\/licenseconsulting.com\/wp-content\/uploads\/2020\/07\/LC-logo-2019-768x144-1.png\",\"contentUrl\":\"https:\/\/licenseconsulting.com\/wp-content\/uploads\/2020\/07\/LC-logo-2019-768x144-1.png\",\"width\":768,\"height\":144,\"caption\":\"License Consulting BV\"},\"image\":{\"@id\":\"https:\/\/licenseconsulting.com\/pt-br\/#\/schema\/logo\/image\/\"},\"sameAs\":[\"https:\/\/x.com\/OracleLicensing\",\"https:\/\/www.linkedin.com\/company\/license-consulting\/\"]}]}<\/script>\n<!-- \/ Yoast SEO Premium plugin. -->","yoast_head_json":{"title":"T\u00e9cnico - License Consulting","description":"Fornecemos servi\u00e7os de TI altamente especializados - incluindo scripts de auditoria e recursos de an\u00e1lise - para clientes Oracle em todo o mundo. Consultoria vMware e arquitetura.","robots":{"index":"index","follow":"follow","max-snippet":"max-snippet:-1","max-image-preview":"max-image-preview:large","max-video-preview":"max-video-preview:-1"},"canonical":"https:\/\/licenseconsulting.com\/pt-br\/tecnico\/","og_locale":"pt_BR","og_type":"article","og_title":"T\u00e9cnico","og_description":"Scripting de auditoria oracle, an\u00e1lise, ferramentas e arquiteturas de TI A License Consulting fornece aos clientes uma grande variedade de recursos","og_url":"https:\/\/licenseconsulting.com\/pt-br\/tecnico\/","og_site_name":"License Consulting","article_modified_time":"2020-05-08T10:27:03+00:00","og_image":[{"url":"https:\/\/licenseconsulting.com\/wp-content\/uploads\/2020\/03\/woman-holding-laptop-beside-glass-wall-1181316-300x200.jpg","type":"","width":"","height":""}],"twitter_card":"summary_large_image","twitter_site":"@OracleLicensing","twitter_misc":{"Est. tempo de leitura":"5 minutos"},"schema":{"@context":"https:\/\/schema.org","@graph":[{"@type":"WebPage","@id":"https:\/\/licenseconsulting.com\/pt-br\/tecnico\/","url":"https:\/\/licenseconsulting.com\/pt-br\/tecnico\/","name":"T\u00e9cnico - License Consulting","isPartOf":{"@id":"https:\/\/licenseconsulting.com\/pt-br\/#website"},"primaryImageOfPage":{"@id":"https:\/\/licenseconsulting.com\/pt-br\/tecnico\/#primaryimage"},"image":{"@id":"https:\/\/licenseconsulting.com\/pt-br\/tecnico\/#primaryimage"},"thumbnailUrl":"https:\/\/licenseconsulting.com\/wp-content\/uploads\/2020\/03\/woman-holding-laptop-beside-glass-wall-1181316-300x200.jpg","datePublished":"2020-02-14T19:46:46+00:00","dateModified":"2020-05-08T10:27:03+00:00","description":"Fornecemos servi\u00e7os de TI altamente especializados - incluindo scripts de auditoria e recursos de an\u00e1lise - para clientes Oracle em todo o mundo. Consultoria vMware e arquitetura.","breadcrumb":{"@id":"https:\/\/licenseconsulting.com\/pt-br\/tecnico\/#breadcrumb"},"inLanguage":"pt-BR","potentialAction":[{"@type":"ReadAction","target":["https:\/\/licenseconsulting.com\/pt-br\/tecnico\/"]}]},{"@type":"ImageObject","inLanguage":"pt-BR","@id":"https:\/\/licenseconsulting.com\/pt-br\/tecnico\/#primaryimage","url":"https:\/\/licenseconsulting.com\/wp-content\/uploads\/2020\/03\/woman-holding-laptop-beside-glass-wall-1181316-300x200.jpg","contentUrl":"https:\/\/licenseconsulting.com\/wp-content\/uploads\/2020\/03\/woman-holding-laptop-beside-glass-wall-1181316-300x200.jpg"},{"@type":"BreadcrumbList","@id":"https:\/\/licenseconsulting.com\/pt-br\/tecnico\/#breadcrumb","itemListElement":[{"@type":"ListItem","position":1,"name":"Home","item":"https:\/\/licenseconsulting.com\/pt-br\/"},{"@type":"ListItem","position":2,"name":"T\u00e9cnico"}]},{"@type":"WebSite","@id":"https:\/\/licenseconsulting.com\/pt-br\/#website","url":"https:\/\/licenseconsulting.com\/pt-br\/","name":"License Consulting","description":"Oracle License Compliance Company","publisher":{"@id":"https:\/\/licenseconsulting.com\/pt-br\/#organization"},"potentialAction":[{"@type":"SearchAction","target":{"@type":"EntryPoint","urlTemplate":"https:\/\/licenseconsulting.com\/pt-br\/?s={search_term_string}"},"query-input":{"@type":"PropertyValueSpecification","valueRequired":true,"valueName":"search_term_string"}}],"inLanguage":"pt-BR"},{"@type":"Organization","@id":"https:\/\/licenseconsulting.com\/pt-br\/#organization","name":"License Consulting BV","url":"https:\/\/licenseconsulting.com\/pt-br\/","logo":{"@type":"ImageObject","inLanguage":"pt-BR","@id":"https:\/\/licenseconsulting.com\/pt-br\/#\/schema\/logo\/image\/","url":"https:\/\/licenseconsulting.com\/wp-content\/uploads\/2020\/07\/LC-logo-2019-768x144-1.png","contentUrl":"https:\/\/licenseconsulting.com\/wp-content\/uploads\/2020\/07\/LC-logo-2019-768x144-1.png","width":768,"height":144,"caption":"License Consulting BV"},"image":{"@id":"https:\/\/licenseconsulting.com\/pt-br\/#\/schema\/logo\/image\/"},"sameAs":["https:\/\/x.com\/OracleLicensing","https:\/\/www.linkedin.com\/company\/license-consulting\/"]}]}},"_links":{"self":[{"href":"https:\/\/licenseconsulting.com\/pt-br\/wp-json\/wp\/v2\/pages\/10120","targetHints":{"allow":["GET"]}}],"collection":[{"href":"https:\/\/licenseconsulting.com\/pt-br\/wp-json\/wp\/v2\/pages"}],"about":[{"href":"https:\/\/licenseconsulting.com\/pt-br\/wp-json\/wp\/v2\/types\/page"}],"author":[{"embeddable":true,"href":"https:\/\/licenseconsulting.com\/pt-br\/wp-json\/wp\/v2\/users\/1"}],"replies":[{"embeddable":true,"href":"https:\/\/licenseconsulting.com\/pt-br\/wp-json\/wp\/v2\/comments?post=10120"}],"version-history":[{"count":6,"href":"https:\/\/licenseconsulting.com\/pt-br\/wp-json\/wp\/v2\/pages\/10120\/revisions"}],"predecessor-version":[{"id":12065,"href":"https:\/\/licenseconsulting.com\/pt-br\/wp-json\/wp\/v2\/pages\/10120\/revisions\/12065"}],"wp:attachment":[{"href":"https:\/\/licenseconsulting.com\/pt-br\/wp-json\/wp\/v2\/media?parent=10120"}],"curies":[{"name":"wp","href":"https:\/\/api.w.org\/{rel}","templated":true}]}}