{"id":10110,"date":"2020-02-14T19:46:45","date_gmt":"2020-02-14T19:46:45","guid":{"rendered":"https:\/\/licenseconsulting.com\/equipe-de-gestao\/"},"modified":"2020-04-24T12:42:40","modified_gmt":"2020-04-24T12:42:40","slug":"equipe-de-gestao","status":"publish","type":"page","link":"https:\/\/licenseconsulting.com\/pt-br\/equipe-de-gestao\/","title":{"rendered":"Equipe de Gest\u00e3o"},"content":{"rendered":"<div class=\"wpb-content-wrapper\"><p>[vc_row][vc_column width=&#8221;1\/2&#8243;]<div id=\"ultimate-heading-607769d7be294fbeb\" class=\"uvc-heading ult-adjust-bottom-margin ultimate-heading-607769d7be294fbeb uvc-671  uvc-heading-default-font-sizes\" data-hspacer=\"no_spacer\"  data-halign=\"center\" style=\"text-align:center\"><div class=\"uvc-heading-spacer no_spacer\" style=\"top\"><\/div><div class=\"uvc-main-heading ult-responsive\"  data-ultimate-target='.uvc-heading.ultimate-heading-607769d7be294fbeb h2'  data-responsive-json-new='{\"font-size\":\"\",\"line-height\":\"\"}' ><h2 style=\"--font-weight:theme;\">DANIEL HESSELINK<\/h2><\/div><div class=\"uvc-sub-heading ult-responsive\"  data-ultimate-target='.uvc-heading.ultimate-heading-607769d7be294fbeb .uvc-sub-heading '  data-responsive-json-new='{\"font-size\":\"\",\"line-height\":\"\"}'  style=\"font-weight:normal;\">Fundador &amp; CEO<\/div><\/div>[vc_empty_space][vc_row_inner][vc_column_inner width=&#8221;1\/4&#8243;]<style type=\"text\/css\" data-type=\"the7_shortcodes-inline-css\">.shortcode-single-image-wrap.shortcode-single-image-ec49b1d731c1761faa14ce8beac38b64.enable-bg-rollover .rollover i,\n.shortcode-single-image-wrap.shortcode-single-image-ec49b1d731c1761faa14ce8beac38b64.enable-bg-rollover .rollover-video i {\n  background: -webkit-linear-gradient();\n  background: linear-gradient();\n}\n.shortcode-single-image-wrap.shortcode-single-image-ec49b1d731c1761faa14ce8beac38b64 .rollover-icon {\n  font-size: 32px;\n  color: #ffffff;\n  min-width: 44px;\n  min-height: 44px;\n  line-height: 44px;\n  border-radius: 100px;\n  border-style: solid;\n  border-width: 0px;\n}\n.dt-icon-bg-on.shortcode-single-image-wrap.shortcode-single-image-ec49b1d731c1761faa14ce8beac38b64 .rollover-icon {\n  background: rgba(255,255,255,0.3);\n  box-shadow: none;\n}\n<\/style><div class=\"shortcode-single-image-wrap shortcode-single-image-ec49b1d731c1761faa14ce8beac38b64 alignnone  enable-bg-rollover dt-icon-bg-off\" style=\"margin-top:0px; margin-bottom:0px; margin-left:0px; margin-right:0px; width:500px;\"><div class=\"shortcode-single-image\"><div class=\"fancy-media-wrap  layzr-bg\" style=\"border-radius:500px;\"><img fetchpriority=\"high\" decoding=\"async\" class=\"preload-me lazy-load aspect\" src=\"data:image\/svg+xml,%3Csvg%20xmlns%3D&#39;http%3A%2F%2Fwww.w3.org%2F2000%2Fsvg&#39;%20viewBox%3D&#39;0%200%20305%20303&#39;%2F%3E\" data-src=\"https:\/\/licenseconsulting.com\/wp-content\/uploads\/2020\/03\/Daniel-1MB.png\" data-srcset=\"https:\/\/licenseconsulting.com\/wp-content\/uploads\/2020\/03\/Daniel-1MB.png 305w\" loading=\"eager\" sizes=\"(max-width: 305px) 100vw, 305px\" width=\"305\" height=\"303\"  data-dt-location=\"https:\/\/licenseconsulting.com\/pt-br\/equipe-de-gestao\/attachment\/daniel-1mb-2\/\" style=\"--ratio: 305 \/ 303;border-radius:500px;\" alt=\"Daniel Hesselink\" \/><\/div><\/div><\/div>[\/vc_column_inner][vc_column_inner width=&#8221;3\/4&#8243;][vc_column_text]Daniel Hesselink trabalha na ind\u00fastria de licenciamento de software desde 1995. Ocupou cargos em fornecedores, distribuidores e revendedores enquanto cobria muitos editores de software, ganhando uma riqueza de experi\u00eancia. Sua natureza consultiva resultou em treinamento de funcion\u00e1rios, parceiros e usu\u00e1rios finais no que diz respeito ao licenciamento de software. Como auditor dos Servi\u00e7os de Gerenciamento de Licen\u00e7as Oracle (LMS), ele tamb\u00e9m treinou novos funcion\u00e1rios da LMS e Vendas em toda a EMEA.[\/vc_column_text][\/vc_column_inner][\/vc_row_inner][vc_column_text]<span lang=\"PT-BR\">Desde que fundou a License Consulting em 2007, o Sr. Hesselink trabalha exclusivamente ao lado do cliente, auxiliando os usu\u00e1rios finais a melhorar ativamente sua conformidade com a licen\u00e7a Oracle e melhorar sua posi\u00e7\u00e3o de negocia\u00e7\u00e3o na Oracle. Devido \u00e0 sua combina\u00e7\u00e3o de habilidades t\u00e9cnicas e comunicativas, ele \u00e9 considerado um especialista do setor de licenciamento Oracle e um palestrante que \u00e9 frequentemente convidado para locais de Gerenciamento de Ativos de Software em todo o mundo, bem como eventos do setor de TI como o VMWorld.<\/span>[\/vc_column_text]<style type=\"text\/css\" data-type=\"the7_shortcodes-inline-css\">#default-btn-7dc01950f7a951e5dda38678f959de00 {\n  border-radius: 0px;\n  font-size: 16px;\n  line-height: 18px;\n}\n.btn-shadow#default-btn-7dc01950f7a951e5dda38678f959de00 {\n  box-shadow: 0 1px 6px rgba(0,0,0,0.12);\n  transition: box-shadow 0.2s ease-out, opacity 0.45s;\n}\n.btn-shadow#default-btn-7dc01950f7a951e5dda38678f959de00:hover {\n  box-shadow: 0 5px 11px 0 rgba(0,0,0,0.18), 0 4px 15px 0 rgba(0,0,0,0.15);\n}\n.btn-flat#default-btn-7dc01950f7a951e5dda38678f959de00 {\n  box-shadow: none;\n}\n.btn-flat#default-btn-7dc01950f7a951e5dda38678f959de00:hover {\n  box-shadow: none;\n}\n#default-btn-7dc01950f7a951e5dda38678f959de00.ico-right-side > i {\n  margin-right: 0px;\n  margin-left: 8px;\n}\n#default-btn-7dc01950f7a951e5dda38678f959de00 > i {\n  margin-right: 8px;\n  font-size: 20px;\n}\n#default-btn-7dc01950f7a951e5dda38678f959de00:not(:hover) {\n  border-width: 0px;\n  padding: 10px 18px 10px 16px;\n}\n#default-btn-7dc01950f7a951e5dda38678f959de00:hover {\n  border-width: 0px;\n  padding: 10px 18px 10px 16px;\n}\n#default-btn-7dc01950f7a951e5dda38678f959de00.ico-right-side > i {\n  margin-right: 0px;\n  margin-left: 8px;\n}\n#default-btn-7dc01950f7a951e5dda38678f959de00 > i {\n  margin-right: 8px;\n}\n<\/style><div class=\"btn-align-left\"><a href=\"https:\/\/www.linkedin.com\/in\/danielhesselink\" class=\"default-btn-shortcode dt-btn link-hover-off btn-flat \" target=\"_blank\" id=\"default-btn-7dc01950f7a951e5dda38678f959de00\" rel=\"noopener\"><i class=\"icomoon-icomoonfree-16x16-linkedin\"><\/i><span>Linkedin<\/span><\/a><\/div>[\/vc_column][vc_column width=&#8221;1\/2&#8243;]<div id=\"ultimate-heading-635769d7be29505af\" class=\"uvc-heading ult-adjust-bottom-margin ultimate-heading-635769d7be29505af uvc-2722  uvc-heading-default-font-sizes\" data-hspacer=\"no_spacer\"  data-halign=\"center\" style=\"text-align:center\"><div class=\"uvc-heading-spacer no_spacer\" style=\"top\"><\/div><div class=\"uvc-main-heading ult-responsive\"  data-ultimate-target='.uvc-heading.ultimate-heading-635769d7be29505af h2'  data-responsive-json-new='{\"font-size\":\"\",\"line-height\":\"\"}' ><h2 style=\"--font-weight:theme;\">ARNO MASTIK<\/h2><\/div><div class=\"uvc-sub-heading ult-responsive\"  data-ultimate-target='.uvc-heading.ultimate-heading-635769d7be29505af .uvc-sub-heading '  data-responsive-json-new='{\"font-size\":\"\",\"line-height\":\"\"}'  style=\"font-weight:normal;\">Parceiro &amp; CTO<\/div><\/div>[vc_empty_space][vc_row_inner][vc_column_inner width=&#8221;1\/4&#8243;]<style type=\"text\/css\" data-type=\"the7_shortcodes-inline-css\">.shortcode-single-image-wrap.shortcode-single-image-0bb026b4b091e16f8d70186ea8dbece2.enable-bg-rollover .rollover i,\n.shortcode-single-image-wrap.shortcode-single-image-0bb026b4b091e16f8d70186ea8dbece2.enable-bg-rollover .rollover-video i {\n  background: -webkit-linear-gradient();\n  background: linear-gradient();\n}\n.shortcode-single-image-wrap.shortcode-single-image-0bb026b4b091e16f8d70186ea8dbece2 .rollover-icon {\n  font-size: 32px;\n  color: #ffffff;\n  min-width: 44px;\n  min-height: 44px;\n  line-height: 44px;\n  border-radius: 100px;\n  border-style: solid;\n  border-width: 0px;\n}\n.dt-icon-bg-on.shortcode-single-image-wrap.shortcode-single-image-0bb026b4b091e16f8d70186ea8dbece2 .rollover-icon {\n  background: rgba(255,255,255,0.3);\n  box-shadow: none;\n}\n<\/style><div class=\"shortcode-single-image-wrap shortcode-single-image-0bb026b4b091e16f8d70186ea8dbece2 alignnone  enable-bg-rollover dt-icon-bg-off\" style=\"margin-top:0px; margin-bottom:0px; margin-left:0px; margin-right:0px; width:500px;\"><div class=\"shortcode-single-image\"><div class=\"fancy-media-wrap  layzr-bg\" style=\"border-radius:500px;\"><img decoding=\"async\" class=\"preload-me lazy-load aspect\" src=\"data:image\/svg+xml,%3Csvg%20xmlns%3D&#39;http%3A%2F%2Fwww.w3.org%2F2000%2Fsvg&#39;%20viewBox%3D&#39;0%200%20500%20496&#39;%2F%3E\" data-src=\"https:\/\/licenseconsulting.com\/wp-content\/uploads\/2020\/03\/Arno-PPT-picture-500x496.png\" data-srcset=\"https:\/\/licenseconsulting.com\/wp-content\/uploads\/2020\/03\/Arno-PPT-picture-500x496.png 500w, https:\/\/licenseconsulting.com\/wp-content\/uploads\/2020\/03\/Arno-PPT-picture-1000x992.png 1000w\" loading=\"eager\" sizes=\"(max-width: 500px) 100vw, 500px\" width=\"500\" height=\"496\"  data-dt-location=\"https:\/\/licenseconsulting.com\/pt-br\/equipe-de-gestao\/attachment\/arno-ppt-picture-2\/\" style=\"--ratio: 500 \/ 496;border-radius:500px;\" alt=\"Arno Mastik\" \/><\/div><\/div><\/div>[\/vc_column_inner][vc_column_inner width=&#8221;3\/4&#8243;][vc_column_text]<span class=\"normaltextrun\"><span lang=\"PT-BR\">Arno Mastik trabalha na ind\u00fastria de licenciamento de software desde 1998. Ele trabalhou em diversos cargos na Oracle, entre outros na Support Sales e como auditor dos Servi\u00e7os de Gerenciamento de Licen\u00e7as Oracle (LMS). Suas habilidades t\u00e9cnicas excepcionais permitiram que ele se tornasse o Gerente de Consultoria em uma grande empresa de consultoria da Oracle, quando em 2012 ele decidiu ingressar na License Consulting. <\/span><\/span>[\/vc_column_text][\/vc_column_inner][\/vc_row_inner][vc_column_text]<span class=\"normaltextrun\"><span lang=\"PT-BR\">Depois de ingressar na License Consulting, o Sr. Mastik usou suas habilidades para melhorar as habilidades de an\u00e1lise de dados para atividades de Defesa de Auditoria. Ele se relaciona com as equipes t\u00e9cnicas de nossos clientes, auxiliando-os a garantir a excel\u00eancia operacional, mantendo o controle de conformidade.<\/span><\/span>[\/vc_column_text]<style type=\"text\/css\" data-type=\"the7_shortcodes-inline-css\">#default-btn-109e9fcf7488fd0790795cebc78667c5 {\n  border-radius: 0px;\n  font-size: 16px;\n  line-height: 18px;\n}\n.btn-shadow#default-btn-109e9fcf7488fd0790795cebc78667c5 {\n  box-shadow: 0 1px 6px rgba(0,0,0,0.12);\n  transition: box-shadow 0.2s ease-out, opacity 0.45s;\n}\n.btn-shadow#default-btn-109e9fcf7488fd0790795cebc78667c5:hover {\n  box-shadow: 0 5px 11px 0 rgba(0,0,0,0.18), 0 4px 15px 0 rgba(0,0,0,0.15);\n}\n.btn-flat#default-btn-109e9fcf7488fd0790795cebc78667c5 {\n  box-shadow: none;\n}\n.btn-flat#default-btn-109e9fcf7488fd0790795cebc78667c5:hover {\n  box-shadow: none;\n}\n#default-btn-109e9fcf7488fd0790795cebc78667c5.ico-right-side > i {\n  margin-right: 0px;\n  margin-left: 8px;\n}\n#default-btn-109e9fcf7488fd0790795cebc78667c5 > i {\n  margin-right: 8px;\n  font-size: 20px;\n}\n#default-btn-109e9fcf7488fd0790795cebc78667c5:not(:hover) {\n  border-width: 0px;\n  padding: 10px 18px 10px 16px;\n}\n#default-btn-109e9fcf7488fd0790795cebc78667c5:hover {\n  border-width: 0px;\n  padding: 10px 18px 10px 16px;\n}\n#default-btn-109e9fcf7488fd0790795cebc78667c5.ico-right-side > i {\n  margin-right: 0px;\n  margin-left: 8px;\n}\n#default-btn-109e9fcf7488fd0790795cebc78667c5 > i {\n  margin-right: 8px;\n}\n<\/style><a href=\"https:\/\/www.linkedin.com\/in\/arnomastik\/\" class=\"default-btn-shortcode dt-btn link-hover-off btn-inline-left btn-flat \" target=\"_blank\" id=\"default-btn-109e9fcf7488fd0790795cebc78667c5\" rel=\"noopener\"><i class=\"icomoon-icomoonfree-16x16-linkedin\"><\/i><span>Linkedin<\/span><\/a>[\/vc_column][\/vc_row][vc_row][vc_column][vc_empty_space height=&#8221;64px&#8221;][vc_column_text]<\/p>\n<p style=\"text-align: center;\">Leia mais <a href=\"https:\/\/licenseconsulting.com\/pt-br\/sobre\/\">sobre a empresa<\/a> e a jornada da mesma<\/p>\n<p>[\/vc_column_text][\/vc_column][\/vc_row]<\/p>\n<\/div>","protected":false},"excerpt":{"rendered":"<p>[vc_row][vc_column width=&#8221;1\/2&#8243;][vc_empty_space][vc_row_inner][vc_column_inner width=&#8221;1\/4&#8243;][\/vc_column_inner][vc_column_inner width=&#8221;3\/4&#8243;][vc_column_text]Daniel Hesselink trabalha na ind\u00fastria de licenciamento de software desde 1995. Ocupou cargos em fornecedores, distribuidores e revendedores enquanto cobria muitos editores de software, ganhando uma riqueza de experi\u00eancia. Sua natureza consultiva resultou em treinamento de funcion\u00e1rios, parceiros e usu\u00e1rios finais no que diz respeito ao licenciamento de software. Como auditor dos&hellip;<\/p>\n","protected":false},"author":1,"featured_media":0,"parent":0,"menu_order":0,"comment_status":"closed","ping_status":"closed","template":"","meta":{"footnotes":""},"class_list":["post-10110","page","type-page","status-publish","hentry","description-off"],"yoast_head":"<!-- This site is optimized with the Yoast SEO Premium plugin v25.2 (Yoast SEO v26.8) - https:\/\/yoast.com\/product\/yoast-seo-premium-wordpress\/ -->\n<title>Equipe de Gest\u00e3o - License Consulting<\/title>\n<meta name=\"robots\" content=\"index, follow, max-snippet:-1, max-image-preview:large, max-video-preview:-1\" \/>\n<link rel=\"canonical\" href=\"https:\/\/licenseconsulting.com\/pt-br\/equipe-de-gestao\/\" \/>\n<meta property=\"og:locale\" content=\"pt_BR\" \/>\n<meta property=\"og:type\" content=\"article\" \/>\n<meta property=\"og:title\" content=\"Equipe de Gest\u00e3o\" \/>\n<meta property=\"og:description\" content=\"Daniel Hesselink trabalha na ind\u00fastria de licenciamento de software desde 1995. Ocupou cargos em fornecedores, distribuidores e revendedores enquanto\" \/>\n<meta property=\"og:url\" content=\"https:\/\/licenseconsulting.com\/pt-br\/equipe-de-gestao\/\" \/>\n<meta property=\"og:site_name\" content=\"License Consulting\" \/>\n<meta property=\"article:modified_time\" content=\"2020-04-24T12:42:40+00:00\" \/>\n<meta name=\"twitter:card\" content=\"summary_large_image\" \/>\n<meta name=\"twitter:site\" content=\"@OracleLicensing\" \/>\n<meta name=\"twitter:label1\" content=\"Est. tempo de leitura\" \/>\n\t<meta name=\"twitter:data1\" content=\"3 minutos\" \/>\n<script type=\"application\/ld+json\" class=\"yoast-schema-graph\">{\"@context\":\"https:\/\/schema.org\",\"@graph\":[{\"@type\":\"WebPage\",\"@id\":\"https:\/\/licenseconsulting.com\/pt-br\/equipe-de-gestao\/\",\"url\":\"https:\/\/licenseconsulting.com\/pt-br\/equipe-de-gestao\/\",\"name\":\"Equipe de Gest\u00e3o - License Consulting\",\"isPartOf\":{\"@id\":\"https:\/\/licenseconsulting.com\/pt-br\/#website\"},\"datePublished\":\"2020-02-14T19:46:45+00:00\",\"dateModified\":\"2020-04-24T12:42:40+00:00\",\"breadcrumb\":{\"@id\":\"https:\/\/licenseconsulting.com\/pt-br\/equipe-de-gestao\/#breadcrumb\"},\"inLanguage\":\"pt-BR\",\"potentialAction\":[{\"@type\":\"ReadAction\",\"target\":[\"https:\/\/licenseconsulting.com\/pt-br\/equipe-de-gestao\/\"]}]},{\"@type\":\"BreadcrumbList\",\"@id\":\"https:\/\/licenseconsulting.com\/pt-br\/equipe-de-gestao\/#breadcrumb\",\"itemListElement\":[{\"@type\":\"ListItem\",\"position\":1,\"name\":\"Home\",\"item\":\"https:\/\/licenseconsulting.com\/pt-br\/\"},{\"@type\":\"ListItem\",\"position\":2,\"name\":\"Equipe de Gest\u00e3o\"}]},{\"@type\":\"WebSite\",\"@id\":\"https:\/\/licenseconsulting.com\/pt-br\/#website\",\"url\":\"https:\/\/licenseconsulting.com\/pt-br\/\",\"name\":\"License Consulting\",\"description\":\"Oracle License Compliance Company\",\"publisher\":{\"@id\":\"https:\/\/licenseconsulting.com\/pt-br\/#organization\"},\"potentialAction\":[{\"@type\":\"SearchAction\",\"target\":{\"@type\":\"EntryPoint\",\"urlTemplate\":\"https:\/\/licenseconsulting.com\/pt-br\/?s={search_term_string}\"},\"query-input\":{\"@type\":\"PropertyValueSpecification\",\"valueRequired\":true,\"valueName\":\"search_term_string\"}}],\"inLanguage\":\"pt-BR\"},{\"@type\":\"Organization\",\"@id\":\"https:\/\/licenseconsulting.com\/pt-br\/#organization\",\"name\":\"License Consulting BV\",\"url\":\"https:\/\/licenseconsulting.com\/pt-br\/\",\"logo\":{\"@type\":\"ImageObject\",\"inLanguage\":\"pt-BR\",\"@id\":\"https:\/\/licenseconsulting.com\/pt-br\/#\/schema\/logo\/image\/\",\"url\":\"https:\/\/licenseconsulting.com\/wp-content\/uploads\/2020\/07\/LC-logo-2019-768x144-1.png\",\"contentUrl\":\"https:\/\/licenseconsulting.com\/wp-content\/uploads\/2020\/07\/LC-logo-2019-768x144-1.png\",\"width\":768,\"height\":144,\"caption\":\"License Consulting BV\"},\"image\":{\"@id\":\"https:\/\/licenseconsulting.com\/pt-br\/#\/schema\/logo\/image\/\"},\"sameAs\":[\"https:\/\/x.com\/OracleLicensing\",\"https:\/\/www.linkedin.com\/company\/license-consulting\/\"]}]}<\/script>\n<!-- \/ Yoast SEO Premium plugin. -->","yoast_head_json":{"title":"Equipe de Gest\u00e3o - License Consulting","robots":{"index":"index","follow":"follow","max-snippet":"max-snippet:-1","max-image-preview":"max-image-preview:large","max-video-preview":"max-video-preview:-1"},"canonical":"https:\/\/licenseconsulting.com\/pt-br\/equipe-de-gestao\/","og_locale":"pt_BR","og_type":"article","og_title":"Equipe de Gest\u00e3o","og_description":"Daniel Hesselink trabalha na ind\u00fastria de licenciamento de software desde 1995. Ocupou cargos em fornecedores, distribuidores e revendedores enquanto","og_url":"https:\/\/licenseconsulting.com\/pt-br\/equipe-de-gestao\/","og_site_name":"License Consulting","article_modified_time":"2020-04-24T12:42:40+00:00","twitter_card":"summary_large_image","twitter_site":"@OracleLicensing","twitter_misc":{"Est. tempo de leitura":"3 minutos"},"schema":{"@context":"https:\/\/schema.org","@graph":[{"@type":"WebPage","@id":"https:\/\/licenseconsulting.com\/pt-br\/equipe-de-gestao\/","url":"https:\/\/licenseconsulting.com\/pt-br\/equipe-de-gestao\/","name":"Equipe de Gest\u00e3o - License Consulting","isPartOf":{"@id":"https:\/\/licenseconsulting.com\/pt-br\/#website"},"datePublished":"2020-02-14T19:46:45+00:00","dateModified":"2020-04-24T12:42:40+00:00","breadcrumb":{"@id":"https:\/\/licenseconsulting.com\/pt-br\/equipe-de-gestao\/#breadcrumb"},"inLanguage":"pt-BR","potentialAction":[{"@type":"ReadAction","target":["https:\/\/licenseconsulting.com\/pt-br\/equipe-de-gestao\/"]}]},{"@type":"BreadcrumbList","@id":"https:\/\/licenseconsulting.com\/pt-br\/equipe-de-gestao\/#breadcrumb","itemListElement":[{"@type":"ListItem","position":1,"name":"Home","item":"https:\/\/licenseconsulting.com\/pt-br\/"},{"@type":"ListItem","position":2,"name":"Equipe de Gest\u00e3o"}]},{"@type":"WebSite","@id":"https:\/\/licenseconsulting.com\/pt-br\/#website","url":"https:\/\/licenseconsulting.com\/pt-br\/","name":"License Consulting","description":"Oracle License Compliance Company","publisher":{"@id":"https:\/\/licenseconsulting.com\/pt-br\/#organization"},"potentialAction":[{"@type":"SearchAction","target":{"@type":"EntryPoint","urlTemplate":"https:\/\/licenseconsulting.com\/pt-br\/?s={search_term_string}"},"query-input":{"@type":"PropertyValueSpecification","valueRequired":true,"valueName":"search_term_string"}}],"inLanguage":"pt-BR"},{"@type":"Organization","@id":"https:\/\/licenseconsulting.com\/pt-br\/#organization","name":"License Consulting BV","url":"https:\/\/licenseconsulting.com\/pt-br\/","logo":{"@type":"ImageObject","inLanguage":"pt-BR","@id":"https:\/\/licenseconsulting.com\/pt-br\/#\/schema\/logo\/image\/","url":"https:\/\/licenseconsulting.com\/wp-content\/uploads\/2020\/07\/LC-logo-2019-768x144-1.png","contentUrl":"https:\/\/licenseconsulting.com\/wp-content\/uploads\/2020\/07\/LC-logo-2019-768x144-1.png","width":768,"height":144,"caption":"License Consulting BV"},"image":{"@id":"https:\/\/licenseconsulting.com\/pt-br\/#\/schema\/logo\/image\/"},"sameAs":["https:\/\/x.com\/OracleLicensing","https:\/\/www.linkedin.com\/company\/license-consulting\/"]}]}},"_links":{"self":[{"href":"https:\/\/licenseconsulting.com\/pt-br\/wp-json\/wp\/v2\/pages\/10110","targetHints":{"allow":["GET"]}}],"collection":[{"href":"https:\/\/licenseconsulting.com\/pt-br\/wp-json\/wp\/v2\/pages"}],"about":[{"href":"https:\/\/licenseconsulting.com\/pt-br\/wp-json\/wp\/v2\/types\/page"}],"author":[{"embeddable":true,"href":"https:\/\/licenseconsulting.com\/pt-br\/wp-json\/wp\/v2\/users\/1"}],"replies":[{"embeddable":true,"href":"https:\/\/licenseconsulting.com\/pt-br\/wp-json\/wp\/v2\/comments?post=10110"}],"version-history":[{"count":5,"href":"https:\/\/licenseconsulting.com\/pt-br\/wp-json\/wp\/v2\/pages\/10110\/revisions"}],"predecessor-version":[{"id":11784,"href":"https:\/\/licenseconsulting.com\/pt-br\/wp-json\/wp\/v2\/pages\/10110\/revisions\/11784"}],"wp:attachment":[{"href":"https:\/\/licenseconsulting.com\/pt-br\/wp-json\/wp\/v2\/media?parent=10110"}],"curies":[{"name":"wp","href":"https:\/\/api.w.org\/{rel}","templated":true}]}}