{"id":10085,"date":"2020-02-14T19:46:42","date_gmt":"2020-02-14T19:46:42","guid":{"rendered":"https:\/\/licenseconsulting.com\/servicos\/negociacoes-de-auditoria-da-oracle-lms\/"},"modified":"2020-04-24T13:31:33","modified_gmt":"2020-04-24T13:31:33","slug":"negociacoes-de-auditoria-da-oracle-lms","status":"publish","type":"page","link":"https:\/\/licenseconsulting.com\/pt-br\/servicos\/negociacoes-de-auditoria-da-oracle-lms\/","title":{"rendered":"Negocia\u00e7\u00f5es de auditoria da Oracle LMS"},"content":{"rendered":"<div class=\"wpb-content-wrapper\"><p>[vc_row][vc_column]<div id=\"ultimate-heading-844369e716553320e\" class=\"uvc-heading ult-adjust-bottom-margin ultimate-heading-844369e716553320e uvc-8895 \" data-hspacer=\"no_spacer\"  data-halign=\"left\" style=\"text-align:left\"><div class=\"uvc-heading-spacer no_spacer\" style=\"top\"><\/div><div class=\"uvc-main-heading ult-responsive\"  data-ultimate-target='.uvc-heading.ultimate-heading-844369e716553320e h2'  data-responsive-json-new='{\"font-size\":\"desktop:26px;\",\"line-height\":\"desktop:32px;\"}' ><h2 style=\"--font-weight:theme;margin-bottom:20px;\">A Oracle LMS apresentou uma reivindica\u00e7\u00e3o de conformidade significativa.<\/h2><\/div><\/div>[vc_empty_space][\/vc_column][\/vc_row][vc_row][vc_column width=&#8221;3\/5&#8243;][vc_column_text]<span lang=\"PT-BR\">As Negocia\u00e7\u00f5es de Auditoria LMS da Oracle abordam o cen\u00e1rio em que o Oracle LMS, ou um de seus parceiros de auditoria, realizou uma auditoria de conformidade dentro de sua organiza\u00e7\u00e3o. O servi\u00e7o pode come\u00e7ar a qualquer momento antes de assinar uma proposta da Oracle.<\/span><\/p>\n<p><span lang=\"PT-BR\">Todos os consultores que se envolvem nesses projetos s\u00e3o ex-auditores da LMS e t\u00eam mais de 10 anos de experi\u00eancia na defesa de reivindica\u00e7\u00f5es de auditoria Oracle LMS dos clientes. Com base em centenas de sucessos \u2013 e porque nossos consultores t\u00eam conhecimento \u00edntimo sobre as estrat\u00e9gias da Oracle \u2013 n\u00f3s fazemos aconselhamento como nenhum outro.<\/span><\/p>\n<p><span lang=\"PT-BR\">Nosso objetivo geral \u00e9 garantir uma redu\u00e7\u00e3o da reivindica\u00e7\u00e3o al\u00e9m da capacidade do nosso cliente. Al\u00e9m disso, \u00e9 assegurado que os acordos sejam tecnicamente e contratualmente vi\u00e1veis para o roteiro de TI. Durante cada compromisso, \u00e9 decidido se a License Consulting est\u00e1 melhor situada a diante ou em segundo plano para superar suas expectativas.<\/span>[\/vc_column_text][\/vc_column][vc_column width=&#8221;2\/5&#8243;]<style type=\"text\/css\" data-type=\"the7_shortcodes-inline-css\">.shortcode-single-image-wrap.shortcode-single-image-c7db6814cba10198514f54f96c9dd5aa.enable-bg-rollover .rollover i,\n.shortcode-single-image-wrap.shortcode-single-image-c7db6814cba10198514f54f96c9dd5aa.enable-bg-rollover .rollover-video i {\n  background: ;\n  background: -webkit-linear-gradient();\n  background: linear-gradient();\n}\n.shortcode-single-image-wrap.shortcode-single-image-c7db6814cba10198514f54f96c9dd5aa .rollover-icon {\n  font-size: 32px;\n  color: #ffffff;\n  min-width: 44px;\n  min-height: 44px;\n  line-height: 44px;\n  border-radius: 100px;\n  border-style: solid;\n  border-width: 0px;\n}\n.dt-icon-bg-on.shortcode-single-image-wrap.shortcode-single-image-c7db6814cba10198514f54f96c9dd5aa .rollover-icon {\n  background: rgba(255,255,255,0.3);\n  box-shadow: none;\n}\n<\/style><div class=\"shortcode-single-image-wrap shortcode-single-image-c7db6814cba10198514f54f96c9dd5aa alignnone fadeIn animate-element  enable-bg-rollover dt-icon-bg-off\" style=\"margin-top:0px; margin-bottom:0px; margin-left:0px; margin-right:0px; width:600px;\"><div class=\"shortcode-single-image\"><div class=\"fancy-media-wrap  layzr-bg\" style=\"\"><img fetchpriority=\"high\" decoding=\"async\" class=\"preload-me lazy-load aspect\" src=\"data:image\/svg+xml,%3Csvg%20xmlns%3D&#39;http%3A%2F%2Fwww.w3.org%2F2000%2Fsvg&#39;%20viewBox%3D&#39;0%200%20600%20631&#39;%2F%3E\" data-src=\"https:\/\/licenseconsulting.com\/wp-content\/uploads\/2020\/03\/Oracle-LMS-Audit-Negotiations2-1-600x631.png\" data-srcset=\"https:\/\/licenseconsulting.com\/wp-content\/uploads\/2020\/03\/Oracle-LMS-Audit-Negotiations2-1-600x631.png 600w, https:\/\/licenseconsulting.com\/wp-content\/uploads\/2020\/03\/Oracle-LMS-Audit-Negotiations2-1.png 800w\" loading=\"eager\" sizes=\"(max-width: 600px) 100vw, 600px\" width=\"600\" height=\"631\"  data-dt-location=\"https:\/\/licenseconsulting.com\/pt-br\/services\/oracle-lms-audit-negotiations\/attachment\/oracle-lms-audit-negotiations2-2\/\" style=\"--ratio: 600 \/ 631;\" alt=\"Oracle-LMS-Audit-Negotiations2\" \/><\/div><\/div><\/div>[vc_empty_space][\/vc_column][\/vc_row][vc_row type=&#8221;vc_default&#8221;][vc_column css=&#8221;.vc_custom_1498229431694{padding-bottom: 50px !important;}&#8221;]<div id=\"ultimate-heading-209069e7165533f80\" class=\"uvc-heading ult-adjust-bottom-margin ultimate-heading-209069e7165533f80 uvc-9451 \" data-hspacer=\"no_spacer\"  data-halign=\"left\" style=\"text-align:left\"><div class=\"uvc-heading-spacer no_spacer\" style=\"top\"><\/div><div class=\"uvc-main-heading ult-responsive\"  data-ultimate-target='.uvc-heading.ultimate-heading-209069e7165533f80 h2'  data-responsive-json-new='{\"font-size\":\"desktop:26px;\",\"line-height\":\"desktop:32px;\"}' ><h2 style=\"font-weight:bold;margin-bottom:20px;\">Etapas do projeto<\/h2><\/div><div class=\"uvc-sub-heading ult-responsive\"  data-ultimate-target='.uvc-heading.ultimate-heading-209069e7165533f80 .uvc-sub-heading '  data-responsive-json-new='{\"font-size\":\"\",\"line-height\":\"\"}'  style=\"font-weight:normal;\">Abaixo est\u00e3o os passos deste servi\u00e7o. Cada etapa \u00e9 dividida em Entradas, Atividades e Sa\u00eddas: Os detalhes est\u00e3o especificados na Descri\u00e7\u00e3o completa do Servi\u00e7o (solicita\u00e7\u00e3o abaixo).<\/div><\/div>[\/vc_column][\/vc_row][vc_row][vc_column width=&#8221;5\/6&#8243;]<div class=\"smile_icon_list_wrap ult_info_list_container ult-adjust-bottom-margin   vc_custom_1569162887863\"><ul class=\"smile_icon_list left hexagon\"><li class=\"icon_list_item\" style=\" font-size:48px;\"><div class=\"icon_list_icon\" data-animation=\"\" data-animation-delay=\"03\" style=\"font-size:16px;background:#39a8e0;color:#ffffff;border-color:#39a8e0;\"><img decoding=\"async\" class=\"list-img-icon\" alt=\"null\" src=\"https:\/\/licenseconsulting.com\/wp-content\/uploads\/2019\/09\/license-consulting-icon32-white2.png\"\/><\/div><div class=\"icon_description\" id=\"Info-list-wrap-6942\" style=\"font-size:16px;\"><h3 class=\"ult-responsive info-list-heading\"  data-ultimate-target='#Info-list-wrap-6942 h3'  data-responsive-json-new='{\"font-size\":\"desktop:16px;\",\"line-height\":\"desktop:22px;\"}'  style=\"font-family:&#039;Open Sans Condensed&#039;;font-weight:700;\">Avalia\u00e7\u00e3o de 48 horas<\/h3><div class=\"icon_description_text ult-responsive\"  data-ultimate-target='#Info-list-wrap-6942 .icon_description_text'  data-responsive-json-new='{\"font-size\":\"desktop:12px;\",\"line-height\":\"desktop:20px;\"}'  style=\"\"><p>Esta fase se concentra em uma avalia\u00e7\u00e3o de todos os dados j\u00e1 compartilhados com a Oracle durante o processo de auditoria.<\/p>\n<\/div><\/div><div class=\"icon_list_connector\"  style=\"border-right-width: 1px;border-right-style: dashed;border-color: #39a8e0;\"><\/div><\/li><li class=\"icon_list_item\" style=\" font-size:48px;\"><div class=\"icon_list_icon\" data-animation=\"\" data-animation-delay=\"03\" style=\"font-size:16px;background:#39a8e0;color:#ffffff;border-color:#39a8e0;\"><img decoding=\"async\" class=\"list-img-icon\" alt=\"null\" src=\"https:\/\/licenseconsulting.com\/wp-content\/uploads\/2019\/09\/license-consulting-icon32-white2.png\"\/><\/div><div class=\"icon_description\" id=\"Info-list-wrap-7752\" style=\"font-size:16px;\"><h3 class=\"ult-responsive info-list-heading\"  data-ultimate-target='#Info-list-wrap-7752 h3'  data-responsive-json-new='{\"font-size\":\"desktop:16px;\",\"line-height\":\"desktop:22px;\"}'  style=\"font-family:&#039;Open Sans Condensed&#039;;font-weight:700;\">Concorde com a Declara\u00e7\u00e3o de Trabalho<\/h3><div class=\"icon_description_text ult-responsive\"  data-ultimate-target='#Info-list-wrap-7752 .icon_description_text'  data-responsive-json-new='{\"font-size\":\"desktop:12px;\",\"line-height\":\"desktop:20px;\"}'  style=\"\"><p>Imediatamente ap\u00f3s a avalia\u00e7\u00e3o, fornecemos uma proposta descrevendo quais \u00e1reas podemos melhorar os resultados a favor dos clientes.<\/p>\n<\/div><\/div><div class=\"icon_list_connector\"  style=\"border-right-width: 1px;border-right-style: dashed;border-color: #39a8e0;\"><\/div><\/li><li class=\"icon_list_item\" style=\" font-size:48px;\"><div class=\"icon_list_icon\" data-animation=\"\" data-animation-delay=\"03\" style=\"font-size:16px;background:#39a8e0;color:#ffffff;border-color:#39a8e0;\"><img decoding=\"async\" class=\"list-img-icon\" alt=\"null\" src=\"https:\/\/licenseconsulting.com\/wp-content\/uploads\/2019\/09\/license-consulting-icon32-white2.png\"\/><\/div><div class=\"icon_description\" id=\"Info-list-wrap-7041\" style=\"font-size:16px;\"><h3 class=\"ult-responsive info-list-heading\"  data-ultimate-target='#Info-list-wrap-7041 h3'  data-responsive-json-new='{\"font-size\":\"desktop:16px;\",\"line-height\":\"desktop:22px;\"}'  style=\"font-family:&#039;Open Sans Condensed&#039;;font-weight:700;\">Concorde e execu\u00e7\u00e3o da estrat\u00e9gia de nega\u00e7\u00e3o<\/h3><div class=\"icon_description_text ult-responsive\"  data-ultimate-target='#Info-list-wrap-7041 .icon_description_text'  data-responsive-json-new='{\"font-size\":\"desktop:12px;\",\"line-height\":\"desktop:20px;\"}'  style=\"\"><p>Nesta etapa, o relat\u00f3rio completo de avalia\u00e7\u00e3o \u00e9 divulgado ao cliente, delineando quais melhorias s\u00e3o poss\u00edveis. Nosso cliente aprende a entender qual e por que algumas das conclus\u00f5es da Oracle n\u00e3o suportar\u00e3o o teste da lei ou conduta justa, e como a Oracle pode ser contrariada efetivamente.<\/p>\n<\/div><\/div><div class=\"icon_list_connector\"  style=\"border-right-width: 1px;border-right-style: dashed;border-color: #39a8e0;\"><\/div><\/li><\/ul><\/div>[\/vc_column][vc_column width=&#8221;1\/6&#8243;][\/vc_column][\/vc_row][vc_row][vc_column][vc_empty_space][vc_column_text]Com o cliente concordamos em executar a estrat\u00e9gia de negocia\u00e7\u00e3o. Ao contr\u00e1rio de outras &#8220;Empresas de Consultoria de Compras&#8221;, podemos realmente nos juntar a voc\u00ea na mesa de negocia\u00e7\u00e3o, trazendo d\u00e9cadas de experi\u00eancia no assunto \u00e0 sua mesa de negocia\u00e7\u00e3o.[\/vc_column_text][vc_empty_space][\/vc_column][\/vc_row][vc_row css=&#8221;.vc_custom_1585069730051{padding-top: -10px !important;padding-bottom: -10px !important;background-color: #f4f4f4 !important;}&#8221; el_class=&#8221;blok1&#8243;][vc_column][vc_column_text]<\/p>\n<h3>100% independente e confidencial<\/h3>\n<p>A License Consulting n\u00e3o vende licen\u00e7as e n\u00e3o lucra com a venda de licen\u00e7as de forma alguma.<br \/>\n<a style=\"font-weight: normal;\" href=\"https:\/\/licenseconsulting.com\/pt-br\/servicos\/\">Veja todos os nossos servi\u00e7os. <\/a>[\/vc_column_text][\/vc_column][\/vc_row][vc_row][vc_column][vc_row_inner][vc_column_inner width=&#8221;2\/5&#8243;]<style type=\"text\/css\" data-type=\"the7_shortcodes-inline-css\">.shortcode-single-image-wrap.shortcode-single-image-ecdde9db633364203d993573fefc7f9c.enable-bg-rollover .rollover i,\n.shortcode-single-image-wrap.shortcode-single-image-ecdde9db633364203d993573fefc7f9c.enable-bg-rollover .rollover-video i {\n  background: ;\n  background: -webkit-linear-gradient();\n  background: linear-gradient();\n}\n.shortcode-single-image-wrap.shortcode-single-image-ecdde9db633364203d993573fefc7f9c .rollover-icon {\n  font-size: 32px;\n  color: #ffffff;\n  min-width: 44px;\n  min-height: 44px;\n  line-height: 44px;\n  border-radius: 100px;\n  border-style: solid;\n  border-width: 0px;\n}\n.dt-icon-bg-on.shortcode-single-image-wrap.shortcode-single-image-ecdde9db633364203d993573fefc7f9c .rollover-icon {\n  background: rgba(255,255,255,0.3);\n  box-shadow: none;\n}\n<\/style><div class=\"shortcode-single-image-wrap shortcode-single-image-ecdde9db633364203d993573fefc7f9c alignnone fadeIn animate-element  enable-bg-rollover dt-icon-bg-off\" style=\"margin-top:0px; margin-bottom:0px; margin-left:0px; margin-right:0px; width:500px;\"><div class=\"shortcode-single-image\"><div class=\"fancy-media-wrap  layzr-bg\" style=\"\"><img decoding=\"async\" class=\"preload-me lazy-load aspect\" src=\"data:image\/svg+xml,%3Csvg%20xmlns%3D&#39;http%3A%2F%2Fwww.w3.org%2F2000%2Fsvg&#39;%20viewBox%3D&#39;0%200%20500%20706&#39;%2F%3E\" data-src=\"https:\/\/licenseconsulting.com\/wp-content\/uploads\/2019\/09\/ORACLE-LMS-AUDIT-NEGOTIATIONS-500x706.jpg\" data-srcset=\"https:\/\/licenseconsulting.com\/wp-content\/uploads\/2019\/09\/ORACLE-LMS-AUDIT-NEGOTIATIONS-500x706.jpg 500w, https:\/\/licenseconsulting.com\/wp-content\/uploads\/2019\/09\/ORACLE-LMS-AUDIT-NEGOTIATIONS.jpg 905w\" loading=\"eager\" sizes=\"(max-width: 500px) 100vw, 500px\" width=\"500\" height=\"706\"  data-dt-location=\"https:\/\/licenseconsulting.com\/pt-br\/home\/attachment\/oracle-lms-audit-negotiations\/\" style=\"--ratio: 500 \/ 706;box-shadow:5px 5px 5px 5px rgba(0,0,0,0.6); -webkit-box-shadow:5px 5px 5px 5px rgba(0,0,0,0.6);\" alt=\"ORACLE-LMS-AUDIT-NEGOTIATIONS\" \/><\/div><\/div><\/div>[\/vc_column_inner][vc_column_inner width=&#8221;3\/5&#8243;]<div id=\"ultimate-heading-896969e7165534ce0\" class=\"uvc-heading ult-adjust-bottom-margin ultimate-heading-896969e7165534ce0 uvc-306 accent-border-color\" data-hspacer=\"no_spacer\"  data-halign=\"left\" style=\"text-align:left\"><div class=\"uvc-heading-spacer no_spacer\" style=\"top\"><\/div><div class=\"uvc-main-heading ult-responsive\"  data-ultimate-target='.uvc-heading.ultimate-heading-896969e7165534ce0 h4'  data-responsive-json-new='{\"font-size\":\"desktop:26px;\",\"line-height\":\"desktop:32px;\"}' ><h4 style=\"font-weight:bold;margin-bottom:20px;\">Solicite esta descri\u00e7\u00e3o do servi\u00e7o<\/h4><\/div><\/div>\n<div class=\"wpcf7 no-js\" id=\"wpcf7-f11232-o1\" lang=\"en-US\" dir=\"ltr\" data-wpcf7-id=\"11232\">\n<div class=\"screen-reader-response\"><p role=\"status\" aria-live=\"polite\" aria-atomic=\"true\"><\/p> <ul><\/ul><\/div>\n<form action=\"\/pt-br\/wp-json\/wp\/v2\/pages\/10085#wpcf7-f11232-o1\" method=\"post\" class=\"wpcf7-form init\" aria-label=\"Contact form\" novalidate=\"novalidate\" data-status=\"init\">\n<div style=\"display: none;\">\n<input type=\"hidden\" name=\"_wpcf7\" value=\"11232\" \/>\n<input type=\"hidden\" name=\"_wpcf7_version\" value=\"6.0.6\" \/>\n<input type=\"hidden\" name=\"_wpcf7_locale\" value=\"en_US\" \/>\n<input type=\"hidden\" name=\"_wpcf7_unit_tag\" value=\"wpcf7-f11232-o1\" \/>\n<input type=\"hidden\" name=\"_wpcf7_container_post\" value=\"0\" \/>\n<input type=\"hidden\" name=\"_wpcf7_posted_data_hash\" value=\"\" \/>\n<input type=\"hidden\" name=\"_wpcf7_recaptcha_response\" value=\"\" \/>\n<\/div>\n<p>In order to receive the Oracle LMS Audit Negotiations service description we require you to complete the form below.\n<\/p>\n<p><label> Your Name (required)<br \/>\n<span class=\"wpcf7-form-control-wrap\" data-name=\"your-name\"><input size=\"40\" maxlength=\"400\" class=\"wpcf7-form-control wpcf7-text wpcf7-validates-as-required\" aria-required=\"true\" aria-invalid=\"false\" value=\"\" type=\"text\" name=\"your-name\" \/><\/span> <\/label>\n<\/p>\n<p><label> Your Email (required)<br \/>\n<span class=\"wpcf7-form-control-wrap\" data-name=\"your-email\"><input size=\"40\" maxlength=\"400\" class=\"wpcf7-form-control wpcf7-email wpcf7-validates-as-required wpcf7-text wpcf7-validates-as-email\" aria-required=\"true\" aria-invalid=\"false\" value=\"\" type=\"email\" name=\"your-email\" \/><\/span> <\/label>\n<\/p>\n<p><label> Your Company (optional)<br \/>\n<span class=\"wpcf7-form-control-wrap\" data-name=\"your-company\"><input size=\"40\" maxlength=\"400\" class=\"wpcf7-form-control wpcf7-text\" aria-invalid=\"false\" value=\"\" type=\"text\" name=\"your-company\" \/><\/span><br \/>\n<input class=\"wpcf7-form-control wpcf7-submit has-spinner\" type=\"submit\" value=\"Request service description\" \/><\/label>\n<\/p><div class=\"wpcf7-response-output\" aria-hidden=\"true\"><\/div>\n<\/form>\n<\/div>\n[\/vc_column_inner][vc_column_inner][\/vc_column_inner][\/vc_row_inner][\/vc_column][\/vc_row]<\/p>\n<\/div>","protected":false},"excerpt":{"rendered":"<p>[vc_row][vc_column][vc_empty_space][\/vc_column][\/vc_row][vc_row][vc_column width=&#8221;3\/5&#8243;][vc_column_text]As Negocia\u00e7\u00f5es de Auditoria LMS da Oracle abordam o cen\u00e1rio em que o Oracle LMS, ou um de seus parceiros de auditoria, realizou uma auditoria de conformidade dentro de sua organiza\u00e7\u00e3o. O servi\u00e7o pode come\u00e7ar a qualquer momento antes de assinar uma proposta da Oracle. Todos os consultores que se envolvem nesses projetos s\u00e3o&hellip;<\/p>\n","protected":false},"author":1,"featured_media":0,"parent":10042,"menu_order":0,"comment_status":"closed","ping_status":"closed","template":"","meta":{"footnotes":""},"class_list":["post-10085","page","type-page","status-publish","hentry","description-off"],"yoast_head":"<!-- This site is optimized with the Yoast SEO Premium plugin v25.2 (Yoast SEO v26.8) - https:\/\/yoast.com\/product\/yoast-seo-premium-wordpress\/ -->\n<title>Negocia\u00e7\u00f5es de auditoria da Oracle LMS - License Consulting<\/title>\n<meta name=\"description\" content=\"Dentro de 48 horas, fornecemos um estudo de viabilidade (gratuito) detalhando se podemos ajudar a mitigar uma reivindica\u00e7\u00e3o de conformidade. Resultados garantidos, refer\u00eancias mundiais.\" \/>\n<meta name=\"robots\" content=\"index, follow, max-snippet:-1, max-image-preview:large, max-video-preview:-1\" \/>\n<link rel=\"canonical\" href=\"https:\/\/licenseconsulting.com\/pt-br\/servicos\/negociacoes-de-auditoria-da-oracle-lms\/\" \/>\n<meta property=\"og:locale\" content=\"pt_BR\" \/>\n<meta property=\"og:type\" content=\"article\" \/>\n<meta property=\"og:title\" content=\"Negocia\u00e7\u00f5es de auditoria da Oracle LMS\" \/>\n<meta property=\"og:description\" content=\"As Negocia\u00e7\u00f5es de Auditoria LMS da Oracle abordam o cen\u00e1rio em que o Oracle LMS, ou um de seus parceiros de auditoria, realizou uma auditoria de\" \/>\n<meta property=\"og:url\" content=\"https:\/\/licenseconsulting.com\/pt-br\/servicos\/negociacoes-de-auditoria-da-oracle-lms\/\" \/>\n<meta property=\"og:site_name\" content=\"License Consulting\" \/>\n<meta property=\"article:modified_time\" content=\"2020-04-24T13:31:33+00:00\" \/>\n<meta name=\"twitter:card\" content=\"summary_large_image\" \/>\n<meta name=\"twitter:site\" content=\"@OracleLicensing\" \/>\n<meta name=\"twitter:label1\" content=\"Est. tempo de leitura\" \/>\n\t<meta name=\"twitter:data1\" content=\"5 minutos\" \/>\n<script type=\"application\/ld+json\" class=\"yoast-schema-graph\">{\"@context\":\"https:\/\/schema.org\",\"@graph\":[{\"@type\":\"WebPage\",\"@id\":\"https:\/\/licenseconsulting.com\/pt-br\/servicos\/negociacoes-de-auditoria-da-oracle-lms\/\",\"url\":\"https:\/\/licenseconsulting.com\/pt-br\/servicos\/negociacoes-de-auditoria-da-oracle-lms\/\",\"name\":\"Negocia\u00e7\u00f5es de auditoria da Oracle LMS - License Consulting\",\"isPartOf\":{\"@id\":\"https:\/\/licenseconsulting.com\/pt-br\/#website\"},\"datePublished\":\"2020-02-14T19:46:42+00:00\",\"dateModified\":\"2020-04-24T13:31:33+00:00\",\"description\":\"Dentro de 48 horas, fornecemos um estudo de viabilidade (gratuito) detalhando se podemos ajudar a mitigar uma reivindica\u00e7\u00e3o de conformidade. Resultados garantidos, refer\u00eancias mundiais.\",\"breadcrumb\":{\"@id\":\"https:\/\/licenseconsulting.com\/pt-br\/servicos\/negociacoes-de-auditoria-da-oracle-lms\/#breadcrumb\"},\"inLanguage\":\"pt-BR\",\"potentialAction\":[{\"@type\":\"ReadAction\",\"target\":[\"https:\/\/licenseconsulting.com\/pt-br\/servicos\/negociacoes-de-auditoria-da-oracle-lms\/\"]}]},{\"@type\":\"BreadcrumbList\",\"@id\":\"https:\/\/licenseconsulting.com\/pt-br\/servicos\/negociacoes-de-auditoria-da-oracle-lms\/#breadcrumb\",\"itemListElement\":[{\"@type\":\"ListItem\",\"position\":1,\"name\":\"Home\",\"item\":\"https:\/\/licenseconsulting.com\/pt-br\/\"},{\"@type\":\"ListItem\",\"position\":2,\"name\":\"Servi\u00e7os\",\"item\":\"https:\/\/licenseconsulting.com\/pt-br\/servicos\/\"},{\"@type\":\"ListItem\",\"position\":3,\"name\":\"Negocia\u00e7\u00f5es de auditoria da Oracle LMS\"}]},{\"@type\":\"WebSite\",\"@id\":\"https:\/\/licenseconsulting.com\/pt-br\/#website\",\"url\":\"https:\/\/licenseconsulting.com\/pt-br\/\",\"name\":\"License Consulting\",\"description\":\"Oracle License Compliance Company\",\"publisher\":{\"@id\":\"https:\/\/licenseconsulting.com\/pt-br\/#organization\"},\"potentialAction\":[{\"@type\":\"SearchAction\",\"target\":{\"@type\":\"EntryPoint\",\"urlTemplate\":\"https:\/\/licenseconsulting.com\/pt-br\/?s={search_term_string}\"},\"query-input\":{\"@type\":\"PropertyValueSpecification\",\"valueRequired\":true,\"valueName\":\"search_term_string\"}}],\"inLanguage\":\"pt-BR\"},{\"@type\":\"Organization\",\"@id\":\"https:\/\/licenseconsulting.com\/pt-br\/#organization\",\"name\":\"License Consulting BV\",\"url\":\"https:\/\/licenseconsulting.com\/pt-br\/\",\"logo\":{\"@type\":\"ImageObject\",\"inLanguage\":\"pt-BR\",\"@id\":\"https:\/\/licenseconsulting.com\/pt-br\/#\/schema\/logo\/image\/\",\"url\":\"https:\/\/licenseconsulting.com\/wp-content\/uploads\/2020\/07\/LC-logo-2019-768x144-1.png\",\"contentUrl\":\"https:\/\/licenseconsulting.com\/wp-content\/uploads\/2020\/07\/LC-logo-2019-768x144-1.png\",\"width\":768,\"height\":144,\"caption\":\"License Consulting BV\"},\"image\":{\"@id\":\"https:\/\/licenseconsulting.com\/pt-br\/#\/schema\/logo\/image\/\"},\"sameAs\":[\"https:\/\/x.com\/OracleLicensing\",\"https:\/\/www.linkedin.com\/company\/license-consulting\/\"]}]}<\/script>\n<!-- \/ Yoast SEO Premium plugin. -->","yoast_head_json":{"title":"Negocia\u00e7\u00f5es de auditoria da Oracle LMS - License Consulting","description":"Dentro de 48 horas, fornecemos um estudo de viabilidade (gratuito) detalhando se podemos ajudar a mitigar uma reivindica\u00e7\u00e3o de conformidade. Resultados garantidos, refer\u00eancias mundiais.","robots":{"index":"index","follow":"follow","max-snippet":"max-snippet:-1","max-image-preview":"max-image-preview:large","max-video-preview":"max-video-preview:-1"},"canonical":"https:\/\/licenseconsulting.com\/pt-br\/servicos\/negociacoes-de-auditoria-da-oracle-lms\/","og_locale":"pt_BR","og_type":"article","og_title":"Negocia\u00e7\u00f5es de auditoria da Oracle LMS","og_description":"As Negocia\u00e7\u00f5es de Auditoria LMS da Oracle abordam o cen\u00e1rio em que o Oracle LMS, ou um de seus parceiros de auditoria, realizou uma auditoria de","og_url":"https:\/\/licenseconsulting.com\/pt-br\/servicos\/negociacoes-de-auditoria-da-oracle-lms\/","og_site_name":"License Consulting","article_modified_time":"2020-04-24T13:31:33+00:00","twitter_card":"summary_large_image","twitter_site":"@OracleLicensing","twitter_misc":{"Est. tempo de leitura":"5 minutos"},"schema":{"@context":"https:\/\/schema.org","@graph":[{"@type":"WebPage","@id":"https:\/\/licenseconsulting.com\/pt-br\/servicos\/negociacoes-de-auditoria-da-oracle-lms\/","url":"https:\/\/licenseconsulting.com\/pt-br\/servicos\/negociacoes-de-auditoria-da-oracle-lms\/","name":"Negocia\u00e7\u00f5es de auditoria da Oracle LMS - License Consulting","isPartOf":{"@id":"https:\/\/licenseconsulting.com\/pt-br\/#website"},"datePublished":"2020-02-14T19:46:42+00:00","dateModified":"2020-04-24T13:31:33+00:00","description":"Dentro de 48 horas, fornecemos um estudo de viabilidade (gratuito) detalhando se podemos ajudar a mitigar uma reivindica\u00e7\u00e3o de conformidade. Resultados garantidos, refer\u00eancias mundiais.","breadcrumb":{"@id":"https:\/\/licenseconsulting.com\/pt-br\/servicos\/negociacoes-de-auditoria-da-oracle-lms\/#breadcrumb"},"inLanguage":"pt-BR","potentialAction":[{"@type":"ReadAction","target":["https:\/\/licenseconsulting.com\/pt-br\/servicos\/negociacoes-de-auditoria-da-oracle-lms\/"]}]},{"@type":"BreadcrumbList","@id":"https:\/\/licenseconsulting.com\/pt-br\/servicos\/negociacoes-de-auditoria-da-oracle-lms\/#breadcrumb","itemListElement":[{"@type":"ListItem","position":1,"name":"Home","item":"https:\/\/licenseconsulting.com\/pt-br\/"},{"@type":"ListItem","position":2,"name":"Servi\u00e7os","item":"https:\/\/licenseconsulting.com\/pt-br\/servicos\/"},{"@type":"ListItem","position":3,"name":"Negocia\u00e7\u00f5es de auditoria da Oracle LMS"}]},{"@type":"WebSite","@id":"https:\/\/licenseconsulting.com\/pt-br\/#website","url":"https:\/\/licenseconsulting.com\/pt-br\/","name":"License Consulting","description":"Oracle License Compliance Company","publisher":{"@id":"https:\/\/licenseconsulting.com\/pt-br\/#organization"},"potentialAction":[{"@type":"SearchAction","target":{"@type":"EntryPoint","urlTemplate":"https:\/\/licenseconsulting.com\/pt-br\/?s={search_term_string}"},"query-input":{"@type":"PropertyValueSpecification","valueRequired":true,"valueName":"search_term_string"}}],"inLanguage":"pt-BR"},{"@type":"Organization","@id":"https:\/\/licenseconsulting.com\/pt-br\/#organization","name":"License Consulting BV","url":"https:\/\/licenseconsulting.com\/pt-br\/","logo":{"@type":"ImageObject","inLanguage":"pt-BR","@id":"https:\/\/licenseconsulting.com\/pt-br\/#\/schema\/logo\/image\/","url":"https:\/\/licenseconsulting.com\/wp-content\/uploads\/2020\/07\/LC-logo-2019-768x144-1.png","contentUrl":"https:\/\/licenseconsulting.com\/wp-content\/uploads\/2020\/07\/LC-logo-2019-768x144-1.png","width":768,"height":144,"caption":"License Consulting BV"},"image":{"@id":"https:\/\/licenseconsulting.com\/pt-br\/#\/schema\/logo\/image\/"},"sameAs":["https:\/\/x.com\/OracleLicensing","https:\/\/www.linkedin.com\/company\/license-consulting\/"]}]}},"_links":{"self":[{"href":"https:\/\/licenseconsulting.com\/pt-br\/wp-json\/wp\/v2\/pages\/10085","targetHints":{"allow":["GET"]}}],"collection":[{"href":"https:\/\/licenseconsulting.com\/pt-br\/wp-json\/wp\/v2\/pages"}],"about":[{"href":"https:\/\/licenseconsulting.com\/pt-br\/wp-json\/wp\/v2\/types\/page"}],"author":[{"embeddable":true,"href":"https:\/\/licenseconsulting.com\/pt-br\/wp-json\/wp\/v2\/users\/1"}],"replies":[{"embeddable":true,"href":"https:\/\/licenseconsulting.com\/pt-br\/wp-json\/wp\/v2\/comments?post=10085"}],"version-history":[{"count":5,"href":"https:\/\/licenseconsulting.com\/pt-br\/wp-json\/wp\/v2\/pages\/10085\/revisions"}],"predecessor-version":[{"id":11793,"href":"https:\/\/licenseconsulting.com\/pt-br\/wp-json\/wp\/v2\/pages\/10085\/revisions\/11793"}],"up":[{"embeddable":true,"href":"https:\/\/licenseconsulting.com\/pt-br\/wp-json\/wp\/v2\/pages\/10042"}],"wp:attachment":[{"href":"https:\/\/licenseconsulting.com\/pt-br\/wp-json\/wp\/v2\/media?parent=10085"}],"curies":[{"name":"wp","href":"https:\/\/api.w.org\/{rel}","templated":true}]}}