{"id":10077,"date":"2020-02-14T19:46:39","date_gmt":"2020-02-14T19:46:39","guid":{"rendered":"https:\/\/licenseconsulting.com\/servicos\/auditoria-interna-de-licencas\/"},"modified":"2020-04-24T13:13:30","modified_gmt":"2020-04-24T13:13:30","slug":"auditoria-interna-de-licencas","status":"publish","type":"page","link":"https:\/\/licenseconsulting.com\/pt-br\/servicos\/auditoria-interna-de-licencas\/","title":{"rendered":"Auditoria interna de licen\u00e7as"},"content":{"rendered":"<div class=\"wpb-content-wrapper\"><p>[vc_row][vc_column]<div id=\"ultimate-heading-361869d7ee7171b12\" class=\"uvc-heading ult-adjust-bottom-margin ultimate-heading-361869d7ee7171b12 uvc-8450 \" data-hspacer=\"no_spacer\"  data-halign=\"left\" style=\"text-align:left\"><div class=\"uvc-heading-spacer no_spacer\" style=\"top\"><\/div><div class=\"uvc-main-heading ult-responsive\"  data-ultimate-target='.uvc-heading.ultimate-heading-361869d7ee7171b12 h2'  data-responsive-json-new='{\"font-size\":\"desktop:26px;\",\"line-height\":\"desktop:32px;\"}' ><h2 style=\"font-weight:bold;margin-bottom:20px;\">Aposte seu cheque sobre estar em conformidade!<\/h2><\/div><\/div>[vc_empty_space][\/vc_column][\/vc_row][vc_row][vc_column width=&#8221;3\/5&#8243;][vc_column_text]O servi\u00e7o de Auditoria de Licen\u00e7a Interna aborda o cen\u00e1rio em que sua organiza\u00e7\u00e3o pretende estabelecer uma Posi\u00e7\u00e3o de Licen\u00e7a Efetiva. Simulamos a situa\u00e7\u00e3o em que a Oracle audita seu ambiente.<\/p>\n<p>Uma auditoria de licen\u00e7a interna da Oracle inclui:<\/p>\n<ul>\n<li>Estabelecendo o tamanho do risco financeiro;<\/li>\n<li>Ajudando voc\u00ea a entender sua posi\u00e7\u00e3o de licen\u00e7a eficaz (ELP);<\/li>\n<li>Orientando sua equipe sobre como reduzir os riscos de conformidade.<\/li>\n<\/ul>\n<p>O total entrega da Auditoria de Licen\u00e7a Interna \u00e9 uma posi\u00e7\u00e3o de licen\u00e7a efetiva. Al\u00e9m disso, recomenda\u00e7\u00f5es s\u00e3o feitas para melhorar o ambiente, reduzindo ou eliminando quaisquer riscos financeiros e de conformidade.[\/vc_column_text][\/vc_column][vc_column width=&#8221;2\/5&#8243;]<style type=\"text\/css\" data-type=\"the7_shortcodes-inline-css\">.shortcode-single-image-wrap.shortcode-single-image-73483b30f8cc6701572b80d438383d1f.enable-bg-rollover .rollover i,\n.shortcode-single-image-wrap.shortcode-single-image-73483b30f8cc6701572b80d438383d1f.enable-bg-rollover .rollover-video i {\n  background: ;\n  background: -webkit-linear-gradient();\n  background: linear-gradient();\n}\n.shortcode-single-image-wrap.shortcode-single-image-73483b30f8cc6701572b80d438383d1f .rollover-icon {\n  font-size: 32px;\n  color: #ffffff;\n  min-width: 44px;\n  min-height: 44px;\n  line-height: 44px;\n  border-radius: 100px;\n  border-style: solid;\n  border-width: 0px;\n}\n.dt-icon-bg-on.shortcode-single-image-wrap.shortcode-single-image-73483b30f8cc6701572b80d438383d1f .rollover-icon {\n  background: rgba(255,255,255,0.3);\n  box-shadow: none;\n}\n<\/style><div class=\"shortcode-single-image-wrap shortcode-single-image-73483b30f8cc6701572b80d438383d1f alignnone fadeIn animate-element  enable-bg-rollover dt-icon-bg-off\" style=\"margin-top:0px; margin-bottom:0px; margin-left:0px; margin-right:0px; width:500px;\"><div class=\"shortcode-single-image\"><div class=\"fancy-media-wrap  layzr-bg\" style=\"\"><img fetchpriority=\"high\" decoding=\"async\" class=\"preload-me lazy-load aspect\" src=\"data:image\/svg+xml,%3Csvg%20xmlns%3D&#39;http%3A%2F%2Fwww.w3.org%2F2000%2Fsvg&#39;%20viewBox%3D&#39;0%200%20500%20526&#39;%2F%3E\" data-src=\"https:\/\/licenseconsulting.com\/wp-content\/uploads\/2020\/03\/oracle-internal-license-audit-500x526.png\" data-srcset=\"https:\/\/licenseconsulting.com\/wp-content\/uploads\/2020\/03\/oracle-internal-license-audit-500x526.png 500w, https:\/\/licenseconsulting.com\/wp-content\/uploads\/2020\/03\/oracle-internal-license-audit.png 800w\" loading=\"eager\" sizes=\"(max-width: 500px) 100vw, 500px\" width=\"500\" height=\"526\"  data-dt-location=\"https:\/\/licenseconsulting.com\/pt-br\/services\/license-audit-defense\/attachment\/oracle-internal-license-audit-2\/\" style=\"--ratio: 500 \/ 526;\" alt=\"oracle-internal-license-audit\" \/><\/div><\/div><\/div>[vc_empty_space][\/vc_column][\/vc_row][vc_row type=&#8221;vc_default&#8221;][vc_column css=&#8221;.vc_custom_1498229431694{padding-bottom: 50px !important;}&#8221;]<div id=\"ultimate-heading-374069d7ee71725f2\" class=\"uvc-heading ult-adjust-bottom-margin ultimate-heading-374069d7ee71725f2 uvc-6802 \" data-hspacer=\"no_spacer\"  data-halign=\"left\" style=\"text-align:left\"><div class=\"uvc-heading-spacer no_spacer\" style=\"top\"><\/div><div class=\"uvc-main-heading ult-responsive\"  data-ultimate-target='.uvc-heading.ultimate-heading-374069d7ee71725f2 h2'  data-responsive-json-new='{\"font-size\":\"desktop:26px;\",\"line-height\":\"desktop:32px;\"}' ><h2 style=\"font-weight:bold;margin-bottom:20px;\">Etapas do projeto<\/h2><\/div><div class=\"uvc-sub-heading ult-responsive\"  data-ultimate-target='.uvc-heading.ultimate-heading-374069d7ee71725f2 .uvc-sub-heading '  data-responsive-json-new='{\"font-size\":\"\",\"line-height\":\"\"}'  style=\"font-weight:normal;\">Abaixo est\u00e3o os passos deste servi\u00e7o. Cada etapa \u00e9 dividida em Entradas, Atividades e Sa\u00eddas: Os detalhes est\u00e3o especificados na Descri\u00e7\u00e3o completa do Servi\u00e7o (solicita\u00e7\u00e3o abaixo).<\/div><\/div>[vc_empty_space]<div class=\"smile_icon_list_wrap ult_info_list_container ult-adjust-bottom-margin   vc_custom_1569158405228\"><ul class=\"smile_icon_list left hexagon\"><li class=\"icon_list_item\" style=\" font-size:60px;\"><div class=\"icon_list_icon\" data-animation=\"\" data-animation-delay=\"03\" style=\"font-size:20px;background:#39a8e0;color:#ffffff;border-color:#39a8e0;\"><img decoding=\"async\" class=\"list-img-icon\" alt=\"null\" src=\"https:\/\/licenseconsulting.com\/wp-content\/uploads\/2019\/09\/license-consulting-icon32-white2.png\"\/><\/div><div class=\"icon_description\" id=\"Info-list-wrap-5555\" style=\"font-size:20px;\"><h3 class=\"ult-responsive info-list-heading\"  data-ultimate-target='#Info-list-wrap-5555 h3'  data-responsive-json-new='{\"font-size\":\"desktop:16px;\",\"line-height\":\"desktop:22px;\"}'  style=\"font-family:&#039;Open Sans Condensed&#039;;font-weight:700;\">Determinar a Titularidade<\/h3><div class=\"icon_description_text ult-responsive\"  data-ultimate-target='#Info-list-wrap-5555 .icon_description_text'  data-responsive-json-new='{\"font-size\":\"desktop:12px;\",\"line-height\":\"desktop:20px;\"}'  style=\"\"><p>Obtendo compreens\u00e3o sobre seus contratos Oracle, defini\u00e7\u00f5es de licen\u00e7as e reda\u00e7\u00f5es de contratos personalizados que s\u00e3o a base da auditoria interna.<\/p>\n<\/div><\/div><div class=\"icon_list_connector\"  style=\"border-right-width: 1px;border-right-style: dashed;border-color: #39a8e0;\"><\/div><\/li><li class=\"icon_list_item\" style=\" font-size:60px;\"><div class=\"icon_list_icon\" data-animation=\"\" data-animation-delay=\"03\" style=\"font-size:20px;background:#39a8e0;color:#ffffff;border-color:#39a8e0;\"><img decoding=\"async\" class=\"list-img-icon\" alt=\"null\" src=\"https:\/\/licenseconsulting.com\/wp-content\/uploads\/2019\/09\/license-consulting-icon32-white2.png\"\/><\/div><div class=\"icon_description\" id=\"Info-list-wrap-1085\" style=\"font-size:20px;\"><h3 class=\"ult-responsive info-list-heading\"  data-ultimate-target='#Info-list-wrap-1085 h3'  data-responsive-json-new='{\"font-size\":\"desktop:16px;\",\"line-height\":\"desktop:22px;\"}'  style=\"font-family:&#039;Open Sans Condensed&#039;;font-weight:700;\">Determinar a implanta\u00e7\u00e3o<\/h3><div class=\"icon_description_text ult-responsive\"  data-ultimate-target='#Info-list-wrap-1085 .icon_description_text'  data-responsive-json-new='{\"font-size\":\"desktop:12px;\",\"line-height\":\"desktop:20px;\"}'  style=\"\"><p>Conhecendo suas defini\u00e7\u00f5es contratuais, agora trabalhamos com suas equipes para determinar a implanta\u00e7\u00e3o da maneira mais eficaz poss\u00edvel. Nossos recursos de script de auditoria beneficiar\u00e3o os cronogramas, minimizando o tempo das equipes de TI de nossos clientes.<\/p>\n<\/div><\/div><div class=\"icon_list_connector\"  style=\"border-right-width: 1px;border-right-style: dashed;border-color: #39a8e0;\"><\/div><\/li><li class=\"icon_list_item\" style=\" font-size:60px;\"><div class=\"icon_list_icon\" data-animation=\"\" data-animation-delay=\"03\" style=\"font-size:20px;background:#39a8e0;color:#ffffff;border-color:#39a8e0;\"><img decoding=\"async\" class=\"list-img-icon\" alt=\"null\" src=\"https:\/\/licenseconsulting.com\/wp-content\/uploads\/2019\/09\/license-consulting-icon32-white2.png\"\/><\/div><div class=\"icon_description\" id=\"Info-list-wrap-1113\" style=\"font-size:20px;\"><h3 class=\"ult-responsive info-list-heading\"  data-ultimate-target='#Info-list-wrap-1113 h3'  data-responsive-json-new='{\"font-size\":\"desktop:16px;\",\"line-height\":\"desktop:22px;\"}'  style=\"font-family:&#039;Open Sans Condensed&#039;;font-weight:700;\">ELP e relat\u00f3rio de conformidade<\/h3><div class=\"icon_description_text ult-responsive\"  data-ultimate-target='#Info-list-wrap-1113 .icon_description_text'  data-responsive-json-new='{\"font-size\":\"desktop:12px;\",\"line-height\":\"desktop:20px;\"}'  style=\"\"><p>A Posi\u00e7\u00e3o de Licen\u00e7a Efetiva (ELP) compara sua concess\u00e3o de licen\u00e7a com a implanta\u00e7\u00e3o real. \u00c9 quantificado em #licen\u00e7as como exposi\u00e7\u00e3o financeira (taxas de licen\u00e7a e suporte Oracle).<\/p>\n<\/div><\/div><div class=\"icon_list_connector\"  style=\"border-right-width: 1px;border-right-style: dashed;border-color: #39a8e0;\"><\/div><\/li><li class=\"icon_list_item\" style=\" font-size:60px;\"><div class=\"icon_list_icon\" data-animation=\"\" data-animation-delay=\"03\" style=\"font-size:20px;background:#39a8e0;color:#ffffff;border-color:#39a8e0;\"><img decoding=\"async\" class=\"list-img-icon\" alt=\"null\" src=\"https:\/\/licenseconsulting.com\/wp-content\/uploads\/2019\/09\/license-consulting-icon32-white2.png\"\/><\/div><div class=\"icon_description\" id=\"Info-list-wrap-7184\" style=\"font-size:20px;\"><h3 class=\"ult-responsive info-list-heading\"  data-ultimate-target='#Info-list-wrap-7184 h3'  data-responsive-json-new='{\"font-size\":\"desktop:16px;\",\"line-height\":\"desktop:22px;\"}'  style=\"font-family:&#039;Open Sans Condensed&#039;;font-weight:700;\">Suporte \u00e0 remedia\u00e7\u00e3o e otimiza\u00e7\u00e3o<\/h3><div class=\"icon_description_text ult-responsive\"  data-ultimate-target='#Info-list-wrap-7184 .icon_description_text'  data-responsive-json-new='{\"font-size\":\"desktop:12px;\",\"line-height\":\"desktop:20px;\"}'  style=\"\"><p>Muitas vezes, as lacunas de conformidade podem ser significativamente reduzidas. Esta etapa garante que o trabalho com maior impacto seja priorizado. Al\u00e9m disso, garantimos que n\u00e3o sejam introduzidos novos riscos durante as atividades de remedia\u00e7\u00e3o.<\/p>\n<\/div><\/div><div class=\"icon_list_connector\"  style=\"border-right-width: 1px;border-right-style: dashed;border-color: #39a8e0;\"><\/div><\/li><\/ul><\/div>[\/vc_column][\/vc_row][vc_row css=&#8221;.vc_custom_1585069730051{padding-top: -10px !important;padding-bottom: -10px !important;background-color: #f4f4f4 !important;}&#8221; el_class=&#8221;blok1&#8243;][vc_column][vc_column_text]<\/p>\n<h3>100% independente e confidencial<\/h3>\n<p>A License Consulting n\u00e3o vende licen\u00e7as e n\u00e3o lucra com a venda de licen\u00e7as de forma alguma.<br \/>\n<a style=\"font-weight: normal;\" href=\"https:\/\/licenseconsulting.com\/pt-br\/servicos\/\">Veja todos os nossos servi\u00e7os. <\/a>[\/vc_column_text][\/vc_column][\/vc_row][vc_row][vc_column][vc_row_inner][vc_column_inner width=&#8221;2\/5&#8243;]<style type=\"text\/css\" data-type=\"the7_shortcodes-inline-css\">.shortcode-single-image-wrap.shortcode-single-image-efec92f868d476fedbdcf8b4d69700f5.enable-bg-rollover .rollover i,\n.shortcode-single-image-wrap.shortcode-single-image-efec92f868d476fedbdcf8b4d69700f5.enable-bg-rollover .rollover-video i {\n  background: ;\n  background: -webkit-linear-gradient();\n  background: linear-gradient();\n}\n.shortcode-single-image-wrap.shortcode-single-image-efec92f868d476fedbdcf8b4d69700f5 .rollover-icon {\n  font-size: 32px;\n  color: #ffffff;\n  min-width: 44px;\n  min-height: 44px;\n  line-height: 44px;\n  border-radius: 100px;\n  border-style: solid;\n  border-width: 0px;\n}\n.dt-icon-bg-on.shortcode-single-image-wrap.shortcode-single-image-efec92f868d476fedbdcf8b4d69700f5 .rollover-icon {\n  background: rgba(255,255,255,0.3);\n  box-shadow: none;\n}\n<\/style><div class=\"shortcode-single-image-wrap shortcode-single-image-efec92f868d476fedbdcf8b4d69700f5 alignnone fadeIn animate-element  enable-bg-rollover dt-icon-bg-off\" style=\"margin-top:0px; margin-bottom:0px; margin-left:0px; margin-right:0px; width:500px;\"><div class=\"shortcode-single-image\"><div class=\"fancy-media-wrap  layzr-bg\" style=\"\"><img decoding=\"async\" class=\"preload-me lazy-load aspect\" src=\"data:image\/svg+xml,%3Csvg%20xmlns%3D&#39;http%3A%2F%2Fwww.w3.org%2F2000%2Fsvg&#39;%20viewBox%3D&#39;0%200%20500%20706&#39;%2F%3E\" data-src=\"https:\/\/licenseconsulting.com\/wp-content\/uploads\/2019\/09\/ORACLE-INTERNAL-LICENSE-AUDIT-500x706.jpg\" data-srcset=\"https:\/\/licenseconsulting.com\/wp-content\/uploads\/2019\/09\/ORACLE-INTERNAL-LICENSE-AUDIT-500x706.jpg 500w, https:\/\/licenseconsulting.com\/wp-content\/uploads\/2019\/09\/ORACLE-INTERNAL-LICENSE-AUDIT.jpg 905w\" loading=\"eager\" sizes=\"(max-width: 500px) 100vw, 500px\" width=\"500\" height=\"706\"  data-dt-location=\"https:\/\/licenseconsulting.com\/pt-br\/home\/attachment\/oracle-internal-license-audit\/\" style=\"--ratio: 500 \/ 706;box-shadow:5px 5px 5px 5px rgba(0,0,0,0.6); -webkit-box-shadow:5px 5px 5px 5px rgba(0,0,0,0.6);\" alt=\"ORACLE-INTERNAL-LICENSE-AUDIT\" \/><\/div><\/div><\/div>[vc_empty_space][\/vc_column_inner][vc_column_inner width=&#8221;3\/5&#8243;]<div id=\"ultimate-heading-241969d7ee717328c\" class=\"uvc-heading ult-adjust-bottom-margin ultimate-heading-241969d7ee717328c uvc-6687 accent-border-color\" data-hspacer=\"no_spacer\"  data-halign=\"left\" style=\"text-align:left\"><div class=\"uvc-heading-spacer no_spacer\" style=\"top\"><\/div><div class=\"uvc-main-heading ult-responsive\"  data-ultimate-target='.uvc-heading.ultimate-heading-241969d7ee717328c h4'  data-responsive-json-new='{\"font-size\":\"desktop:26px;\",\"line-height\":\"desktop:32px;\"}' ><h4 style=\"font-weight:bold;margin-bottom:20px;\">Solicite esta descri\u00e7\u00e3o do servi\u00e7o<\/h4><\/div><\/div>\n<div class=\"wpcf7 no-js\" id=\"wpcf7-f11229-o1\" lang=\"en-US\" dir=\"ltr\" data-wpcf7-id=\"11229\">\n<div class=\"screen-reader-response\"><p role=\"status\" aria-live=\"polite\" aria-atomic=\"true\"><\/p> <ul><\/ul><\/div>\n<form action=\"\/pt-br\/wp-json\/wp\/v2\/pages\/10077#wpcf7-f11229-o1\" method=\"post\" class=\"wpcf7-form init\" aria-label=\"Contact form\" novalidate=\"novalidate\" data-status=\"init\">\n<div style=\"display: none;\">\n<input type=\"hidden\" name=\"_wpcf7\" value=\"11229\" \/>\n<input type=\"hidden\" name=\"_wpcf7_version\" value=\"6.0.6\" \/>\n<input type=\"hidden\" name=\"_wpcf7_locale\" value=\"en_US\" \/>\n<input type=\"hidden\" name=\"_wpcf7_unit_tag\" value=\"wpcf7-f11229-o1\" \/>\n<input type=\"hidden\" name=\"_wpcf7_container_post\" value=\"0\" \/>\n<input type=\"hidden\" name=\"_wpcf7_posted_data_hash\" value=\"\" \/>\n<input type=\"hidden\" name=\"_wpcf7_recaptcha_response\" value=\"\" \/>\n<\/div>\n<p>In order to receive the Oracle Internal License Audit service description we require you to complete the form below.\n<\/p>\n<p><label> Your Name (required)<br \/>\n<span class=\"wpcf7-form-control-wrap\" data-name=\"your-name\"><input size=\"40\" maxlength=\"400\" class=\"wpcf7-form-control wpcf7-text wpcf7-validates-as-required\" aria-required=\"true\" aria-invalid=\"false\" value=\"\" type=\"text\" name=\"your-name\" \/><\/span> <\/label>\n<\/p>\n<p><label> Your Email (required)<br \/>\n<span class=\"wpcf7-form-control-wrap\" data-name=\"your-email\"><input size=\"40\" maxlength=\"400\" class=\"wpcf7-form-control wpcf7-email wpcf7-validates-as-required wpcf7-text wpcf7-validates-as-email\" aria-required=\"true\" aria-invalid=\"false\" value=\"\" type=\"email\" name=\"your-email\" \/><\/span> <\/label>\n<\/p>\n<p><label> Your Company (optional)<br \/>\n<span class=\"wpcf7-form-control-wrap\" data-name=\"your-company\"><input size=\"40\" maxlength=\"400\" class=\"wpcf7-form-control wpcf7-text\" aria-invalid=\"false\" value=\"\" type=\"text\" name=\"your-company\" \/><\/span><br \/>\n<input class=\"wpcf7-form-control wpcf7-submit has-spinner\" type=\"submit\" value=\"Request service description\" \/><\/label>\n<\/p><div class=\"wpcf7-response-output\" aria-hidden=\"true\"><\/div>\n<\/form>\n<\/div>\n[\/vc_column_inner][vc_column_inner width=&#8221;2\/3&#8243;][\/vc_column_inner][\/vc_row_inner][\/vc_column][\/vc_row]<\/p>\n<\/div>","protected":false},"excerpt":{"rendered":"<p>[vc_row][vc_column][vc_empty_space][\/vc_column][\/vc_row][vc_row][vc_column width=&#8221;3\/5&#8243;][vc_column_text]O servi\u00e7o de Auditoria de Licen\u00e7a Interna aborda o cen\u00e1rio em que sua organiza\u00e7\u00e3o pretende estabelecer uma Posi\u00e7\u00e3o de Licen\u00e7a Efetiva. Simulamos a situa\u00e7\u00e3o em que a Oracle audita seu ambiente. Uma auditoria de licen\u00e7a interna da Oracle inclui: Estabelecendo o tamanho do risco financeiro; Ajudando voc\u00ea a entender sua posi\u00e7\u00e3o de licen\u00e7a eficaz&hellip;<\/p>\n","protected":false},"author":1,"featured_media":0,"parent":10042,"menu_order":100,"comment_status":"closed","ping_status":"closed","template":"","meta":{"footnotes":""},"class_list":["post-10077","page","type-page","status-publish","hentry","description-off"],"yoast_head":"<!-- This site is optimized with the Yoast SEO Premium plugin v25.2 (Yoast SEO v26.8) - https:\/\/yoast.com\/product\/yoast-seo-premium-wordpress\/ -->\n<title>Auditoria interna de licen\u00e7as - License Consulting<\/title>\n<meta name=\"description\" content=\"Realize uma auditoria interna antes que a Oracle pe\u00e7a uma - Tome decis\u00f5es informadas sobre sua implanta\u00e7\u00e3o - Scripts de auditoria gratuitos dispon\u00edveis - refer\u00eancias em todo o mundo!\" \/>\n<meta name=\"robots\" content=\"index, follow, max-snippet:-1, max-image-preview:large, max-video-preview:-1\" \/>\n<link rel=\"canonical\" href=\"https:\/\/licenseconsulting.com\/pt-br\/servicos\/auditoria-interna-de-licencas\/\" \/>\n<meta property=\"og:locale\" content=\"pt_BR\" \/>\n<meta property=\"og:type\" content=\"article\" \/>\n<meta property=\"og:title\" content=\"Auditoria interna de licen\u00e7as\" \/>\n<meta property=\"og:description\" content=\"O servi\u00e7o de Auditoria de Licen\u00e7a Interna aborda o cen\u00e1rio em que sua organiza\u00e7\u00e3o pretende estabelecer uma Posi\u00e7\u00e3o de Licen\u00e7a Efetiva. Simulamos a\" \/>\n<meta property=\"og:url\" content=\"https:\/\/licenseconsulting.com\/pt-br\/servicos\/auditoria-interna-de-licencas\/\" \/>\n<meta property=\"og:site_name\" content=\"License Consulting\" \/>\n<meta property=\"article:modified_time\" content=\"2020-04-24T13:13:30+00:00\" \/>\n<meta name=\"twitter:card\" content=\"summary_large_image\" \/>\n<meta name=\"twitter:site\" content=\"@OracleLicensing\" \/>\n<meta name=\"twitter:label1\" content=\"Est. tempo de leitura\" \/>\n\t<meta name=\"twitter:data1\" content=\"5 minutos\" \/>\n<script type=\"application\/ld+json\" class=\"yoast-schema-graph\">{\"@context\":\"https:\/\/schema.org\",\"@graph\":[{\"@type\":\"WebPage\",\"@id\":\"https:\/\/licenseconsulting.com\/pt-br\/servicos\/auditoria-interna-de-licencas\/\",\"url\":\"https:\/\/licenseconsulting.com\/pt-br\/servicos\/auditoria-interna-de-licencas\/\",\"name\":\"Auditoria interna de licen\u00e7as - License Consulting\",\"isPartOf\":{\"@id\":\"https:\/\/licenseconsulting.com\/pt-br\/#website\"},\"datePublished\":\"2020-02-14T19:46:39+00:00\",\"dateModified\":\"2020-04-24T13:13:30+00:00\",\"description\":\"Realize uma auditoria interna antes que a Oracle pe\u00e7a uma - Tome decis\u00f5es informadas sobre sua implanta\u00e7\u00e3o - Scripts de auditoria gratuitos dispon\u00edveis - refer\u00eancias em todo o mundo!\",\"breadcrumb\":{\"@id\":\"https:\/\/licenseconsulting.com\/pt-br\/servicos\/auditoria-interna-de-licencas\/#breadcrumb\"},\"inLanguage\":\"pt-BR\",\"potentialAction\":[{\"@type\":\"ReadAction\",\"target\":[\"https:\/\/licenseconsulting.com\/pt-br\/servicos\/auditoria-interna-de-licencas\/\"]}]},{\"@type\":\"BreadcrumbList\",\"@id\":\"https:\/\/licenseconsulting.com\/pt-br\/servicos\/auditoria-interna-de-licencas\/#breadcrumb\",\"itemListElement\":[{\"@type\":\"ListItem\",\"position\":1,\"name\":\"Home\",\"item\":\"https:\/\/licenseconsulting.com\/pt-br\/\"},{\"@type\":\"ListItem\",\"position\":2,\"name\":\"Servi\u00e7os\",\"item\":\"https:\/\/licenseconsulting.com\/pt-br\/servicos\/\"},{\"@type\":\"ListItem\",\"position\":3,\"name\":\"Auditoria interna de licen\u00e7as\"}]},{\"@type\":\"WebSite\",\"@id\":\"https:\/\/licenseconsulting.com\/pt-br\/#website\",\"url\":\"https:\/\/licenseconsulting.com\/pt-br\/\",\"name\":\"License Consulting\",\"description\":\"Oracle License Compliance Company\",\"publisher\":{\"@id\":\"https:\/\/licenseconsulting.com\/pt-br\/#organization\"},\"potentialAction\":[{\"@type\":\"SearchAction\",\"target\":{\"@type\":\"EntryPoint\",\"urlTemplate\":\"https:\/\/licenseconsulting.com\/pt-br\/?s={search_term_string}\"},\"query-input\":{\"@type\":\"PropertyValueSpecification\",\"valueRequired\":true,\"valueName\":\"search_term_string\"}}],\"inLanguage\":\"pt-BR\"},{\"@type\":\"Organization\",\"@id\":\"https:\/\/licenseconsulting.com\/pt-br\/#organization\",\"name\":\"License Consulting BV\",\"url\":\"https:\/\/licenseconsulting.com\/pt-br\/\",\"logo\":{\"@type\":\"ImageObject\",\"inLanguage\":\"pt-BR\",\"@id\":\"https:\/\/licenseconsulting.com\/pt-br\/#\/schema\/logo\/image\/\",\"url\":\"https:\/\/licenseconsulting.com\/wp-content\/uploads\/2020\/07\/LC-logo-2019-768x144-1.png\",\"contentUrl\":\"https:\/\/licenseconsulting.com\/wp-content\/uploads\/2020\/07\/LC-logo-2019-768x144-1.png\",\"width\":768,\"height\":144,\"caption\":\"License Consulting BV\"},\"image\":{\"@id\":\"https:\/\/licenseconsulting.com\/pt-br\/#\/schema\/logo\/image\/\"},\"sameAs\":[\"https:\/\/x.com\/OracleLicensing\",\"https:\/\/www.linkedin.com\/company\/license-consulting\/\"]}]}<\/script>\n<!-- \/ Yoast SEO Premium plugin. -->","yoast_head_json":{"title":"Auditoria interna de licen\u00e7as - License Consulting","description":"Realize uma auditoria interna antes que a Oracle pe\u00e7a uma - Tome decis\u00f5es informadas sobre sua implanta\u00e7\u00e3o - Scripts de auditoria gratuitos dispon\u00edveis - refer\u00eancias em todo o mundo!","robots":{"index":"index","follow":"follow","max-snippet":"max-snippet:-1","max-image-preview":"max-image-preview:large","max-video-preview":"max-video-preview:-1"},"canonical":"https:\/\/licenseconsulting.com\/pt-br\/servicos\/auditoria-interna-de-licencas\/","og_locale":"pt_BR","og_type":"article","og_title":"Auditoria interna de licen\u00e7as","og_description":"O servi\u00e7o de Auditoria de Licen\u00e7a Interna aborda o cen\u00e1rio em que sua organiza\u00e7\u00e3o pretende estabelecer uma Posi\u00e7\u00e3o de Licen\u00e7a Efetiva. Simulamos a","og_url":"https:\/\/licenseconsulting.com\/pt-br\/servicos\/auditoria-interna-de-licencas\/","og_site_name":"License Consulting","article_modified_time":"2020-04-24T13:13:30+00:00","twitter_card":"summary_large_image","twitter_site":"@OracleLicensing","twitter_misc":{"Est. tempo de leitura":"5 minutos"},"schema":{"@context":"https:\/\/schema.org","@graph":[{"@type":"WebPage","@id":"https:\/\/licenseconsulting.com\/pt-br\/servicos\/auditoria-interna-de-licencas\/","url":"https:\/\/licenseconsulting.com\/pt-br\/servicos\/auditoria-interna-de-licencas\/","name":"Auditoria interna de licen\u00e7as - License Consulting","isPartOf":{"@id":"https:\/\/licenseconsulting.com\/pt-br\/#website"},"datePublished":"2020-02-14T19:46:39+00:00","dateModified":"2020-04-24T13:13:30+00:00","description":"Realize uma auditoria interna antes que a Oracle pe\u00e7a uma - Tome decis\u00f5es informadas sobre sua implanta\u00e7\u00e3o - Scripts de auditoria gratuitos dispon\u00edveis - refer\u00eancias em todo o mundo!","breadcrumb":{"@id":"https:\/\/licenseconsulting.com\/pt-br\/servicos\/auditoria-interna-de-licencas\/#breadcrumb"},"inLanguage":"pt-BR","potentialAction":[{"@type":"ReadAction","target":["https:\/\/licenseconsulting.com\/pt-br\/servicos\/auditoria-interna-de-licencas\/"]}]},{"@type":"BreadcrumbList","@id":"https:\/\/licenseconsulting.com\/pt-br\/servicos\/auditoria-interna-de-licencas\/#breadcrumb","itemListElement":[{"@type":"ListItem","position":1,"name":"Home","item":"https:\/\/licenseconsulting.com\/pt-br\/"},{"@type":"ListItem","position":2,"name":"Servi\u00e7os","item":"https:\/\/licenseconsulting.com\/pt-br\/servicos\/"},{"@type":"ListItem","position":3,"name":"Auditoria interna de licen\u00e7as"}]},{"@type":"WebSite","@id":"https:\/\/licenseconsulting.com\/pt-br\/#website","url":"https:\/\/licenseconsulting.com\/pt-br\/","name":"License Consulting","description":"Oracle License Compliance Company","publisher":{"@id":"https:\/\/licenseconsulting.com\/pt-br\/#organization"},"potentialAction":[{"@type":"SearchAction","target":{"@type":"EntryPoint","urlTemplate":"https:\/\/licenseconsulting.com\/pt-br\/?s={search_term_string}"},"query-input":{"@type":"PropertyValueSpecification","valueRequired":true,"valueName":"search_term_string"}}],"inLanguage":"pt-BR"},{"@type":"Organization","@id":"https:\/\/licenseconsulting.com\/pt-br\/#organization","name":"License Consulting BV","url":"https:\/\/licenseconsulting.com\/pt-br\/","logo":{"@type":"ImageObject","inLanguage":"pt-BR","@id":"https:\/\/licenseconsulting.com\/pt-br\/#\/schema\/logo\/image\/","url":"https:\/\/licenseconsulting.com\/wp-content\/uploads\/2020\/07\/LC-logo-2019-768x144-1.png","contentUrl":"https:\/\/licenseconsulting.com\/wp-content\/uploads\/2020\/07\/LC-logo-2019-768x144-1.png","width":768,"height":144,"caption":"License Consulting BV"},"image":{"@id":"https:\/\/licenseconsulting.com\/pt-br\/#\/schema\/logo\/image\/"},"sameAs":["https:\/\/x.com\/OracleLicensing","https:\/\/www.linkedin.com\/company\/license-consulting\/"]}]}},"_links":{"self":[{"href":"https:\/\/licenseconsulting.com\/pt-br\/wp-json\/wp\/v2\/pages\/10077","targetHints":{"allow":["GET"]}}],"collection":[{"href":"https:\/\/licenseconsulting.com\/pt-br\/wp-json\/wp\/v2\/pages"}],"about":[{"href":"https:\/\/licenseconsulting.com\/pt-br\/wp-json\/wp\/v2\/types\/page"}],"author":[{"embeddable":true,"href":"https:\/\/licenseconsulting.com\/pt-br\/wp-json\/wp\/v2\/users\/1"}],"replies":[{"embeddable":true,"href":"https:\/\/licenseconsulting.com\/pt-br\/wp-json\/wp\/v2\/comments?post=10077"}],"version-history":[{"count":6,"href":"https:\/\/licenseconsulting.com\/pt-br\/wp-json\/wp\/v2\/pages\/10077\/revisions"}],"predecessor-version":[{"id":11789,"href":"https:\/\/licenseconsulting.com\/pt-br\/wp-json\/wp\/v2\/pages\/10077\/revisions\/11789"}],"up":[{"embeddable":true,"href":"https:\/\/licenseconsulting.com\/pt-br\/wp-json\/wp\/v2\/pages\/10042"}],"wp:attachment":[{"href":"https:\/\/licenseconsulting.com\/pt-br\/wp-json\/wp\/v2\/media?parent=10077"}],"curies":[{"name":"wp","href":"https:\/\/api.w.org\/{rel}","templated":true}]}}