{"id":10040,"date":"2020-02-14T19:46:35","date_gmt":"2020-02-14T19:46:35","guid":{"rendered":"https:\/\/licenseconsulting.com\/sobre\/"},"modified":"2020-04-24T12:28:17","modified_gmt":"2020-04-24T12:28:17","slug":"sobre","status":"publish","type":"page","link":"https:\/\/licenseconsulting.com\/pt-br\/sobre\/","title":{"rendered":"Sobre"},"content":{"rendered":"<div class=\"wpb-content-wrapper\"><p>[vc_row type=&#8221;vc_default&#8221; css=&#8221;.vc_custom_1476008791393{padding-top: 70px !important;padding-bottom: 25px !important;}&#8221;][vc_column offset=&#8221;vc_col-lg-6 vc_col-md-6 vc_col-xs-12&#8243; css=&#8221;.vc_custom_1476005293248{padding-bottom: 50px !important;}&#8221;]<div id=\"ultimate-heading-394669e716af85784\" class=\"uvc-heading ult-adjust-bottom-margin ultimate-heading-394669e716af85784 uvc-8032 \" data-hspacer=\"no_spacer\"  data-halign=\"left\" style=\"text-align:left\"><div class=\"uvc-heading-spacer no_spacer\" style=\"top\"><\/div><div class=\"uvc-main-heading ult-responsive\"  data-ultimate-target='.uvc-heading.ultimate-heading-394669e716af85784 h2'  data-responsive-json-new='{\"font-size\":\"desktop:26px;\",\"line-height\":\"desktop:32px;\"}' ><h2 style=\"font-weight:bold;margin-bottom:20px;\">Sobre nossa empresa<\/h2><\/div><\/div>[vc_column_text]Depois de ter trabalhado na ind\u00fastria de licenciamento de software desde 1995, incluindo como um auditor Oracle LMS EMEA, Daniel Hesselink decidiu come\u00e7ar Consultoria de Licen\u00e7a em 2007. O objetivo era trabalhar inteiramente ao lado do cliente e entre v\u00e1rios fornecedores. Em vez disso, os clientes realmente precisavam de um advogado e treinador para ajudar a equilibrar no campo da Oracle. Ao ter previamente fornecido treinamentos de licenciamento para os parceiros da OPN e EMEA da Oracle LMS\/Sales staff, a License Consulting tornou-se um canivete su\u00ed\u00e7o para usu\u00e1rios Oracle.<\/p>\n<p>A exist\u00eancia da License Consulting depende totalmente de endossamentos boca a boca entre clientes Oracle. Porque estes Clientes realmente querem trabalhar conosco, n\u00f3s realmente queremos superar as expectativas que eles j\u00e1 t\u00eam. Este processo nos faz ficar atentos para continuar se desenvolvendo e melhorando nossas solu\u00e7\u00f5es de auditoria de licen\u00e7a Oracle, otimiza\u00e7\u00f5es de contratos e suporte. Compartilhar nossa riqueza de experi\u00eancia \u00e9 fundamental para educar e capacitar nossos clientes. Permitindo que nossos clientes implementem um estrat\u00e9gia para os desafios da Oracle relacionados que t\u00eam resultados previs\u00edveis.[\/vc_column_text][\/vc_column][vc_column offset=&#8221;vc_col-lg-6 vc_col-md-6 vc_col-xs-12&#8243; css=&#8221;.vc_custom_1476005300152{padding-bottom: 50px !important;}&#8221;][vc_column_text]<span lang=\"PT-BR\">O fundador Daniel Hesselink (1974) est\u00e1 presente no setor de licenciamento desde 1995 em diferentes fun\u00e7\u00f5es de consultoria em v\u00e1rios fornecedores, incluindo um papel como auditor dos Servi\u00e7os de Gerenciamento de Licen\u00e7as Oracle na Oracle Europa, Oriente M\u00e9dio e \u00c1frica. Ao iniciar a License Consulting em 2007, ele acreditava que a Oracle seria apenas um dos muitos aspectos do neg\u00f3cio e que muitos clientes chamariam sua independ\u00eancia entre v\u00e1rios fornecedores. J\u00e1 veterano no setor, ele seria convidado por fornecedores como HP e IBM para falar durante seus eventos de clientes e parceiros sobre as complexidades do licenciamento Oracle. Ele aprenderia que havia uma grande necessidade de aconselhamento independente em torno da Oracle, logo dedicando todo o seu tempo a este assunto.<\/span>[\/vc_column_text]<style type=\"text\/css\" data-type=\"the7_shortcodes-inline-css\">#default-btn-f5539f416b6df43a25e331f16ddf11ff.ico-right-side > i {\n  margin-right: 0px;\n  margin-left: 8px;\n}\n#default-btn-f5539f416b6df43a25e331f16ddf11ff > i {\n  margin-right: 8px;\n}\n<\/style><a href=\"https:\/\/licenseconsulting.com\/pt-br\/equipe-de-gestao\/\" class=\"default-btn-shortcode dt-btn dt-btn-l link-hover-off full-width-btn btn-inline-left \" id=\"default-btn-f5539f416b6df43a25e331f16ddf11ff\"><span>Nossa equipe de gerenciamento<\/span><\/a>[\/vc_column][\/vc_row][vc_row][vc_column width=&#8221;1\/2&#8243;]<div id=\"ultimate-heading-11569e716af85864\" class=\"uvc-heading ult-adjust-bottom-margin ultimate-heading-11569e716af85864 uvc-7238 \" data-hspacer=\"no_spacer\"  data-halign=\"left\" style=\"text-align:left\"><div class=\"uvc-heading-spacer no_spacer\" style=\"top\"><\/div><div class=\"uvc-main-heading ult-responsive\"  data-ultimate-target='.uvc-heading.ultimate-heading-11569e716af85864 h2'  data-responsive-json-new='{\"font-size\":\"desktop:26px;\",\"line-height\":\"desktop:32px;\"}' ><h2 style=\"font-weight:bold;margin-bottom:20px;\">O que fazemos<\/h2><\/div><\/div>[vc_column_text]<span lang=\"PT-BR\">Fundada em 2007, a License Consulting \u00e9 a empresa de consultoria mais antiga dedicada ao licenciamento da Oracle hoje. Sempre houve uma riqueza de informa\u00e7\u00f5es e conhecimento em torno de modelos de licenciamento gen\u00e9ricos, como Microsoft, Symantec e outros fornecedores. O licenciamento Oracle tem permanecido obscuro, mudando e cheio de brechas. At\u00e9 a funda\u00e7\u00e3o da License Consulting, os clientes n\u00e3o tinham para onde ir de forma independente para trazer todas as habilidades para a mesa de trabalho: n\u00e3o havia uma \u00fanica parada para auditoria de conformidade da Oracle, negocia\u00e7\u00e3o, assessoria t\u00e1tica e estrat\u00e9gica, bem como assessoria de conformidade cont\u00ednua. A License Consulting rapidamente se tornou um parceiro confi\u00e1vel para muitas organiza\u00e7\u00f5es que permitem que os clientes reduzam complexidades em torno das licen\u00e7as Oracle, custos associados, arquiteturas de TI e manuten\u00e7\u00e3o e suporte a uma decis\u00e3o calculada e uma escolha informada.<\/span>[\/vc_column_text][\/vc_column][vc_column width=&#8221;1\/2&#8243;][vc_column_text]<span lang=\"PT-BR\">A License Consulting ainda \u00e9 dedicada ao licenciamento da Oracle e agora \u00e9 a conselheira mais especializada e experiente do mundo. Com uma pequena equipe de especialistas altamente qualificados, a License Consulting dedica todo o seu tempo e recursos \u00e0 experi\u00eancia da Oracle em todos os fusos hor\u00e1rios. Os clientes incluem grandes multinacionais e governos centrais em todo o mundo, bem como algumas das maiores empresas de direito e consultoria do planeta. Desde 2012, somos honrados por sermos frequentemente convidados pela <a href=\"http:\/\/www.vmworld.com\/\">VMworld<\/a> para sediar v\u00e1rias sess\u00f5es de licenciamento Oracle especificamente para nossa experi\u00eancia em licenciar a Oracle em ambientes virtuais complexos. Com um trackrecord impec\u00e1vel, tamb\u00e9m a VMware reconhece que <a href=\"https:\/\/blogs.vmware.com\/vsphere\/2015\/04\/oracle-licensing-discussion-definitive-collateral-collection.html\">somos uma das poucas partes mais confi\u00e1veis e capazes<\/a> quando se trata de aconselhamento de licenciamento em ambientes Oracle virtualizados.<\/span><\/p>\n<p><span lang=\"PT-BR\">A License Consulting experimentou um crescimento constante no conhecimento, escalabilidade e capacidade. Onde nos primeiros dias levaria semanas para analisar os scripts de sa\u00edda de auditoria de 1000 bancos de dados Oracle, nossa solu\u00e7\u00e3o estrat\u00e9gica <a href=\"http:\/\/www.licenseaudit.com\/\" target=\"_blank\" rel=\"noopener noreferrer\">www.licenseaudit.com<\/a> permite que todos os clientes da Oracle de todos os tamanhos fa\u00e7am isso de forma independente a um baixo custo, ao mesmo tempo em que se beneficiam de tudo o que a License Consulting aprendeu no passado.<\/span><\/p>\n<p><span lang=\"PT-BR\">A License Consulting traz uma jornada verdadeiramente fant\u00e1stica.<\/span>[\/vc_column_text][\/vc_column][\/vc_row][vc_row full_width=&#8221;stretch_row_content_no_spaces&#8221;][vc_column]<style type=\"text\/css\" data-type=\"the7_shortcodes-inline-css\">#default-btn-1a61e3e0b3123a3a86b2c4f5dfa23292.ico-right-side > i {\n  margin-right: 0px;\n  margin-left: 8px;\n}\n#default-btn-1a61e3e0b3123a3a86b2c4f5dfa23292 > i {\n  margin-right: 8px;\n}\n<\/style><a href=\"https:\/\/licenseconsulting.com\/pt-br\/contato\/\" class=\"default-btn-shortcode dt-btn dt-btn-l link-hover-off full-width-btn btn-inline-left \" id=\"default-btn-1a61e3e0b3123a3a86b2c4f5dfa23292\" title=\"Contact\"><span>Entre em contato conosco<\/span><\/a>[\/vc_column][\/vc_row]<\/p>\n<\/div>","protected":false},"excerpt":{"rendered":"<p>[vc_row type=&#8221;vc_default&#8221; css=&#8221;.vc_custom_1476008791393{padding-top: 70px !important;padding-bottom: 25px !important;}&#8221;][vc_column offset=&#8221;vc_col-lg-6 vc_col-md-6 vc_col-xs-12&#8243; css=&#8221;.vc_custom_1476005293248{padding-bottom: 50px !important;}&#8221;][vc_column_text]Depois de ter trabalhado na ind\u00fastria de licenciamento de software desde 1995, incluindo como um auditor Oracle LMS EMEA, Daniel Hesselink decidiu come\u00e7ar Consultoria de Licen\u00e7a em 2007. O objetivo era trabalhar inteiramente ao lado do cliente e entre v\u00e1rios fornecedores. Em vez&hellip;<\/p>\n","protected":false},"author":1,"featured_media":0,"parent":0,"menu_order":100,"comment_status":"closed","ping_status":"closed","template":"","meta":{"footnotes":""},"class_list":["post-10040","page","type-page","status-publish","hentry","description-off"],"yoast_head":"<!-- This site is optimized with the Yoast SEO Premium plugin v25.2 (Yoast SEO v26.8) - https:\/\/yoast.com\/product\/yoast-seo-premium-wordpress\/ -->\n<title>Sobre - License Consulting<\/title>\n<meta name=\"robots\" content=\"index, follow, max-snippet:-1, max-image-preview:large, max-video-preview:-1\" \/>\n<link rel=\"canonical\" href=\"https:\/\/licenseconsulting.com\/pt-br\/sobre\/\" \/>\n<meta property=\"og:locale\" content=\"pt_BR\" \/>\n<meta property=\"og:type\" content=\"article\" \/>\n<meta property=\"og:title\" content=\"Sobre\" \/>\n<meta property=\"og:description\" content=\"Depois de ter trabalhado na ind\u00fastria de licenciamento de software desde 1995, incluindo como um auditor Oracle LMS EMEA, Daniel Hesselink decidiu come\u00e7ar\" \/>\n<meta property=\"og:url\" content=\"https:\/\/licenseconsulting.com\/pt-br\/sobre\/\" \/>\n<meta property=\"og:site_name\" content=\"License Consulting\" \/>\n<meta property=\"article:modified_time\" content=\"2020-04-24T12:28:17+00:00\" \/>\n<meta name=\"twitter:card\" content=\"summary_large_image\" \/>\n<meta name=\"twitter:site\" content=\"@OracleLicensing\" \/>\n<meta name=\"twitter:label1\" content=\"Est. tempo de leitura\" \/>\n\t<meta name=\"twitter:data1\" content=\"5 minutos\" \/>\n<script type=\"application\/ld+json\" class=\"yoast-schema-graph\">{\"@context\":\"https:\/\/schema.org\",\"@graph\":[{\"@type\":\"WebPage\",\"@id\":\"https:\/\/licenseconsulting.com\/pt-br\/sobre\/\",\"url\":\"https:\/\/licenseconsulting.com\/pt-br\/sobre\/\",\"name\":\"Sobre - License Consulting\",\"isPartOf\":{\"@id\":\"https:\/\/licenseconsulting.com\/pt-br\/#website\"},\"datePublished\":\"2020-02-14T19:46:35+00:00\",\"dateModified\":\"2020-04-24T12:28:17+00:00\",\"breadcrumb\":{\"@id\":\"https:\/\/licenseconsulting.com\/pt-br\/sobre\/#breadcrumb\"},\"inLanguage\":\"pt-BR\",\"potentialAction\":[{\"@type\":\"ReadAction\",\"target\":[\"https:\/\/licenseconsulting.com\/pt-br\/sobre\/\"]}]},{\"@type\":\"BreadcrumbList\",\"@id\":\"https:\/\/licenseconsulting.com\/pt-br\/sobre\/#breadcrumb\",\"itemListElement\":[{\"@type\":\"ListItem\",\"position\":1,\"name\":\"Home\",\"item\":\"https:\/\/licenseconsulting.com\/pt-br\/\"},{\"@type\":\"ListItem\",\"position\":2,\"name\":\"Sobre\"}]},{\"@type\":\"WebSite\",\"@id\":\"https:\/\/licenseconsulting.com\/pt-br\/#website\",\"url\":\"https:\/\/licenseconsulting.com\/pt-br\/\",\"name\":\"License Consulting\",\"description\":\"Oracle License Compliance Company\",\"publisher\":{\"@id\":\"https:\/\/licenseconsulting.com\/pt-br\/#organization\"},\"potentialAction\":[{\"@type\":\"SearchAction\",\"target\":{\"@type\":\"EntryPoint\",\"urlTemplate\":\"https:\/\/licenseconsulting.com\/pt-br\/?s={search_term_string}\"},\"query-input\":{\"@type\":\"PropertyValueSpecification\",\"valueRequired\":true,\"valueName\":\"search_term_string\"}}],\"inLanguage\":\"pt-BR\"},{\"@type\":\"Organization\",\"@id\":\"https:\/\/licenseconsulting.com\/pt-br\/#organization\",\"name\":\"License Consulting BV\",\"url\":\"https:\/\/licenseconsulting.com\/pt-br\/\",\"logo\":{\"@type\":\"ImageObject\",\"inLanguage\":\"pt-BR\",\"@id\":\"https:\/\/licenseconsulting.com\/pt-br\/#\/schema\/logo\/image\/\",\"url\":\"https:\/\/licenseconsulting.com\/wp-content\/uploads\/2020\/07\/LC-logo-2019-768x144-1.png\",\"contentUrl\":\"https:\/\/licenseconsulting.com\/wp-content\/uploads\/2020\/07\/LC-logo-2019-768x144-1.png\",\"width\":768,\"height\":144,\"caption\":\"License Consulting BV\"},\"image\":{\"@id\":\"https:\/\/licenseconsulting.com\/pt-br\/#\/schema\/logo\/image\/\"},\"sameAs\":[\"https:\/\/x.com\/OracleLicensing\",\"https:\/\/www.linkedin.com\/company\/license-consulting\/\"]}]}<\/script>\n<!-- \/ Yoast SEO Premium plugin. -->","yoast_head_json":{"title":"Sobre - License Consulting","robots":{"index":"index","follow":"follow","max-snippet":"max-snippet:-1","max-image-preview":"max-image-preview:large","max-video-preview":"max-video-preview:-1"},"canonical":"https:\/\/licenseconsulting.com\/pt-br\/sobre\/","og_locale":"pt_BR","og_type":"article","og_title":"Sobre","og_description":"Depois de ter trabalhado na ind\u00fastria de licenciamento de software desde 1995, incluindo como um auditor Oracle LMS EMEA, Daniel Hesselink decidiu come\u00e7ar","og_url":"https:\/\/licenseconsulting.com\/pt-br\/sobre\/","og_site_name":"License Consulting","article_modified_time":"2020-04-24T12:28:17+00:00","twitter_card":"summary_large_image","twitter_site":"@OracleLicensing","twitter_misc":{"Est. tempo de leitura":"5 minutos"},"schema":{"@context":"https:\/\/schema.org","@graph":[{"@type":"WebPage","@id":"https:\/\/licenseconsulting.com\/pt-br\/sobre\/","url":"https:\/\/licenseconsulting.com\/pt-br\/sobre\/","name":"Sobre - License Consulting","isPartOf":{"@id":"https:\/\/licenseconsulting.com\/pt-br\/#website"},"datePublished":"2020-02-14T19:46:35+00:00","dateModified":"2020-04-24T12:28:17+00:00","breadcrumb":{"@id":"https:\/\/licenseconsulting.com\/pt-br\/sobre\/#breadcrumb"},"inLanguage":"pt-BR","potentialAction":[{"@type":"ReadAction","target":["https:\/\/licenseconsulting.com\/pt-br\/sobre\/"]}]},{"@type":"BreadcrumbList","@id":"https:\/\/licenseconsulting.com\/pt-br\/sobre\/#breadcrumb","itemListElement":[{"@type":"ListItem","position":1,"name":"Home","item":"https:\/\/licenseconsulting.com\/pt-br\/"},{"@type":"ListItem","position":2,"name":"Sobre"}]},{"@type":"WebSite","@id":"https:\/\/licenseconsulting.com\/pt-br\/#website","url":"https:\/\/licenseconsulting.com\/pt-br\/","name":"License Consulting","description":"Oracle License Compliance Company","publisher":{"@id":"https:\/\/licenseconsulting.com\/pt-br\/#organization"},"potentialAction":[{"@type":"SearchAction","target":{"@type":"EntryPoint","urlTemplate":"https:\/\/licenseconsulting.com\/pt-br\/?s={search_term_string}"},"query-input":{"@type":"PropertyValueSpecification","valueRequired":true,"valueName":"search_term_string"}}],"inLanguage":"pt-BR"},{"@type":"Organization","@id":"https:\/\/licenseconsulting.com\/pt-br\/#organization","name":"License Consulting BV","url":"https:\/\/licenseconsulting.com\/pt-br\/","logo":{"@type":"ImageObject","inLanguage":"pt-BR","@id":"https:\/\/licenseconsulting.com\/pt-br\/#\/schema\/logo\/image\/","url":"https:\/\/licenseconsulting.com\/wp-content\/uploads\/2020\/07\/LC-logo-2019-768x144-1.png","contentUrl":"https:\/\/licenseconsulting.com\/wp-content\/uploads\/2020\/07\/LC-logo-2019-768x144-1.png","width":768,"height":144,"caption":"License Consulting BV"},"image":{"@id":"https:\/\/licenseconsulting.com\/pt-br\/#\/schema\/logo\/image\/"},"sameAs":["https:\/\/x.com\/OracleLicensing","https:\/\/www.linkedin.com\/company\/license-consulting\/"]}]}},"_links":{"self":[{"href":"https:\/\/licenseconsulting.com\/pt-br\/wp-json\/wp\/v2\/pages\/10040","targetHints":{"allow":["GET"]}}],"collection":[{"href":"https:\/\/licenseconsulting.com\/pt-br\/wp-json\/wp\/v2\/pages"}],"about":[{"href":"https:\/\/licenseconsulting.com\/pt-br\/wp-json\/wp\/v2\/types\/page"}],"author":[{"embeddable":true,"href":"https:\/\/licenseconsulting.com\/pt-br\/wp-json\/wp\/v2\/users\/1"}],"replies":[{"embeddable":true,"href":"https:\/\/licenseconsulting.com\/pt-br\/wp-json\/wp\/v2\/comments?post=10040"}],"version-history":[{"count":5,"href":"https:\/\/licenseconsulting.com\/pt-br\/wp-json\/wp\/v2\/pages\/10040\/revisions"}],"predecessor-version":[{"id":11782,"href":"https:\/\/licenseconsulting.com\/pt-br\/wp-json\/wp\/v2\/pages\/10040\/revisions\/11782"}],"wp:attachment":[{"href":"https:\/\/licenseconsulting.com\/pt-br\/wp-json\/wp\/v2\/media?parent=10040"}],"curies":[{"name":"wp","href":"https:\/\/api.w.org\/{rel}","templated":true}]}}