{"id":9901,"date":"2020-02-14T12:56:42","date_gmt":"2020-02-14T12:56:42","guid":{"rendered":"https:\/\/licenseconsulting.com\/legale\/"},"modified":"2020-05-22T10:45:21","modified_gmt":"2020-05-22T10:45:21","slug":"legale","status":"publish","type":"page","link":"https:\/\/licenseconsulting.com\/it\/legale\/","title":{"rendered":"Legale"},"content":{"rendered":"<div class=\"wpb-content-wrapper\"><p>[vc_row][vc_column][vc_column_text]<\/p>\n<h2>Ambiguit\u00e0 contrattuali e orientamenti giuridici<\/h2>\n<p><img fetchpriority=\"high\" decoding=\"async\" class=\"size-medium wp-image-11087 alignleft\" src=\"https:\/\/licenseconsulting.com\/wp-content\/uploads\/2020\/03\/administration-agreement-banking-blur-618158-300x169.jpg\" alt=\"\" width=\"300\" height=\"169\" srcset=\"https:\/\/licenseconsulting.com\/wp-content\/uploads\/2020\/03\/administration-agreement-banking-blur-618158-300x169.jpg 300w, https:\/\/licenseconsulting.com\/wp-content\/uploads\/2020\/03\/administration-agreement-banking-blur-618158-1024x577.jpg 1024w, https:\/\/licenseconsulting.com\/wp-content\/uploads\/2020\/03\/administration-agreement-banking-blur-618158-768x433.jpg 768w, https:\/\/licenseconsulting.com\/wp-content\/uploads\/2020\/03\/administration-agreement-banking-blur-618158-1536x866.jpg 1536w, https:\/\/licenseconsulting.com\/wp-content\/uploads\/2020\/03\/administration-agreement-banking-blur-618158-2048x1155.jpg 2048w\" sizes=\"(max-width: 300px) 100vw, 300px\" \/><\/p>\n<p>Molti clienti Oracle sperimentano che Oracle sta spostando gli obiettivi degli accordi.<\/p>\n<p>License Consulting ha una lunga esperienza nell&#8217;identificazione, nella discussione e nel superamento delle difficolt\u00e0 percepite nel lavorare con i contratti Oracle. Dal 2007 abbiamo guidato centinaia di clienti, consigliando i loro responsabili di contratto e consulenti legali. Inoltre, disponiamo di una vasta rete di consulenti legali esterni che hanno familiarit\u00e0 con Oracle.<\/p>\n<h3>L&#8217;importanza dell&#8217;allineamento interno<\/h3>\n<p>Oracle \u00e8 un fornitore chiave per molte aziende. Qualsiasi ambiguit\u00e0 nei loro rapporti commerciali con Oracle provoca paura, incertezza e dubbio (FUD). Il FUD prende spesso vita propria: gli stakeholder finanziari, tecnici e contrattuali iniziano tutti a vivere il proprio FUD &#8211; con ogni parte interessata che ha le proprie impressioni e opinioni. Ci\u00f2 influisce notevolmente sulla capacit\u00e0 di prendere decisioni informate. Durante <a href=\"https:\/\/licenseconsulting.com\/it\/servizi\/migrazioni-da-oracle-a-vmware\/\">i nostri servizi<\/a>, ci assicuriamo di allineare la comprensione del cliente all\u2019accordo, alle implementazioni tecniche e allo stato di diritto locale. Ci\u00f2 consente ai clienti di prendere decisioni migliori e consapevoli. Per migliorare il processo decisionale, quantifichiamo le possibilit\u00e0 non solo in termini di rischi contrattuali, ma anche in <a href=\"https:\/\/licenseconsulting.com\/it\/finanziario\/\">valore monetario<\/a>.<\/p>\n<p>&nbsp;<\/p>\n<h3>Esempi<\/h3>\n<p><img decoding=\"async\" class=\"alignright size-medium wp-image-8861\" src=\"https:\/\/licenseconsulting.com\/wp-content\/uploads\/2019\/09\/copyright-389901_1280-300x199.jpg\" alt=\"\" width=\"300\" height=\"199\" srcset=\"https:\/\/licenseconsulting.com\/wp-content\/uploads\/2019\/09\/copyright-389901_1280-300x199.jpg 300w, https:\/\/licenseconsulting.com\/wp-content\/uploads\/2019\/09\/copyright-389901_1280-768x508.jpg 768w, https:\/\/licenseconsulting.com\/wp-content\/uploads\/2019\/09\/copyright-389901_1280-1024x678.jpg 1024w, https:\/\/licenseconsulting.com\/wp-content\/uploads\/2019\/09\/copyright-389901_1280.jpg 1280w\" sizes=\"(max-width: 300px) 100vw, 300px\" \/><\/p>\n<p>Esistono vari modi in cui viene introdotto un FUD Oracle. Fonti frequenti sono organizzazioni partner, rappresentanti Oracle o qualcuno che legge qualcosa e lo interpreta a modo suo, un\u2019informazione percepita durante un evento o un&#8217;altra societ\u00e0 ha pubblicato una discussione su Linkedin. Tutte queste impressioni e opinioni portano a sentimenti contrastanti che possono influire sulla capacit\u00e0 di prendere decisioni informate. Oracle come azienda sta creando deliberatamente contenuti che enfatizzano il FUD.<\/p>\n<p>Ad esempio, Oracle pubblica (e quindi modifica) i seguenti documenti:<\/p>\n<p><a href=\"https:\/\/www.oracle.com\/assets\/data-recovery-licensing-070587.pdf\" target=\"_blank\" rel=\"noopener noreferrer\">Ambienti di recupero dati di licenza<\/a><br \/>\n<a href=\"https:\/\/www.oracle.com\/assets\/databaselicensing-070584.pdf\" target=\"_blank\" rel=\"noopener noreferrer\">White paper sulle licenze per database<\/a><br \/>\n<a href=\"https:\/\/www.oracle.com\/assets\/partitioning-070609.pdf\" target=\"_blank\" rel=\"noopener noreferrer\">Oracle Partitioning Policy (white-paper su VMWARE)<\/a><br \/>\n<a href=\"https:\/\/www.oracle.com\/assets\/cloud-licensing-070579.pdf\" target=\"_blank\" rel=\"noopener noreferrer\">Licenze Oracle Cloud<\/a><\/p>\n<p>\u2026e molti altri. Mentre Oracle li presenta come &#8220;la verit\u00e0 e nient&#8217;altro che la verit\u00e0&#8221;, questi elementi non fanno parte del contratto e le note a pi\u00e8 di pagina lo rendono molto chiaro.<\/p>\n<h3>Istruzione e orientamento ai vostri diritti<\/h3>\n<p>Dopo aver lavorato con License Consulting, i clienti non mettono pi\u00f9 i soldi sul tavolo invitando Oracle a prenderseli liberamente; al contrario, questi acquisiscono una profonda comprensione dei loro diritti contrattuali e legali e questo li aiuta a prendere decisioni informate.[\/vc_column_text][\/vc_column][\/vc_row]<br \/>\n[vc_row][vc_column]<style type=\"text\/css\" data-type=\"the7_shortcodes-inline-css\">#default-btn-a636a793d360f287bc59037043fe0548.ico-right-side > i {\n  margin-right: 0px;\n  margin-left: 8px;\n}\n#default-btn-a636a793d360f287bc59037043fe0548 > i {\n  margin-right: 8px;\n}\n<\/style><a href=\"https:\/\/licenseconsulting.com\/it\/conoscenza\/\" class=\"default-btn-shortcode dt-btn dt-btn-m link-hover-off full-width-btn btn-inline-left \" id=\"default-btn-a636a793d360f287bc59037043fe0548\" title=\"Contact\"><span>Contattaci per maggiori informazioni<\/span><\/a>[\/vc_column][\/vc_row]<\/p>\n<\/div>","protected":false},"excerpt":{"rendered":"<p>[vc_row][vc_column][vc_column_text] Ambiguit\u00e0 contrattuali e orientamenti giuridici Molti clienti Oracle sperimentano che Oracle sta spostando gli obiettivi degli accordi. License Consulting ha una lunga esperienza nell&#8217;identificazione, nella discussione e nel superamento delle difficolt\u00e0 percepite nel lavorare con i contratti Oracle. Dal 2007 abbiamo guidato centinaia di clienti, consigliando i loro responsabili di contratto e consulenti legali.&hellip;<\/p>\n","protected":false},"author":1,"featured_media":0,"parent":0,"menu_order":0,"comment_status":"closed","ping_status":"closed","template":"","meta":{"footnotes":""},"class_list":["post-9901","page","type-page","status-publish","hentry","description-off"],"yoast_head":"<!-- This site is optimized with the Yoast SEO Premium plugin v25.2 (Yoast SEO v26.8) - https:\/\/yoast.com\/product\/yoast-seo-premium-wordpress\/ -->\n<title>Legale - License Consulting<\/title>\n<meta name=\"robots\" content=\"index, follow, max-snippet:-1, max-image-preview:large, max-video-preview:-1\" \/>\n<link rel=\"canonical\" href=\"https:\/\/licenseconsulting.com\/it\/legale\/\" \/>\n<meta property=\"og:locale\" content=\"it_IT\" \/>\n<meta property=\"og:type\" content=\"article\" \/>\n<meta property=\"og:title\" content=\"Legale\" \/>\n<meta property=\"og:description\" content=\"Ambiguit\u00e0 contrattuali e orientamenti giuridici Molti clienti Oracle sperimentano che Oracle sta spostando gli obiettivi degli accordi. License Consulting\" \/>\n<meta property=\"og:url\" content=\"https:\/\/licenseconsulting.com\/it\/legale\/\" \/>\n<meta property=\"og:site_name\" content=\"License Consulting\" \/>\n<meta property=\"article:modified_time\" content=\"2020-05-22T10:45:21+00:00\" \/>\n<meta property=\"og:image\" content=\"https:\/\/licenseconsulting.com\/wp-content\/uploads\/2020\/03\/administration-agreement-banking-blur-618158-300x169.jpg\" \/>\n<meta name=\"twitter:card\" content=\"summary_large_image\" \/>\n<meta name=\"twitter:site\" content=\"@OracleLicensing\" \/>\n<meta name=\"twitter:label1\" content=\"Tempo di lettura stimato\" \/>\n\t<meta name=\"twitter:data1\" content=\"2 minuti\" \/>\n<script type=\"application\/ld+json\" class=\"yoast-schema-graph\">{\"@context\":\"https:\/\/schema.org\",\"@graph\":[{\"@type\":\"WebPage\",\"@id\":\"https:\/\/licenseconsulting.com\/it\/legale\/\",\"url\":\"https:\/\/licenseconsulting.com\/it\/legale\/\",\"name\":\"Legale - License Consulting\",\"isPartOf\":{\"@id\":\"https:\/\/licenseconsulting.com\/it\/#website\"},\"primaryImageOfPage\":{\"@id\":\"https:\/\/licenseconsulting.com\/it\/legale\/#primaryimage\"},\"image\":{\"@id\":\"https:\/\/licenseconsulting.com\/it\/legale\/#primaryimage\"},\"thumbnailUrl\":\"https:\/\/licenseconsulting.com\/wp-content\/uploads\/2020\/03\/administration-agreement-banking-blur-618158-300x169.jpg\",\"datePublished\":\"2020-02-14T12:56:42+00:00\",\"dateModified\":\"2020-05-22T10:45:21+00:00\",\"breadcrumb\":{\"@id\":\"https:\/\/licenseconsulting.com\/it\/legale\/#breadcrumb\"},\"inLanguage\":\"it-IT\",\"potentialAction\":[{\"@type\":\"ReadAction\",\"target\":[\"https:\/\/licenseconsulting.com\/it\/legale\/\"]}]},{\"@type\":\"ImageObject\",\"inLanguage\":\"it-IT\",\"@id\":\"https:\/\/licenseconsulting.com\/it\/legale\/#primaryimage\",\"url\":\"https:\/\/licenseconsulting.com\/wp-content\/uploads\/2020\/03\/administration-agreement-banking-blur-618158-300x169.jpg\",\"contentUrl\":\"https:\/\/licenseconsulting.com\/wp-content\/uploads\/2020\/03\/administration-agreement-banking-blur-618158-300x169.jpg\"},{\"@type\":\"BreadcrumbList\",\"@id\":\"https:\/\/licenseconsulting.com\/it\/legale\/#breadcrumb\",\"itemListElement\":[{\"@type\":\"ListItem\",\"position\":1,\"name\":\"Home\",\"item\":\"https:\/\/licenseconsulting.com\/it\/\"},{\"@type\":\"ListItem\",\"position\":2,\"name\":\"Legale\"}]},{\"@type\":\"WebSite\",\"@id\":\"https:\/\/licenseconsulting.com\/it\/#website\",\"url\":\"https:\/\/licenseconsulting.com\/it\/\",\"name\":\"License Consulting\",\"description\":\"Oracle License Compliance Company\",\"publisher\":{\"@id\":\"https:\/\/licenseconsulting.com\/it\/#organization\"},\"potentialAction\":[{\"@type\":\"SearchAction\",\"target\":{\"@type\":\"EntryPoint\",\"urlTemplate\":\"https:\/\/licenseconsulting.com\/it\/?s={search_term_string}\"},\"query-input\":{\"@type\":\"PropertyValueSpecification\",\"valueRequired\":true,\"valueName\":\"search_term_string\"}}],\"inLanguage\":\"it-IT\"},{\"@type\":\"Organization\",\"@id\":\"https:\/\/licenseconsulting.com\/it\/#organization\",\"name\":\"License Consulting BV\",\"url\":\"https:\/\/licenseconsulting.com\/it\/\",\"logo\":{\"@type\":\"ImageObject\",\"inLanguage\":\"it-IT\",\"@id\":\"https:\/\/licenseconsulting.com\/it\/#\/schema\/logo\/image\/\",\"url\":\"https:\/\/licenseconsulting.com\/wp-content\/uploads\/2020\/07\/LC-logo-2019-768x144-1.png\",\"contentUrl\":\"https:\/\/licenseconsulting.com\/wp-content\/uploads\/2020\/07\/LC-logo-2019-768x144-1.png\",\"width\":768,\"height\":144,\"caption\":\"License Consulting BV\"},\"image\":{\"@id\":\"https:\/\/licenseconsulting.com\/it\/#\/schema\/logo\/image\/\"},\"sameAs\":[\"https:\/\/x.com\/OracleLicensing\",\"https:\/\/www.linkedin.com\/company\/license-consulting\/\"]}]}<\/script>\n<!-- \/ Yoast SEO Premium plugin. -->","yoast_head_json":{"title":"Legale - License Consulting","robots":{"index":"index","follow":"follow","max-snippet":"max-snippet:-1","max-image-preview":"max-image-preview:large","max-video-preview":"max-video-preview:-1"},"canonical":"https:\/\/licenseconsulting.com\/it\/legale\/","og_locale":"it_IT","og_type":"article","og_title":"Legale","og_description":"Ambiguit\u00e0 contrattuali e orientamenti giuridici Molti clienti Oracle sperimentano che Oracle sta spostando gli obiettivi degli accordi. License Consulting","og_url":"https:\/\/licenseconsulting.com\/it\/legale\/","og_site_name":"License Consulting","article_modified_time":"2020-05-22T10:45:21+00:00","og_image":[{"url":"https:\/\/licenseconsulting.com\/wp-content\/uploads\/2020\/03\/administration-agreement-banking-blur-618158-300x169.jpg","type":"","width":"","height":""}],"twitter_card":"summary_large_image","twitter_site":"@OracleLicensing","twitter_misc":{"Tempo di lettura stimato":"2 minuti"},"schema":{"@context":"https:\/\/schema.org","@graph":[{"@type":"WebPage","@id":"https:\/\/licenseconsulting.com\/it\/legale\/","url":"https:\/\/licenseconsulting.com\/it\/legale\/","name":"Legale - License Consulting","isPartOf":{"@id":"https:\/\/licenseconsulting.com\/it\/#website"},"primaryImageOfPage":{"@id":"https:\/\/licenseconsulting.com\/it\/legale\/#primaryimage"},"image":{"@id":"https:\/\/licenseconsulting.com\/it\/legale\/#primaryimage"},"thumbnailUrl":"https:\/\/licenseconsulting.com\/wp-content\/uploads\/2020\/03\/administration-agreement-banking-blur-618158-300x169.jpg","datePublished":"2020-02-14T12:56:42+00:00","dateModified":"2020-05-22T10:45:21+00:00","breadcrumb":{"@id":"https:\/\/licenseconsulting.com\/it\/legale\/#breadcrumb"},"inLanguage":"it-IT","potentialAction":[{"@type":"ReadAction","target":["https:\/\/licenseconsulting.com\/it\/legale\/"]}]},{"@type":"ImageObject","inLanguage":"it-IT","@id":"https:\/\/licenseconsulting.com\/it\/legale\/#primaryimage","url":"https:\/\/licenseconsulting.com\/wp-content\/uploads\/2020\/03\/administration-agreement-banking-blur-618158-300x169.jpg","contentUrl":"https:\/\/licenseconsulting.com\/wp-content\/uploads\/2020\/03\/administration-agreement-banking-blur-618158-300x169.jpg"},{"@type":"BreadcrumbList","@id":"https:\/\/licenseconsulting.com\/it\/legale\/#breadcrumb","itemListElement":[{"@type":"ListItem","position":1,"name":"Home","item":"https:\/\/licenseconsulting.com\/it\/"},{"@type":"ListItem","position":2,"name":"Legale"}]},{"@type":"WebSite","@id":"https:\/\/licenseconsulting.com\/it\/#website","url":"https:\/\/licenseconsulting.com\/it\/","name":"License Consulting","description":"Oracle License Compliance Company","publisher":{"@id":"https:\/\/licenseconsulting.com\/it\/#organization"},"potentialAction":[{"@type":"SearchAction","target":{"@type":"EntryPoint","urlTemplate":"https:\/\/licenseconsulting.com\/it\/?s={search_term_string}"},"query-input":{"@type":"PropertyValueSpecification","valueRequired":true,"valueName":"search_term_string"}}],"inLanguage":"it-IT"},{"@type":"Organization","@id":"https:\/\/licenseconsulting.com\/it\/#organization","name":"License Consulting BV","url":"https:\/\/licenseconsulting.com\/it\/","logo":{"@type":"ImageObject","inLanguage":"it-IT","@id":"https:\/\/licenseconsulting.com\/it\/#\/schema\/logo\/image\/","url":"https:\/\/licenseconsulting.com\/wp-content\/uploads\/2020\/07\/LC-logo-2019-768x144-1.png","contentUrl":"https:\/\/licenseconsulting.com\/wp-content\/uploads\/2020\/07\/LC-logo-2019-768x144-1.png","width":768,"height":144,"caption":"License Consulting BV"},"image":{"@id":"https:\/\/licenseconsulting.com\/it\/#\/schema\/logo\/image\/"},"sameAs":["https:\/\/x.com\/OracleLicensing","https:\/\/www.linkedin.com\/company\/license-consulting\/"]}]}},"_links":{"self":[{"href":"https:\/\/licenseconsulting.com\/it\/wp-json\/wp\/v2\/pages\/9901","targetHints":{"allow":["GET"]}}],"collection":[{"href":"https:\/\/licenseconsulting.com\/it\/wp-json\/wp\/v2\/pages"}],"about":[{"href":"https:\/\/licenseconsulting.com\/it\/wp-json\/wp\/v2\/types\/page"}],"author":[{"embeddable":true,"href":"https:\/\/licenseconsulting.com\/it\/wp-json\/wp\/v2\/users\/1"}],"replies":[{"embeddable":true,"href":"https:\/\/licenseconsulting.com\/it\/wp-json\/wp\/v2\/comments?post=9901"}],"version-history":[{"count":4,"href":"https:\/\/licenseconsulting.com\/it\/wp-json\/wp\/v2\/pages\/9901\/revisions"}],"predecessor-version":[{"id":12197,"href":"https:\/\/licenseconsulting.com\/it\/wp-json\/wp\/v2\/pages\/9901\/revisions\/12197"}],"wp:attachment":[{"href":"https:\/\/licenseconsulting.com\/it\/wp-json\/wp\/v2\/media?parent=9901"}],"curies":[{"name":"wp","href":"https:\/\/api.w.org\/{rel}","templated":true}]}}