{"id":9877,"date":"2020-02-14T12:56:40","date_gmt":"2020-02-14T12:56:40","guid":{"rendered":"https:\/\/licenseconsulting.com\/team-di-gestione\/"},"modified":"2020-05-04T10:09:03","modified_gmt":"2020-05-04T10:09:03","slug":"team-di-gestione","status":"publish","type":"page","link":"https:\/\/licenseconsulting.com\/it\/team-di-gestione\/","title":{"rendered":"Team di gestione"},"content":{"rendered":"<div class=\"wpb-content-wrapper\"><p>[vc_row][vc_column width=&#8221;1\/2&#8243;]<div id=\"ultimate-heading-799869dc69489c448\" class=\"uvc-heading ult-adjust-bottom-margin ultimate-heading-799869dc69489c448 uvc-29  uvc-heading-default-font-sizes\" data-hspacer=\"no_spacer\"  data-halign=\"center\" style=\"text-align:center\"><div class=\"uvc-heading-spacer no_spacer\" style=\"top\"><\/div><div class=\"uvc-main-heading ult-responsive\"  data-ultimate-target='.uvc-heading.ultimate-heading-799869dc69489c448 h2'  data-responsive-json-new='{\"font-size\":\"\",\"line-height\":\"\"}' ><h2 style=\"--font-weight:theme;\">DANIEL HESSELINK<\/h2><\/div><div class=\"uvc-sub-heading ult-responsive\"  data-ultimate-target='.uvc-heading.ultimate-heading-799869dc69489c448 .uvc-sub-heading '  data-responsive-json-new='{\"font-size\":\"\",\"line-height\":\"\"}'  style=\"font-weight:normal;\">Fondatore e CEO<\/div><\/div>[vc_empty_space][vc_row_inner][vc_column_inner width=&#8221;1\/4&#8243;]<style type=\"text\/css\" data-type=\"the7_shortcodes-inline-css\">.shortcode-single-image-wrap.shortcode-single-image-4c41573b0afcfc6087920dcf094ddf92.enable-bg-rollover .rollover i,\n.shortcode-single-image-wrap.shortcode-single-image-4c41573b0afcfc6087920dcf094ddf92.enable-bg-rollover .rollover-video i {\n  background: -webkit-linear-gradient();\n  background: linear-gradient();\n}\n.shortcode-single-image-wrap.shortcode-single-image-4c41573b0afcfc6087920dcf094ddf92 .rollover-icon {\n  font-size: 32px;\n  color: #ffffff;\n  min-width: 44px;\n  min-height: 44px;\n  line-height: 44px;\n  border-radius: 100px;\n  border-style: solid;\n  border-width: 0px;\n}\n.dt-icon-bg-on.shortcode-single-image-wrap.shortcode-single-image-4c41573b0afcfc6087920dcf094ddf92 .rollover-icon {\n  background: rgba(255,255,255,0.3);\n  box-shadow: none;\n}\n<\/style><div class=\"shortcode-single-image-wrap shortcode-single-image-4c41573b0afcfc6087920dcf094ddf92 alignnone  enable-bg-rollover dt-icon-bg-off\" style=\"margin-top:0px; margin-bottom:0px; margin-left:0px; margin-right:0px; width:500px;\"><div class=\"shortcode-single-image\"><div class=\"fancy-media-wrap  layzr-bg\" style=\"border-radius:500px;\"><img fetchpriority=\"high\" decoding=\"async\" class=\"preload-me lazy-load aspect\" src=\"data:image\/svg+xml,%3Csvg%20xmlns%3D&#39;http%3A%2F%2Fwww.w3.org%2F2000%2Fsvg&#39;%20viewBox%3D&#39;0%200%20305%20303&#39;%2F%3E\" data-src=\"https:\/\/licenseconsulting.com\/wp-content\/uploads\/2020\/03\/Daniel-1MB.png\" data-srcset=\"https:\/\/licenseconsulting.com\/wp-content\/uploads\/2020\/03\/Daniel-1MB.png 305w\" loading=\"eager\" sizes=\"(max-width: 305px) 100vw, 305px\" width=\"305\" height=\"303\"  data-dt-location=\"https:\/\/licenseconsulting.com\/it\/team-di-gestione\/attachment\/daniel-1mb-2\/\" style=\"--ratio: 305 \/ 303;border-radius:500px;\" alt=\"Daniel Hesselink\" \/><\/div><\/div><\/div>[\/vc_column_inner][vc_column_inner width=&#8221;3\/4&#8243;][vc_column_text]Daniel Hesselink lavora nel settore delle licenze software dal 1995. Ha ricoperto posizioni presso fornitori, distributori e rivenditori, coprendo molti editori di software, acquisindo una vasta esperienza. La sua natura consultiva lo ha portato a formare il personale, i partner e gli utenti finali per quanto riguarda le licenze software. In qualit\u00e0 di revisore per Oracle License Management Services (LMS) ha anche formato il nuovo personale LMS e Sales in tutta l&#8217;area EMEA.[\/vc_column_text][\/vc_column_inner][\/vc_row_inner][vc_column_text]Da quando ha avviato License Consulting nel 2007, Hesselink lavora esclusivamente sul lato client, aiutando gli utenti finali a migliorare attivamente la conformit\u00e0 delle licenze Oracle e migliorare la loro posizione di negoziazione contro Oracle. Grazie alla sua combinazione di competenze tecniche e comunicative, \u00e8 considerato un esperto del settore per le licenze Oracle e un relatore ospite frequente presso le sedi Software Asset Management in tutto il mondo, cos\u00ec come gli eventi del settore IT come VMWorld.[\/vc_column_text]<style type=\"text\/css\" data-type=\"the7_shortcodes-inline-css\">#default-btn-7dc01950f7a951e5dda38678f959de00 {\n  border-radius: 0px;\n  font-size: 16px;\n  line-height: 18px;\n}\n.btn-shadow#default-btn-7dc01950f7a951e5dda38678f959de00 {\n  box-shadow: 0 1px 6px rgba(0,0,0,0.12);\n  transition: box-shadow 0.2s ease-out, opacity 0.45s;\n}\n.btn-shadow#default-btn-7dc01950f7a951e5dda38678f959de00:hover {\n  box-shadow: 0 5px 11px 0 rgba(0,0,0,0.18), 0 4px 15px 0 rgba(0,0,0,0.15);\n}\n.btn-flat#default-btn-7dc01950f7a951e5dda38678f959de00 {\n  box-shadow: none;\n}\n.btn-flat#default-btn-7dc01950f7a951e5dda38678f959de00:hover {\n  box-shadow: none;\n}\n#default-btn-7dc01950f7a951e5dda38678f959de00.ico-right-side > i {\n  margin-right: 0px;\n  margin-left: 8px;\n}\n#default-btn-7dc01950f7a951e5dda38678f959de00 > i {\n  margin-right: 8px;\n  font-size: 20px;\n}\n#default-btn-7dc01950f7a951e5dda38678f959de00:not(:hover) {\n  border-width: 0px;\n  padding: 10px 18px 10px 16px;\n}\n#default-btn-7dc01950f7a951e5dda38678f959de00:hover {\n  border-width: 0px;\n  padding: 10px 18px 10px 16px;\n}\n#default-btn-7dc01950f7a951e5dda38678f959de00.ico-right-side > i {\n  margin-right: 0px;\n  margin-left: 8px;\n}\n#default-btn-7dc01950f7a951e5dda38678f959de00 > i {\n  margin-right: 8px;\n}\n<\/style><div class=\"btn-align-left\"><a href=\"https:\/\/www.linkedin.com\/in\/danielhesselink\" class=\"default-btn-shortcode dt-btn link-hover-off btn-flat \" target=\"_blank\" id=\"default-btn-7dc01950f7a951e5dda38678f959de00\" rel=\"noopener\"><i class=\"icomoon-icomoonfree-16x16-linkedin\"><\/i><span>Linkedin<\/span><\/a><\/div>[\/vc_column][vc_column width=&#8221;1\/2&#8243;]<div id=\"ultimate-heading-379569dc69489cd2c\" class=\"uvc-heading ult-adjust-bottom-margin ultimate-heading-379569dc69489cd2c uvc-616  uvc-heading-default-font-sizes\" data-hspacer=\"no_spacer\"  data-halign=\"center\" style=\"text-align:center\"><div class=\"uvc-heading-spacer no_spacer\" style=\"top\"><\/div><div class=\"uvc-main-heading ult-responsive\"  data-ultimate-target='.uvc-heading.ultimate-heading-379569dc69489cd2c h2'  data-responsive-json-new='{\"font-size\":\"\",\"line-height\":\"\"}' ><h2 style=\"--font-weight:theme;\">ARNO MASTIK<\/h2><\/div><div class=\"uvc-sub-heading ult-responsive\"  data-ultimate-target='.uvc-heading.ultimate-heading-379569dc69489cd2c .uvc-sub-heading '  data-responsive-json-new='{\"font-size\":\"\",\"line-height\":\"\"}'  style=\"font-weight:normal;\">Partner e CTO<\/div><\/div>[vc_empty_space][vc_row_inner][vc_column_inner width=&#8221;1\/4&#8243;]<style type=\"text\/css\" data-type=\"the7_shortcodes-inline-css\">.shortcode-single-image-wrap.shortcode-single-image-4637d07b429bafb976666a58caf2ce01.enable-bg-rollover .rollover i,\n.shortcode-single-image-wrap.shortcode-single-image-4637d07b429bafb976666a58caf2ce01.enable-bg-rollover .rollover-video i {\n  background: -webkit-linear-gradient();\n  background: linear-gradient();\n}\n.shortcode-single-image-wrap.shortcode-single-image-4637d07b429bafb976666a58caf2ce01 .rollover-icon {\n  font-size: 32px;\n  color: #ffffff;\n  min-width: 44px;\n  min-height: 44px;\n  line-height: 44px;\n  border-radius: 100px;\n  border-style: solid;\n  border-width: 0px;\n}\n.dt-icon-bg-on.shortcode-single-image-wrap.shortcode-single-image-4637d07b429bafb976666a58caf2ce01 .rollover-icon {\n  background: rgba(255,255,255,0.3);\n  box-shadow: none;\n}\n<\/style><div class=\"shortcode-single-image-wrap shortcode-single-image-4637d07b429bafb976666a58caf2ce01 alignnone  enable-bg-rollover dt-icon-bg-off\" style=\"margin-top:0px; margin-bottom:0px; margin-left:0px; margin-right:0px; width:500px;\"><div class=\"shortcode-single-image\"><div class=\"fancy-media-wrap  layzr-bg\" style=\"border-radius:500px;\"><img decoding=\"async\" class=\"preload-me lazy-load aspect\" src=\"data:image\/svg+xml,%3Csvg%20xmlns%3D&#39;http%3A%2F%2Fwww.w3.org%2F2000%2Fsvg&#39;%20viewBox%3D&#39;0%200%20500%20496&#39;%2F%3E\" data-src=\"https:\/\/licenseconsulting.com\/wp-content\/uploads\/2020\/03\/Arno-PPT-picture-500x496.png\" data-srcset=\"https:\/\/licenseconsulting.com\/wp-content\/uploads\/2020\/03\/Arno-PPT-picture-500x496.png 500w, https:\/\/licenseconsulting.com\/wp-content\/uploads\/2020\/03\/Arno-PPT-picture-1000x992.png 1000w\" loading=\"eager\" sizes=\"(max-width: 500px) 100vw, 500px\" width=\"500\" height=\"496\"  data-dt-location=\"https:\/\/licenseconsulting.com\/it\/team-di-gestione\/attachment\/arno-ppt-picture-2\/\" style=\"--ratio: 500 \/ 496;border-radius:500px;\" alt=\"Arno Mastik\" \/><\/div><\/div><\/div>[\/vc_column_inner][vc_column_inner width=&#8221;3\/4&#8243;][vc_column_text]<span class=\"TextRun SCXW160400397 BCX0\" lang=\"EN-US\" xml:lang=\"EN-US\" data-contrast=\"none\"><span class=\"NormalTextRun SCXW160400397 BCX0\">Arno Mastik lavora nel settore delle licenze software dal 1998. Ha avuto diverse posizioni un<\/span><\/span><span class=\"TextRun SCXW160400397 BCX0\" lang=\"EN-US\" xml:lang=\"EN-US\" data-contrast=\"none\"><span class=\"NormalTextRun SCXW160400397 BCX0\">t Oracle, tra gli altri a Support Sales e come revisore per Oracle License Management Services (LMS). Le sue eccezionali competenze tecniche consentono<\/span><\/span><span class=\"TextRun SCXW160400397 BCX0\" lang=\"EN-US\" xml:lang=\"EN-US\" data-contrast=\"none\"><span class=\"NormalTextRun SCXW160400397 BCX0\">e<\/span><\/span><span class=\"TextRun SCXW160400397 BCX0\" lang=\"EN-US\" xml:lang=\"EN-US\" data-contrast=\"none\"><span class=\"NormalTextRun SCXW160400397 BCX0\">lo ha fatto diventare Consulting Manager presso una grande societ\u00e0 di consulenza Oracle, quando nel 2012 ha deciso di entrare in License Consulting. <\/span><\/span>[\/vc_column_text][\/vc_column_inner][\/vc_row_inner][vc_column_text]<span class=\"TextRun SCXW62444154 BCX0\" lang=\"EN-US\" xml:lang=\"EN-US\" data-contrast=\"auto\"><span class=\"NormalTextRun SCXW62444154 BCX0\">Dopo essere entrato a far parte di License Consulting, Mastik ha utilizzato le sue competenze per migliorare le capacit\u00e0 di analisi dei dati per le attivit\u00e0 di Audit Defense. \u00c8 in contatto con i team tecnici dei nostri clienti, aiutandoli a salvaguardare l&#8217;eccellenza operativa mantenendo la conformit\u00e0 sotto controllo<\/span><\/span><span class=\"TextRun SCXW62444154 BCX0\" lang=\"EN-US\" xml:lang=\"EN-US\" data-contrast=\"auto\"><span class=\"NormalTextRun SCXW62444154 BCX0\">.<\/span><\/span>[\/vc_column_text]<style type=\"text\/css\" data-type=\"the7_shortcodes-inline-css\">#default-btn-109e9fcf7488fd0790795cebc78667c5 {\n  border-radius: 0px;\n  font-size: 16px;\n  line-height: 18px;\n}\n.btn-shadow#default-btn-109e9fcf7488fd0790795cebc78667c5 {\n  box-shadow: 0 1px 6px rgba(0,0,0,0.12);\n  transition: box-shadow 0.2s ease-out, opacity 0.45s;\n}\n.btn-shadow#default-btn-109e9fcf7488fd0790795cebc78667c5:hover {\n  box-shadow: 0 5px 11px 0 rgba(0,0,0,0.18), 0 4px 15px 0 rgba(0,0,0,0.15);\n}\n.btn-flat#default-btn-109e9fcf7488fd0790795cebc78667c5 {\n  box-shadow: none;\n}\n.btn-flat#default-btn-109e9fcf7488fd0790795cebc78667c5:hover {\n  box-shadow: none;\n}\n#default-btn-109e9fcf7488fd0790795cebc78667c5.ico-right-side > i {\n  margin-right: 0px;\n  margin-left: 8px;\n}\n#default-btn-109e9fcf7488fd0790795cebc78667c5 > i {\n  margin-right: 8px;\n  font-size: 20px;\n}\n#default-btn-109e9fcf7488fd0790795cebc78667c5:not(:hover) {\n  border-width: 0px;\n  padding: 10px 18px 10px 16px;\n}\n#default-btn-109e9fcf7488fd0790795cebc78667c5:hover {\n  border-width: 0px;\n  padding: 10px 18px 10px 16px;\n}\n#default-btn-109e9fcf7488fd0790795cebc78667c5.ico-right-side > i {\n  margin-right: 0px;\n  margin-left: 8px;\n}\n#default-btn-109e9fcf7488fd0790795cebc78667c5 > i {\n  margin-right: 8px;\n}\n<\/style><a href=\"https:\/\/www.linkedin.com\/in\/arnomastik\/\" class=\"default-btn-shortcode dt-btn link-hover-off btn-inline-left btn-flat \" target=\"_blank\" id=\"default-btn-109e9fcf7488fd0790795cebc78667c5\" rel=\"noopener\"><i class=\"icomoon-icomoonfree-16x16-linkedin\"><\/i><span>Linkedin<\/span><\/a>[\/vc_column][\/vc_row][vc_row][vc_column][vc_empty_space height=&#8221;64px&#8221;][vc_column_text]<\/p>\n<p style=\"text-align: center;\"><a href=\"https:\/\/licenseconsulting.com\/it\/riguardo-a-noi\/\">Scopri di pi\u00f9 sull&#8217;azienda e sul suo viaggio finora &#8230;<\/a><\/p>\n<p>[\/vc_column_text][\/vc_column][\/vc_row]<\/p>\n<\/div>","protected":false},"excerpt":{"rendered":"<p>[vc_row][vc_column width=&#8221;1\/2&#8243;][vc_empty_space][vc_row_inner][vc_column_inner width=&#8221;1\/4&#8243;][\/vc_column_inner][vc_column_inner width=&#8221;3\/4&#8243;][vc_column_text]Daniel Hesselink lavora nel settore delle licenze software dal 1995. Ha ricoperto posizioni presso fornitori, distributori e rivenditori, coprendo molti editori di software, acquisindo una vasta esperienza. La sua natura consultiva lo ha portato a formare il personale, i partner e gli utenti finali per quanto riguarda le licenze software. In qualit\u00e0&hellip;<\/p>\n","protected":false},"author":1,"featured_media":0,"parent":0,"menu_order":0,"comment_status":"closed","ping_status":"closed","template":"","meta":{"footnotes":""},"class_list":["post-9877","page","type-page","status-publish","hentry","description-off"],"yoast_head":"<!-- This site is optimized with the Yoast SEO Premium plugin v25.2 (Yoast SEO v26.8) - https:\/\/yoast.com\/product\/yoast-seo-premium-wordpress\/ -->\n<title>Team di gestione - License Consulting<\/title>\n<meta name=\"robots\" content=\"index, follow, max-snippet:-1, max-image-preview:large, max-video-preview:-1\" \/>\n<link rel=\"canonical\" href=\"https:\/\/licenseconsulting.com\/it\/team-di-gestione\/\" \/>\n<meta property=\"og:locale\" content=\"it_IT\" \/>\n<meta property=\"og:type\" content=\"article\" \/>\n<meta property=\"og:title\" content=\"Team di gestione\" \/>\n<meta property=\"og:description\" content=\"Daniel Hesselink lavora nel settore delle licenze software dal 1995. Ha ricoperto posizioni presso fornitori, distributori e rivenditori, coprendo molti\" \/>\n<meta property=\"og:url\" content=\"https:\/\/licenseconsulting.com\/it\/team-di-gestione\/\" \/>\n<meta property=\"og:site_name\" content=\"License Consulting\" \/>\n<meta property=\"article:modified_time\" content=\"2020-05-04T10:09:03+00:00\" \/>\n<meta name=\"twitter:card\" content=\"summary_large_image\" \/>\n<meta name=\"twitter:site\" content=\"@OracleLicensing\" \/>\n<meta name=\"twitter:label1\" content=\"Tempo di lettura stimato\" \/>\n\t<meta name=\"twitter:data1\" content=\"3 minuti\" \/>\n<script type=\"application\/ld+json\" class=\"yoast-schema-graph\">{\"@context\":\"https:\/\/schema.org\",\"@graph\":[{\"@type\":\"WebPage\",\"@id\":\"https:\/\/licenseconsulting.com\/it\/team-di-gestione\/\",\"url\":\"https:\/\/licenseconsulting.com\/it\/team-di-gestione\/\",\"name\":\"Team di gestione - License Consulting\",\"isPartOf\":{\"@id\":\"https:\/\/licenseconsulting.com\/it\/#website\"},\"datePublished\":\"2020-02-14T12:56:40+00:00\",\"dateModified\":\"2020-05-04T10:09:03+00:00\",\"breadcrumb\":{\"@id\":\"https:\/\/licenseconsulting.com\/it\/team-di-gestione\/#breadcrumb\"},\"inLanguage\":\"it-IT\",\"potentialAction\":[{\"@type\":\"ReadAction\",\"target\":[\"https:\/\/licenseconsulting.com\/it\/team-di-gestione\/\"]}]},{\"@type\":\"BreadcrumbList\",\"@id\":\"https:\/\/licenseconsulting.com\/it\/team-di-gestione\/#breadcrumb\",\"itemListElement\":[{\"@type\":\"ListItem\",\"position\":1,\"name\":\"Home\",\"item\":\"https:\/\/licenseconsulting.com\/it\/\"},{\"@type\":\"ListItem\",\"position\":2,\"name\":\"Team di gestione\"}]},{\"@type\":\"WebSite\",\"@id\":\"https:\/\/licenseconsulting.com\/it\/#website\",\"url\":\"https:\/\/licenseconsulting.com\/it\/\",\"name\":\"License Consulting\",\"description\":\"Oracle License Compliance Company\",\"publisher\":{\"@id\":\"https:\/\/licenseconsulting.com\/it\/#organization\"},\"potentialAction\":[{\"@type\":\"SearchAction\",\"target\":{\"@type\":\"EntryPoint\",\"urlTemplate\":\"https:\/\/licenseconsulting.com\/it\/?s={search_term_string}\"},\"query-input\":{\"@type\":\"PropertyValueSpecification\",\"valueRequired\":true,\"valueName\":\"search_term_string\"}}],\"inLanguage\":\"it-IT\"},{\"@type\":\"Organization\",\"@id\":\"https:\/\/licenseconsulting.com\/it\/#organization\",\"name\":\"License Consulting BV\",\"url\":\"https:\/\/licenseconsulting.com\/it\/\",\"logo\":{\"@type\":\"ImageObject\",\"inLanguage\":\"it-IT\",\"@id\":\"https:\/\/licenseconsulting.com\/it\/#\/schema\/logo\/image\/\",\"url\":\"https:\/\/licenseconsulting.com\/wp-content\/uploads\/2020\/07\/LC-logo-2019-768x144-1.png\",\"contentUrl\":\"https:\/\/licenseconsulting.com\/wp-content\/uploads\/2020\/07\/LC-logo-2019-768x144-1.png\",\"width\":768,\"height\":144,\"caption\":\"License Consulting BV\"},\"image\":{\"@id\":\"https:\/\/licenseconsulting.com\/it\/#\/schema\/logo\/image\/\"},\"sameAs\":[\"https:\/\/x.com\/OracleLicensing\",\"https:\/\/www.linkedin.com\/company\/license-consulting\/\"]}]}<\/script>\n<!-- \/ Yoast SEO Premium plugin. -->","yoast_head_json":{"title":"Team di gestione - License Consulting","robots":{"index":"index","follow":"follow","max-snippet":"max-snippet:-1","max-image-preview":"max-image-preview:large","max-video-preview":"max-video-preview:-1"},"canonical":"https:\/\/licenseconsulting.com\/it\/team-di-gestione\/","og_locale":"it_IT","og_type":"article","og_title":"Team di gestione","og_description":"Daniel Hesselink lavora nel settore delle licenze software dal 1995. Ha ricoperto posizioni presso fornitori, distributori e rivenditori, coprendo molti","og_url":"https:\/\/licenseconsulting.com\/it\/team-di-gestione\/","og_site_name":"License Consulting","article_modified_time":"2020-05-04T10:09:03+00:00","twitter_card":"summary_large_image","twitter_site":"@OracleLicensing","twitter_misc":{"Tempo di lettura stimato":"3 minuti"},"schema":{"@context":"https:\/\/schema.org","@graph":[{"@type":"WebPage","@id":"https:\/\/licenseconsulting.com\/it\/team-di-gestione\/","url":"https:\/\/licenseconsulting.com\/it\/team-di-gestione\/","name":"Team di gestione - License Consulting","isPartOf":{"@id":"https:\/\/licenseconsulting.com\/it\/#website"},"datePublished":"2020-02-14T12:56:40+00:00","dateModified":"2020-05-04T10:09:03+00:00","breadcrumb":{"@id":"https:\/\/licenseconsulting.com\/it\/team-di-gestione\/#breadcrumb"},"inLanguage":"it-IT","potentialAction":[{"@type":"ReadAction","target":["https:\/\/licenseconsulting.com\/it\/team-di-gestione\/"]}]},{"@type":"BreadcrumbList","@id":"https:\/\/licenseconsulting.com\/it\/team-di-gestione\/#breadcrumb","itemListElement":[{"@type":"ListItem","position":1,"name":"Home","item":"https:\/\/licenseconsulting.com\/it\/"},{"@type":"ListItem","position":2,"name":"Team di gestione"}]},{"@type":"WebSite","@id":"https:\/\/licenseconsulting.com\/it\/#website","url":"https:\/\/licenseconsulting.com\/it\/","name":"License Consulting","description":"Oracle License Compliance Company","publisher":{"@id":"https:\/\/licenseconsulting.com\/it\/#organization"},"potentialAction":[{"@type":"SearchAction","target":{"@type":"EntryPoint","urlTemplate":"https:\/\/licenseconsulting.com\/it\/?s={search_term_string}"},"query-input":{"@type":"PropertyValueSpecification","valueRequired":true,"valueName":"search_term_string"}}],"inLanguage":"it-IT"},{"@type":"Organization","@id":"https:\/\/licenseconsulting.com\/it\/#organization","name":"License Consulting BV","url":"https:\/\/licenseconsulting.com\/it\/","logo":{"@type":"ImageObject","inLanguage":"it-IT","@id":"https:\/\/licenseconsulting.com\/it\/#\/schema\/logo\/image\/","url":"https:\/\/licenseconsulting.com\/wp-content\/uploads\/2020\/07\/LC-logo-2019-768x144-1.png","contentUrl":"https:\/\/licenseconsulting.com\/wp-content\/uploads\/2020\/07\/LC-logo-2019-768x144-1.png","width":768,"height":144,"caption":"License Consulting BV"},"image":{"@id":"https:\/\/licenseconsulting.com\/it\/#\/schema\/logo\/image\/"},"sameAs":["https:\/\/x.com\/OracleLicensing","https:\/\/www.linkedin.com\/company\/license-consulting\/"]}]}},"_links":{"self":[{"href":"https:\/\/licenseconsulting.com\/it\/wp-json\/wp\/v2\/pages\/9877","targetHints":{"allow":["GET"]}}],"collection":[{"href":"https:\/\/licenseconsulting.com\/it\/wp-json\/wp\/v2\/pages"}],"about":[{"href":"https:\/\/licenseconsulting.com\/it\/wp-json\/wp\/v2\/types\/page"}],"author":[{"embeddable":true,"href":"https:\/\/licenseconsulting.com\/it\/wp-json\/wp\/v2\/users\/1"}],"replies":[{"embeddable":true,"href":"https:\/\/licenseconsulting.com\/it\/wp-json\/wp\/v2\/comments?post=9877"}],"version-history":[{"count":6,"href":"https:\/\/licenseconsulting.com\/it\/wp-json\/wp\/v2\/pages\/9877\/revisions"}],"predecessor-version":[{"id":11924,"href":"https:\/\/licenseconsulting.com\/it\/wp-json\/wp\/v2\/pages\/9877\/revisions\/11924"}],"wp:attachment":[{"href":"https:\/\/licenseconsulting.com\/it\/wp-json\/wp\/v2\/media?parent=9877"}],"curies":[{"name":"wp","href":"https:\/\/api.w.org\/{rel}","templated":true}]}}