{"id":9831,"date":"2020-02-14T12:56:29","date_gmt":"2020-02-14T12:56:29","guid":{"rendered":"https:\/\/licenseconsulting.com\/controllo-delle-licenze-interne\/"},"modified":"2020-05-04T10:13:01","modified_gmt":"2020-05-04T10:13:01","slug":"controllo-delle-licenze-interne","status":"publish","type":"page","link":"https:\/\/licenseconsulting.com\/it\/servizi\/controllo-delle-licenze-interne\/","title":{"rendered":"Audit delle licenze interne"},"content":{"rendered":"<div class=\"wpb-content-wrapper\"><p>[vc_row][vc_column]<div id=\"ultimate-heading-807169dc98d7c62ba\" class=\"uvc-heading ult-adjust-bottom-margin ultimate-heading-807169dc98d7c62ba uvc-519 \" data-hspacer=\"no_spacer\"  data-halign=\"left\" style=\"text-align:left\"><div class=\"uvc-heading-spacer no_spacer\" style=\"top\"><\/div><div class=\"uvc-main-heading ult-responsive\"  data-ultimate-target='.uvc-heading.ultimate-heading-807169dc98d7c62ba h2'  data-responsive-json-new='{\"font-size\":\"desktop:26px;\",\"line-height\":\"desktop:32px;\"}' ><h2 style=\"font-weight:bold;margin-bottom:20px;\">Scommettiamo che risulterete conformi!<\/h2><\/div><\/div>[vc_empty_space][\/vc_column][\/vc_row][vc_row][vc_column width=&#8221;3\/5&#8243;][vc_column_text]Il servizio di controllo interno delle licenze si occupa di stabilire una Effective License Position \u2013 ELP per l\u2019organizzazione. Il processo \u00e8 quello di simulare un audit Oracle.<\/p>\n<p>Un controllo interno della licenza Oracle include:<\/p>\n<ul>\n<li>Determinazione dell&#8217;entit\u00e0 del rischio finanziario;<\/li>\n<li>Aiuto nel comprendere la posizione di licenza effettiva (ELP);<\/li>\n<li>Guidare il team nella riduzione dei rischi di conformit\u00e0.<\/li>\n<\/ul>\n<p>Inoltre, vengono fatte raccomandazioni per migliorare l&#8217;ambiente riducendo o eliminando qualsiasi rischio finanziario e di conformit\u00e0.[\/vc_column_text][\/vc_column][vc_column width=&#8221;2\/5&#8243;]<style type=\"text\/css\" data-type=\"the7_shortcodes-inline-css\">.shortcode-single-image-wrap.shortcode-single-image-73483b30f8cc6701572b80d438383d1f.enable-bg-rollover .rollover i,\n.shortcode-single-image-wrap.shortcode-single-image-73483b30f8cc6701572b80d438383d1f.enable-bg-rollover .rollover-video i {\n  background: ;\n  background: -webkit-linear-gradient();\n  background: linear-gradient();\n}\n.shortcode-single-image-wrap.shortcode-single-image-73483b30f8cc6701572b80d438383d1f .rollover-icon {\n  font-size: 32px;\n  color: #ffffff;\n  min-width: 44px;\n  min-height: 44px;\n  line-height: 44px;\n  border-radius: 100px;\n  border-style: solid;\n  border-width: 0px;\n}\n.dt-icon-bg-on.shortcode-single-image-wrap.shortcode-single-image-73483b30f8cc6701572b80d438383d1f .rollover-icon {\n  background: rgba(255,255,255,0.3);\n  box-shadow: none;\n}\n<\/style><div class=\"shortcode-single-image-wrap shortcode-single-image-73483b30f8cc6701572b80d438383d1f alignnone fadeIn animate-element  enable-bg-rollover dt-icon-bg-off\" style=\"margin-top:0px; margin-bottom:0px; margin-left:0px; margin-right:0px; width:500px;\"><div class=\"shortcode-single-image\"><div class=\"fancy-media-wrap  layzr-bg\" style=\"\"><img fetchpriority=\"high\" decoding=\"async\" class=\"preload-me lazy-load aspect\" src=\"data:image\/svg+xml,%3Csvg%20xmlns%3D&#39;http%3A%2F%2Fwww.w3.org%2F2000%2Fsvg&#39;%20viewBox%3D&#39;0%200%20500%20526&#39;%2F%3E\" data-src=\"https:\/\/licenseconsulting.com\/wp-content\/uploads\/2020\/03\/oracle-internal-license-audit-500x526.png\" data-srcset=\"https:\/\/licenseconsulting.com\/wp-content\/uploads\/2020\/03\/oracle-internal-license-audit-500x526.png 500w, https:\/\/licenseconsulting.com\/wp-content\/uploads\/2020\/03\/oracle-internal-license-audit.png 800w\" loading=\"eager\" sizes=\"(max-width: 500px) 100vw, 500px\" width=\"500\" height=\"526\"  data-dt-location=\"https:\/\/licenseconsulting.com\/it\/services\/license-audit-defense\/attachment\/oracle-internal-license-audit-2\/\" style=\"--ratio: 500 \/ 526;\" alt=\"oracle-internal-license-audit\" \/><\/div><\/div><\/div>[vc_empty_space][\/vc_column][\/vc_row][vc_row type=&#8221;vc_default&#8221;][vc_column css=&#8221;.vc_custom_1498229431694{padding-bottom: 50px !important;}&#8221;]<div id=\"ultimate-heading-391569dc98d7c6d16\" class=\"uvc-heading ult-adjust-bottom-margin ultimate-heading-391569dc98d7c6d16 uvc-2641 \" data-hspacer=\"no_spacer\"  data-halign=\"left\" style=\"text-align:left\"><div class=\"uvc-heading-spacer no_spacer\" style=\"top\"><\/div><div class=\"uvc-main-heading ult-responsive\"  data-ultimate-target='.uvc-heading.ultimate-heading-391569dc98d7c6d16 h2'  data-responsive-json-new='{\"font-size\":\"desktop:26px;\",\"line-height\":\"desktop:32px;\"}' ><h2 style=\"font-weight:bold;margin-bottom:20px;\">Passaggi del progetto<\/h2><\/div><div class=\"uvc-sub-heading ult-responsive\"  data-ultimate-target='.uvc-heading.ultimate-heading-391569dc98d7c6d16 .uvc-sub-heading '  data-responsive-json-new='{\"font-size\":\"\",\"line-height\":\"\"}'  style=\"font-weight:normal;\">Di seguito sono riportati i passaggi di questo servizio. Ognuno di essi \u00e8 suddiviso in input, attivit\u00e0 e output. I dettagli sono specificati nella descrizione completa del servizio.<\/div><\/div>[vc_empty_space]<div class=\"smile_icon_list_wrap ult_info_list_container ult-adjust-bottom-margin   vc_custom_1569158405228\"><ul class=\"smile_icon_list left hexagon\"><li class=\"icon_list_item\" style=\" font-size:60px;\"><div class=\"icon_list_icon\" data-animation=\"\" data-animation-delay=\"03\" style=\"font-size:20px;background:#39a8e0;color:#ffffff;border-color:#39a8e0;\"><img decoding=\"async\" class=\"list-img-icon\" alt=\"null\" src=\"https:\/\/licenseconsulting.com\/wp-content\/uploads\/2019\/09\/license-consulting-icon32-white2.png\"\/><\/div><div class=\"icon_description\" id=\"Info-list-wrap-8072\" style=\"font-size:20px;\"><h3 class=\"ult-responsive info-list-heading\"  data-ultimate-target='#Info-list-wrap-8072 h3'  data-responsive-json-new='{\"font-size\":\"desktop:16px;\",\"line-height\":\"desktop:22px;\"}'  style=\"font-family:&#039;Open Sans Condensed&#039;;font-weight:700;\">Determinare il diritto<\/h3><div class=\"icon_description_text ult-responsive\"  data-ultimate-target='#Info-list-wrap-8072 .icon_description_text'  data-responsive-json-new='{\"font-size\":\"desktop:12px;\",\"line-height\":\"desktop:20px;\"}'  style=\"\"><p>Comprensione degli accordi Oracle, delle definizioni di licenza e dei termini di contratto personalizzati che sono alla base dell&#8217;audit interno.<\/p>\n<\/div><\/div><div class=\"icon_list_connector\"  style=\"border-right-width: 1px;border-right-style: dashed;border-color: #39a8e0;\"><\/div><\/li><li class=\"icon_list_item\" style=\" font-size:60px;\"><div class=\"icon_list_icon\" data-animation=\"\" data-animation-delay=\"03\" style=\"font-size:20px;background:#39a8e0;color:#ffffff;border-color:#39a8e0;\"><img decoding=\"async\" class=\"list-img-icon\" alt=\"null\" src=\"https:\/\/licenseconsulting.com\/wp-content\/uploads\/2019\/09\/license-consulting-icon32-white2.png\"\/><\/div><div class=\"icon_description\" id=\"Info-list-wrap-9439\" style=\"font-size:20px;\"><h3 class=\"ult-responsive info-list-heading\"  data-ultimate-target='#Info-list-wrap-9439 h3'  data-responsive-json-new='{\"font-size\":\"desktop:16px;\",\"line-height\":\"desktop:22px;\"}'  style=\"font-family:&#039;Open Sans Condensed&#039;;font-weight:700;\">DETERMINARE LE IMPLEMENTAZIONI<\/h3><div class=\"icon_description_text ult-responsive\"  data-ultimate-target='#Info-list-wrap-9439 .icon_description_text'  data-responsive-json-new='{\"font-size\":\"desktop:12px;\",\"line-height\":\"desktop:20px;\"}'  style=\"\"><p>Conoscendo le definizioni contrattuali, lavoriamo con il team per determinare la distribuzione del lavoro nel modo pi\u00f9 efficace possibile. Le nostre capacit\u00e0 di audit andranno a vantaggio delle tempistiche, riducendo cos\u00ec al minimo il carico di lavoro del team IT dei nostri clienti.<\/p>\n<\/div><\/div><div class=\"icon_list_connector\"  style=\"border-right-width: 1px;border-right-style: dashed;border-color: #39a8e0;\"><\/div><\/li><li class=\"icon_list_item\" style=\" font-size:60px;\"><div class=\"icon_list_icon\" data-animation=\"\" data-animation-delay=\"03\" style=\"font-size:20px;background:#39a8e0;color:#ffffff;border-color:#39a8e0;\"><img decoding=\"async\" class=\"list-img-icon\" alt=\"null\" src=\"https:\/\/licenseconsulting.com\/wp-content\/uploads\/2019\/09\/license-consulting-icon32-white2.png\"\/><\/div><div class=\"icon_description\" id=\"Info-list-wrap-8765\" style=\"font-size:20px;\"><h3 class=\"ult-responsive info-list-heading\"  data-ultimate-target='#Info-list-wrap-8765 h3'  data-responsive-json-new='{\"font-size\":\"desktop:16px;\",\"line-height\":\"desktop:22px;\"}'  style=\"font-family:&#039;Open Sans Condensed&#039;;font-weight:700;\">ELP e report di conformit\u00e0<\/h3><div class=\"icon_description_text ult-responsive\"  data-ultimate-target='#Info-list-wrap-8765 .icon_description_text'  data-responsive-json-new='{\"font-size\":\"desktop:12px;\",\"line-height\":\"desktop:20px;\"}'  style=\"\"><p>La posizione di licenza effettiva (ELP) confronta la concessione della licenza con la posizione effettiva. \u00c8 quantificato in #licenze cos\u00ec come esposizione finanziaria (licenza Oracle e commissioni di supporto).<\/p>\n<\/div><\/div><div class=\"icon_list_connector\"  style=\"border-right-width: 1px;border-right-style: dashed;border-color: #39a8e0;\"><\/div><\/li><li class=\"icon_list_item\" style=\" font-size:60px;\"><div class=\"icon_list_icon\" data-animation=\"\" data-animation-delay=\"03\" style=\"font-size:20px;background:#39a8e0;color:#ffffff;border-color:#39a8e0;\"><img decoding=\"async\" class=\"list-img-icon\" alt=\"null\" src=\"https:\/\/licenseconsulting.com\/wp-content\/uploads\/2019\/09\/license-consulting-icon32-white2.png\"\/><\/div><div class=\"icon_description\" id=\"Info-list-wrap-7420\" style=\"font-size:20px;\"><h3 class=\"ult-responsive info-list-heading\"  data-ultimate-target='#Info-list-wrap-7420 h3'  data-responsive-json-new='{\"font-size\":\"desktop:16px;\",\"line-height\":\"desktop:22px;\"}'  style=\"font-family:&#039;Open Sans Condensed&#039;;font-weight:700;\">Supporto per la modifica e ottimizzazione<\/h3><div class=\"icon_description_text ult-responsive\"  data-ultimate-target='#Info-list-wrap-7420 .icon_description_text'  data-responsive-json-new='{\"font-size\":\"desktop:12px;\",\"line-height\":\"desktop:20px;\"}'  style=\"\"><p>Spesso, le lacune di conformit\u00e0 possono essere significativamente ridotte. Questa fase garantisce che il lavoro con il massimo impatto sia prioritario. Inoltre, ci assicuriamo che non si presentino nuovi rischi durante le attivit\u00e0 di ottimizzazione.<\/p>\n<\/div><\/div><div class=\"icon_list_connector\"  style=\"border-right-width: 1px;border-right-style: dashed;border-color: #39a8e0;\"><\/div><\/li><\/ul><\/div>[\/vc_column][\/vc_row][vc_row css=&#8221;.vc_custom_1585069730051{padding-top: -10px !important;padding-bottom: -10px !important;background-color: #f4f4f4 !important;}&#8221; el_class=&#8221;blok1&#8243;][vc_column][vc_column_text]<\/p>\n<h3>100% indipendente e confidenziale<\/h3>\n<p>License Consulting non vende licenze e non trae alcun profitto dalla vendita di licenze.<\/p>\n<p><a style=\"font-weight: normal;\" href=\"https:\/\/licenseconsulting.com\/it\/servizi\/\">Visualizza tutti i nostri servizi. <\/a>[\/vc_column_text][\/vc_column][\/vc_row][vc_row][vc_column][vc_row_inner][vc_column_inner width=&#8221;2\/5&#8243;]<style type=\"text\/css\" data-type=\"the7_shortcodes-inline-css\">.shortcode-single-image-wrap.shortcode-single-image-efec92f868d476fedbdcf8b4d69700f5.enable-bg-rollover .rollover i,\n.shortcode-single-image-wrap.shortcode-single-image-efec92f868d476fedbdcf8b4d69700f5.enable-bg-rollover .rollover-video i {\n  background: ;\n  background: -webkit-linear-gradient();\n  background: linear-gradient();\n}\n.shortcode-single-image-wrap.shortcode-single-image-efec92f868d476fedbdcf8b4d69700f5 .rollover-icon {\n  font-size: 32px;\n  color: #ffffff;\n  min-width: 44px;\n  min-height: 44px;\n  line-height: 44px;\n  border-radius: 100px;\n  border-style: solid;\n  border-width: 0px;\n}\n.dt-icon-bg-on.shortcode-single-image-wrap.shortcode-single-image-efec92f868d476fedbdcf8b4d69700f5 .rollover-icon {\n  background: rgba(255,255,255,0.3);\n  box-shadow: none;\n}\n<\/style><div class=\"shortcode-single-image-wrap shortcode-single-image-efec92f868d476fedbdcf8b4d69700f5 alignnone fadeIn animate-element  enable-bg-rollover dt-icon-bg-off\" style=\"margin-top:0px; margin-bottom:0px; margin-left:0px; margin-right:0px; width:500px;\"><div class=\"shortcode-single-image\"><div class=\"fancy-media-wrap  layzr-bg\" style=\"\"><img decoding=\"async\" class=\"preload-me lazy-load aspect\" src=\"data:image\/svg+xml,%3Csvg%20xmlns%3D&#39;http%3A%2F%2Fwww.w3.org%2F2000%2Fsvg&#39;%20viewBox%3D&#39;0%200%20500%20706&#39;%2F%3E\" data-src=\"https:\/\/licenseconsulting.com\/wp-content\/uploads\/2019\/09\/ORACLE-INTERNAL-LICENSE-AUDIT-500x706.jpg\" data-srcset=\"https:\/\/licenseconsulting.com\/wp-content\/uploads\/2019\/09\/ORACLE-INTERNAL-LICENSE-AUDIT-500x706.jpg 500w, https:\/\/licenseconsulting.com\/wp-content\/uploads\/2019\/09\/ORACLE-INTERNAL-LICENSE-AUDIT.jpg 905w\" loading=\"eager\" sizes=\"(max-width: 500px) 100vw, 500px\" width=\"500\" height=\"706\"  data-dt-location=\"https:\/\/licenseconsulting.com\/it\/home\/attachment\/oracle-internal-license-audit\/\" style=\"--ratio: 500 \/ 706;box-shadow:5px 5px 5px 5px rgba(0,0,0,0.6); -webkit-box-shadow:5px 5px 5px 5px rgba(0,0,0,0.6);\" alt=\"ORACLE-INTERNAL-LICENSE-AUDIT\" \/><\/div><\/div><\/div>[vc_empty_space][\/vc_column_inner][vc_column_inner width=&#8221;3\/5&#8243;]<div id=\"ultimate-heading-57969dc98d7c78a3\" class=\"uvc-heading ult-adjust-bottom-margin ultimate-heading-57969dc98d7c78a3 uvc-1283 accent-border-color\" data-hspacer=\"no_spacer\"  data-halign=\"left\" style=\"text-align:left\"><div class=\"uvc-heading-spacer no_spacer\" style=\"top\"><\/div><div class=\"uvc-main-heading ult-responsive\"  data-ultimate-target='.uvc-heading.ultimate-heading-57969dc98d7c78a3 h4'  data-responsive-json-new='{\"font-size\":\"desktop:26px;\",\"line-height\":\"desktop:32px;\"}' ><h4 style=\"font-weight:bold;margin-bottom:20px;\">RICHIEDETE I DETTAGLI DI QUESTO SERVIZIO<\/h4><\/div><\/div>\n<div class=\"wpcf7 no-js\" id=\"wpcf7-f11229-o1\" lang=\"en-US\" dir=\"ltr\" data-wpcf7-id=\"11229\">\n<div class=\"screen-reader-response\"><p role=\"status\" aria-live=\"polite\" aria-atomic=\"true\"><\/p> <ul><\/ul><\/div>\n<form action=\"\/it\/wp-json\/wp\/v2\/pages\/9831#wpcf7-f11229-o1\" method=\"post\" class=\"wpcf7-form init\" aria-label=\"Contact form\" novalidate=\"novalidate\" data-status=\"init\">\n<div style=\"display: none;\">\n<input type=\"hidden\" name=\"_wpcf7\" value=\"11229\" \/>\n<input type=\"hidden\" name=\"_wpcf7_version\" value=\"6.0.6\" \/>\n<input type=\"hidden\" name=\"_wpcf7_locale\" value=\"en_US\" \/>\n<input type=\"hidden\" name=\"_wpcf7_unit_tag\" value=\"wpcf7-f11229-o1\" \/>\n<input type=\"hidden\" name=\"_wpcf7_container_post\" value=\"0\" \/>\n<input type=\"hidden\" name=\"_wpcf7_posted_data_hash\" value=\"\" \/>\n<input type=\"hidden\" name=\"_wpcf7_recaptcha_response\" value=\"\" \/>\n<\/div>\n<p>In order to receive the Oracle Internal License Audit service description we require you to complete the form below.\n<\/p>\n<p><label> Your Name (required)<br \/>\n<span class=\"wpcf7-form-control-wrap\" data-name=\"your-name\"><input size=\"40\" maxlength=\"400\" class=\"wpcf7-form-control wpcf7-text wpcf7-validates-as-required\" aria-required=\"true\" aria-invalid=\"false\" value=\"\" type=\"text\" name=\"your-name\" \/><\/span> <\/label>\n<\/p>\n<p><label> Your Email (required)<br \/>\n<span class=\"wpcf7-form-control-wrap\" data-name=\"your-email\"><input size=\"40\" maxlength=\"400\" class=\"wpcf7-form-control wpcf7-email wpcf7-validates-as-required wpcf7-text wpcf7-validates-as-email\" aria-required=\"true\" aria-invalid=\"false\" value=\"\" type=\"email\" name=\"your-email\" \/><\/span> <\/label>\n<\/p>\n<p><label> Your Company (optional)<br \/>\n<span class=\"wpcf7-form-control-wrap\" data-name=\"your-company\"><input size=\"40\" maxlength=\"400\" class=\"wpcf7-form-control wpcf7-text\" aria-invalid=\"false\" value=\"\" type=\"text\" name=\"your-company\" \/><\/span><br \/>\n<input class=\"wpcf7-form-control wpcf7-submit has-spinner\" type=\"submit\" value=\"Request service description\" \/><\/label>\n<\/p><div class=\"wpcf7-response-output\" aria-hidden=\"true\"><\/div>\n<\/form>\n<\/div>\n[\/vc_column_inner][vc_column_inner width=&#8221;2\/3&#8243;][\/vc_column_inner][\/vc_row_inner][\/vc_column][\/vc_row]<\/p>\n<\/div>","protected":false},"excerpt":{"rendered":"<p>[vc_row][vc_column][vc_empty_space][\/vc_column][\/vc_row][vc_row][vc_column width=&#8221;3\/5&#8243;][vc_column_text]Il servizio di controllo interno delle licenze si occupa di stabilire una Effective License Position \u2013 ELP per l\u2019organizzazione. Il processo \u00e8 quello di simulare un audit Oracle. Un controllo interno della licenza Oracle include: Determinazione dell&#8217;entit\u00e0 del rischio finanziario; Aiuto nel comprendere la posizione di licenza effettiva (ELP); Guidare il team nella riduzione&hellip;<\/p>\n","protected":false},"author":1,"featured_media":0,"parent":9971,"menu_order":100,"comment_status":"closed","ping_status":"closed","template":"","meta":{"footnotes":""},"class_list":["post-9831","page","type-page","status-publish","hentry","description-off"],"yoast_head":"<!-- This site is optimized with the Yoast SEO Premium plugin v25.2 (Yoast SEO v26.8) - https:\/\/yoast.com\/product\/yoast-seo-premium-wordpress\/ -->\n<title>Audit delle licenze interne - License Consulting<\/title>\n<meta name=\"description\" content=\"Condurre un audit interno prima che Oracle ne richieda uno - Prendere decisioni informate sulla distribuzione - Script di controllo gratuiti disponibili - riferimenti in tutto il mondo!\" \/>\n<meta name=\"robots\" content=\"index, follow, max-snippet:-1, max-image-preview:large, max-video-preview:-1\" \/>\n<link rel=\"canonical\" href=\"https:\/\/licenseconsulting.com\/it\/servizi\/controllo-delle-licenze-interne\/\" \/>\n<meta property=\"og:locale\" content=\"it_IT\" \/>\n<meta property=\"og:type\" content=\"article\" \/>\n<meta property=\"og:title\" content=\"Audit delle licenze interne\" \/>\n<meta property=\"og:description\" content=\"Il servizio di controllo interno delle licenze si occupa di stabilire una Effective License Position \u2013 ELP per l\u2019organizzazione. Il processo \u00e8 quello di\" \/>\n<meta property=\"og:url\" content=\"https:\/\/licenseconsulting.com\/it\/servizi\/controllo-delle-licenze-interne\/\" \/>\n<meta property=\"og:site_name\" content=\"License Consulting\" \/>\n<meta property=\"article:modified_time\" content=\"2020-05-04T10:13:01+00:00\" \/>\n<meta name=\"twitter:card\" content=\"summary_large_image\" \/>\n<meta name=\"twitter:site\" content=\"@OracleLicensing\" \/>\n<meta name=\"twitter:label1\" content=\"Tempo di lettura stimato\" \/>\n\t<meta name=\"twitter:data1\" content=\"4 minuti\" \/>\n<script type=\"application\/ld+json\" class=\"yoast-schema-graph\">{\"@context\":\"https:\/\/schema.org\",\"@graph\":[{\"@type\":\"WebPage\",\"@id\":\"https:\/\/licenseconsulting.com\/it\/servizi\/controllo-delle-licenze-interne\/\",\"url\":\"https:\/\/licenseconsulting.com\/it\/servizi\/controllo-delle-licenze-interne\/\",\"name\":\"Audit delle licenze interne - License Consulting\",\"isPartOf\":{\"@id\":\"https:\/\/licenseconsulting.com\/it\/#website\"},\"datePublished\":\"2020-02-14T12:56:29+00:00\",\"dateModified\":\"2020-05-04T10:13:01+00:00\",\"description\":\"Condurre un audit interno prima che Oracle ne richieda uno - Prendere decisioni informate sulla distribuzione - Script di controllo gratuiti disponibili - riferimenti in tutto il mondo!\",\"breadcrumb\":{\"@id\":\"https:\/\/licenseconsulting.com\/it\/servizi\/controllo-delle-licenze-interne\/#breadcrumb\"},\"inLanguage\":\"it-IT\",\"potentialAction\":[{\"@type\":\"ReadAction\",\"target\":[\"https:\/\/licenseconsulting.com\/it\/servizi\/controllo-delle-licenze-interne\/\"]}]},{\"@type\":\"BreadcrumbList\",\"@id\":\"https:\/\/licenseconsulting.com\/it\/servizi\/controllo-delle-licenze-interne\/#breadcrumb\",\"itemListElement\":[{\"@type\":\"ListItem\",\"position\":1,\"name\":\"Home\",\"item\":\"https:\/\/licenseconsulting.com\/it\/\"},{\"@type\":\"ListItem\",\"position\":2,\"name\":\"Servizi\",\"item\":\"https:\/\/licenseconsulting.com\/it\/servizi\/\"},{\"@type\":\"ListItem\",\"position\":3,\"name\":\"Audit delle licenze interne\"}]},{\"@type\":\"WebSite\",\"@id\":\"https:\/\/licenseconsulting.com\/it\/#website\",\"url\":\"https:\/\/licenseconsulting.com\/it\/\",\"name\":\"License Consulting\",\"description\":\"Oracle License Compliance Company\",\"publisher\":{\"@id\":\"https:\/\/licenseconsulting.com\/it\/#organization\"},\"potentialAction\":[{\"@type\":\"SearchAction\",\"target\":{\"@type\":\"EntryPoint\",\"urlTemplate\":\"https:\/\/licenseconsulting.com\/it\/?s={search_term_string}\"},\"query-input\":{\"@type\":\"PropertyValueSpecification\",\"valueRequired\":true,\"valueName\":\"search_term_string\"}}],\"inLanguage\":\"it-IT\"},{\"@type\":\"Organization\",\"@id\":\"https:\/\/licenseconsulting.com\/it\/#organization\",\"name\":\"License Consulting BV\",\"url\":\"https:\/\/licenseconsulting.com\/it\/\",\"logo\":{\"@type\":\"ImageObject\",\"inLanguage\":\"it-IT\",\"@id\":\"https:\/\/licenseconsulting.com\/it\/#\/schema\/logo\/image\/\",\"url\":\"https:\/\/licenseconsulting.com\/wp-content\/uploads\/2020\/07\/LC-logo-2019-768x144-1.png\",\"contentUrl\":\"https:\/\/licenseconsulting.com\/wp-content\/uploads\/2020\/07\/LC-logo-2019-768x144-1.png\",\"width\":768,\"height\":144,\"caption\":\"License Consulting BV\"},\"image\":{\"@id\":\"https:\/\/licenseconsulting.com\/it\/#\/schema\/logo\/image\/\"},\"sameAs\":[\"https:\/\/x.com\/OracleLicensing\",\"https:\/\/www.linkedin.com\/company\/license-consulting\/\"]}]}<\/script>\n<!-- \/ Yoast SEO Premium plugin. -->","yoast_head_json":{"title":"Audit delle licenze interne - License Consulting","description":"Condurre un audit interno prima che Oracle ne richieda uno - Prendere decisioni informate sulla distribuzione - Script di controllo gratuiti disponibili - riferimenti in tutto il mondo!","robots":{"index":"index","follow":"follow","max-snippet":"max-snippet:-1","max-image-preview":"max-image-preview:large","max-video-preview":"max-video-preview:-1"},"canonical":"https:\/\/licenseconsulting.com\/it\/servizi\/controllo-delle-licenze-interne\/","og_locale":"it_IT","og_type":"article","og_title":"Audit delle licenze interne","og_description":"Il servizio di controllo interno delle licenze si occupa di stabilire una Effective License Position \u2013 ELP per l\u2019organizzazione. Il processo \u00e8 quello di","og_url":"https:\/\/licenseconsulting.com\/it\/servizi\/controllo-delle-licenze-interne\/","og_site_name":"License Consulting","article_modified_time":"2020-05-04T10:13:01+00:00","twitter_card":"summary_large_image","twitter_site":"@OracleLicensing","twitter_misc":{"Tempo di lettura stimato":"4 minuti"},"schema":{"@context":"https:\/\/schema.org","@graph":[{"@type":"WebPage","@id":"https:\/\/licenseconsulting.com\/it\/servizi\/controllo-delle-licenze-interne\/","url":"https:\/\/licenseconsulting.com\/it\/servizi\/controllo-delle-licenze-interne\/","name":"Audit delle licenze interne - License Consulting","isPartOf":{"@id":"https:\/\/licenseconsulting.com\/it\/#website"},"datePublished":"2020-02-14T12:56:29+00:00","dateModified":"2020-05-04T10:13:01+00:00","description":"Condurre un audit interno prima che Oracle ne richieda uno - Prendere decisioni informate sulla distribuzione - Script di controllo gratuiti disponibili - riferimenti in tutto il mondo!","breadcrumb":{"@id":"https:\/\/licenseconsulting.com\/it\/servizi\/controllo-delle-licenze-interne\/#breadcrumb"},"inLanguage":"it-IT","potentialAction":[{"@type":"ReadAction","target":["https:\/\/licenseconsulting.com\/it\/servizi\/controllo-delle-licenze-interne\/"]}]},{"@type":"BreadcrumbList","@id":"https:\/\/licenseconsulting.com\/it\/servizi\/controllo-delle-licenze-interne\/#breadcrumb","itemListElement":[{"@type":"ListItem","position":1,"name":"Home","item":"https:\/\/licenseconsulting.com\/it\/"},{"@type":"ListItem","position":2,"name":"Servizi","item":"https:\/\/licenseconsulting.com\/it\/servizi\/"},{"@type":"ListItem","position":3,"name":"Audit delle licenze interne"}]},{"@type":"WebSite","@id":"https:\/\/licenseconsulting.com\/it\/#website","url":"https:\/\/licenseconsulting.com\/it\/","name":"License Consulting","description":"Oracle License Compliance Company","publisher":{"@id":"https:\/\/licenseconsulting.com\/it\/#organization"},"potentialAction":[{"@type":"SearchAction","target":{"@type":"EntryPoint","urlTemplate":"https:\/\/licenseconsulting.com\/it\/?s={search_term_string}"},"query-input":{"@type":"PropertyValueSpecification","valueRequired":true,"valueName":"search_term_string"}}],"inLanguage":"it-IT"},{"@type":"Organization","@id":"https:\/\/licenseconsulting.com\/it\/#organization","name":"License Consulting BV","url":"https:\/\/licenseconsulting.com\/it\/","logo":{"@type":"ImageObject","inLanguage":"it-IT","@id":"https:\/\/licenseconsulting.com\/it\/#\/schema\/logo\/image\/","url":"https:\/\/licenseconsulting.com\/wp-content\/uploads\/2020\/07\/LC-logo-2019-768x144-1.png","contentUrl":"https:\/\/licenseconsulting.com\/wp-content\/uploads\/2020\/07\/LC-logo-2019-768x144-1.png","width":768,"height":144,"caption":"License Consulting BV"},"image":{"@id":"https:\/\/licenseconsulting.com\/it\/#\/schema\/logo\/image\/"},"sameAs":["https:\/\/x.com\/OracleLicensing","https:\/\/www.linkedin.com\/company\/license-consulting\/"]}]}},"_links":{"self":[{"href":"https:\/\/licenseconsulting.com\/it\/wp-json\/wp\/v2\/pages\/9831","targetHints":{"allow":["GET"]}}],"collection":[{"href":"https:\/\/licenseconsulting.com\/it\/wp-json\/wp\/v2\/pages"}],"about":[{"href":"https:\/\/licenseconsulting.com\/it\/wp-json\/wp\/v2\/types\/page"}],"author":[{"embeddable":true,"href":"https:\/\/licenseconsulting.com\/it\/wp-json\/wp\/v2\/users\/1"}],"replies":[{"embeddable":true,"href":"https:\/\/licenseconsulting.com\/it\/wp-json\/wp\/v2\/comments?post=9831"}],"version-history":[{"count":8,"href":"https:\/\/licenseconsulting.com\/it\/wp-json\/wp\/v2\/pages\/9831\/revisions"}],"predecessor-version":[{"id":11926,"href":"https:\/\/licenseconsulting.com\/it\/wp-json\/wp\/v2\/pages\/9831\/revisions\/11926"}],"up":[{"embeddable":true,"href":"https:\/\/licenseconsulting.com\/it\/wp-json\/wp\/v2\/pages\/9971"}],"wp:attachment":[{"href":"https:\/\/licenseconsulting.com\/it\/wp-json\/wp\/v2\/media?parent=9831"}],"curies":[{"name":"wp","href":"https:\/\/api.w.org\/{rel}","templated":true}]}}