{"id":9812,"date":"2020-02-14T12:56:26","date_gmt":"2020-02-14T12:56:26","guid":{"rendered":"https:\/\/licenseconsulting.com\/di\/"},"modified":"2020-04-28T13:28:10","modified_gmt":"2020-04-28T13:28:10","slug":"riguardo-a-noi","status":"publish","type":"page","link":"https:\/\/licenseconsulting.com\/it\/riguardo-a-noi\/","title":{"rendered":"RIGUARDO A NOI"},"content":{"rendered":"<div class=\"wpb-content-wrapper\"><p>[vc_row type=&#8221;vc_default&#8221; css=&#8221;.vc_custom_1476008791393{padding-top: 70px !important;padding-bottom: 25px !important;}&#8221;][vc_column offset=&#8221;vc_col-lg-6 vc_col-md-6 vc_col-xs-12&#8243; css=&#8221;.vc_custom_1476005293248{padding-bottom: 50px !important;}&#8221;]<div id=\"ultimate-heading-534469d80ae11b3c5\" class=\"uvc-heading ult-adjust-bottom-margin ultimate-heading-534469d80ae11b3c5 uvc-7141 \" data-hspacer=\"no_spacer\"  data-halign=\"left\" style=\"text-align:left\"><div class=\"uvc-heading-spacer no_spacer\" style=\"top\"><\/div><div class=\"uvc-main-heading ult-responsive\"  data-ultimate-target='.uvc-heading.ultimate-heading-534469d80ae11b3c5 h2'  data-responsive-json-new='{\"font-size\":\"desktop:26px;\",\"line-height\":\"desktop:32px;\"}' ><h2 style=\"font-weight:bold;margin-bottom:20px;\">INFORMAZIONI SULLA NOSTRA AZIENDA<\/h2><\/div><\/div>[vc_column_text]Dopo aver lavorato nel settore delle licenze software dal 1995, incluso come auditor di Oracle LMS EMEA, Daniel Hesselink ha deciso di fondare License Consulting nel 2007. L&#8217;obiettivo era quello di lavorare interamente dal lato del cliente e aiutare cos\u00ec nel bilanciamento della \u201cpartita\u201d con Oracle. Dopo aver organizzato corsi di formazione sulle licenze ai partner OPN e al personale EMEA LMS \/ Sales di Oracle, License Consulting \u00e8 diventata il fiore all\u2019occhiello per gli utenti Oracle.<\/p>\n<p>L&#8217;esistenza di License Consulting si basa completamente sul passaparola tra i clienti Oracle. Poich\u00e9 questi clienti vogliono <em>davvero l<\/em>avorare con noi, vogliamo superare le loro aspettative. Questo processo ci consente di continuare a sviluppare e migliorare le nostre soluzioni per il controllo delle licenze Oracle, l&#8217;ottimizzazione dei contratti e del supporto. La condivisione della nostra esperienza \u00e8 fondamentale per educare e responsabilizzare i nostri clienti, consentendo loro di implementare una strategia con risultati prevedibili per le sfide relative a Oracle.[\/vc_column_text][\/vc_column][vc_column offset=&#8221;vc_col-lg-6 vc_col-md-6 vc_col-xs-12&#8243; css=&#8221;.vc_custom_1476005300152{padding-bottom: 50px !important;}&#8221;]<div id=\"ultimate-heading-48169d80ae11b40c\" class=\"uvc-heading ult-adjust-bottom-margin ultimate-heading-48169d80ae11b40c uvc-4267 \" data-hspacer=\"no_spacer\"  data-halign=\"left\" style=\"text-align:left\"><div class=\"uvc-heading-spacer no_spacer\" style=\"top\"><\/div><div class=\"uvc-main-heading ult-responsive\"  data-ultimate-target='.uvc-heading.ultimate-heading-48169d80ae11b40c h2'  data-responsive-json-new='{\"font-size\":\"desktop:26px;\",\"line-height\":\"desktop:32px;\"}' ><h2 style=\"font-weight:bold;margin-bottom:20px;\">Primi anni<\/h2><\/div><\/div>[vc_column_text]Il fondatore Daniel Hesselink (1974) \u00e8 attivo nel settore dal 1995 ricoprendo diversi ruoli di consulenza presso pi\u00f9 fornitori, incluso come auditor per Oracle License Management Services presso Oracle Europa, Medio Oriente e Africa. Quando ha avviato License Consulting nel 2007, riteneva che Oracle fosse solo uno dei tanti aspetti del business e che molti clienti avrebbero fatto affidamento sulla sua indipendenza anche rispetto ad altri fornitori. Gi\u00e0 veterano del settore, \u00e8 stato invitato da distributori come HP e IBM per parlare ai loro clienti e partner in merito alla complessit\u00e0 delle licenze Oracle. In queste occasioni ha appreso come esista una grande necessit\u00e0 di consulenza indipendente su Oracle ed ecco che questo \u00e8 diventato il suo settore a tempo pieno.[\/vc_column_text]<style type=\"text\/css\" data-type=\"the7_shortcodes-inline-css\">#default-btn-e545b53fe84369008ad91276a533eab9.ico-right-side > i {\n  margin-right: 0px;\n  margin-left: 8px;\n}\n#default-btn-e545b53fe84369008ad91276a533eab9 > i {\n  margin-right: 8px;\n}\n<\/style><a href=\"https:\/\/licenseconsulting.com\/it\/team-di-gestione\/\" class=\"default-btn-shortcode dt-btn dt-btn-l link-hover-off full-width-btn btn-inline-left \" id=\"default-btn-e545b53fe84369008ad91276a533eab9\"><span>Il nostro team di gestione<\/span><\/a>[\/vc_column][\/vc_row][vc_row][vc_column width=&#8221;1\/2&#8243;]<div id=\"ultimate-heading-86569d80ae11b4dd\" class=\"uvc-heading ult-adjust-bottom-margin ultimate-heading-86569d80ae11b4dd uvc-1395 \" data-hspacer=\"no_spacer\"  data-halign=\"left\" style=\"text-align:left\"><div class=\"uvc-heading-spacer no_spacer\" style=\"top\"><\/div><div class=\"uvc-main-heading ult-responsive\"  data-ultimate-target='.uvc-heading.ultimate-heading-86569d80ae11b4dd h2'  data-responsive-json-new='{\"font-size\":\"desktop:26px;\",\"line-height\":\"desktop:32px;\"}' ><h2 style=\"font-weight:bold;margin-bottom:20px;\">Cosa facciamo<\/h2><\/div><\/div>[vc_column_text]Fondata nel 2007, License Consulting \u00e8 la pi\u00f9 antica societ\u00e0 di consulenza dedicata alle licenze Oracle. C&#8217;\u00e8 sempre stata una grande quantit\u00e0 di informazioni in merito ai modelli di licenza generici come Microsoft, Symantec e altri fornitori. Le licenze Oracle per\u00f2, sono rimaste oscure e piene di lacune. Fino alla fondazione di License Consulting, i clienti non avevano nessuno a cui rivolgersi; non esisteva infatti uno sportello unico per il controllo della conformit\u00e0, la negoziazione, la consulenza tattica e strategica in campo Oracle. License Consulting \u00e8 diventata rapidamente un partner affidabile per molte organizzazioni, consentendo ai clienti di ridurre le complessit\u00e0 relative alle licenze Oracle, ai costi associati, alle architetture IT e alla manutenzione e supporto per una decisione calcolata e una scelta informata.[\/vc_column_text][\/vc_column][vc_column width=&#8221;1\/2&#8243;]<div id=\"ultimate-heading-201069d80ae11b503\" class=\"uvc-heading ult-adjust-bottom-margin ultimate-heading-201069d80ae11b503 uvc-6672 \" data-hspacer=\"no_spacer\"  data-halign=\"left\" style=\"text-align:left\"><div class=\"uvc-heading-spacer no_spacer\" style=\"top\"><\/div><div class=\"uvc-main-heading ult-responsive\"  data-ultimate-target='.uvc-heading.ultimate-heading-201069d80ae11b503 h2'  data-responsive-json-new='{\"font-size\":\"desktop:26px;\",\"line-height\":\"desktop:32px;\"}' ><h2 style=\"font-weight:bold;margin-bottom:20px;\">CRESCITA COSTANTE<\/h2><\/div><\/div>[vc_column_text]License Consulting si dedica ancora alle licenze Oracle ed \u00e8 ora la societ\u00e0 di consulenza pi\u00f9 specializzata ed esperta al mondo in questo campo. Con un piccolo team di professionisti altamente qualificati, License Consulting dedica tutto il suo tempo e le sue risorse alla competenza Oracle a livello internazionale. Tra i clienti figurano grandi multinazionali e governi centrali in tutto il mondo, nonch\u00e9 alcune delle pi\u00f9 grandi societ\u00e0 di consulenza legale del pianeta. Dal 2012 siamo spesso stati invitati da <a href=\"http:\/\/www.vmworld.com\/\">VMworld<\/a> per condividere le nostre competenze sulle licenze Oracle in ambienti virtuali complessi. Grazie alla nostra esperienza impeccabile, <a href=\"https:\/\/blogs.vmware.com\/vsphere\/2015\/04\/oracle-licensing-discussion-definitive-collateral-collection.html\">anche VMware ci riconosce come una delle societ\u00e0 pi\u00f9 affidabili e capaci in ambito di consulenza sulle licenze in ambienti Oracle virtualizzati.<\/a><\/p>\n<p>License Consulting ha registrato una continua crescita nelle sue conoscenze e capacit\u00e0. Contrariamente ai primi tempi, in cui erano necessarie settimane e settimane per analizzare gli script di output di controllo di 1000 database Oracle, la nostra soluzione strategica <a href=\"http:\/\/www.licenseaudit.com\">www.licenseaudit.com<\/a> consente oggi a ogni cliente, di qualsiasi dimensione, di farlo in modo indipendente a basso costo, beneficiando di tutto ci\u00f2 che License Consulting ha imparato nel tempo.<\/p>\n<p>License Consulting permette di fare un viaggio davvero fantastico.[\/vc_column_text][\/vc_column][\/vc_row][vc_row full_width=&#8221;stretch_row_content_no_spaces&#8221;][vc_column]<style type=\"text\/css\" data-type=\"the7_shortcodes-inline-css\">#default-btn-f90ab1bbd05f6d5d27e06d8d3616e658.ico-right-side > i {\n  margin-right: 0px;\n  margin-left: 8px;\n}\n#default-btn-f90ab1bbd05f6d5d27e06d8d3616e658 > i {\n  margin-right: 8px;\n}\n<\/style><a href=\"https:\/\/licenseconsulting.com\/it\/conoscenza\/\" class=\"default-btn-shortcode dt-btn dt-btn-l link-hover-off full-width-btn btn-inline-left \" id=\"default-btn-f90ab1bbd05f6d5d27e06d8d3616e658\" title=\"Contact\"><span>contattaci<\/span><\/a>[\/vc_column][\/vc_row]<\/p>\n<\/div>","protected":false},"excerpt":{"rendered":"<p>[vc_row type=&#8221;vc_default&#8221; css=&#8221;.vc_custom_1476008791393{padding-top: 70px !important;padding-bottom: 25px !important;}&#8221;][vc_column offset=&#8221;vc_col-lg-6 vc_col-md-6 vc_col-xs-12&#8243; css=&#8221;.vc_custom_1476005293248{padding-bottom: 50px !important;}&#8221;][vc_column_text]Dopo aver lavorato nel settore delle licenze software dal 1995, incluso come auditor di Oracle LMS EMEA, Daniel Hesselink ha deciso di fondare License Consulting nel 2007. L&#8217;obiettivo era quello di lavorare interamente dal lato del cliente e aiutare cos\u00ec nel bilanciamento della&hellip;<\/p>\n","protected":false},"author":1,"featured_media":0,"parent":0,"menu_order":100,"comment_status":"closed","ping_status":"closed","template":"","meta":{"footnotes":""},"class_list":["post-9812","page","type-page","status-publish","hentry","description-off"],"yoast_head":"<!-- This site is optimized with the Yoast SEO Premium plugin v25.2 (Yoast SEO v26.8) - https:\/\/yoast.com\/product\/yoast-seo-premium-wordpress\/ -->\n<title>RIGUARDO A NOI - License Consulting<\/title>\n<meta name=\"robots\" content=\"index, follow, max-snippet:-1, max-image-preview:large, max-video-preview:-1\" \/>\n<link rel=\"canonical\" href=\"https:\/\/licenseconsulting.com\/it\/riguardo-a-noi\/\" \/>\n<meta property=\"og:locale\" content=\"it_IT\" \/>\n<meta property=\"og:type\" content=\"article\" \/>\n<meta property=\"og:title\" content=\"RIGUARDO A NOI\" \/>\n<meta property=\"og:description\" content=\"Dopo aver lavorato nel settore delle licenze software dal 1995, incluso come auditor di Oracle LMS EMEA, Daniel Hesselink ha deciso di fondare License\" \/>\n<meta property=\"og:url\" content=\"https:\/\/licenseconsulting.com\/it\/riguardo-a-noi\/\" \/>\n<meta property=\"og:site_name\" content=\"License Consulting\" \/>\n<meta property=\"article:modified_time\" content=\"2020-04-28T13:28:10+00:00\" \/>\n<meta name=\"twitter:card\" content=\"summary_large_image\" \/>\n<meta name=\"twitter:site\" content=\"@OracleLicensing\" \/>\n<meta name=\"twitter:label1\" content=\"Tempo di lettura stimato\" \/>\n\t<meta name=\"twitter:data1\" content=\"4 minuti\" \/>\n<script type=\"application\/ld+json\" class=\"yoast-schema-graph\">{\"@context\":\"https:\/\/schema.org\",\"@graph\":[{\"@type\":\"WebPage\",\"@id\":\"https:\/\/licenseconsulting.com\/it\/riguardo-a-noi\/\",\"url\":\"https:\/\/licenseconsulting.com\/it\/riguardo-a-noi\/\",\"name\":\"RIGUARDO A NOI - License Consulting\",\"isPartOf\":{\"@id\":\"https:\/\/licenseconsulting.com\/it\/#website\"},\"datePublished\":\"2020-02-14T12:56:26+00:00\",\"dateModified\":\"2020-04-28T13:28:10+00:00\",\"breadcrumb\":{\"@id\":\"https:\/\/licenseconsulting.com\/it\/riguardo-a-noi\/#breadcrumb\"},\"inLanguage\":\"it-IT\",\"potentialAction\":[{\"@type\":\"ReadAction\",\"target\":[\"https:\/\/licenseconsulting.com\/it\/riguardo-a-noi\/\"]}]},{\"@type\":\"BreadcrumbList\",\"@id\":\"https:\/\/licenseconsulting.com\/it\/riguardo-a-noi\/#breadcrumb\",\"itemListElement\":[{\"@type\":\"ListItem\",\"position\":1,\"name\":\"Home\",\"item\":\"https:\/\/licenseconsulting.com\/it\/\"},{\"@type\":\"ListItem\",\"position\":2,\"name\":\"RIGUARDO A NOI\"}]},{\"@type\":\"WebSite\",\"@id\":\"https:\/\/licenseconsulting.com\/it\/#website\",\"url\":\"https:\/\/licenseconsulting.com\/it\/\",\"name\":\"License Consulting\",\"description\":\"Oracle License Compliance Company\",\"publisher\":{\"@id\":\"https:\/\/licenseconsulting.com\/it\/#organization\"},\"potentialAction\":[{\"@type\":\"SearchAction\",\"target\":{\"@type\":\"EntryPoint\",\"urlTemplate\":\"https:\/\/licenseconsulting.com\/it\/?s={search_term_string}\"},\"query-input\":{\"@type\":\"PropertyValueSpecification\",\"valueRequired\":true,\"valueName\":\"search_term_string\"}}],\"inLanguage\":\"it-IT\"},{\"@type\":\"Organization\",\"@id\":\"https:\/\/licenseconsulting.com\/it\/#organization\",\"name\":\"License Consulting BV\",\"url\":\"https:\/\/licenseconsulting.com\/it\/\",\"logo\":{\"@type\":\"ImageObject\",\"inLanguage\":\"it-IT\",\"@id\":\"https:\/\/licenseconsulting.com\/it\/#\/schema\/logo\/image\/\",\"url\":\"https:\/\/licenseconsulting.com\/wp-content\/uploads\/2020\/07\/LC-logo-2019-768x144-1.png\",\"contentUrl\":\"https:\/\/licenseconsulting.com\/wp-content\/uploads\/2020\/07\/LC-logo-2019-768x144-1.png\",\"width\":768,\"height\":144,\"caption\":\"License Consulting BV\"},\"image\":{\"@id\":\"https:\/\/licenseconsulting.com\/it\/#\/schema\/logo\/image\/\"},\"sameAs\":[\"https:\/\/x.com\/OracleLicensing\",\"https:\/\/www.linkedin.com\/company\/license-consulting\/\"]}]}<\/script>\n<!-- \/ Yoast SEO Premium plugin. -->","yoast_head_json":{"title":"RIGUARDO A NOI - License Consulting","robots":{"index":"index","follow":"follow","max-snippet":"max-snippet:-1","max-image-preview":"max-image-preview:large","max-video-preview":"max-video-preview:-1"},"canonical":"https:\/\/licenseconsulting.com\/it\/riguardo-a-noi\/","og_locale":"it_IT","og_type":"article","og_title":"RIGUARDO A NOI","og_description":"Dopo aver lavorato nel settore delle licenze software dal 1995, incluso come auditor di Oracle LMS EMEA, Daniel Hesselink ha deciso di fondare License","og_url":"https:\/\/licenseconsulting.com\/it\/riguardo-a-noi\/","og_site_name":"License Consulting","article_modified_time":"2020-04-28T13:28:10+00:00","twitter_card":"summary_large_image","twitter_site":"@OracleLicensing","twitter_misc":{"Tempo di lettura stimato":"4 minuti"},"schema":{"@context":"https:\/\/schema.org","@graph":[{"@type":"WebPage","@id":"https:\/\/licenseconsulting.com\/it\/riguardo-a-noi\/","url":"https:\/\/licenseconsulting.com\/it\/riguardo-a-noi\/","name":"RIGUARDO A NOI - License Consulting","isPartOf":{"@id":"https:\/\/licenseconsulting.com\/it\/#website"},"datePublished":"2020-02-14T12:56:26+00:00","dateModified":"2020-04-28T13:28:10+00:00","breadcrumb":{"@id":"https:\/\/licenseconsulting.com\/it\/riguardo-a-noi\/#breadcrumb"},"inLanguage":"it-IT","potentialAction":[{"@type":"ReadAction","target":["https:\/\/licenseconsulting.com\/it\/riguardo-a-noi\/"]}]},{"@type":"BreadcrumbList","@id":"https:\/\/licenseconsulting.com\/it\/riguardo-a-noi\/#breadcrumb","itemListElement":[{"@type":"ListItem","position":1,"name":"Home","item":"https:\/\/licenseconsulting.com\/it\/"},{"@type":"ListItem","position":2,"name":"RIGUARDO A NOI"}]},{"@type":"WebSite","@id":"https:\/\/licenseconsulting.com\/it\/#website","url":"https:\/\/licenseconsulting.com\/it\/","name":"License Consulting","description":"Oracle License Compliance Company","publisher":{"@id":"https:\/\/licenseconsulting.com\/it\/#organization"},"potentialAction":[{"@type":"SearchAction","target":{"@type":"EntryPoint","urlTemplate":"https:\/\/licenseconsulting.com\/it\/?s={search_term_string}"},"query-input":{"@type":"PropertyValueSpecification","valueRequired":true,"valueName":"search_term_string"}}],"inLanguage":"it-IT"},{"@type":"Organization","@id":"https:\/\/licenseconsulting.com\/it\/#organization","name":"License Consulting BV","url":"https:\/\/licenseconsulting.com\/it\/","logo":{"@type":"ImageObject","inLanguage":"it-IT","@id":"https:\/\/licenseconsulting.com\/it\/#\/schema\/logo\/image\/","url":"https:\/\/licenseconsulting.com\/wp-content\/uploads\/2020\/07\/LC-logo-2019-768x144-1.png","contentUrl":"https:\/\/licenseconsulting.com\/wp-content\/uploads\/2020\/07\/LC-logo-2019-768x144-1.png","width":768,"height":144,"caption":"License Consulting BV"},"image":{"@id":"https:\/\/licenseconsulting.com\/it\/#\/schema\/logo\/image\/"},"sameAs":["https:\/\/x.com\/OracleLicensing","https:\/\/www.linkedin.com\/company\/license-consulting\/"]}]}},"_links":{"self":[{"href":"https:\/\/licenseconsulting.com\/it\/wp-json\/wp\/v2\/pages\/9812","targetHints":{"allow":["GET"]}}],"collection":[{"href":"https:\/\/licenseconsulting.com\/it\/wp-json\/wp\/v2\/pages"}],"about":[{"href":"https:\/\/licenseconsulting.com\/it\/wp-json\/wp\/v2\/types\/page"}],"author":[{"embeddable":true,"href":"https:\/\/licenseconsulting.com\/it\/wp-json\/wp\/v2\/users\/1"}],"replies":[{"embeddable":true,"href":"https:\/\/licenseconsulting.com\/it\/wp-json\/wp\/v2\/comments?post=9812"}],"version-history":[{"count":5,"href":"https:\/\/licenseconsulting.com\/it\/wp-json\/wp\/v2\/pages\/9812\/revisions"}],"predecessor-version":[{"id":11880,"href":"https:\/\/licenseconsulting.com\/it\/wp-json\/wp\/v2\/pages\/9812\/revisions\/11880"}],"wp:attachment":[{"href":"https:\/\/licenseconsulting.com\/it\/wp-json\/wp\/v2\/media?parent=9812"}],"curies":[{"name":"wp","href":"https:\/\/api.w.org\/{rel}","templated":true}]}}