{"id":9898,"date":"2020-02-14T12:56:42","date_gmt":"2020-02-14T12:56:42","guid":{"rendered":"https:\/\/licenseconsulting.com\/juridique\/"},"modified":"2020-05-22T09:07:30","modified_gmt":"2020-05-22T09:07:30","slug":"juridique","status":"publish","type":"page","link":"https:\/\/licenseconsulting.com\/fr\/juridique\/","title":{"rendered":"Juridique"},"content":{"rendered":"<div class=\"wpb-content-wrapper\"><p>[vc_row][vc_column][vc_column_text]<\/p>\n<h2>Ambigu\u00eft\u00e9s contractuelles et orientations juridiques<\/h2>\n<p><img fetchpriority=\"high\" decoding=\"async\" class=\"size-medium wp-image-11087 alignleft\" src=\"https:\/\/licenseconsulting.com\/wp-content\/uploads\/2020\/03\/administration-agreement-banking-blur-618158-300x169.jpg\" alt=\"\" width=\"300\" height=\"169\" srcset=\"https:\/\/licenseconsulting.com\/wp-content\/uploads\/2020\/03\/administration-agreement-banking-blur-618158-300x169.jpg 300w, https:\/\/licenseconsulting.com\/wp-content\/uploads\/2020\/03\/administration-agreement-banking-blur-618158-1024x577.jpg 1024w, https:\/\/licenseconsulting.com\/wp-content\/uploads\/2020\/03\/administration-agreement-banking-blur-618158-768x433.jpg 768w, https:\/\/licenseconsulting.com\/wp-content\/uploads\/2020\/03\/administration-agreement-banking-blur-618158-1536x866.jpg 1536w, https:\/\/licenseconsulting.com\/wp-content\/uploads\/2020\/03\/administration-agreement-banking-blur-618158-2048x1155.jpg 2048w\" sizes=\"(max-width: 300px) 100vw, 300px\" \/><\/p>\n<p>De nombreux clients Oracle d\u00e9couvre qu\u2019Oracle d\u00e9place les objectifs de leurs accords.<\/p>\n<p>License Consulting a une grande exp\u00e9rience et des ant\u00e9c\u00e9dents dans l\u2019identification, la discussion et la confrontation des difficult\u00e9s per\u00e7ues dans son travail avec les contrats Oracle. Depuis 2007, nous avons guid\u00e9 des centaines de clients, orientant leur gestion de contrats et leurs conseillers juridiques. En outre, nous avons un vaste r\u00e9seau dans les conseils juridiques externes qui sont familiers dans le travail avec Oracle et qui savent battre le fer tant qu\u2019il chaud.<\/p>\n<h3>L\u2019importance de l\u2019alignement interne<\/h3>\n<p>Oracle est un fournisseur essentiel pour de nombreuses entreprises. Toute ambigu\u00eft\u00e9 dans leur relation d\u2019affaires avec Oracle provoque la peur, l\u2019incertitude et le doute (FUD). Le FUD commence souvent \u00e0 vivre sa propre vie : Les parties prenantes financi\u00e8res, techniques et contractuelles commencent toutes \u00e0 vivre leur propre FUD \u2013 chaque partie prenante a ses propres impressions et opinions. Cela a une incidence consid\u00e9rable sur les capacit\u00e9s de prendre des d\u00e9cisions \u00e9clair\u00e9es. Tout au long de\u00a0<a href=\"https:\/\/licenseconsulting.com\/fr\/services\/\">nos services,<\/a> nous nous assurons la compr\u00e9hension du client de l\u2019accord. Les mises en \u0153uvre techniques et la primaut\u00e9 du droit local est pris en compte dans l\u2019ensemble de l\u2019entreprise. Cela permet aux clients de prendre des d\u00e9cisions meilleures et \u00e9clair\u00e9es. Pour am\u00e9liorer le processus d\u00e9cisionnel, nous quantifions le domaine des possibilit\u00e9s non seulement en mati\u00e8re de risques contractuels, mais aussi de chaque choix diff\u00e9rent dans une\u00a0<a href=\"https:\/\/licenseconsulting.com\/fr\/%ef%ac%81nancieres\/\">valeur mon\u00e9taire<\/a>.<\/p>\n<p>&nbsp;<\/p>\n<h3>Exemples<\/h3>\n<p><img decoding=\"async\" class=\"alignright size-medium wp-image-8861\" src=\"https:\/\/licenseconsulting.com\/wp-content\/uploads\/2019\/09\/copyright-389901_1280-300x199.jpg\" alt=\"\" width=\"300\" height=\"199\" srcset=\"https:\/\/licenseconsulting.com\/wp-content\/uploads\/2019\/09\/copyright-389901_1280-300x199.jpg 300w, https:\/\/licenseconsulting.com\/wp-content\/uploads\/2019\/09\/copyright-389901_1280-768x508.jpg 768w, https:\/\/licenseconsulting.com\/wp-content\/uploads\/2019\/09\/copyright-389901_1280-1024x678.jpg 1024w, https:\/\/licenseconsulting.com\/wp-content\/uploads\/2019\/09\/copyright-389901_1280.jpg 1280w\" sizes=\"(max-width: 300px) 100vw, 300px\" \/><\/p>\n<p>Il existe diff\u00e9rentes fa\u00e7ons d\u2019introduire un Oracle FUD. Les sources fr\u00e9quentes sont des organisations partenaires, des repr\u00e9sentants d\u2019Oracle, ou une interpr\u00e9tation de quelqu\u2019un: Quelque chose a \u00e9t\u00e9 dite lors d\u2019un \u00e9v\u00e9nement, ou une autre soci\u00e9t\u00e9 a publi\u00e9 une dispute sur Linkedin. Toutes ces impressions et opinions conduisent \u00e0 des sentiments mitig\u00e9s qui affectent alors la capacit\u00e9 de prendre des d\u00e9cisions \u00e9clair\u00e9es. Oracle en tant qu\u2019entreprise cr\u00e9e d\u00e9lib\u00e9r\u00e9ment du contenu qui met l\u2019accent sur le FUD.<\/p>\n<p>Par exemple, Oracle publie (puis modifie) les documents suivants :<\/p>\n<p><a href=\"https:\/\/www.oracle.com\/assets\/data-recovery-licensing-070587.pdf\">Environnements de r\u00e9cup\u00e9ration de donn\u00e9es de licence<\/a><br \/>\n<a href=\"https:\/\/www.oracle.com\/assets\/databaselicensing-070584.pdf\">Base de donn\u00e9es Licence Papier blanc<\/a><br \/>\n<a href=\"https:\/\/www.oracle.com\/assets\/partitioning-070609.pdf\">Oracle Partitioning Policy (papier blanc sur VMWARE)<\/a><br \/>\n<a href=\"https:\/\/www.oracle.com\/assets\/cloud-licensing-070579.pdf\">Licence Oracle Cloud<\/a><\/p>\n<p>\u2026 et beaucoup d\u2019autres. Alors qu\u2019Oracle les pr\u00e9sente comme \u00ab la v\u00e9rit\u00e9 et rien que la v\u00e9rit\u00e9 \u00bb, ils ne font pas partie du contrat. Et, les notes de bas de page clarifient bien cela.<\/p>\n<h3>\u00c9ducation et conseils sur vos droits<\/h3>\n<p>Apr\u00e8s avoir travaill\u00e9 avec License Consulting, les clients ne mettent plus leur porte-monnaie sur la table et disent \u00e0 Oracle \u201cil suffit de prendre ce dont vous pensez avoir besoin\u201d. Au lieu de cela, ils acqui\u00e8rent une compr\u00e9hension profonde de leurs droits contractuels et juridiques, d\u2019une mani\u00e8re qui est approuv\u00e9e dans l\u2019ensemble de l\u2019entreprise. Cela les aide \u00e0 prendre les bonnes d\u00e9cisions.[\/vc_column_text][\/vc_column][\/vc_row][vc_row][vc_column]<style type=\"text\/css\" data-type=\"the7_shortcodes-inline-css\">#default-btn-71a1d54456148afbe5c2dac941ebd59f.ico-right-side > i {\n  margin-right: 0px;\n  margin-left: 8px;\n}\n#default-btn-71a1d54456148afbe5c2dac941ebd59f > i {\n  margin-right: 8px;\n}\n<\/style><a href=\"https:\/\/licenseconsulting.com\/fr\/contact\/\" class=\"default-btn-shortcode dt-btn dt-btn-m link-hover-off full-width-btn btn-inline-left \" id=\"default-btn-71a1d54456148afbe5c2dac941ebd59f\" title=\"Contact\"><span>Contactez-nous pour plus d&rsquo;informations<\/span><\/a>[\/vc_column][\/vc_row]<\/p>\n<\/div>","protected":false},"excerpt":{"rendered":"<p>[vc_row][vc_column][vc_column_text] Ambigu\u00eft\u00e9s contractuelles et orientations juridiques De nombreux clients Oracle d\u00e9couvre qu\u2019Oracle d\u00e9place les objectifs de leurs accords. License Consulting a une grande exp\u00e9rience et des ant\u00e9c\u00e9dents dans l\u2019identification, la discussion et la confrontation des difficult\u00e9s per\u00e7ues dans son travail avec les contrats Oracle. Depuis 2007, nous avons guid\u00e9 des centaines de clients, orientant leur&hellip;<\/p>\n","protected":false},"author":1,"featured_media":0,"parent":0,"menu_order":0,"comment_status":"closed","ping_status":"closed","template":"","meta":{"footnotes":""},"class_list":["post-9898","page","type-page","status-publish","hentry","description-off"],"yoast_head":"<!-- This site is optimized with the Yoast SEO Premium plugin v25.2 (Yoast SEO v26.8) - https:\/\/yoast.com\/product\/yoast-seo-premium-wordpress\/ -->\n<title>Juridique - License Consulting<\/title>\n<meta name=\"robots\" content=\"index, follow, max-snippet:-1, max-image-preview:large, max-video-preview:-1\" \/>\n<link rel=\"canonical\" href=\"https:\/\/licenseconsulting.com\/fr\/juridique\/\" \/>\n<meta property=\"og:locale\" content=\"fr_FR\" \/>\n<meta property=\"og:type\" content=\"article\" \/>\n<meta property=\"og:title\" content=\"Juridique\" \/>\n<meta property=\"og:description\" content=\"Ambigu\u00eft\u00e9s contractuelles et orientations juridiques De nombreux clients Oracle d\u00e9couvre qu\u2019Oracle d\u00e9place les objectifs de leurs accords. License\" \/>\n<meta property=\"og:url\" content=\"https:\/\/licenseconsulting.com\/fr\/juridique\/\" \/>\n<meta property=\"og:site_name\" content=\"License Consulting\" \/>\n<meta property=\"article:modified_time\" content=\"2020-05-22T09:07:30+00:00\" \/>\n<meta property=\"og:image\" content=\"https:\/\/licenseconsulting.com\/wp-content\/uploads\/2020\/03\/administration-agreement-banking-blur-618158-300x169.jpg\" \/>\n<meta name=\"twitter:card\" content=\"summary_large_image\" \/>\n<meta name=\"twitter:site\" content=\"@OracleLicensing\" \/>\n<meta name=\"twitter:label1\" content=\"Dur\u00e9e de lecture estim\u00e9e\" \/>\n\t<meta name=\"twitter:data1\" content=\"3 minutes\" \/>\n<script type=\"application\/ld+json\" class=\"yoast-schema-graph\">{\"@context\":\"https:\/\/schema.org\",\"@graph\":[{\"@type\":\"WebPage\",\"@id\":\"https:\/\/licenseconsulting.com\/fr\/juridique\/\",\"url\":\"https:\/\/licenseconsulting.com\/fr\/juridique\/\",\"name\":\"Juridique - License Consulting\",\"isPartOf\":{\"@id\":\"https:\/\/licenseconsulting.com\/fr\/#website\"},\"primaryImageOfPage\":{\"@id\":\"https:\/\/licenseconsulting.com\/fr\/juridique\/#primaryimage\"},\"image\":{\"@id\":\"https:\/\/licenseconsulting.com\/fr\/juridique\/#primaryimage\"},\"thumbnailUrl\":\"https:\/\/licenseconsulting.com\/wp-content\/uploads\/2020\/03\/administration-agreement-banking-blur-618158-300x169.jpg\",\"datePublished\":\"2020-02-14T12:56:42+00:00\",\"dateModified\":\"2020-05-22T09:07:30+00:00\",\"breadcrumb\":{\"@id\":\"https:\/\/licenseconsulting.com\/fr\/juridique\/#breadcrumb\"},\"inLanguage\":\"fr-FR\",\"potentialAction\":[{\"@type\":\"ReadAction\",\"target\":[\"https:\/\/licenseconsulting.com\/fr\/juridique\/\"]}]},{\"@type\":\"ImageObject\",\"inLanguage\":\"fr-FR\",\"@id\":\"https:\/\/licenseconsulting.com\/fr\/juridique\/#primaryimage\",\"url\":\"https:\/\/licenseconsulting.com\/wp-content\/uploads\/2020\/03\/administration-agreement-banking-blur-618158-300x169.jpg\",\"contentUrl\":\"https:\/\/licenseconsulting.com\/wp-content\/uploads\/2020\/03\/administration-agreement-banking-blur-618158-300x169.jpg\"},{\"@type\":\"BreadcrumbList\",\"@id\":\"https:\/\/licenseconsulting.com\/fr\/juridique\/#breadcrumb\",\"itemListElement\":[{\"@type\":\"ListItem\",\"position\":1,\"name\":\"Home\",\"item\":\"https:\/\/licenseconsulting.com\/fr\/\"},{\"@type\":\"ListItem\",\"position\":2,\"name\":\"Juridique\"}]},{\"@type\":\"WebSite\",\"@id\":\"https:\/\/licenseconsulting.com\/fr\/#website\",\"url\":\"https:\/\/licenseconsulting.com\/fr\/\",\"name\":\"License Consulting\",\"description\":\"Oracle License Compliance Company\",\"publisher\":{\"@id\":\"https:\/\/licenseconsulting.com\/fr\/#organization\"},\"potentialAction\":[{\"@type\":\"SearchAction\",\"target\":{\"@type\":\"EntryPoint\",\"urlTemplate\":\"https:\/\/licenseconsulting.com\/fr\/?s={search_term_string}\"},\"query-input\":{\"@type\":\"PropertyValueSpecification\",\"valueRequired\":true,\"valueName\":\"search_term_string\"}}],\"inLanguage\":\"fr-FR\"},{\"@type\":\"Organization\",\"@id\":\"https:\/\/licenseconsulting.com\/fr\/#organization\",\"name\":\"License Consulting BV\",\"url\":\"https:\/\/licenseconsulting.com\/fr\/\",\"logo\":{\"@type\":\"ImageObject\",\"inLanguage\":\"fr-FR\",\"@id\":\"https:\/\/licenseconsulting.com\/fr\/#\/schema\/logo\/image\/\",\"url\":\"https:\/\/licenseconsulting.com\/wp-content\/uploads\/2020\/07\/LC-logo-2019-768x144-1.png\",\"contentUrl\":\"https:\/\/licenseconsulting.com\/wp-content\/uploads\/2020\/07\/LC-logo-2019-768x144-1.png\",\"width\":768,\"height\":144,\"caption\":\"License Consulting BV\"},\"image\":{\"@id\":\"https:\/\/licenseconsulting.com\/fr\/#\/schema\/logo\/image\/\"},\"sameAs\":[\"https:\/\/x.com\/OracleLicensing\",\"https:\/\/www.linkedin.com\/company\/license-consulting\/\"]}]}<\/script>\n<!-- \/ Yoast SEO Premium plugin. -->","yoast_head_json":{"title":"Juridique - License Consulting","robots":{"index":"index","follow":"follow","max-snippet":"max-snippet:-1","max-image-preview":"max-image-preview:large","max-video-preview":"max-video-preview:-1"},"canonical":"https:\/\/licenseconsulting.com\/fr\/juridique\/","og_locale":"fr_FR","og_type":"article","og_title":"Juridique","og_description":"Ambigu\u00eft\u00e9s contractuelles et orientations juridiques De nombreux clients Oracle d\u00e9couvre qu\u2019Oracle d\u00e9place les objectifs de leurs accords. License","og_url":"https:\/\/licenseconsulting.com\/fr\/juridique\/","og_site_name":"License Consulting","article_modified_time":"2020-05-22T09:07:30+00:00","og_image":[{"url":"https:\/\/licenseconsulting.com\/wp-content\/uploads\/2020\/03\/administration-agreement-banking-blur-618158-300x169.jpg","type":"","width":"","height":""}],"twitter_card":"summary_large_image","twitter_site":"@OracleLicensing","twitter_misc":{"Dur\u00e9e de lecture estim\u00e9e":"3 minutes"},"schema":{"@context":"https:\/\/schema.org","@graph":[{"@type":"WebPage","@id":"https:\/\/licenseconsulting.com\/fr\/juridique\/","url":"https:\/\/licenseconsulting.com\/fr\/juridique\/","name":"Juridique - License Consulting","isPartOf":{"@id":"https:\/\/licenseconsulting.com\/fr\/#website"},"primaryImageOfPage":{"@id":"https:\/\/licenseconsulting.com\/fr\/juridique\/#primaryimage"},"image":{"@id":"https:\/\/licenseconsulting.com\/fr\/juridique\/#primaryimage"},"thumbnailUrl":"https:\/\/licenseconsulting.com\/wp-content\/uploads\/2020\/03\/administration-agreement-banking-blur-618158-300x169.jpg","datePublished":"2020-02-14T12:56:42+00:00","dateModified":"2020-05-22T09:07:30+00:00","breadcrumb":{"@id":"https:\/\/licenseconsulting.com\/fr\/juridique\/#breadcrumb"},"inLanguage":"fr-FR","potentialAction":[{"@type":"ReadAction","target":["https:\/\/licenseconsulting.com\/fr\/juridique\/"]}]},{"@type":"ImageObject","inLanguage":"fr-FR","@id":"https:\/\/licenseconsulting.com\/fr\/juridique\/#primaryimage","url":"https:\/\/licenseconsulting.com\/wp-content\/uploads\/2020\/03\/administration-agreement-banking-blur-618158-300x169.jpg","contentUrl":"https:\/\/licenseconsulting.com\/wp-content\/uploads\/2020\/03\/administration-agreement-banking-blur-618158-300x169.jpg"},{"@type":"BreadcrumbList","@id":"https:\/\/licenseconsulting.com\/fr\/juridique\/#breadcrumb","itemListElement":[{"@type":"ListItem","position":1,"name":"Home","item":"https:\/\/licenseconsulting.com\/fr\/"},{"@type":"ListItem","position":2,"name":"Juridique"}]},{"@type":"WebSite","@id":"https:\/\/licenseconsulting.com\/fr\/#website","url":"https:\/\/licenseconsulting.com\/fr\/","name":"License Consulting","description":"Oracle License Compliance Company","publisher":{"@id":"https:\/\/licenseconsulting.com\/fr\/#organization"},"potentialAction":[{"@type":"SearchAction","target":{"@type":"EntryPoint","urlTemplate":"https:\/\/licenseconsulting.com\/fr\/?s={search_term_string}"},"query-input":{"@type":"PropertyValueSpecification","valueRequired":true,"valueName":"search_term_string"}}],"inLanguage":"fr-FR"},{"@type":"Organization","@id":"https:\/\/licenseconsulting.com\/fr\/#organization","name":"License Consulting BV","url":"https:\/\/licenseconsulting.com\/fr\/","logo":{"@type":"ImageObject","inLanguage":"fr-FR","@id":"https:\/\/licenseconsulting.com\/fr\/#\/schema\/logo\/image\/","url":"https:\/\/licenseconsulting.com\/wp-content\/uploads\/2020\/07\/LC-logo-2019-768x144-1.png","contentUrl":"https:\/\/licenseconsulting.com\/wp-content\/uploads\/2020\/07\/LC-logo-2019-768x144-1.png","width":768,"height":144,"caption":"License Consulting BV"},"image":{"@id":"https:\/\/licenseconsulting.com\/fr\/#\/schema\/logo\/image\/"},"sameAs":["https:\/\/x.com\/OracleLicensing","https:\/\/www.linkedin.com\/company\/license-consulting\/"]}]}},"_links":{"self":[{"href":"https:\/\/licenseconsulting.com\/fr\/wp-json\/wp\/v2\/pages\/9898","targetHints":{"allow":["GET"]}}],"collection":[{"href":"https:\/\/licenseconsulting.com\/fr\/wp-json\/wp\/v2\/pages"}],"about":[{"href":"https:\/\/licenseconsulting.com\/fr\/wp-json\/wp\/v2\/types\/page"}],"author":[{"embeddable":true,"href":"https:\/\/licenseconsulting.com\/fr\/wp-json\/wp\/v2\/users\/1"}],"replies":[{"embeddable":true,"href":"https:\/\/licenseconsulting.com\/fr\/wp-json\/wp\/v2\/comments?post=9898"}],"version-history":[{"count":7,"href":"https:\/\/licenseconsulting.com\/fr\/wp-json\/wp\/v2\/pages\/9898\/revisions"}],"predecessor-version":[{"id":12189,"href":"https:\/\/licenseconsulting.com\/fr\/wp-json\/wp\/v2\/pages\/9898\/revisions\/12189"}],"wp:attachment":[{"href":"https:\/\/licenseconsulting.com\/fr\/wp-json\/wp\/v2\/media?parent=9898"}],"curies":[{"name":"wp","href":"https:\/\/api.w.org\/{rel}","templated":true}]}}