{"id":9888,"date":"2020-02-14T12:56:41","date_gmt":"2020-02-14T12:56:41","guid":{"rendered":"https:\/\/licenseconsulting.com\/technique\/"},"modified":"2020-05-07T11:23:01","modified_gmt":"2020-05-07T11:23:01","slug":"technique","status":"publish","type":"page","link":"https:\/\/licenseconsulting.com\/fr\/technique\/","title":{"rendered":"Technique"},"content":{"rendered":"<div class=\"wpb-content-wrapper\"><p>[vc_row][vc_column][vc_column_text]<\/p>\n<h1>LE SCRIPT D\u2019AUDIT ORACLE, ANALYSE, OUTILLAGE ET ARCHITECTURES INFORMATIQUES<\/h1>\n<p>[\/vc_column_text][\/vc_column][\/vc_row][vc_row][vc_column][vc_column_text]Licence Consulting offre \u00e0 ses clients un grand choix de capacit\u00e9s techniques.<\/p>\n<h3><strong>Disponibilit\u00e9 De script d\u2019audit Oracle<\/strong><\/h3>\n<p><img fetchpriority=\"high\" decoding=\"async\" class=\"alignleft size-medium wp-image-11105\" src=\"https:\/\/licenseconsulting.com\/wp-content\/uploads\/2020\/03\/woman-holding-laptop-beside-glass-wall-1181316-300x200.jpg\" alt=\"\" width=\"300\" height=\"200\" srcset=\"https:\/\/licenseconsulting.com\/wp-content\/uploads\/2020\/03\/woman-holding-laptop-beside-glass-wall-1181316-300x200.jpg 300w, https:\/\/licenseconsulting.com\/wp-content\/uploads\/2020\/03\/woman-holding-laptop-beside-glass-wall-1181316-1024x684.jpg 1024w, https:\/\/licenseconsulting.com\/wp-content\/uploads\/2020\/03\/woman-holding-laptop-beside-glass-wall-1181316-768x513.jpg 768w, https:\/\/licenseconsulting.com\/wp-content\/uploads\/2020\/03\/woman-holding-laptop-beside-glass-wall-1181316-1536x1025.jpg 1536w, https:\/\/licenseconsulting.com\/wp-content\/uploads\/2020\/03\/woman-holding-laptop-beside-glass-wall-1181316-2048x1367.jpg 2048w\" sizes=\"(max-width: 300px) 100vw, 300px\" \/><\/p>\n<p>Oracle ne fournit aucun code de licence ou tout autre moyen de prot\u00e9ger les clients contre l\u2019utilisation de fonctionnalit\u00e9s sans licence. En fait, la plupart des supports d\u2019installation est livr\u00e9 avec beaucoup de fonctionnalit\u00e9s qui sont pr\u00e9-install\u00e9es par d\u00e9faut, et qui n\u00e9cessitent des licences suppl\u00e9mentaires lors de l\u2019utilisation de ces fonctionnalit\u00e9s. D\u2019autre part, Oracle ne fournit aucun outil ou guide qui aide les clients \u00e0 \u00e9valuer leurs propres risques de licence.<\/p>\n<p>Lors de l\u2019utilisation du logiciel Oracle, le risque de non-conformit\u00e9 est une r\u00e9alit\u00e9 . En m\u00eame temps, les clients ont une difficult\u00e9 \u00e0 comprendre s\u2019ils paient un support pour des licences qui ne sont pas utilis\u00e9es.<\/p>\n<p>Nous avons des solutions pour r\u00e9aliser le script de la plupart des produits Oracle pour refl\u00e9ter l\u2019utilisation de chaque licence et la d\u00e9finition de licence associ\u00e9e. Ci-dessous, nous signalons certaines de nos capacit\u00e9s.<\/p>\n<p><strong>Comptage des licenses de processeur<\/strong><\/p>\n<p>License Consulting a d\u00e9velopp\u00e9 des scripts CPU propri\u00e9taires pour toutes les plates-formes mat\u00e9rielles, y compris VMware, afin de quantifier le nombre de licences de processeur conform\u00e9ment aux d\u00e9finitions contractuelles d\u2019Oracle.<\/p>\n<p><strong>Scripts\u00a0d\u2019audit de base de donn\u00e9es d\u2019Oracle <\/strong><\/p>\n<p>License Consulting a d\u00e9velopp\u00e9 des scripts SQLPlus qui interrogent les tables syst\u00e8me de base de donn\u00e9es Oracle. En plus des tableaux interrog\u00e9s par les scripts d\u2019audit d\u2019Oracle, nos scripts interrogent des informations suppl\u00e9mentaires nous permettant de fournir des conseils meilleurs et plus importants pour optimiser vos d\u00e9ploiements Oracle.<\/p>\n<p><strong>Suite\u00a0Oracle E-Business<\/strong><\/p>\n<p>\u00c0 l\u2019aide de requ\u00eates SQL, les tableaux (entre autres) d\u2019Utilisateurs et de responsabilit\u00e9s sont export\u00e9es. Avec votre administrateur EBS, nous cartographions les donn\u00e9es pour refl\u00e9ter la position de licence conform\u00e9ment au contrat que vous avez accept\u00e9. Une fois que nous avons cartographi\u00e9 votre environnement EBS sp\u00e9cifique, il est tr\u00e8s simple et rentable de vous fournir une Effective License Position (ELP) sur une base r\u00e9guli\u00e8re.<\/p>\n<p>&nbsp;<\/p>\n<h3>ORACLE LMS \u00abVENDEURS D&rsquo;OUTILS TIERS V\u00c9RIFI\u00c9S\u00bb<\/h3>\n<ol>\n<li>Oracle maintient un\u00a0<a href=\"https:\/\/www.oracle.com\/corporate\/license-management-services\/tooling.html\">programme d\u2019outils LMS v\u00e9rifi\u00e9<\/a>. Contrairement \u00e0 ce que sugg\u00e8rent les brochures marketing, les outils ne sont pas une solution miracle \u00e0 la conformit\u00e9 Oracle: Au contraire. Oracle d\u00e9clare clairement que\n<ul>\n<li>Les outils des fournisseurs suivants ont \u00e9t\u00e9 v\u00e9rifi\u00e9s pour fournir des ensembles de donn\u00e9es qui compl\u00e8tent un engagement LMS Oracle<\/li>\n<li>La port\u00e9e du processus de v\u00e9rification ne couvre que la base de donn\u00e9es Oracle et les options associ\u00e9es.<\/li>\n<li>LMS Oracle acceptera les donn\u00e9es de l\u2019un de ces outils comme alternative \u00e0 l\u2019installation d\u2019outils de mesure LMS Oracle.<\/li>\n<li>Veuillez noter que l\u2019installation et l\u2019utilisation d\u2019un outil \u00e0 partir d\u2019un fournisseur v\u00e9rifi\u00e9 ne remplacent pas un audit de licence Oracle ou ne r\u00e9voquent pas le droit contractuel d\u2019Oracle d\u2019en ex\u00e9cuter un.<\/li>\n<li>En outre, les donn\u00e9es d\u2019utilisation recueillies \u00e0 partir de ces outils devront encore \u00eatre analys\u00e9es par l\u2019organisation LMS Oracle afin d\u2019\u00e9valuer les besoins de licence et de fournir au client un relev\u00e9 de conformit\u00e9.<\/li>\n<\/ul>\n<p>&nbsp;<\/p>\n<p>Les fournisseurs d\u2019outils v\u00e9rifi\u00e9s sont Aspera Smart Collect, iQuate, Lime Software, Micro Focus et Flexera. Tous les outils doivent fournir le m\u00eame \u00ab rapport d\u2019utilisation \u00bb (pr\u00e9d\u00e9finis par Oracle) et les m\u00eames donn\u00e9es \u00ab brutes \u00bb. Les points importants d\u2019Oracle signifient que :<\/p>\n<ol>\n<li>Les donn\u00e9es \u00ab conviviales \u00bb fournies par les outils ne sont pas exactes et ne sont donc pas accept\u00e9es par Oracle.<\/li>\n<li>Oracle voudra disposer des donn\u00e9es \u00abbrutes\u00bb, et cr\u00e9er sa \u00abpropre\u00bb analyse.<\/li>\n<li>Les clients n\u2019ont pas la possibilit\u00e9 d\u2019analyser eux-m\u00eames les donn\u00e9es \u00ab brutes \u00bb.<\/li>\n<\/ol>\n<\/li>\n<\/ol>\n<p>&nbsp;<\/p>\n<p><strong>Important<\/strong>: Les fournisseurs d\u2019outils ne peuvent pas \u00eatre bl\u00e2m\u00e9s pour les lacunes dans les rapports Oracle qu\u2019ils fournissent : Ils agissent tous conform\u00e9ment aux pr\u00e9-requis d\u2019Oracle et ne sont pas autoris\u00e9s \u00e0 signaler d\u2019autres donn\u00e9es.<\/p>\n<p>License Consulting est en mesure d\u2019analyser les donn\u00e9es brutes recueillies par tous les fournisseurs d\u2019outils v\u00e9rifi\u00e9s et de fournir des rapports d\u00e9taill\u00e9s d\u2019utilisation et de conformit\u00e9. En outre, nous expliquons les diff\u00e9rences entre les rapports g\u00e9n\u00e9r\u00e9s \u00ab par d\u00e9faut \u00bb \u2013 qui sont tous inexacts \u2013 et le rapport g\u00e9n\u00e9r\u00e9 par nous. Cette comparaison augmente la sensibilisation \u00e0 la conformit\u00e9 de licence Oracle aupr\u00e8s de notre client\u00e8le et les aide \u00e0 comprendre quelle partie des r\u00e9sultats g\u00e9n\u00e9r\u00e9e par le moteur d\u2019Oracle ne peut pas et ne doit pas \u00eatre pleinement fiable.<\/p>\n<p>&nbsp;<\/p>\n<h3>Architectures et design Oracle<\/h3>\n<p>Licence Consulting assiste les clients pour les aider \u00e0 prendre des d\u00e9cisions sur la fa\u00e7on de configurer et de conc\u00e9der la licence des environnements Oracle. Cela permet aux architectures non seulement de fournir les fonctionnalit\u00e9s requises par les professionnels de l\u2019informatique, mais aussi d\u2019emp\u00eacher que le \u00abco\u00fbt de la licence\u00bb soit oubli\u00e9. Cette assistance les aide \u00e9galement \u00e0 g\u00e9rer tous les aspects autour des co\u00fbts tels que le recouvrement en cas de catastrophe, le basculement et l\u2019optimisation des co\u00fbts autour de fonctionnalit\u00e9s sp\u00e9cifiques telles que les options de base de donn\u00e9es. Trop souvent, le co\u00fbt des licences est oubli\u00e9. Licence Consuting calcule non seulement le co\u00fbt de vos id\u00e9es \u00abinitiales\u00bb, mais contribue \u00e9galement \u00e0 cr\u00e9er des sc\u00e9narios alternatifs qui r\u00e9pondent \u00e9galement \u00e0 vos exigences \u2013 mais \u00e0 un prix beaucoup mieux du point de vue de la licence.[\/vc_column_text][\/vc_column][\/vc_row][vc_row][vc_column]<style type=\"text\/css\" data-type=\"the7_shortcodes-inline-css\">#default-btn-71a1d54456148afbe5c2dac941ebd59f.ico-right-side > i {\n  margin-right: 0px;\n  margin-left: 8px;\n}\n#default-btn-71a1d54456148afbe5c2dac941ebd59f > i {\n  margin-right: 8px;\n}\n<\/style><a href=\"https:\/\/licenseconsulting.com\/fr\/contact\/\" class=\"default-btn-shortcode dt-btn dt-btn-m link-hover-off full-width-btn btn-inline-left \" id=\"default-btn-71a1d54456148afbe5c2dac941ebd59f\" title=\"Contact\"><span>Contactez-nous pour plus d&rsquo;informations<\/span><\/a>[\/vc_column][\/vc_row]<\/p>\n<\/div>","protected":false},"excerpt":{"rendered":"<p>[vc_row][vc_column][vc_column_text] LE SCRIPT D\u2019AUDIT ORACLE, ANALYSE, OUTILLAGE ET ARCHITECTURES INFORMATIQUES [\/vc_column_text][\/vc_column][\/vc_row][vc_row][vc_column][vc_column_text]Licence Consulting offre \u00e0 ses clients un grand choix de capacit\u00e9s techniques. Disponibilit\u00e9 De script d\u2019audit Oracle Oracle ne fournit aucun code de licence ou tout autre moyen de prot\u00e9ger les clients contre l\u2019utilisation de fonctionnalit\u00e9s sans licence. En fait, la plupart des supports d\u2019installation&hellip;<\/p>\n","protected":false},"author":1,"featured_media":0,"parent":0,"menu_order":0,"comment_status":"closed","ping_status":"closed","template":"","meta":{"footnotes":""},"class_list":["post-9888","page","type-page","status-publish","hentry","description-off"],"yoast_head":"<!-- This site is optimized with the Yoast SEO Premium plugin v25.2 (Yoast SEO v26.8) - https:\/\/yoast.com\/product\/yoast-seo-premium-wordpress\/ -->\n<title>Technique - License Consulting<\/title>\n<meta name=\"description\" content=\"Nous fournissons des services informatiques hautement sp\u00e9cialis\u00e9s - y compris des scripts d\u2019audit et des capacit\u00e9s d\u2019analyse - aux clients Oracle du monde entier. Conseil VMware et architecture.\" \/>\n<meta name=\"robots\" content=\"index, follow, max-snippet:-1, max-image-preview:large, max-video-preview:-1\" \/>\n<link rel=\"canonical\" href=\"https:\/\/licenseconsulting.com\/fr\/technique\/\" \/>\n<meta property=\"og:locale\" content=\"fr_FR\" \/>\n<meta property=\"og:type\" content=\"article\" \/>\n<meta property=\"og:title\" content=\"Technique\" \/>\n<meta property=\"og:description\" content=\"LE SCRIPT D\u2019AUDIT ORACLE, ANALYSE, OUTILLAGE ET ARCHITECTURES INFORMATIQUES Licence Consulting offre \u00e0 ses clients un grand choix de capacit\u00e9s techniques.\" \/>\n<meta property=\"og:url\" content=\"https:\/\/licenseconsulting.com\/fr\/technique\/\" \/>\n<meta property=\"og:site_name\" content=\"License Consulting\" \/>\n<meta property=\"article:modified_time\" content=\"2020-05-07T11:23:01+00:00\" \/>\n<meta property=\"og:image\" content=\"https:\/\/licenseconsulting.com\/wp-content\/uploads\/2020\/03\/woman-holding-laptop-beside-glass-wall-1181316-300x200.jpg\" \/>\n<meta name=\"twitter:card\" content=\"summary_large_image\" \/>\n<meta name=\"twitter:site\" content=\"@OracleLicensing\" \/>\n<meta name=\"twitter:label1\" content=\"Dur\u00e9e de lecture estim\u00e9e\" \/>\n\t<meta name=\"twitter:data1\" content=\"5 minutes\" \/>\n<script type=\"application\/ld+json\" class=\"yoast-schema-graph\">{\"@context\":\"https:\/\/schema.org\",\"@graph\":[{\"@type\":\"WebPage\",\"@id\":\"https:\/\/licenseconsulting.com\/fr\/technique\/\",\"url\":\"https:\/\/licenseconsulting.com\/fr\/technique\/\",\"name\":\"Technique - License Consulting\",\"isPartOf\":{\"@id\":\"https:\/\/licenseconsulting.com\/fr\/#website\"},\"primaryImageOfPage\":{\"@id\":\"https:\/\/licenseconsulting.com\/fr\/technique\/#primaryimage\"},\"image\":{\"@id\":\"https:\/\/licenseconsulting.com\/fr\/technique\/#primaryimage\"},\"thumbnailUrl\":\"https:\/\/licenseconsulting.com\/wp-content\/uploads\/2020\/03\/woman-holding-laptop-beside-glass-wall-1181316-300x200.jpg\",\"datePublished\":\"2020-02-14T12:56:41+00:00\",\"dateModified\":\"2020-05-07T11:23:01+00:00\",\"description\":\"Nous fournissons des services informatiques hautement sp\u00e9cialis\u00e9s - y compris des scripts d\u2019audit et des capacit\u00e9s d\u2019analyse - aux clients Oracle du monde entier. Conseil VMware et architecture.\",\"breadcrumb\":{\"@id\":\"https:\/\/licenseconsulting.com\/fr\/technique\/#breadcrumb\"},\"inLanguage\":\"fr-FR\",\"potentialAction\":[{\"@type\":\"ReadAction\",\"target\":[\"https:\/\/licenseconsulting.com\/fr\/technique\/\"]}]},{\"@type\":\"ImageObject\",\"inLanguage\":\"fr-FR\",\"@id\":\"https:\/\/licenseconsulting.com\/fr\/technique\/#primaryimage\",\"url\":\"https:\/\/licenseconsulting.com\/wp-content\/uploads\/2020\/03\/woman-holding-laptop-beside-glass-wall-1181316-300x200.jpg\",\"contentUrl\":\"https:\/\/licenseconsulting.com\/wp-content\/uploads\/2020\/03\/woman-holding-laptop-beside-glass-wall-1181316-300x200.jpg\"},{\"@type\":\"BreadcrumbList\",\"@id\":\"https:\/\/licenseconsulting.com\/fr\/technique\/#breadcrumb\",\"itemListElement\":[{\"@type\":\"ListItem\",\"position\":1,\"name\":\"Home\",\"item\":\"https:\/\/licenseconsulting.com\/fr\/\"},{\"@type\":\"ListItem\",\"position\":2,\"name\":\"Technique\"}]},{\"@type\":\"WebSite\",\"@id\":\"https:\/\/licenseconsulting.com\/fr\/#website\",\"url\":\"https:\/\/licenseconsulting.com\/fr\/\",\"name\":\"License Consulting\",\"description\":\"Oracle License Compliance Company\",\"publisher\":{\"@id\":\"https:\/\/licenseconsulting.com\/fr\/#organization\"},\"potentialAction\":[{\"@type\":\"SearchAction\",\"target\":{\"@type\":\"EntryPoint\",\"urlTemplate\":\"https:\/\/licenseconsulting.com\/fr\/?s={search_term_string}\"},\"query-input\":{\"@type\":\"PropertyValueSpecification\",\"valueRequired\":true,\"valueName\":\"search_term_string\"}}],\"inLanguage\":\"fr-FR\"},{\"@type\":\"Organization\",\"@id\":\"https:\/\/licenseconsulting.com\/fr\/#organization\",\"name\":\"License Consulting BV\",\"url\":\"https:\/\/licenseconsulting.com\/fr\/\",\"logo\":{\"@type\":\"ImageObject\",\"inLanguage\":\"fr-FR\",\"@id\":\"https:\/\/licenseconsulting.com\/fr\/#\/schema\/logo\/image\/\",\"url\":\"https:\/\/licenseconsulting.com\/wp-content\/uploads\/2020\/07\/LC-logo-2019-768x144-1.png\",\"contentUrl\":\"https:\/\/licenseconsulting.com\/wp-content\/uploads\/2020\/07\/LC-logo-2019-768x144-1.png\",\"width\":768,\"height\":144,\"caption\":\"License Consulting BV\"},\"image\":{\"@id\":\"https:\/\/licenseconsulting.com\/fr\/#\/schema\/logo\/image\/\"},\"sameAs\":[\"https:\/\/x.com\/OracleLicensing\",\"https:\/\/www.linkedin.com\/company\/license-consulting\/\"]}]}<\/script>\n<!-- \/ Yoast SEO Premium plugin. -->","yoast_head_json":{"title":"Technique - License Consulting","description":"Nous fournissons des services informatiques hautement sp\u00e9cialis\u00e9s - y compris des scripts d\u2019audit et des capacit\u00e9s d\u2019analyse - aux clients Oracle du monde entier. Conseil VMware et architecture.","robots":{"index":"index","follow":"follow","max-snippet":"max-snippet:-1","max-image-preview":"max-image-preview:large","max-video-preview":"max-video-preview:-1"},"canonical":"https:\/\/licenseconsulting.com\/fr\/technique\/","og_locale":"fr_FR","og_type":"article","og_title":"Technique","og_description":"LE SCRIPT D\u2019AUDIT ORACLE, ANALYSE, OUTILLAGE ET ARCHITECTURES INFORMATIQUES Licence Consulting offre \u00e0 ses clients un grand choix de capacit\u00e9s techniques.","og_url":"https:\/\/licenseconsulting.com\/fr\/technique\/","og_site_name":"License Consulting","article_modified_time":"2020-05-07T11:23:01+00:00","og_image":[{"url":"https:\/\/licenseconsulting.com\/wp-content\/uploads\/2020\/03\/woman-holding-laptop-beside-glass-wall-1181316-300x200.jpg","type":"","width":"","height":""}],"twitter_card":"summary_large_image","twitter_site":"@OracleLicensing","twitter_misc":{"Dur\u00e9e de lecture estim\u00e9e":"5 minutes"},"schema":{"@context":"https:\/\/schema.org","@graph":[{"@type":"WebPage","@id":"https:\/\/licenseconsulting.com\/fr\/technique\/","url":"https:\/\/licenseconsulting.com\/fr\/technique\/","name":"Technique - License Consulting","isPartOf":{"@id":"https:\/\/licenseconsulting.com\/fr\/#website"},"primaryImageOfPage":{"@id":"https:\/\/licenseconsulting.com\/fr\/technique\/#primaryimage"},"image":{"@id":"https:\/\/licenseconsulting.com\/fr\/technique\/#primaryimage"},"thumbnailUrl":"https:\/\/licenseconsulting.com\/wp-content\/uploads\/2020\/03\/woman-holding-laptop-beside-glass-wall-1181316-300x200.jpg","datePublished":"2020-02-14T12:56:41+00:00","dateModified":"2020-05-07T11:23:01+00:00","description":"Nous fournissons des services informatiques hautement sp\u00e9cialis\u00e9s - y compris des scripts d\u2019audit et des capacit\u00e9s d\u2019analyse - aux clients Oracle du monde entier. Conseil VMware et architecture.","breadcrumb":{"@id":"https:\/\/licenseconsulting.com\/fr\/technique\/#breadcrumb"},"inLanguage":"fr-FR","potentialAction":[{"@type":"ReadAction","target":["https:\/\/licenseconsulting.com\/fr\/technique\/"]}]},{"@type":"ImageObject","inLanguage":"fr-FR","@id":"https:\/\/licenseconsulting.com\/fr\/technique\/#primaryimage","url":"https:\/\/licenseconsulting.com\/wp-content\/uploads\/2020\/03\/woman-holding-laptop-beside-glass-wall-1181316-300x200.jpg","contentUrl":"https:\/\/licenseconsulting.com\/wp-content\/uploads\/2020\/03\/woman-holding-laptop-beside-glass-wall-1181316-300x200.jpg"},{"@type":"BreadcrumbList","@id":"https:\/\/licenseconsulting.com\/fr\/technique\/#breadcrumb","itemListElement":[{"@type":"ListItem","position":1,"name":"Home","item":"https:\/\/licenseconsulting.com\/fr\/"},{"@type":"ListItem","position":2,"name":"Technique"}]},{"@type":"WebSite","@id":"https:\/\/licenseconsulting.com\/fr\/#website","url":"https:\/\/licenseconsulting.com\/fr\/","name":"License Consulting","description":"Oracle License Compliance Company","publisher":{"@id":"https:\/\/licenseconsulting.com\/fr\/#organization"},"potentialAction":[{"@type":"SearchAction","target":{"@type":"EntryPoint","urlTemplate":"https:\/\/licenseconsulting.com\/fr\/?s={search_term_string}"},"query-input":{"@type":"PropertyValueSpecification","valueRequired":true,"valueName":"search_term_string"}}],"inLanguage":"fr-FR"},{"@type":"Organization","@id":"https:\/\/licenseconsulting.com\/fr\/#organization","name":"License Consulting BV","url":"https:\/\/licenseconsulting.com\/fr\/","logo":{"@type":"ImageObject","inLanguage":"fr-FR","@id":"https:\/\/licenseconsulting.com\/fr\/#\/schema\/logo\/image\/","url":"https:\/\/licenseconsulting.com\/wp-content\/uploads\/2020\/07\/LC-logo-2019-768x144-1.png","contentUrl":"https:\/\/licenseconsulting.com\/wp-content\/uploads\/2020\/07\/LC-logo-2019-768x144-1.png","width":768,"height":144,"caption":"License Consulting BV"},"image":{"@id":"https:\/\/licenseconsulting.com\/fr\/#\/schema\/logo\/image\/"},"sameAs":["https:\/\/x.com\/OracleLicensing","https:\/\/www.linkedin.com\/company\/license-consulting\/"]}]}},"_links":{"self":[{"href":"https:\/\/licenseconsulting.com\/fr\/wp-json\/wp\/v2\/pages\/9888","targetHints":{"allow":["GET"]}}],"collection":[{"href":"https:\/\/licenseconsulting.com\/fr\/wp-json\/wp\/v2\/pages"}],"about":[{"href":"https:\/\/licenseconsulting.com\/fr\/wp-json\/wp\/v2\/types\/page"}],"author":[{"embeddable":true,"href":"https:\/\/licenseconsulting.com\/fr\/wp-json\/wp\/v2\/users\/1"}],"replies":[{"embeddable":true,"href":"https:\/\/licenseconsulting.com\/fr\/wp-json\/wp\/v2\/comments?post=9888"}],"version-history":[{"count":8,"href":"https:\/\/licenseconsulting.com\/fr\/wp-json\/wp\/v2\/pages\/9888\/revisions"}],"predecessor-version":[{"id":12029,"href":"https:\/\/licenseconsulting.com\/fr\/wp-json\/wp\/v2\/pages\/9888\/revisions\/12029"}],"wp:attachment":[{"href":"https:\/\/licenseconsulting.com\/fr\/wp-json\/wp\/v2\/media?parent=9888"}],"curies":[{"name":"wp","href":"https:\/\/api.w.org\/{rel}","templated":true}]}}