{"id":9876,"date":"2020-02-14T12:56:40","date_gmt":"2020-02-14T12:56:40","guid":{"rendered":"https:\/\/licenseconsulting.com\/equipe-de-direction\/"},"modified":"2020-05-06T11:15:10","modified_gmt":"2020-05-06T11:15:10","slug":"equipe-de-direction","status":"publish","type":"page","link":"https:\/\/licenseconsulting.com\/fr\/equipe-de-direction\/","title":{"rendered":"\u00c9quipe de direction"},"content":{"rendered":"<div class=\"wpb-content-wrapper\"><p>[vc_row][vc_column width=\u00a0\u00bb1\/2&Prime;]<div id=\"ultimate-heading-212269d7d463a7d90\" class=\"uvc-heading ult-adjust-bottom-margin ultimate-heading-212269d7d463a7d90 uvc-5664  uvc-heading-default-font-sizes\" data-hspacer=\"no_spacer\"  data-halign=\"center\" style=\"text-align:center\"><div class=\"uvc-heading-spacer no_spacer\" style=\"top\"><\/div><div class=\"uvc-main-heading ult-responsive\"  data-ultimate-target='.uvc-heading.ultimate-heading-212269d7d463a7d90 h2'  data-responsive-json-new='{\"font-size\":\"\",\"line-height\":\"\"}' ><h2 style=\"--font-weight:theme;\">DANIEL HESSELINK<\/h2><\/div><div class=\"uvc-sub-heading ult-responsive\"  data-ultimate-target='.uvc-heading.ultimate-heading-212269d7d463a7d90 .uvc-sub-heading '  data-responsive-json-new='{\"font-size\":\"\",\"line-height\":\"\"}'  style=\"font-weight:normal;\">FONDATEUR ET DIRECTEUR GENERAL<\/div><\/div>[vc_empty_space][vc_row_inner][vc_column_inner width=\u00a0\u00bb1\/4&Prime;]<style type=\"text\/css\" data-type=\"the7_shortcodes-inline-css\">.shortcode-single-image-wrap.shortcode-single-image-eaaaa97c09eded093c1d6521c53fdc09.enable-bg-rollover .rollover i,\n.shortcode-single-image-wrap.shortcode-single-image-eaaaa97c09eded093c1d6521c53fdc09.enable-bg-rollover .rollover-video i {\n  background: -webkit-linear-gradient();\n  background: linear-gradient();\n}\n.shortcode-single-image-wrap.shortcode-single-image-eaaaa97c09eded093c1d6521c53fdc09 .rollover-icon {\n  font-size: 32px;\n  color: #ffffff;\n  min-width: 44px;\n  min-height: 44px;\n  line-height: 44px;\n  border-radius: 100px;\n  border-style: solid;\n  border-width: 0px;\n}\n.dt-icon-bg-on.shortcode-single-image-wrap.shortcode-single-image-eaaaa97c09eded093c1d6521c53fdc09 .rollover-icon {\n  background: rgba(255,255,255,0.3);\n  box-shadow: none;\n}\n<\/style><div class=\"shortcode-single-image-wrap shortcode-single-image-eaaaa97c09eded093c1d6521c53fdc09 alignnone  enable-bg-rollover dt-icon-bg-off\" style=\"margin-top:0px; margin-bottom:0px; margin-left:0px; margin-right:0px; width:500px;\"><div class=\"shortcode-single-image\"><div class=\"fancy-media-wrap  layzr-bg\" style=\"border-radius:500px;\"><img fetchpriority=\"high\" decoding=\"async\" class=\"preload-me lazy-load aspect\" src=\"data:image\/svg+xml,%3Csvg%20xmlns%3D&#39;http%3A%2F%2Fwww.w3.org%2F2000%2Fsvg&#39;%20viewBox%3D&#39;0%200%20305%20303&#39;%2F%3E\" data-src=\"https:\/\/licenseconsulting.com\/wp-content\/uploads\/2020\/03\/Daniel-1MB.png\" data-srcset=\"https:\/\/licenseconsulting.com\/wp-content\/uploads\/2020\/03\/Daniel-1MB.png 305w\" loading=\"eager\" sizes=\"(max-width: 305px) 100vw, 305px\" width=\"305\" height=\"303\"  data-dt-location=\"https:\/\/licenseconsulting.com\/fr\/equipe-de-direction\/attachment\/daniel-1mb-2\/\" style=\"--ratio: 305 \/ 303;border-radius:500px;\" alt=\"Daniel Hesselink\" \/><\/div><\/div><\/div>[\/vc_column_inner][vc_column_inner width=\u00a0\u00bb3\/4&Prime;][vc_column_text]Daniel Hesselink travaille dans l\u2019industrie des licences de logiciels depuis 1995. Il a occup\u00e9 des postes chez des fournisseurs, des distributeurs et des revendeurs tout en couvrant de nombreux \u00e9diteurs de logiciels, acqu\u00e9rant une riche exp\u00e9rience. Sa nature consultative lui a valu le titre de formateur du personnel, des partenaires et des utilisateurs finaux en ce qui concerne les licences de logiciels. En tant qu\u2019auditeur pour Oracle License Management Services (LMS), il a \u00e9galement form\u00e9 de nouveaux collaborateurs LMS et Sales dans toute la r\u00e9gion EMEA.[\/vc_column_text][\/vc_column_inner][\/vc_row_inner][vc_column_text]Depuis la fondation de License Consulting en 2007, M. Hesselink travaille exclusivement c\u00f4t\u00e9 client, aidant les utilisateurs finaux \u00e0 am\u00e9liorer activement la conformit\u00e9 de leur licence Oracle et \u00e0 am\u00e9liorer leur position de n\u00e9gociation contre Oracle. En raison de sa combinaison de comp\u00e9tences techniques et de communication, il est consid\u00e9r\u00e9 comme un expert de l\u2019industrie pour les licences Oracle et un conf\u00e9rencier invit\u00e9 fr\u00e9quent dans les sites de software Asset Management \u00e0 travers le monde, ainsi que des \u00e9v\u00e9nements de l\u2019industrie informatique en tant que tels que VMWorld.[\/vc_column_text]<style type=\"text\/css\" data-type=\"the7_shortcodes-inline-css\">#default-btn-7dc01950f7a951e5dda38678f959de00 {\n  border-radius: 0px;\n  font-size: 16px;\n  line-height: 18px;\n}\n.btn-shadow#default-btn-7dc01950f7a951e5dda38678f959de00 {\n  box-shadow: 0 1px 6px rgba(0,0,0,0.12);\n  transition: box-shadow 0.2s ease-out, opacity 0.45s;\n}\n.btn-shadow#default-btn-7dc01950f7a951e5dda38678f959de00:hover {\n  box-shadow: 0 5px 11px 0 rgba(0,0,0,0.18), 0 4px 15px 0 rgba(0,0,0,0.15);\n}\n.btn-flat#default-btn-7dc01950f7a951e5dda38678f959de00 {\n  box-shadow: none;\n}\n.btn-flat#default-btn-7dc01950f7a951e5dda38678f959de00:hover {\n  box-shadow: none;\n}\n#default-btn-7dc01950f7a951e5dda38678f959de00.ico-right-side > i {\n  margin-right: 0px;\n  margin-left: 8px;\n}\n#default-btn-7dc01950f7a951e5dda38678f959de00 > i {\n  margin-right: 8px;\n  font-size: 20px;\n}\n#default-btn-7dc01950f7a951e5dda38678f959de00:not(:hover) {\n  border-width: 0px;\n  padding: 10px 18px 10px 16px;\n}\n#default-btn-7dc01950f7a951e5dda38678f959de00:hover {\n  border-width: 0px;\n  padding: 10px 18px 10px 16px;\n}\n#default-btn-7dc01950f7a951e5dda38678f959de00.ico-right-side > i {\n  margin-right: 0px;\n  margin-left: 8px;\n}\n#default-btn-7dc01950f7a951e5dda38678f959de00 > i {\n  margin-right: 8px;\n}\n<\/style><div class=\"btn-align-left\"><a href=\"https:\/\/www.linkedin.com\/in\/danielhesselink\" class=\"default-btn-shortcode dt-btn link-hover-off btn-flat \" target=\"_blank\" id=\"default-btn-7dc01950f7a951e5dda38678f959de00\" rel=\"noopener\"><i class=\"icomoon-icomoonfree-16x16-linkedin\"><\/i><span>Linkedin<\/span><\/a><\/div>[\/vc_column][vc_column width=\u00a0\u00bb1\/2&Prime;]<div id=\"ultimate-heading-847069d7d463a8763\" class=\"uvc-heading ult-adjust-bottom-margin ultimate-heading-847069d7d463a8763 uvc-4027  uvc-heading-default-font-sizes\" data-hspacer=\"no_spacer\"  data-halign=\"center\" style=\"text-align:center\"><div class=\"uvc-heading-spacer no_spacer\" style=\"top\"><\/div><div class=\"uvc-main-heading ult-responsive\"  data-ultimate-target='.uvc-heading.ultimate-heading-847069d7d463a8763 h2'  data-responsive-json-new='{\"font-size\":\"\",\"line-height\":\"\"}' ><h2 style=\"--font-weight:theme;\">ARNO MASTIK<\/h2><\/div><div class=\"uvc-sub-heading ult-responsive\"  data-ultimate-target='.uvc-heading.ultimate-heading-847069d7d463a8763 .uvc-sub-heading '  data-responsive-json-new='{\"font-size\":\"\",\"line-height\":\"\"}'  style=\"font-weight:normal;\">PARTENAIRE ET DIRECTEUR TECHNIQUE<\/div><\/div>[vc_empty_space][vc_row_inner][vc_column_inner width=\u00a0\u00bb1\/4&Prime;]<style type=\"text\/css\" data-type=\"the7_shortcodes-inline-css\">.shortcode-single-image-wrap.shortcode-single-image-f53b2545c594f228b509031948bf180d.enable-bg-rollover .rollover i,\n.shortcode-single-image-wrap.shortcode-single-image-f53b2545c594f228b509031948bf180d.enable-bg-rollover .rollover-video i {\n  background: -webkit-linear-gradient();\n  background: linear-gradient();\n}\n.shortcode-single-image-wrap.shortcode-single-image-f53b2545c594f228b509031948bf180d .rollover-icon {\n  font-size: 32px;\n  color: #ffffff;\n  min-width: 44px;\n  min-height: 44px;\n  line-height: 44px;\n  border-radius: 100px;\n  border-style: solid;\n  border-width: 0px;\n}\n.dt-icon-bg-on.shortcode-single-image-wrap.shortcode-single-image-f53b2545c594f228b509031948bf180d .rollover-icon {\n  background: rgba(255,255,255,0.3);\n  box-shadow: none;\n}\n<\/style><div class=\"shortcode-single-image-wrap shortcode-single-image-f53b2545c594f228b509031948bf180d alignnone  enable-bg-rollover dt-icon-bg-off\" style=\"margin-top:0px; margin-bottom:0px; margin-left:0px; margin-right:0px; width:500px;\"><div class=\"shortcode-single-image\"><div class=\"fancy-media-wrap  layzr-bg\" style=\"border-radius:500px;\"><img decoding=\"async\" class=\"preload-me lazy-load aspect\" src=\"data:image\/svg+xml,%3Csvg%20xmlns%3D&#39;http%3A%2F%2Fwww.w3.org%2F2000%2Fsvg&#39;%20viewBox%3D&#39;0%200%20500%20496&#39;%2F%3E\" data-src=\"https:\/\/licenseconsulting.com\/wp-content\/uploads\/2020\/03\/Arno-PPT-picture-500x496.png\" data-srcset=\"https:\/\/licenseconsulting.com\/wp-content\/uploads\/2020\/03\/Arno-PPT-picture-500x496.png 500w, https:\/\/licenseconsulting.com\/wp-content\/uploads\/2020\/03\/Arno-PPT-picture-1000x992.png 1000w\" loading=\"eager\" sizes=\"(max-width: 500px) 100vw, 500px\" width=\"500\" height=\"496\"  data-dt-location=\"https:\/\/licenseconsulting.com\/fr\/equipe-de-direction\/attachment\/arno-ppt-picture-2\/\" style=\"--ratio: 500 \/ 496;border-radius:500px;\" alt=\"Arno Mastik\" \/><\/div><\/div><\/div>[\/vc_column_inner][vc_column_inner width=\u00a0\u00bb3\/4&Prime;][vc_column_text]Arno Mastik travaille dans l\u2019industrie des licences de logiciels depuis 1998. Il a occup\u00e9 plusieurs postes \u00e0 Oracle, entre autres chez Support Sales et en tant qu\u2019auditeur pour Oracle License Management Services (LMS). Ses comp\u00e9tences techniques exceptionnelles lui permettent de devenir Consultant Manager dans un grand cabinet de conseil Oracle. En 2012 il a d\u00e9cid\u00e9 de rejoindre License Consulting.[\/vc_column_text][\/vc_column_inner][\/vc_row_inner][vc_column_text]Apr\u00e8s s\u2019\u00eatre joint \u00e0 Licence Consulting, M. Mastik a utilis\u00e9 ses comp\u00e9tences pour am\u00e9liorer les capacit\u00e9s en analyse de donn\u00e9es pour les activit\u00e9s de v\u00e9rification de la d\u00e9fense. Il assure la liaison avec les \u00e9quipes techniques de nos clients, les aidant \u00e0 pr\u00e9server l\u2019excellence op\u00e9rationnelle tout en gardant le contr\u00f4le.[\/vc_column_text]<style type=\"text\/css\" data-type=\"the7_shortcodes-inline-css\">#default-btn-109e9fcf7488fd0790795cebc78667c5 {\n  border-radius: 0px;\n  font-size: 16px;\n  line-height: 18px;\n}\n.btn-shadow#default-btn-109e9fcf7488fd0790795cebc78667c5 {\n  box-shadow: 0 1px 6px rgba(0,0,0,0.12);\n  transition: box-shadow 0.2s ease-out, opacity 0.45s;\n}\n.btn-shadow#default-btn-109e9fcf7488fd0790795cebc78667c5:hover {\n  box-shadow: 0 5px 11px 0 rgba(0,0,0,0.18), 0 4px 15px 0 rgba(0,0,0,0.15);\n}\n.btn-flat#default-btn-109e9fcf7488fd0790795cebc78667c5 {\n  box-shadow: none;\n}\n.btn-flat#default-btn-109e9fcf7488fd0790795cebc78667c5:hover {\n  box-shadow: none;\n}\n#default-btn-109e9fcf7488fd0790795cebc78667c5.ico-right-side > i {\n  margin-right: 0px;\n  margin-left: 8px;\n}\n#default-btn-109e9fcf7488fd0790795cebc78667c5 > i {\n  margin-right: 8px;\n  font-size: 20px;\n}\n#default-btn-109e9fcf7488fd0790795cebc78667c5:not(:hover) {\n  border-width: 0px;\n  padding: 10px 18px 10px 16px;\n}\n#default-btn-109e9fcf7488fd0790795cebc78667c5:hover {\n  border-width: 0px;\n  padding: 10px 18px 10px 16px;\n}\n#default-btn-109e9fcf7488fd0790795cebc78667c5.ico-right-side > i {\n  margin-right: 0px;\n  margin-left: 8px;\n}\n#default-btn-109e9fcf7488fd0790795cebc78667c5 > i {\n  margin-right: 8px;\n}\n<\/style><a href=\"https:\/\/www.linkedin.com\/in\/arnomastik\/\" class=\"default-btn-shortcode dt-btn link-hover-off btn-inline-left btn-flat \" target=\"_blank\" id=\"default-btn-109e9fcf7488fd0790795cebc78667c5\" rel=\"noopener\"><i class=\"icomoon-icomoonfree-16x16-linkedin\"><\/i><span>Linkedin<\/span><\/a>[\/vc_column][\/vc_row][vc_row][vc_column][vc_empty_space height=\u00a0\u00bb64px\u00a0\u00bb][vc_column_text]<\/p>\n<p style=\"text-align: center;\"><a href=\"https:\/\/licenseconsulting.com\/fr\/environ\/\">en savoir plus sur l&rsquo;entreprise<\/a><\/p>\n<p>[\/vc_column_text][\/vc_column][\/vc_row]<\/p>\n<\/div>","protected":false},"excerpt":{"rendered":"<p>[vc_row][vc_column width=\u00a0\u00bb1\/2&Prime;][vc_empty_space][vc_row_inner][vc_column_inner width=\u00a0\u00bb1\/4&Prime;][\/vc_column_inner][vc_column_inner width=\u00a0\u00bb3\/4&Prime;][vc_column_text]Daniel Hesselink travaille dans l\u2019industrie des licences de logiciels depuis 1995. Il a occup\u00e9 des postes chez des fournisseurs, des distributeurs et des revendeurs tout en couvrant de nombreux \u00e9diteurs de logiciels, acqu\u00e9rant une riche exp\u00e9rience. Sa nature consultative lui a valu le titre de formateur du personnel, des partenaires et des&hellip;<\/p>\n","protected":false},"author":1,"featured_media":0,"parent":0,"menu_order":0,"comment_status":"closed","ping_status":"closed","template":"","meta":{"footnotes":""},"class_list":["post-9876","page","type-page","status-publish","hentry","description-off"],"yoast_head":"<!-- This site is optimized with the Yoast SEO Premium plugin v25.2 (Yoast SEO v26.8) - https:\/\/yoast.com\/product\/yoast-seo-premium-wordpress\/ -->\n<title>\u00c9quipe de direction - License Consulting<\/title>\n<meta name=\"robots\" content=\"index, follow, max-snippet:-1, max-image-preview:large, max-video-preview:-1\" \/>\n<link rel=\"canonical\" href=\"https:\/\/licenseconsulting.com\/fr\/equipe-de-direction\/\" \/>\n<meta property=\"og:locale\" content=\"fr_FR\" \/>\n<meta property=\"og:type\" content=\"article\" \/>\n<meta property=\"og:title\" content=\"\u00c9quipe de direction\" \/>\n<meta property=\"og:description\" content=\"Daniel Hesselink travaille dans l\u2019industrie des licences de logiciels depuis 1995. Il a occup\u00e9 des postes chez des fournisseurs, des distributeurs et des\" \/>\n<meta property=\"og:url\" content=\"https:\/\/licenseconsulting.com\/fr\/equipe-de-direction\/\" \/>\n<meta property=\"og:site_name\" content=\"License Consulting\" \/>\n<meta property=\"article:modified_time\" content=\"2020-05-06T11:15:10+00:00\" \/>\n<meta name=\"twitter:card\" content=\"summary_large_image\" \/>\n<meta name=\"twitter:site\" content=\"@OracleLicensing\" \/>\n<meta name=\"twitter:label1\" content=\"Dur\u00e9e de lecture estim\u00e9e\" \/>\n\t<meta name=\"twitter:data1\" content=\"3 minutes\" \/>\n<script type=\"application\/ld+json\" class=\"yoast-schema-graph\">{\"@context\":\"https:\/\/schema.org\",\"@graph\":[{\"@type\":\"WebPage\",\"@id\":\"https:\/\/licenseconsulting.com\/fr\/equipe-de-direction\/\",\"url\":\"https:\/\/licenseconsulting.com\/fr\/equipe-de-direction\/\",\"name\":\"\u00c9quipe de direction - License Consulting\",\"isPartOf\":{\"@id\":\"https:\/\/licenseconsulting.com\/fr\/#website\"},\"datePublished\":\"2020-02-14T12:56:40+00:00\",\"dateModified\":\"2020-05-06T11:15:10+00:00\",\"breadcrumb\":{\"@id\":\"https:\/\/licenseconsulting.com\/fr\/equipe-de-direction\/#breadcrumb\"},\"inLanguage\":\"fr-FR\",\"potentialAction\":[{\"@type\":\"ReadAction\",\"target\":[\"https:\/\/licenseconsulting.com\/fr\/equipe-de-direction\/\"]}]},{\"@type\":\"BreadcrumbList\",\"@id\":\"https:\/\/licenseconsulting.com\/fr\/equipe-de-direction\/#breadcrumb\",\"itemListElement\":[{\"@type\":\"ListItem\",\"position\":1,\"name\":\"Home\",\"item\":\"https:\/\/licenseconsulting.com\/fr\/\"},{\"@type\":\"ListItem\",\"position\":2,\"name\":\"\u00c9quipe de direction\"}]},{\"@type\":\"WebSite\",\"@id\":\"https:\/\/licenseconsulting.com\/fr\/#website\",\"url\":\"https:\/\/licenseconsulting.com\/fr\/\",\"name\":\"License Consulting\",\"description\":\"Oracle License Compliance Company\",\"publisher\":{\"@id\":\"https:\/\/licenseconsulting.com\/fr\/#organization\"},\"potentialAction\":[{\"@type\":\"SearchAction\",\"target\":{\"@type\":\"EntryPoint\",\"urlTemplate\":\"https:\/\/licenseconsulting.com\/fr\/?s={search_term_string}\"},\"query-input\":{\"@type\":\"PropertyValueSpecification\",\"valueRequired\":true,\"valueName\":\"search_term_string\"}}],\"inLanguage\":\"fr-FR\"},{\"@type\":\"Organization\",\"@id\":\"https:\/\/licenseconsulting.com\/fr\/#organization\",\"name\":\"License Consulting BV\",\"url\":\"https:\/\/licenseconsulting.com\/fr\/\",\"logo\":{\"@type\":\"ImageObject\",\"inLanguage\":\"fr-FR\",\"@id\":\"https:\/\/licenseconsulting.com\/fr\/#\/schema\/logo\/image\/\",\"url\":\"https:\/\/licenseconsulting.com\/wp-content\/uploads\/2020\/07\/LC-logo-2019-768x144-1.png\",\"contentUrl\":\"https:\/\/licenseconsulting.com\/wp-content\/uploads\/2020\/07\/LC-logo-2019-768x144-1.png\",\"width\":768,\"height\":144,\"caption\":\"License Consulting BV\"},\"image\":{\"@id\":\"https:\/\/licenseconsulting.com\/fr\/#\/schema\/logo\/image\/\"},\"sameAs\":[\"https:\/\/x.com\/OracleLicensing\",\"https:\/\/www.linkedin.com\/company\/license-consulting\/\"]}]}<\/script>\n<!-- \/ Yoast SEO Premium plugin. -->","yoast_head_json":{"title":"\u00c9quipe de direction - License Consulting","robots":{"index":"index","follow":"follow","max-snippet":"max-snippet:-1","max-image-preview":"max-image-preview:large","max-video-preview":"max-video-preview:-1"},"canonical":"https:\/\/licenseconsulting.com\/fr\/equipe-de-direction\/","og_locale":"fr_FR","og_type":"article","og_title":"\u00c9quipe de direction","og_description":"Daniel Hesselink travaille dans l\u2019industrie des licences de logiciels depuis 1995. Il a occup\u00e9 des postes chez des fournisseurs, des distributeurs et des","og_url":"https:\/\/licenseconsulting.com\/fr\/equipe-de-direction\/","og_site_name":"License Consulting","article_modified_time":"2020-05-06T11:15:10+00:00","twitter_card":"summary_large_image","twitter_site":"@OracleLicensing","twitter_misc":{"Dur\u00e9e de lecture estim\u00e9e":"3 minutes"},"schema":{"@context":"https:\/\/schema.org","@graph":[{"@type":"WebPage","@id":"https:\/\/licenseconsulting.com\/fr\/equipe-de-direction\/","url":"https:\/\/licenseconsulting.com\/fr\/equipe-de-direction\/","name":"\u00c9quipe de direction - License Consulting","isPartOf":{"@id":"https:\/\/licenseconsulting.com\/fr\/#website"},"datePublished":"2020-02-14T12:56:40+00:00","dateModified":"2020-05-06T11:15:10+00:00","breadcrumb":{"@id":"https:\/\/licenseconsulting.com\/fr\/equipe-de-direction\/#breadcrumb"},"inLanguage":"fr-FR","potentialAction":[{"@type":"ReadAction","target":["https:\/\/licenseconsulting.com\/fr\/equipe-de-direction\/"]}]},{"@type":"BreadcrumbList","@id":"https:\/\/licenseconsulting.com\/fr\/equipe-de-direction\/#breadcrumb","itemListElement":[{"@type":"ListItem","position":1,"name":"Home","item":"https:\/\/licenseconsulting.com\/fr\/"},{"@type":"ListItem","position":2,"name":"\u00c9quipe de direction"}]},{"@type":"WebSite","@id":"https:\/\/licenseconsulting.com\/fr\/#website","url":"https:\/\/licenseconsulting.com\/fr\/","name":"License Consulting","description":"Oracle License Compliance Company","publisher":{"@id":"https:\/\/licenseconsulting.com\/fr\/#organization"},"potentialAction":[{"@type":"SearchAction","target":{"@type":"EntryPoint","urlTemplate":"https:\/\/licenseconsulting.com\/fr\/?s={search_term_string}"},"query-input":{"@type":"PropertyValueSpecification","valueRequired":true,"valueName":"search_term_string"}}],"inLanguage":"fr-FR"},{"@type":"Organization","@id":"https:\/\/licenseconsulting.com\/fr\/#organization","name":"License Consulting BV","url":"https:\/\/licenseconsulting.com\/fr\/","logo":{"@type":"ImageObject","inLanguage":"fr-FR","@id":"https:\/\/licenseconsulting.com\/fr\/#\/schema\/logo\/image\/","url":"https:\/\/licenseconsulting.com\/wp-content\/uploads\/2020\/07\/LC-logo-2019-768x144-1.png","contentUrl":"https:\/\/licenseconsulting.com\/wp-content\/uploads\/2020\/07\/LC-logo-2019-768x144-1.png","width":768,"height":144,"caption":"License Consulting BV"},"image":{"@id":"https:\/\/licenseconsulting.com\/fr\/#\/schema\/logo\/image\/"},"sameAs":["https:\/\/x.com\/OracleLicensing","https:\/\/www.linkedin.com\/company\/license-consulting\/"]}]}},"_links":{"self":[{"href":"https:\/\/licenseconsulting.com\/fr\/wp-json\/wp\/v2\/pages\/9876","targetHints":{"allow":["GET"]}}],"collection":[{"href":"https:\/\/licenseconsulting.com\/fr\/wp-json\/wp\/v2\/pages"}],"about":[{"href":"https:\/\/licenseconsulting.com\/fr\/wp-json\/wp\/v2\/types\/page"}],"author":[{"embeddable":true,"href":"https:\/\/licenseconsulting.com\/fr\/wp-json\/wp\/v2\/users\/1"}],"replies":[{"embeddable":true,"href":"https:\/\/licenseconsulting.com\/fr\/wp-json\/wp\/v2\/comments?post=9876"}],"version-history":[{"count":6,"href":"https:\/\/licenseconsulting.com\/fr\/wp-json\/wp\/v2\/pages\/9876\/revisions"}],"predecessor-version":[{"id":11988,"href":"https:\/\/licenseconsulting.com\/fr\/wp-json\/wp\/v2\/pages\/9876\/revisions\/11988"}],"wp:attachment":[{"href":"https:\/\/licenseconsulting.com\/fr\/wp-json\/wp\/v2\/media?parent=9876"}],"curies":[{"name":"wp","href":"https:\/\/api.w.org\/{rel}","templated":true}]}}