{"id":9844,"date":"2020-02-14T12:56:33","date_gmt":"2020-02-14T12:56:33","guid":{"rendered":"https:\/\/licenseconsulting.com\/oracle-lms-audit-negociations\/"},"modified":"2020-05-22T09:25:27","modified_gmt":"2020-05-22T09:25:27","slug":"negociations-daudit-oracle-lms","status":"publish","type":"page","link":"https:\/\/licenseconsulting.com\/fr\/services\/negociations-daudit-oracle-lms\/","title":{"rendered":"N\u00e9gociations d\u2019Audit Oracle LMS"},"content":{"rendered":"<div class=\"wpb-content-wrapper\"><p>[vc_row][vc_column]<div id=\"ultimate-heading-602169d7d32b40c60\" class=\"uvc-heading ult-adjust-bottom-margin ultimate-heading-602169d7d32b40c60 uvc-1743 \" data-hspacer=\"no_spacer\"  data-halign=\"left\" style=\"text-align:left\"><div class=\"uvc-heading-spacer no_spacer\" style=\"top\"><\/div><div class=\"uvc-main-heading ult-responsive\"  data-ultimate-target='.uvc-heading.ultimate-heading-602169d7d32b40c60 h2'  data-responsive-json-new='{\"font-size\":\"desktop:26px;\",\"line-height\":\"desktop:32px;\"}' ><h2 style=\"--font-weight:theme;margin-bottom:20px;\">Oracle LMS a pr\u00e9sent\u00e9 une all\u00e9gation de conformit\u00e9 importante.<\/h2><\/div><\/div>[vc_empty_space][\/vc_column][\/vc_row][vc_row][vc_column width=\u00a0\u00bb3\/5&Prime;][vc_column_text]Les n\u00e9gociations d\u2019audit Oracle LMS abordent le sc\u00e9nario o\u00f9 Oracle LMS, ou l\u2019un de leurs partenaires d\u2019audit, a effectu\u00e9 un audit de conformit\u00e9 au sein de votre organisation. Le service peut commencer \u00e0 tout moment avant de signer une proposition d\u2019Oracle.<\/p>\n<p>Tous les consultants qui s\u2019engagent dans ces projets sont d\u2019anciens auditeurs LMS et ont plus de 10 ans d\u2019exp\u00e9rience dans la d\u00e9fense des clients des r\u00e9clamations d\u2019audit Oracle LMS. Bas\u00e9 sur des centaines de succ\u00e8s \u2013 et parce que nos consultants ont des connaissances intimes sur les strat\u00e9gies d\u2019Oracle \u2013 nous pouvons conseiller comme personne d\u2019autre.<\/p>\n<p>Notre objectif global est d\u2019assurer une r\u00e9duction de la r\u00e9clamation au-del\u00e0 de la capacit\u00e9 de nos clients. En outre, il est garanti que les r\u00e8glements sont techniquement et contractuellement viables pour le plan de route informatique. Au cours de chaque engagement, il est d\u00e9cid\u00e9 que le conseil en licence est mieux situ\u00e9 dans l\u2019avant ou l\u2019arri\u00e8re-plan pour d\u00e9passer vos attentes.[\/vc_column_text][\/vc_column][vc_column width=\u00a0\u00bb2\/5&Prime;]<style type=\"text\/css\" data-type=\"the7_shortcodes-inline-css\">.shortcode-single-image-wrap.shortcode-single-image-c7db6814cba10198514f54f96c9dd5aa.enable-bg-rollover .rollover i,\n.shortcode-single-image-wrap.shortcode-single-image-c7db6814cba10198514f54f96c9dd5aa.enable-bg-rollover .rollover-video i {\n  background: ;\n  background: -webkit-linear-gradient();\n  background: linear-gradient();\n}\n.shortcode-single-image-wrap.shortcode-single-image-c7db6814cba10198514f54f96c9dd5aa .rollover-icon {\n  font-size: 32px;\n  color: #ffffff;\n  min-width: 44px;\n  min-height: 44px;\n  line-height: 44px;\n  border-radius: 100px;\n  border-style: solid;\n  border-width: 0px;\n}\n.dt-icon-bg-on.shortcode-single-image-wrap.shortcode-single-image-c7db6814cba10198514f54f96c9dd5aa .rollover-icon {\n  background: rgba(255,255,255,0.3);\n  box-shadow: none;\n}\n<\/style><div class=\"shortcode-single-image-wrap shortcode-single-image-c7db6814cba10198514f54f96c9dd5aa alignnone fadeIn animate-element  enable-bg-rollover dt-icon-bg-off\" style=\"margin-top:0px; margin-bottom:0px; margin-left:0px; margin-right:0px; width:600px;\"><div class=\"shortcode-single-image\"><div class=\"fancy-media-wrap  layzr-bg\" style=\"\"><img fetchpriority=\"high\" decoding=\"async\" class=\"preload-me lazy-load aspect\" src=\"data:image\/svg+xml,%3Csvg%20xmlns%3D&#39;http%3A%2F%2Fwww.w3.org%2F2000%2Fsvg&#39;%20viewBox%3D&#39;0%200%20600%20631&#39;%2F%3E\" data-src=\"https:\/\/licenseconsulting.com\/wp-content\/uploads\/2020\/03\/Oracle-LMS-Audit-Negotiations2-1-600x631.png\" data-srcset=\"https:\/\/licenseconsulting.com\/wp-content\/uploads\/2020\/03\/Oracle-LMS-Audit-Negotiations2-1-600x631.png 600w, https:\/\/licenseconsulting.com\/wp-content\/uploads\/2020\/03\/Oracle-LMS-Audit-Negotiations2-1.png 800w\" loading=\"eager\" sizes=\"(max-width: 600px) 100vw, 600px\" width=\"600\" height=\"631\"  data-dt-location=\"https:\/\/licenseconsulting.com\/fr\/services\/oracle-lms-audit-negotiations\/attachment\/oracle-lms-audit-negotiations2-2\/\" style=\"--ratio: 600 \/ 631;\" alt=\"Oracle-LMS-Audit-Negotiations2\" \/><\/div><\/div><\/div>[vc_empty_space][\/vc_column][\/vc_row][vc_row type=\u00a0\u00bbvc_default\u00a0\u00bb][vc_column css=\u00a0\u00bb.vc_custom_1498229431694{padding-bottom: 50px !important;}\u00a0\u00bb]<div id=\"ultimate-heading-986269d7d32b416aa\" class=\"uvc-heading ult-adjust-bottom-margin ultimate-heading-986269d7d32b416aa uvc-8587 \" data-hspacer=\"no_spacer\"  data-halign=\"left\" style=\"text-align:left\"><div class=\"uvc-heading-spacer no_spacer\" style=\"top\"><\/div><div class=\"uvc-main-heading ult-responsive\"  data-ultimate-target='.uvc-heading.ultimate-heading-986269d7d32b416aa h2'  data-responsive-json-new='{\"font-size\":\"desktop:26px;\",\"line-height\":\"desktop:32px;\"}' ><h2 style=\"font-weight:bold;margin-bottom:20px;\">\u00c9tapes du projet<\/h2><\/div><div class=\"uvc-sub-heading ult-responsive\"  data-ultimate-target='.uvc-heading.ultimate-heading-986269d7d32b416aa .uvc-sub-heading '  data-responsive-json-new='{\"font-size\":\"\",\"line-height\":\"\"}'  style=\"font-weight:normal;\">Voici les \u00e9tapes de ce service. Chaque \u00e9tape est divis\u00e9e en entr\u00e9es, activit\u00e9s et sorties : les d\u00e9tails sont sp\u00e9cifi\u00e9s dans la description compl\u00e8te du service (demande ci-dessous).<\/div><\/div>[\/vc_column][\/vc_row][vc_row][vc_column width=\u00a0\u00bb5\/6&Prime;]<div class=\"smile_icon_list_wrap ult_info_list_container ult-adjust-bottom-margin   vc_custom_1569162887863\"><ul class=\"smile_icon_list left hexagon\"><li class=\"icon_list_item\" style=\" font-size:48px;\"><div class=\"icon_list_icon\" data-animation=\"\" data-animation-delay=\"03\" style=\"font-size:16px;background:#39a8e0;color:#ffffff;border-color:#39a8e0;\"><img decoding=\"async\" class=\"list-img-icon\" alt=\"null\" src=\"https:\/\/licenseconsulting.com\/wp-content\/uploads\/2019\/09\/license-consulting-icon32-white2.png\"\/><\/div><div class=\"icon_description\" id=\"Info-list-wrap-5939\" style=\"font-size:16px;\"><h3 class=\"ult-responsive info-list-heading\"  data-ultimate-target='#Info-list-wrap-5939 h3'  data-responsive-json-new='{\"font-size\":\"desktop:16px;\",\"line-height\":\"desktop:22px;\"}'  style=\"font-family:&#039;Open Sans Condensed&#039;;font-weight:700;\">\u00c9valuation de 48 heures<\/h3><div class=\"icon_description_text ult-responsive\"  data-ultimate-target='#Info-list-wrap-5939 .icon_description_text'  data-responsive-json-new='{\"font-size\":\"desktop:12px;\",\"line-height\":\"desktop:20px;\"}'  style=\"\"><p>Cette phase se concentre sur une \u00e9valuation de toutes les donn\u00e9es d\u00e9j\u00e0 partag\u00e9es avec Oracle au cours du processus d\u2019audit.<\/p>\n<\/div><\/div><div class=\"icon_list_connector\"  style=\"border-right-width: 1px;border-right-style: dashed;border-color: #39a8e0;\"><\/div><\/li><li class=\"icon_list_item\" style=\" font-size:48px;\"><div class=\"icon_list_icon\" data-animation=\"\" data-animation-delay=\"03\" style=\"font-size:16px;background:#39a8e0;color:#ffffff;border-color:#39a8e0;\"><img decoding=\"async\" class=\"list-img-icon\" alt=\"null\" src=\"https:\/\/licenseconsulting.com\/wp-content\/uploads\/2019\/09\/license-consulting-icon32-white2.png\"\/><\/div><div class=\"icon_description\" id=\"Info-list-wrap-7387\" style=\"font-size:16px;\"><h3 class=\"ult-responsive info-list-heading\"  data-ultimate-target='#Info-list-wrap-7387 h3'  data-responsive-json-new='{\"font-size\":\"desktop:16px;\",\"line-height\":\"desktop:22px;\"}'  style=\"font-family:&#039;Open Sans Condensed&#039;;font-weight:700;\">Accepter l\u2019\u00e9nonc\u00e9 de travail<\/h3><div class=\"icon_description_text ult-responsive\"  data-ultimate-target='#Info-list-wrap-7387 .icon_description_text'  data-responsive-json-new='{\"font-size\":\"desktop:12px;\",\"line-height\":\"desktop:20px;\"}'  style=\"\"><p>Imm\u00e9diatement apr\u00e8s l\u2019\u00e9valuation, nous fournissons une proposition d\u00e9crivant les domaines dans lesquels nous pouvons am\u00e9liorer les r\u00e9sultats en faveur des clients.<\/p>\n<\/div><\/div><div class=\"icon_list_connector\"  style=\"border-right-width: 1px;border-right-style: dashed;border-color: #39a8e0;\"><\/div><\/li><li class=\"icon_list_item\" style=\" font-size:48px;\"><div class=\"icon_list_icon\" data-animation=\"\" data-animation-delay=\"03\" style=\"font-size:16px;background:#39a8e0;color:#ffffff;border-color:#39a8e0;\"><img decoding=\"async\" class=\"list-img-icon\" alt=\"null\" src=\"https:\/\/licenseconsulting.com\/wp-content\/uploads\/2019\/09\/license-consulting-icon32-white2.png\"\/><\/div><div class=\"icon_description\" id=\"Info-list-wrap-7318\" style=\"font-size:16px;\"><h3 class=\"ult-responsive info-list-heading\"  data-ultimate-target='#Info-list-wrap-7318 h3'  data-responsive-json-new='{\"font-size\":\"desktop:16px;\",\"line-height\":\"desktop:22px;\"}'  style=\"font-family:&#039;Open Sans Condensed&#039;;font-weight:700;\">Strat\u00e9gie de n\u00e9gation d\u2019accord et d\u2019ex\u00e9cution<\/h3><div class=\"icon_description_text ult-responsive\"  data-ultimate-target='#Info-list-wrap-7318 .icon_description_text'  data-responsive-json-new='{\"font-size\":\"desktop:12px;\",\"line-height\":\"desktop:20px;\"}'  style=\"\"><p>A cette \u00e9tape, le rapport d\u2019\u00e9valuation complet est divulgu\u00e9 au client, d\u00e9crivant les am\u00e9liorations possibles. Notre client apprend \u00e0 comprendre lequel et pourquoi certaines conclusions d\u2019Oracle ne r\u00e9sisteront pas \u00e0 l\u2019\u00e9preuve de la loi ou de la conduite \u00e9quitable, et comment Oracle peut \u00eatre contrecarr\u00e9 efficacement.<\/p>\n<\/div><\/div><div class=\"icon_list_connector\"  style=\"border-right-width: 1px;border-right-style: dashed;border-color: #39a8e0;\"><\/div><\/li><\/ul><\/div>[\/vc_column][vc_column width=\u00a0\u00bb1\/6&Prime;][\/vc_column][\/vc_row][vc_row][vc_column][vc_empty_space][vc_column_text]Nous nous mettrons d\u2019accord avec le client sur l\u2019ex\u00e9cution de la strat\u00e9gie de n\u00e9gociation. Contrairement \u00e0 d\u2019autres \u00ab cabinets de conseil en approvisionnement \u00bb, nous pouvons vous rejoindre \u00e0 la table de n\u00e9gociation, en y apportant des d\u00e9cennies d\u2019exp\u00e9rience.[\/vc_column_text][vc_empty_space][\/vc_column][\/vc_row][vc_row css=\u00a0\u00bb.vc_custom_1585069730051{padding-top: -10px !important;padding-bottom: -10px !important;background-color: #f4f4f4 !important;}\u00a0\u00bb el_class=\u00a0\u00bbblok1&Prime;][vc_column][vc_column_text]<\/p>\n<h3>100% ind\u00e9pendant et confidentiel<\/h3>\n<p>License Consulting ne vend pas de licences et ne profite en aucune fa\u00e7on des ventes de licences.<br \/>\n<a style=\"font-weight: normal;\" href=\"https:\/\/licenseconsulting.com\/fr\/services\/\">Consultez tous nos services. <\/a>[\/vc_column_text][\/vc_column][\/vc_row][vc_row][vc_column][vc_row_inner][vc_column_inner width=\u00a0\u00bb2\/5&Prime;]<style type=\"text\/css\" data-type=\"the7_shortcodes-inline-css\">.shortcode-single-image-wrap.shortcode-single-image-ecdde9db633364203d993573fefc7f9c.enable-bg-rollover .rollover i,\n.shortcode-single-image-wrap.shortcode-single-image-ecdde9db633364203d993573fefc7f9c.enable-bg-rollover .rollover-video i {\n  background: ;\n  background: -webkit-linear-gradient();\n  background: linear-gradient();\n}\n.shortcode-single-image-wrap.shortcode-single-image-ecdde9db633364203d993573fefc7f9c .rollover-icon {\n  font-size: 32px;\n  color: #ffffff;\n  min-width: 44px;\n  min-height: 44px;\n  line-height: 44px;\n  border-radius: 100px;\n  border-style: solid;\n  border-width: 0px;\n}\n.dt-icon-bg-on.shortcode-single-image-wrap.shortcode-single-image-ecdde9db633364203d993573fefc7f9c .rollover-icon {\n  background: rgba(255,255,255,0.3);\n  box-shadow: none;\n}\n<\/style><div class=\"shortcode-single-image-wrap shortcode-single-image-ecdde9db633364203d993573fefc7f9c alignnone fadeIn animate-element  enable-bg-rollover dt-icon-bg-off\" style=\"margin-top:0px; margin-bottom:0px; margin-left:0px; margin-right:0px; width:500px;\"><div class=\"shortcode-single-image\"><div class=\"fancy-media-wrap  layzr-bg\" style=\"\"><img decoding=\"async\" class=\"preload-me lazy-load aspect\" src=\"data:image\/svg+xml,%3Csvg%20xmlns%3D&#39;http%3A%2F%2Fwww.w3.org%2F2000%2Fsvg&#39;%20viewBox%3D&#39;0%200%20500%20706&#39;%2F%3E\" data-src=\"https:\/\/licenseconsulting.com\/wp-content\/uploads\/2019\/09\/ORACLE-LMS-AUDIT-NEGOTIATIONS-500x706.jpg\" data-srcset=\"https:\/\/licenseconsulting.com\/wp-content\/uploads\/2019\/09\/ORACLE-LMS-AUDIT-NEGOTIATIONS-500x706.jpg 500w, https:\/\/licenseconsulting.com\/wp-content\/uploads\/2019\/09\/ORACLE-LMS-AUDIT-NEGOTIATIONS.jpg 905w\" loading=\"eager\" sizes=\"(max-width: 500px) 100vw, 500px\" width=\"500\" height=\"706\"  data-dt-location=\"https:\/\/licenseconsulting.com\/fr\/home\/attachment\/oracle-lms-audit-negotiations\/\" style=\"--ratio: 500 \/ 706;box-shadow:5px 5px 5px 5px rgba(0,0,0,0.6); -webkit-box-shadow:5px 5px 5px 5px rgba(0,0,0,0.6);\" alt=\"ORACLE-LMS-AUDIT-NEGOTIATIONS\" \/><\/div><\/div><\/div>[\/vc_column_inner][vc_column_inner width=\u00a0\u00bb3\/5&Prime;]<div id=\"ultimate-heading-829369d7d32b42282\" class=\"uvc-heading ult-adjust-bottom-margin ultimate-heading-829369d7d32b42282 uvc-3008 accent-border-color\" data-hspacer=\"no_spacer\"  data-halign=\"left\" style=\"text-align:left\"><div class=\"uvc-heading-spacer no_spacer\" style=\"top\"><\/div><div class=\"uvc-main-heading ult-responsive\"  data-ultimate-target='.uvc-heading.ultimate-heading-829369d7d32b42282 h4'  data-responsive-json-new='{\"font-size\":\"desktop:26px;\",\"line-height\":\"desktop:32px;\"}' ><h4 style=\"font-weight:bold;margin-bottom:20px;\">Demander cette description de service<\/h4><\/div><\/div>\n<div class=\"wpcf7 no-js\" id=\"wpcf7-f11232-o1\" lang=\"en-US\" dir=\"ltr\" data-wpcf7-id=\"11232\">\n<div class=\"screen-reader-response\"><p role=\"status\" aria-live=\"polite\" aria-atomic=\"true\"><\/p> <ul><\/ul><\/div>\n<form action=\"\/fr\/wp-json\/wp\/v2\/pages\/9844#wpcf7-f11232-o1\" method=\"post\" class=\"wpcf7-form init\" aria-label=\"Contact form\" novalidate=\"novalidate\" data-status=\"init\">\n<div style=\"display: none;\">\n<input type=\"hidden\" name=\"_wpcf7\" value=\"11232\" \/>\n<input type=\"hidden\" name=\"_wpcf7_version\" value=\"6.0.6\" \/>\n<input type=\"hidden\" name=\"_wpcf7_locale\" value=\"en_US\" \/>\n<input type=\"hidden\" name=\"_wpcf7_unit_tag\" value=\"wpcf7-f11232-o1\" \/>\n<input type=\"hidden\" name=\"_wpcf7_container_post\" value=\"0\" \/>\n<input type=\"hidden\" name=\"_wpcf7_posted_data_hash\" value=\"\" \/>\n<input type=\"hidden\" name=\"_wpcf7_recaptcha_response\" value=\"\" \/>\n<\/div>\n<p>In order to receive the Oracle LMS Audit Negotiations service description we require you to complete the form below.\n<\/p>\n<p><label> Your Name (required)<br \/>\n<span class=\"wpcf7-form-control-wrap\" data-name=\"your-name\"><input size=\"40\" maxlength=\"400\" class=\"wpcf7-form-control wpcf7-text wpcf7-validates-as-required\" aria-required=\"true\" aria-invalid=\"false\" value=\"\" type=\"text\" name=\"your-name\" \/><\/span> <\/label>\n<\/p>\n<p><label> Your Email (required)<br \/>\n<span class=\"wpcf7-form-control-wrap\" data-name=\"your-email\"><input size=\"40\" maxlength=\"400\" class=\"wpcf7-form-control wpcf7-email wpcf7-validates-as-required wpcf7-text wpcf7-validates-as-email\" aria-required=\"true\" aria-invalid=\"false\" value=\"\" type=\"email\" name=\"your-email\" \/><\/span> <\/label>\n<\/p>\n<p><label> Your Company (optional)<br \/>\n<span class=\"wpcf7-form-control-wrap\" data-name=\"your-company\"><input size=\"40\" maxlength=\"400\" class=\"wpcf7-form-control wpcf7-text\" aria-invalid=\"false\" value=\"\" type=\"text\" name=\"your-company\" \/><\/span><br \/>\n<input class=\"wpcf7-form-control wpcf7-submit has-spinner\" type=\"submit\" value=\"Request service description\" \/><\/label>\n<\/p><div class=\"wpcf7-response-output\" aria-hidden=\"true\"><\/div>\n<\/form>\n<\/div>\n[\/vc_column_inner][vc_column_inner][\/vc_column_inner][\/vc_row_inner][\/vc_column][\/vc_row]<\/p>\n<\/div>","protected":false},"excerpt":{"rendered":"<p>[vc_row][vc_column][vc_empty_space][\/vc_column][\/vc_row][vc_row][vc_column width=\u00a0\u00bb3\/5&Prime;][vc_column_text]Les n\u00e9gociations d\u2019audit Oracle LMS abordent le sc\u00e9nario o\u00f9 Oracle LMS, ou l\u2019un de leurs partenaires d\u2019audit, a effectu\u00e9 un audit de conformit\u00e9 au sein de votre organisation. Le service peut commencer \u00e0 tout moment avant de signer une proposition d\u2019Oracle. Tous les consultants qui s\u2019engagent dans ces projets sont d\u2019anciens auditeurs LMS et&hellip;<\/p>\n","protected":false},"author":1,"featured_media":0,"parent":9969,"menu_order":0,"comment_status":"closed","ping_status":"closed","template":"","meta":{"footnotes":""},"class_list":["post-9844","page","type-page","status-publish","hentry","description-off"],"yoast_head":"<!-- This site is optimized with the Yoast SEO Premium plugin v25.2 (Yoast SEO v26.8) - https:\/\/yoast.com\/product\/yoast-seo-premium-wordpress\/ -->\n<title>N\u00e9gociations d\u2019Audit Oracle LMS - License Consulting<\/title>\n<meta name=\"description\" content=\"Dans les 48 heures, nous fournissons une \u00e9tude de faisabilit\u00e9 (gratuite) d\u00e9taillant si nous pouvons aider \u00e0 att\u00e9nuer une demande de conformit\u00e9. R\u00e9sultats garantis, r\u00e9f\u00e9rences mondiales.\" \/>\n<meta name=\"robots\" content=\"index, follow, max-snippet:-1, max-image-preview:large, max-video-preview:-1\" \/>\n<link rel=\"canonical\" href=\"https:\/\/licenseconsulting.com\/fr\/services\/negociations-daudit-oracle-lms\/\" \/>\n<meta property=\"og:locale\" content=\"fr_FR\" \/>\n<meta property=\"og:type\" content=\"article\" \/>\n<meta property=\"og:title\" content=\"N\u00e9gociations d\u2019Audit Oracle LMS\" \/>\n<meta property=\"og:description\" content=\"Les n\u00e9gociations d\u2019audit Oracle LMS abordent le sc\u00e9nario o\u00f9 Oracle LMS, ou l\u2019un de leurs partenaires d\u2019audit, a effectu\u00e9 un audit de conformit\u00e9 au sein de\" \/>\n<meta property=\"og:url\" content=\"https:\/\/licenseconsulting.com\/fr\/services\/negociations-daudit-oracle-lms\/\" \/>\n<meta property=\"og:site_name\" content=\"License Consulting\" \/>\n<meta property=\"article:modified_time\" content=\"2020-05-22T09:25:27+00:00\" \/>\n<meta name=\"twitter:card\" content=\"summary_large_image\" \/>\n<meta name=\"twitter:site\" content=\"@OracleLicensing\" \/>\n<meta name=\"twitter:label1\" content=\"Dur\u00e9e de lecture estim\u00e9e\" \/>\n\t<meta name=\"twitter:data1\" content=\"5 minutes\" \/>\n<script type=\"application\/ld+json\" class=\"yoast-schema-graph\">{\"@context\":\"https:\/\/schema.org\",\"@graph\":[{\"@type\":\"WebPage\",\"@id\":\"https:\/\/licenseconsulting.com\/fr\/services\/negociations-daudit-oracle-lms\/\",\"url\":\"https:\/\/licenseconsulting.com\/fr\/services\/negociations-daudit-oracle-lms\/\",\"name\":\"N\u00e9gociations d\u2019Audit Oracle LMS - License Consulting\",\"isPartOf\":{\"@id\":\"https:\/\/licenseconsulting.com\/fr\/#website\"},\"datePublished\":\"2020-02-14T12:56:33+00:00\",\"dateModified\":\"2020-05-22T09:25:27+00:00\",\"description\":\"Dans les 48 heures, nous fournissons une \u00e9tude de faisabilit\u00e9 (gratuite) d\u00e9taillant si nous pouvons aider \u00e0 att\u00e9nuer une demande de conformit\u00e9. R\u00e9sultats garantis, r\u00e9f\u00e9rences mondiales.\",\"breadcrumb\":{\"@id\":\"https:\/\/licenseconsulting.com\/fr\/services\/negociations-daudit-oracle-lms\/#breadcrumb\"},\"inLanguage\":\"fr-FR\",\"potentialAction\":[{\"@type\":\"ReadAction\",\"target\":[\"https:\/\/licenseconsulting.com\/fr\/services\/negociations-daudit-oracle-lms\/\"]}]},{\"@type\":\"BreadcrumbList\",\"@id\":\"https:\/\/licenseconsulting.com\/fr\/services\/negociations-daudit-oracle-lms\/#breadcrumb\",\"itemListElement\":[{\"@type\":\"ListItem\",\"position\":1,\"name\":\"Home\",\"item\":\"https:\/\/licenseconsulting.com\/fr\/\"},{\"@type\":\"ListItem\",\"position\":2,\"name\":\"Services\",\"item\":\"https:\/\/licenseconsulting.com\/fr\/services\/\"},{\"@type\":\"ListItem\",\"position\":3,\"name\":\"N\u00e9gociations d\u2019Audit Oracle LMS\"}]},{\"@type\":\"WebSite\",\"@id\":\"https:\/\/licenseconsulting.com\/fr\/#website\",\"url\":\"https:\/\/licenseconsulting.com\/fr\/\",\"name\":\"License Consulting\",\"description\":\"Oracle License Compliance Company\",\"publisher\":{\"@id\":\"https:\/\/licenseconsulting.com\/fr\/#organization\"},\"potentialAction\":[{\"@type\":\"SearchAction\",\"target\":{\"@type\":\"EntryPoint\",\"urlTemplate\":\"https:\/\/licenseconsulting.com\/fr\/?s={search_term_string}\"},\"query-input\":{\"@type\":\"PropertyValueSpecification\",\"valueRequired\":true,\"valueName\":\"search_term_string\"}}],\"inLanguage\":\"fr-FR\"},{\"@type\":\"Organization\",\"@id\":\"https:\/\/licenseconsulting.com\/fr\/#organization\",\"name\":\"License Consulting BV\",\"url\":\"https:\/\/licenseconsulting.com\/fr\/\",\"logo\":{\"@type\":\"ImageObject\",\"inLanguage\":\"fr-FR\",\"@id\":\"https:\/\/licenseconsulting.com\/fr\/#\/schema\/logo\/image\/\",\"url\":\"https:\/\/licenseconsulting.com\/wp-content\/uploads\/2020\/07\/LC-logo-2019-768x144-1.png\",\"contentUrl\":\"https:\/\/licenseconsulting.com\/wp-content\/uploads\/2020\/07\/LC-logo-2019-768x144-1.png\",\"width\":768,\"height\":144,\"caption\":\"License Consulting BV\"},\"image\":{\"@id\":\"https:\/\/licenseconsulting.com\/fr\/#\/schema\/logo\/image\/\"},\"sameAs\":[\"https:\/\/x.com\/OracleLicensing\",\"https:\/\/www.linkedin.com\/company\/license-consulting\/\"]}]}<\/script>\n<!-- \/ Yoast SEO Premium plugin. -->","yoast_head_json":{"title":"N\u00e9gociations d\u2019Audit Oracle LMS - License Consulting","description":"Dans les 48 heures, nous fournissons une \u00e9tude de faisabilit\u00e9 (gratuite) d\u00e9taillant si nous pouvons aider \u00e0 att\u00e9nuer une demande de conformit\u00e9. R\u00e9sultats garantis, r\u00e9f\u00e9rences mondiales.","robots":{"index":"index","follow":"follow","max-snippet":"max-snippet:-1","max-image-preview":"max-image-preview:large","max-video-preview":"max-video-preview:-1"},"canonical":"https:\/\/licenseconsulting.com\/fr\/services\/negociations-daudit-oracle-lms\/","og_locale":"fr_FR","og_type":"article","og_title":"N\u00e9gociations d\u2019Audit Oracle LMS","og_description":"Les n\u00e9gociations d\u2019audit Oracle LMS abordent le sc\u00e9nario o\u00f9 Oracle LMS, ou l\u2019un de leurs partenaires d\u2019audit, a effectu\u00e9 un audit de conformit\u00e9 au sein de","og_url":"https:\/\/licenseconsulting.com\/fr\/services\/negociations-daudit-oracle-lms\/","og_site_name":"License Consulting","article_modified_time":"2020-05-22T09:25:27+00:00","twitter_card":"summary_large_image","twitter_site":"@OracleLicensing","twitter_misc":{"Dur\u00e9e de lecture estim\u00e9e":"5 minutes"},"schema":{"@context":"https:\/\/schema.org","@graph":[{"@type":"WebPage","@id":"https:\/\/licenseconsulting.com\/fr\/services\/negociations-daudit-oracle-lms\/","url":"https:\/\/licenseconsulting.com\/fr\/services\/negociations-daudit-oracle-lms\/","name":"N\u00e9gociations d\u2019Audit Oracle LMS - License Consulting","isPartOf":{"@id":"https:\/\/licenseconsulting.com\/fr\/#website"},"datePublished":"2020-02-14T12:56:33+00:00","dateModified":"2020-05-22T09:25:27+00:00","description":"Dans les 48 heures, nous fournissons une \u00e9tude de faisabilit\u00e9 (gratuite) d\u00e9taillant si nous pouvons aider \u00e0 att\u00e9nuer une demande de conformit\u00e9. R\u00e9sultats garantis, r\u00e9f\u00e9rences mondiales.","breadcrumb":{"@id":"https:\/\/licenseconsulting.com\/fr\/services\/negociations-daudit-oracle-lms\/#breadcrumb"},"inLanguage":"fr-FR","potentialAction":[{"@type":"ReadAction","target":["https:\/\/licenseconsulting.com\/fr\/services\/negociations-daudit-oracle-lms\/"]}]},{"@type":"BreadcrumbList","@id":"https:\/\/licenseconsulting.com\/fr\/services\/negociations-daudit-oracle-lms\/#breadcrumb","itemListElement":[{"@type":"ListItem","position":1,"name":"Home","item":"https:\/\/licenseconsulting.com\/fr\/"},{"@type":"ListItem","position":2,"name":"Services","item":"https:\/\/licenseconsulting.com\/fr\/services\/"},{"@type":"ListItem","position":3,"name":"N\u00e9gociations d\u2019Audit Oracle LMS"}]},{"@type":"WebSite","@id":"https:\/\/licenseconsulting.com\/fr\/#website","url":"https:\/\/licenseconsulting.com\/fr\/","name":"License Consulting","description":"Oracle License Compliance Company","publisher":{"@id":"https:\/\/licenseconsulting.com\/fr\/#organization"},"potentialAction":[{"@type":"SearchAction","target":{"@type":"EntryPoint","urlTemplate":"https:\/\/licenseconsulting.com\/fr\/?s={search_term_string}"},"query-input":{"@type":"PropertyValueSpecification","valueRequired":true,"valueName":"search_term_string"}}],"inLanguage":"fr-FR"},{"@type":"Organization","@id":"https:\/\/licenseconsulting.com\/fr\/#organization","name":"License Consulting BV","url":"https:\/\/licenseconsulting.com\/fr\/","logo":{"@type":"ImageObject","inLanguage":"fr-FR","@id":"https:\/\/licenseconsulting.com\/fr\/#\/schema\/logo\/image\/","url":"https:\/\/licenseconsulting.com\/wp-content\/uploads\/2020\/07\/LC-logo-2019-768x144-1.png","contentUrl":"https:\/\/licenseconsulting.com\/wp-content\/uploads\/2020\/07\/LC-logo-2019-768x144-1.png","width":768,"height":144,"caption":"License Consulting BV"},"image":{"@id":"https:\/\/licenseconsulting.com\/fr\/#\/schema\/logo\/image\/"},"sameAs":["https:\/\/x.com\/OracleLicensing","https:\/\/www.linkedin.com\/company\/license-consulting\/"]}]}},"_links":{"self":[{"href":"https:\/\/licenseconsulting.com\/fr\/wp-json\/wp\/v2\/pages\/9844","targetHints":{"allow":["GET"]}}],"collection":[{"href":"https:\/\/licenseconsulting.com\/fr\/wp-json\/wp\/v2\/pages"}],"about":[{"href":"https:\/\/licenseconsulting.com\/fr\/wp-json\/wp\/v2\/types\/page"}],"author":[{"embeddable":true,"href":"https:\/\/licenseconsulting.com\/fr\/wp-json\/wp\/v2\/users\/1"}],"replies":[{"embeddable":true,"href":"https:\/\/licenseconsulting.com\/fr\/wp-json\/wp\/v2\/comments?post=9844"}],"version-history":[{"count":7,"href":"https:\/\/licenseconsulting.com\/fr\/wp-json\/wp\/v2\/pages\/9844\/revisions"}],"predecessor-version":[{"id":11991,"href":"https:\/\/licenseconsulting.com\/fr\/wp-json\/wp\/v2\/pages\/9844\/revisions\/11991"}],"up":[{"embeddable":true,"href":"https:\/\/licenseconsulting.com\/fr\/wp-json\/wp\/v2\/pages\/9969"}],"wp:attachment":[{"href":"https:\/\/licenseconsulting.com\/fr\/wp-json\/wp\/v2\/media?parent=9844"}],"curies":[{"name":"wp","href":"https:\/\/api.w.org\/{rel}","templated":true}]}}