{"id":9818,"date":"2020-02-14T12:56:27","date_gmt":"2020-02-14T12:56:27","guid":{"rendered":"https:\/\/licenseconsulting.com\/contact\/"},"modified":"2020-05-22T09:14:40","modified_gmt":"2020-05-22T09:14:40","slug":"contact","status":"publish","type":"page","link":"https:\/\/licenseconsulting.com\/fr\/contact\/","title":{"rendered":"Contact"},"content":{"rendered":"<div class=\"wpb-content-wrapper\"><p>[vc_row type=\u00a0\u00bbvc_default\u00a0\u00bb margin_top=\u00a0\u00bb0&Prime; margin_bottom=\u00a0\u00bb-35&Prime; css=\u00a0\u00bb.vc_custom_1498572765023{margin-top: 70px !important;margin-bottom: 20px !important;}\u00a0\u00bb][vc_column offset=\u00a0\u00bbvc_col-lg-6 vc_col-md-7 vc_col-xs-12&Prime; css=\u00a0\u00bb.vc_custom_1498821716836{padding-bottom: 40px !important;}\u00a0\u00bb]<div id=\"ultimate-heading-408669e715f006132\" class=\"uvc-heading ult-adjust-bottom-margin ultimate-heading-408669e715f006132 uvc-6597 \" data-hspacer=\"no_spacer\"  data-halign=\"left\" style=\"text-align:left\"><div class=\"uvc-heading-spacer no_spacer\" style=\"top\"><\/div><div class=\"uvc-main-heading ult-responsive\"  data-ultimate-target='.uvc-heading.ultimate-heading-408669e715f006132 h2'  data-responsive-json-new='{\"font-size\":\"desktop:26px;\",\"line-height\":\"desktop:32px;\"}' ><h2 style=\"font-weight:bold;margin-bottom:30px;\">Informations de contact<\/h2><\/div><\/div>[vc_column_text]<strong>Avez-vous une question concernant les Licences Oracle?<\/strong>\u00a0N\u2019h\u00e9sitez pas \u00e0 nous appeler ou \u00e0 remplir notre formulaire de contact.<\/p>\n<p>Pour demander une proposition, remplissez notre formulaire de contact et demandez notre document de cadrage de projet. Nous fournissons des propositions dans les 24 heures. La signature de l\u2019Accord de non-divulgationest est notre habitude par d\u00e9faut.[\/vc_column_text][vc_empty_space height=\u00a0\u00bb16px\u00a0\u00bb][vc_column_text]<\/p>\n<div class=\"wpb_text_column wpb_content_element \">\n<div class=\"wpb_wrapper\">\n<p><strong><a href=\"tel:+31854014963\"><img decoding=\"async\" class=\"alignleft wp-image-8488 size-full\" src=\"https:\/\/licenseconsulting.com\/wp-content\/uploads\/2019\/09\/EU-1.png\" alt=\"EU-1\" width=\"50\" height=\"50\" \/><\/a>License Consulting BV (Europe)<br \/>\n<\/strong>Office: <a href=\"tel:+31854014963\">+31-854014963<\/a><\/p>\n<div class=\"clear\"><\/div>\n<p><strong><a href=\"tel:+16504526192\"><img decoding=\"async\" class=\"alignleft wp-image-8491 size-full\" src=\"https:\/\/licenseconsulting.com\/wp-content\/uploads\/2019\/09\/USA-CA-1.png\" alt=\"\" width=\"50\" height=\"50\" \/><\/a>License Consulting USA LLC<br \/>\n<\/strong>Office: <a href=\"tel:+16504526192\">+1-650-452-6192<\/a><\/p>\n<\/div>\n<\/div>\n<p>[\/vc_column_text][vc_column_text]Plus de secrets apr\u00e8s nous avoir contact\u00e9s.[\/vc_column_text][vc_row_inner equal_height=\u00a0\u00bbyes\u00a0\u00bb css=\u00a0\u00bb.vc_custom_1498572805259{padding-right: 15px !important;padding-bottom: 10px !important;padding-left: 15px !important;}\u00a0\u00bb][vc_column_inner width=\u00a0\u00bb1\/2&Prime; css=\u00a0\u00bb.vc_custom_1475919464233{margin-top: 0px !important;margin-right: 0px !important;margin-bottom: 0px !important;margin-left: 0px !important;padding-top: 0px !important;padding-right: 10px !important;padding-bottom: 20px !important;padding-left: 10px !important;}\u00a0\u00bb]<div class=\"aio-icon-component  vc_custom_1590138869050  accent-icon-bg color-title ib-link-prevent-accent style_1\"><a class=\"aio-icon-box-link\" href=\"https:\/\/www.linkedin.com\/company\/license-consulting\" target=\"_blank\" rel=\"noopener\" ><div id=\"Info-box-wrap-1566\" class=\"aio-icon-box left-icon\" style=\"\"  ><div class=\"aio-icon-left\"><div class=\"ult-just-icon-wrapper  \"><div class=\"align-icon\" style=\"text-align:center;\">\n<div class=\"aio-icon advanced \"  style=\"color:#ffffff;border-style:;border-color:#333333;border-width:1px;width:34px;height:34px;line-height:34px;border-radius:500px;font-size:16px;display:inline-block;\">\n\t<i class=\"icomoon-icomoonfree-16x16-linkedin\"><\/i>\n<\/div><\/div><\/div><\/div><div class=\"aio-ibd-block\"><div class=\"aio-icon-description ult-responsive\"  data-ultimate-target='#Info-box-wrap-1566 .aio-icon-description'  data-responsive-json-new='{\"font-size\":\"desktop:18px;\",\"line-height\":\"desktop:24px;\"}'  style=\"font-family:&#039;Open Sans Condensed&#039;;font-weight:700;\">LinkedIn<\/div> <!-- description --><\/div> <!-- aio-ibd-block --><\/div> <!-- aio-icon-box --><\/a><\/div> <!-- aio-icon-component -->[\/vc_column_inner][\/vc_row_inner][\/vc_column][vc_column offset=\u00a0\u00bbvc_col-lg-6 vc_col-md-5 vc_col-xs-12&Prime; css=\u00a0\u00bb.vc_custom_1498572768127{padding-bottom: 50px !important;}\u00a0\u00bb]<div id=\"ultimate-heading-756969e715f0062b7\" class=\"uvc-heading ult-adjust-bottom-margin ultimate-heading-756969e715f0062b7 uvc-7495 \" data-hspacer=\"no_spacer\"  data-halign=\"left\" style=\"text-align:left\"><div class=\"uvc-heading-spacer no_spacer\" style=\"top\"><\/div><div class=\"uvc-main-heading ult-responsive\"  data-ultimate-target='.uvc-heading.ultimate-heading-756969e715f0062b7 h2'  data-responsive-json-new='{\"font-size\":\"desktop:26px;\",\"line-height\":\"desktop:32px;\"}' ><h2 style=\"font-weight:bold;margin-bottom:20px;\">Envoyez-nous un message<\/h2><\/div><\/div>[vc_empty_space height=\u00a0\u00bb16px\u00a0\u00bb]<form class=\"dt-contact-form dt-form privacy-form\" method=\"post\"><input type=\"hidden\" name=\"widget_id\" value=\"presscore-contact-form-widget--1\" \/><input type=\"hidden\" name=\"send_message\" value=\"\" \/><input type=\"hidden\" name=\"security_token\" value=\"2c9e3bffc961e2e41c91\"\/><div class=\"form-fields\"><span class=\"form-name\"><label class=\"assistive-text\">Nom *<\/label><input type=\"text\" class=\"validate[required]\" placeholder=\"Nom *\" name=\"name\" value=\"\" aria-required=\"true\">\n<\/span><span class=\"form-mail\"><label class=\"assistive-text\">E-mail *<\/label><input type=\"text\" class=\"validate[required,custom[email]]\" placeholder=\"E-mail *\" name=\"email\" value=\"\" aria-required=\"true\">\n<\/span><span class=\"form-telephone\"><label class=\"assistive-text\">T\u00e9l\u00e9phone<\/label><input type=\"text\" placeholder=\"T\u00e9l\u00e9phone\" name=\"telephone\" value=\"\" aria-required=\"false\">\n<\/span><span class=\"form-company\"><label class=\"assistive-text\">Entreprise<\/label><input type=\"text\" placeholder=\"Entreprise\" name=\"company\" value=\"\" aria-required=\"false\">\n<\/span><\/div><span class=\"form-message\"><label class=\"assistive-text\">Message *<\/label><textarea class=\"validate[required]\" placeholder=\"Message *\" name=\"message\" rows=\"8\" aria-required=\"true\"><\/textarea>\n<\/span><p class=\"the7-form-terms-wrap\"><input type=\"checkbox\" id=\"the7-form-terms-c6e81542b125c36346d9167691b8bd09\" name=\"terms\" class=\"validate[required] the7-form-terms\" aria-required=\"true\" \/>&nbsp;<label for=\"the7-form-terms-c6e81542b125c36346d9167691b8bd09\"><span class=\"form-terms-text\">En utilisant ce formulaire, vous acceptez le stockage et le traitement de vos donn\u00e9es par ce site.<\/span><\/label><\/p><p><a href=\"#\" class=\"dt-btn dt-btn-m dt-btn-submit\" rel=\"nofollow\"><span>Envoyer un message<\/span><\/a><input class=\"assistive-text\" type=\"submit\" value=\"envoyer\"><\/p><\/form>\n[\/vc_column][\/vc_row]<\/p>\n<\/div>","protected":false},"excerpt":{"rendered":"<p>[vc_row type=\u00a0\u00bbvc_default\u00a0\u00bb margin_top=\u00a0\u00bb0&Prime; margin_bottom=\u00a0\u00bb-35&Prime; css=\u00a0\u00bb.vc_custom_1498572765023{margin-top: 70px !important;margin-bottom: 20px !important;}\u00a0\u00bb][vc_column offset=\u00a0\u00bbvc_col-lg-6 vc_col-md-7 vc_col-xs-12&Prime; css=\u00a0\u00bb.vc_custom_1498821716836{padding-bottom: 40px !important;}\u00a0\u00bb][vc_column_text]Avez-vous une question concernant les Licences Oracle?\u00a0N\u2019h\u00e9sitez pas \u00e0 nous appeler ou \u00e0 remplir notre formulaire de contact. Pour demander une proposition, remplissez notre formulaire de contact et demandez notre document de cadrage de projet. Nous fournissons des propositions dans les&hellip;<\/p>\n","protected":false},"author":1,"featured_media":0,"parent":0,"menu_order":600,"comment_status":"closed","ping_status":"closed","template":"","meta":{"footnotes":""},"class_list":["post-9818","page","type-page","status-publish","hentry","description-off"],"yoast_head":"<!-- This site is optimized with the Yoast SEO Premium plugin v25.2 (Yoast SEO v26.8) - https:\/\/yoast.com\/product\/yoast-seo-premium-wordpress\/ -->\n<title>Contact - License Consulting<\/title>\n<meta name=\"robots\" content=\"index, follow, max-snippet:-1, max-image-preview:large, max-video-preview:-1\" \/>\n<link rel=\"canonical\" href=\"https:\/\/licenseconsulting.com\/fr\/contact\/\" \/>\n<meta property=\"og:locale\" content=\"fr_FR\" \/>\n<meta property=\"og:type\" content=\"article\" \/>\n<meta property=\"og:title\" content=\"Contact\" \/>\n<meta property=\"og:description\" content=\"Avez-vous une question concernant les Licences Oracle?\u00a0N\u2019h\u00e9sitez pas \u00e0 nous appeler ou \u00e0 remplir notre formulaire de contact. Pour demander une\" \/>\n<meta property=\"og:url\" content=\"https:\/\/licenseconsulting.com\/fr\/contact\/\" \/>\n<meta property=\"og:site_name\" content=\"License Consulting\" \/>\n<meta property=\"article:modified_time\" content=\"2020-05-22T09:14:40+00:00\" \/>\n<meta property=\"og:image\" content=\"https:\/\/licenseconsulting.com\/wp-content\/uploads\/2019\/09\/EU-1.png\" \/>\n<meta name=\"twitter:card\" content=\"summary_large_image\" \/>\n<meta name=\"twitter:site\" content=\"@OracleLicensing\" \/>\n<meta name=\"twitter:label1\" content=\"Dur\u00e9e de lecture estim\u00e9e\" \/>\n\t<meta name=\"twitter:data1\" content=\"2 minutes\" \/>\n<script type=\"application\/ld+json\" class=\"yoast-schema-graph\">{\"@context\":\"https:\/\/schema.org\",\"@graph\":[{\"@type\":\"WebPage\",\"@id\":\"https:\/\/licenseconsulting.com\/fr\/contact\/\",\"url\":\"https:\/\/licenseconsulting.com\/fr\/contact\/\",\"name\":\"Contact - License Consulting\",\"isPartOf\":{\"@id\":\"https:\/\/licenseconsulting.com\/fr\/#website\"},\"primaryImageOfPage\":{\"@id\":\"https:\/\/licenseconsulting.com\/fr\/contact\/#primaryimage\"},\"image\":{\"@id\":\"https:\/\/licenseconsulting.com\/fr\/contact\/#primaryimage\"},\"thumbnailUrl\":\"https:\/\/licenseconsulting.com\/wp-content\/uploads\/2019\/09\/EU-1.png\",\"datePublished\":\"2020-02-14T12:56:27+00:00\",\"dateModified\":\"2020-05-22T09:14:40+00:00\",\"breadcrumb\":{\"@id\":\"https:\/\/licenseconsulting.com\/fr\/contact\/#breadcrumb\"},\"inLanguage\":\"fr-FR\",\"potentialAction\":[{\"@type\":\"ReadAction\",\"target\":[\"https:\/\/licenseconsulting.com\/fr\/contact\/\"]}]},{\"@type\":\"ImageObject\",\"inLanguage\":\"fr-FR\",\"@id\":\"https:\/\/licenseconsulting.com\/fr\/contact\/#primaryimage\",\"url\":\"https:\/\/licenseconsulting.com\/wp-content\/uploads\/2019\/09\/EU-1.png\",\"contentUrl\":\"https:\/\/licenseconsulting.com\/wp-content\/uploads\/2019\/09\/EU-1.png\"},{\"@type\":\"BreadcrumbList\",\"@id\":\"https:\/\/licenseconsulting.com\/fr\/contact\/#breadcrumb\",\"itemListElement\":[{\"@type\":\"ListItem\",\"position\":1,\"name\":\"Home\",\"item\":\"https:\/\/licenseconsulting.com\/fr\/\"},{\"@type\":\"ListItem\",\"position\":2,\"name\":\"Contact\"}]},{\"@type\":\"WebSite\",\"@id\":\"https:\/\/licenseconsulting.com\/fr\/#website\",\"url\":\"https:\/\/licenseconsulting.com\/fr\/\",\"name\":\"License Consulting\",\"description\":\"Oracle License Compliance Company\",\"publisher\":{\"@id\":\"https:\/\/licenseconsulting.com\/fr\/#organization\"},\"potentialAction\":[{\"@type\":\"SearchAction\",\"target\":{\"@type\":\"EntryPoint\",\"urlTemplate\":\"https:\/\/licenseconsulting.com\/fr\/?s={search_term_string}\"},\"query-input\":{\"@type\":\"PropertyValueSpecification\",\"valueRequired\":true,\"valueName\":\"search_term_string\"}}],\"inLanguage\":\"fr-FR\"},{\"@type\":\"Organization\",\"@id\":\"https:\/\/licenseconsulting.com\/fr\/#organization\",\"name\":\"License Consulting BV\",\"url\":\"https:\/\/licenseconsulting.com\/fr\/\",\"logo\":{\"@type\":\"ImageObject\",\"inLanguage\":\"fr-FR\",\"@id\":\"https:\/\/licenseconsulting.com\/fr\/#\/schema\/logo\/image\/\",\"url\":\"https:\/\/licenseconsulting.com\/wp-content\/uploads\/2020\/07\/LC-logo-2019-768x144-1.png\",\"contentUrl\":\"https:\/\/licenseconsulting.com\/wp-content\/uploads\/2020\/07\/LC-logo-2019-768x144-1.png\",\"width\":768,\"height\":144,\"caption\":\"License Consulting BV\"},\"image\":{\"@id\":\"https:\/\/licenseconsulting.com\/fr\/#\/schema\/logo\/image\/\"},\"sameAs\":[\"https:\/\/x.com\/OracleLicensing\",\"https:\/\/www.linkedin.com\/company\/license-consulting\/\"]}]}<\/script>\n<!-- \/ Yoast SEO Premium plugin. -->","yoast_head_json":{"title":"Contact - License Consulting","robots":{"index":"index","follow":"follow","max-snippet":"max-snippet:-1","max-image-preview":"max-image-preview:large","max-video-preview":"max-video-preview:-1"},"canonical":"https:\/\/licenseconsulting.com\/fr\/contact\/","og_locale":"fr_FR","og_type":"article","og_title":"Contact","og_description":"Avez-vous une question concernant les Licences Oracle?\u00a0N\u2019h\u00e9sitez pas \u00e0 nous appeler ou \u00e0 remplir notre formulaire de contact. Pour demander une","og_url":"https:\/\/licenseconsulting.com\/fr\/contact\/","og_site_name":"License Consulting","article_modified_time":"2020-05-22T09:14:40+00:00","og_image":[{"url":"https:\/\/licenseconsulting.com\/wp-content\/uploads\/2019\/09\/EU-1.png","type":"","width":"","height":""}],"twitter_card":"summary_large_image","twitter_site":"@OracleLicensing","twitter_misc":{"Dur\u00e9e de lecture estim\u00e9e":"2 minutes"},"schema":{"@context":"https:\/\/schema.org","@graph":[{"@type":"WebPage","@id":"https:\/\/licenseconsulting.com\/fr\/contact\/","url":"https:\/\/licenseconsulting.com\/fr\/contact\/","name":"Contact - License Consulting","isPartOf":{"@id":"https:\/\/licenseconsulting.com\/fr\/#website"},"primaryImageOfPage":{"@id":"https:\/\/licenseconsulting.com\/fr\/contact\/#primaryimage"},"image":{"@id":"https:\/\/licenseconsulting.com\/fr\/contact\/#primaryimage"},"thumbnailUrl":"https:\/\/licenseconsulting.com\/wp-content\/uploads\/2019\/09\/EU-1.png","datePublished":"2020-02-14T12:56:27+00:00","dateModified":"2020-05-22T09:14:40+00:00","breadcrumb":{"@id":"https:\/\/licenseconsulting.com\/fr\/contact\/#breadcrumb"},"inLanguage":"fr-FR","potentialAction":[{"@type":"ReadAction","target":["https:\/\/licenseconsulting.com\/fr\/contact\/"]}]},{"@type":"ImageObject","inLanguage":"fr-FR","@id":"https:\/\/licenseconsulting.com\/fr\/contact\/#primaryimage","url":"https:\/\/licenseconsulting.com\/wp-content\/uploads\/2019\/09\/EU-1.png","contentUrl":"https:\/\/licenseconsulting.com\/wp-content\/uploads\/2019\/09\/EU-1.png"},{"@type":"BreadcrumbList","@id":"https:\/\/licenseconsulting.com\/fr\/contact\/#breadcrumb","itemListElement":[{"@type":"ListItem","position":1,"name":"Home","item":"https:\/\/licenseconsulting.com\/fr\/"},{"@type":"ListItem","position":2,"name":"Contact"}]},{"@type":"WebSite","@id":"https:\/\/licenseconsulting.com\/fr\/#website","url":"https:\/\/licenseconsulting.com\/fr\/","name":"License Consulting","description":"Oracle License Compliance Company","publisher":{"@id":"https:\/\/licenseconsulting.com\/fr\/#organization"},"potentialAction":[{"@type":"SearchAction","target":{"@type":"EntryPoint","urlTemplate":"https:\/\/licenseconsulting.com\/fr\/?s={search_term_string}"},"query-input":{"@type":"PropertyValueSpecification","valueRequired":true,"valueName":"search_term_string"}}],"inLanguage":"fr-FR"},{"@type":"Organization","@id":"https:\/\/licenseconsulting.com\/fr\/#organization","name":"License Consulting BV","url":"https:\/\/licenseconsulting.com\/fr\/","logo":{"@type":"ImageObject","inLanguage":"fr-FR","@id":"https:\/\/licenseconsulting.com\/fr\/#\/schema\/logo\/image\/","url":"https:\/\/licenseconsulting.com\/wp-content\/uploads\/2020\/07\/LC-logo-2019-768x144-1.png","contentUrl":"https:\/\/licenseconsulting.com\/wp-content\/uploads\/2020\/07\/LC-logo-2019-768x144-1.png","width":768,"height":144,"caption":"License Consulting BV"},"image":{"@id":"https:\/\/licenseconsulting.com\/fr\/#\/schema\/logo\/image\/"},"sameAs":["https:\/\/x.com\/OracleLicensing","https:\/\/www.linkedin.com\/company\/license-consulting\/"]}]}},"_links":{"self":[{"href":"https:\/\/licenseconsulting.com\/fr\/wp-json\/wp\/v2\/pages\/9818","targetHints":{"allow":["GET"]}}],"collection":[{"href":"https:\/\/licenseconsulting.com\/fr\/wp-json\/wp\/v2\/pages"}],"about":[{"href":"https:\/\/licenseconsulting.com\/fr\/wp-json\/wp\/v2\/types\/page"}],"author":[{"embeddable":true,"href":"https:\/\/licenseconsulting.com\/fr\/wp-json\/wp\/v2\/users\/1"}],"replies":[{"embeddable":true,"href":"https:\/\/licenseconsulting.com\/fr\/wp-json\/wp\/v2\/comments?post=9818"}],"version-history":[{"count":5,"href":"https:\/\/licenseconsulting.com\/fr\/wp-json\/wp\/v2\/pages\/9818\/revisions"}],"predecessor-version":[{"id":12192,"href":"https:\/\/licenseconsulting.com\/fr\/wp-json\/wp\/v2\/pages\/9818\/revisions\/12192"}],"wp:attachment":[{"href":"https:\/\/licenseconsulting.com\/fr\/wp-json\/wp\/v2\/media?parent=9818"}],"curies":[{"name":"wp","href":"https:\/\/api.w.org\/{rel}","templated":true}]}}