{"id":9813,"date":"2020-02-14T12:56:26","date_gmt":"2020-02-14T12:56:26","guid":{"rendered":"https:\/\/licenseconsulting.com\/environ\/"},"modified":"2020-05-06T11:10:39","modified_gmt":"2020-05-06T11:10:39","slug":"environ","status":"publish","type":"page","link":"https:\/\/licenseconsulting.com\/fr\/environ\/","title":{"rendered":"Environ"},"content":{"rendered":"<div class=\"wpb-content-wrapper\"><p>[vc_row type=\u00a0\u00bbvc_default\u00a0\u00bb css=\u00a0\u00bb.vc_custom_1476008791393{padding-top: 70px !important;padding-bottom: 25px !important;}\u00a0\u00bb][vc_column offset=\u00a0\u00bbvc_col-lg-6 vc_col-md-6 vc_col-xs-12&Prime; css=\u00a0\u00bb.vc_custom_1476005293248{padding-bottom: 50px !important;}\u00a0\u00bb]<div id=\"ultimate-heading-675669d1024d3afde\" class=\"uvc-heading ult-adjust-bottom-margin ultimate-heading-675669d1024d3afde uvc-5166 \" data-hspacer=\"no_spacer\"  data-halign=\"left\" style=\"text-align:left\"><div class=\"uvc-heading-spacer no_spacer\" style=\"top\"><\/div><div class=\"uvc-main-heading ult-responsive\"  data-ultimate-target='.uvc-heading.ultimate-heading-675669d1024d3afde h2'  data-responsive-json-new='{\"font-size\":\"desktop:26px;\",\"line-height\":\"desktop:32px;\"}' ><h2 style=\"font-weight:bold;margin-bottom:20px;\">\u00c0 propos de notre entreprise<\/h2><\/div><\/div>[vc_column_text]Apr\u00e8s\u00a0avoir travaill\u00e9 dans l\u2019industrie\u00a0des licences de\u00a0logiciels\u00a0depuis 1995,\u00a0y compris en tant\u00a0qu\u2019 auditeur Oracle\u00a0LMS EMEA,\u00a0Daniel Hesselink a d\u00e9cid\u00e9 de\u00a0commencer\u00a0Licence Consulting\u00a0en 2007.\u00a0Les clients\u00a0ont vraiment besoin\u00a0d\u2019un\u00a0avocat\u00a0et d\u2019un coach pour leur aider \u00e0 \u00e9quilibrer\u00a0le rapport gagnant perdant avec\u00a0Oracle.\u00a0Apr\u00e8s avoir auparavant fournis des formations sur les licences aux partenaires OPN et au personnel EMS EMS \/ Sales d&rsquo;Oracle, License Consulting est devenu le couteau suisse pour les utilisateurs d&rsquo;Oracle. L&rsquo;existence de License Consulting repose enti\u00e8rement sur des recommandations de bouche \u00e0 oreille entre les clients Oracle. Parce que ces clients veulent vraiment travailler avec nous, nous voulons vraiment d\u00e9passer leurs attentes. Ce processus nous permet de rester sur nos gardes pour continuer \u00e0 d\u00e9velopper et \u00e0 am\u00e9liorer nos solutions pour l&rsquo;audit des licences Oracle, les contrats et les optimisations de support. Le partage de notre riche exp\u00e9rience est essentiel pour \u00e9duquer et responsabiliser nos clients, leur permettant de mettre en \u0153uvre une strat\u00e9gie pour leurs d\u00e9fis li\u00e9s \u00e0 Oracle ayant des r\u00e9sultats pr\u00e9visibles.[\/vc_column_text][\/vc_column][vc_column offset=\u00a0\u00bbvc_col-lg-6 vc_col-md-6 vc_col-xs-12&Prime; css=\u00a0\u00bb.vc_custom_1476005300152{padding-bottom: 50px !important;}\u00a0\u00bb]<div id=\"ultimate-heading-829669d1024d3b022\" class=\"uvc-heading ult-adjust-bottom-margin ultimate-heading-829669d1024d3b022 uvc-2131 \" data-hspacer=\"no_spacer\"  data-halign=\"left\" style=\"text-align:left\"><div class=\"uvc-heading-spacer no_spacer\" style=\"top\"><\/div><div class=\"uvc-main-heading ult-responsive\"  data-ultimate-target='.uvc-heading.ultimate-heading-829669d1024d3b022 h2'  data-responsive-json-new='{\"font-size\":\"desktop:26px;\",\"line-height\":\"desktop:32px;\"}' ><h2 style=\"font-weight:bold;margin-bottom:20px;\">LES PREMI\u00c8RES ANN\u00c9ES<\/h2><\/div><\/div>[vc_column_text]Le fondateur Daniel Hesselink (1974) a \u00e9t\u00e9 avec l\u2019industrie des licences depuis 1995 dans diff\u00e9rents r\u00f4les consultatifs \u00e0 travers de multiples fournisseurs, y compris un r\u00f4le en tant qu\u2019auditeur pour Oracle License Management Services chez Oracle Europe, Moyen-Orient et Afrique. Lors de son lancement de License Consulting en 2007, il croyait qu\u2019Oracle ne serait qu\u2019un des nombreux aspects de l\u2019entreprise et que de nombreux clients feraient appel \u00e0 son ind\u00e9pendance \u00e0 travers plusieurs fournisseurs. D\u00e9j\u00e0 un v\u00e9t\u00e9ran de l\u2019industrie, il est invit\u00e9 chez des fournisseurs tels que HP et IBM \u00e0 prendre la parole lors de leurs \u00e9v\u00e9nements clients et partenaires sur les complexit\u00e9s de la licence Oracle. Il a appris qu\u2019il y avait un grand besoin de conseil ind\u00e9pendant autour d\u2019Oracle, consacrant bient\u00f4t tout son temps \u00e0 ce sujet.[\/vc_column_text]<style type=\"text\/css\" data-type=\"the7_shortcodes-inline-css\">#default-btn-176555bd94a01becb4b85d65db785701.ico-right-side > i {\n  margin-right: 0px;\n  margin-left: 8px;\n}\n#default-btn-176555bd94a01becb4b85d65db785701 > i {\n  margin-right: 8px;\n}\n<\/style><a href=\"https:\/\/licenseconsulting.com\/fr\/equipe-de-direction\/\" class=\"default-btn-shortcode dt-btn dt-btn-l link-hover-off full-width-btn btn-inline-left \" id=\"default-btn-176555bd94a01becb4b85d65db785701\"><span>Notre \u00e9quipe dirigeante<\/span><\/a>[\/vc_column][\/vc_row][vc_row][vc_column width=\u00a0\u00bb1\/2&Prime;]<div id=\"ultimate-heading-285469d1024d3b116\" class=\"uvc-heading ult-adjust-bottom-margin ultimate-heading-285469d1024d3b116 uvc-4707 \" data-hspacer=\"no_spacer\"  data-halign=\"left\" style=\"text-align:left\"><div class=\"uvc-heading-spacer no_spacer\" style=\"top\"><\/div><div class=\"uvc-main-heading ult-responsive\"  data-ultimate-target='.uvc-heading.ultimate-heading-285469d1024d3b116 h2'  data-responsive-json-new='{\"font-size\":\"desktop:26px;\",\"line-height\":\"desktop:32px;\"}' ><h2 style=\"font-weight:bold;margin-bottom:20px;\">Ce que nous faisons<\/h2><\/div><\/div>[vc_column_text]Fond\u00e9e en 2007, License Consulting est aujourd\u2019hui la plus ancienne soci\u00e9t\u00e9 de conseil d\u00e9di\u00e9e aux licences Oracle. Il y a toujours eu une mine d\u2019informations et de connaissances sur les canaux autour des mod\u00e8les de licences g\u00e9n\u00e9riques tels que Microsoft, Symantec et d\u2019autres fournisseurs. Les licences Oracle sont rest\u00e9es obscures, changeantes et pleines d\u2019\u00e9chappatoires. Jusqu\u2019\u00e0 la cr\u00e9ation de License Consulting, les clients n\u2019avaient nulle part o\u00f9 aller pour apporter de fa\u00e7on ind\u00e9pendante toutes les comp\u00e9tences \u00e0 la table : il n\u2019y avait pas de guichet unique pour l\u2019audit de conformit\u00e9 Oracle, la n\u00e9gociation, les conseils tactiques et strat\u00e9giques ainsi que les conseils de conformit\u00e9 en cours. License Consulting est rapidement devenu un partenaire de confiance pour de nombreuses organisations permettant aux clients de r\u00e9duire les complexit\u00e9s autour des licences Oracle, les co\u00fbts associ\u00e9s, les architectures informatiques, la maintenance et le soutien pour une d\u00e9cision calcul\u00e9e et un choix \u00e9clair\u00e9.[\/vc_column_text][\/vc_column][vc_column width=\u00a0\u00bb1\/2&Prime;]<div id=\"ultimate-heading-677869d1024d3b13c\" class=\"uvc-heading ult-adjust-bottom-margin ultimate-heading-677869d1024d3b13c uvc-5717 \" data-hspacer=\"no_spacer\"  data-halign=\"left\" style=\"text-align:left\"><div class=\"uvc-heading-spacer no_spacer\" style=\"top\"><\/div><div class=\"uvc-main-heading ult-responsive\"  data-ultimate-target='.uvc-heading.ultimate-heading-677869d1024d3b13c h2'  data-responsive-json-new='{\"font-size\":\"desktop:26px;\",\"line-height\":\"desktop:32px;\"}' ><h2 style=\"font-weight:bold;margin-bottom:20px;\">CROISSANCE SOUTENUE<\/h2><\/div><\/div>[vc_column_text]Licence Consulting est toujours d\u00e9di\u00e9 \u00e0 la licence Oracle et il est maintenant le conseiller le plus sp\u00e9cialis\u00e9 et exp\u00e9riment\u00e9 dans le monde. Avec une petite \u00e9quipe d\u2019experts hautement qualifi\u00e9s, License Consulting consacre tout son temps et ses ressources \u00e0 l\u2019expertise Oracle dans tous les fuseaux horaires. Parmi ses clients figurent de grandes multinationales et des gouvernements centraux du monde entier, ainsi que certains des plus grands cabinets de droit et de conseil de la plan\u00e8te. Depuis 2012, nous sommes honor\u00e9s d\u2019avoir \u00e9t\u00e9 fr\u00e9quemment invit\u00e9s par\u00a0<a href=\"http:\/\/www.vmworld.com\/\">VMworld<\/a>\u00a0pour avoir organis\u00e9 plusieurs sessions de licences Oracle sp\u00e9cifiquement pour notre expertise dans la licence Oracle dans des environnements virtuels complexes. Avec un bilan sans faille, VMware reconna\u00eet \u00e9galement que\u00a0<a href=\"https:\/\/blogs.vmware.com\/vsphere\/2015\/04\/oracle-licensing-discussion-definitive-collateral-collection.html\">nous sommes l\u2019une des rares parties les plus fiables et capables<\/a>\u00a0en ce qui concerne le conseil de licence dans les environnements Oracle virtualis\u00e9s.<\/p>\n<p>Licence Consulting a connu une croissance solide des connaissances, de l\u2019\u00e9volutivit\u00e9 et des capacit\u00e9s. Alors que dans les premiers jours, il faudrait des semaines pour analyser les scripts de sortie d\u2019audit de 1000 bases de donn\u00e9es Oracle, notre solution strat\u00e9gique\u00a0<a href=\"http:\/\/www.licenseaudit.com\/\">www.licenseaudit.com<\/a>\u00a0permet \u00e0 chaque client Oracle de toutes tailles de le faire ind\u00e9pendamment \u00e0 faible co\u00fbt tout en b\u00e9n\u00e9ficiant de toute l\u2019exp\u00e9rience de Licence Consulting.<\/p>\n<p>Licence Consulting est un parcours vraiment fantastique.[\/vc_column_text][\/vc_column][\/vc_row][vc_row full_width=\u00a0\u00bbstretch_row_content_no_spaces\u00a0\u00bb][vc_column]<style type=\"text\/css\" data-type=\"the7_shortcodes-inline-css\">#default-btn-437bcbf501a5128eb0e8e6e8b43fe3f9.ico-right-side > i {\n  margin-right: 0px;\n  margin-left: 8px;\n}\n#default-btn-437bcbf501a5128eb0e8e6e8b43fe3f9 > i {\n  margin-right: 8px;\n}\n<\/style><a href=\"https:\/\/licenseconsulting.com\/fr\/contact\/\" class=\"default-btn-shortcode dt-btn dt-btn-l link-hover-off full-width-btn btn-inline-left \" id=\"default-btn-437bcbf501a5128eb0e8e6e8b43fe3f9\" title=\"Contact\"><span>Contactez-nous<\/span><\/a>[\/vc_column][\/vc_row]<\/p>\n<\/div>","protected":false},"excerpt":{"rendered":"<p>[vc_row type=\u00a0\u00bbvc_default\u00a0\u00bb css=\u00a0\u00bb.vc_custom_1476008791393{padding-top: 70px !important;padding-bottom: 25px !important;}\u00a0\u00bb][vc_column offset=\u00a0\u00bbvc_col-lg-6 vc_col-md-6 vc_col-xs-12&Prime; css=\u00a0\u00bb.vc_custom_1476005293248{padding-bottom: 50px !important;}\u00a0\u00bb][vc_column_text]Apr\u00e8s\u00a0avoir travaill\u00e9 dans l\u2019industrie\u00a0des licences de\u00a0logiciels\u00a0depuis 1995,\u00a0y compris en tant\u00a0qu\u2019 auditeur Oracle\u00a0LMS EMEA,\u00a0Daniel Hesselink a d\u00e9cid\u00e9 de\u00a0commencer\u00a0Licence Consulting\u00a0en 2007.\u00a0Les clients\u00a0ont vraiment besoin\u00a0d\u2019un\u00a0avocat\u00a0et d\u2019un coach pour leur aider \u00e0 \u00e9quilibrer\u00a0le rapport gagnant perdant avec\u00a0Oracle.\u00a0Apr\u00e8s avoir auparavant fournis des formations sur les licences aux partenaires&hellip;<\/p>\n","protected":false},"author":1,"featured_media":0,"parent":0,"menu_order":100,"comment_status":"closed","ping_status":"closed","template":"","meta":{"footnotes":""},"class_list":["post-9813","page","type-page","status-publish","hentry","description-off"],"yoast_head":"<!-- This site is optimized with the Yoast SEO Premium plugin v25.2 (Yoast SEO v26.8) - https:\/\/yoast.com\/product\/yoast-seo-premium-wordpress\/ -->\n<title>Environ - License Consulting<\/title>\n<meta name=\"robots\" content=\"index, follow, max-snippet:-1, max-image-preview:large, max-video-preview:-1\" \/>\n<link rel=\"canonical\" href=\"https:\/\/licenseconsulting.com\/fr\/environ\/\" \/>\n<meta property=\"og:locale\" content=\"fr_FR\" \/>\n<meta property=\"og:type\" content=\"article\" \/>\n<meta property=\"og:title\" content=\"Environ\" \/>\n<meta property=\"og:description\" content=\"Apr\u00e8s\u00a0avoir travaill\u00e9 dans l\u2019industrie\u00a0des licences de\u00a0logiciels\u00a0depuis 1995,\u00a0y compris en tant\u00a0qu\u2019 auditeur Oracle\u00a0LMS EMEA,\u00a0Daniel Hesselink a d\u00e9cid\u00e9\" \/>\n<meta property=\"og:url\" content=\"https:\/\/licenseconsulting.com\/fr\/environ\/\" \/>\n<meta property=\"og:site_name\" content=\"License Consulting\" \/>\n<meta property=\"article:modified_time\" content=\"2020-05-06T11:10:39+00:00\" \/>\n<meta name=\"twitter:card\" content=\"summary_large_image\" \/>\n<meta name=\"twitter:site\" content=\"@OracleLicensing\" \/>\n<meta name=\"twitter:label1\" content=\"Dur\u00e9e de lecture estim\u00e9e\" \/>\n\t<meta name=\"twitter:data1\" content=\"5 minutes\" \/>\n<script type=\"application\/ld+json\" class=\"yoast-schema-graph\">{\"@context\":\"https:\/\/schema.org\",\"@graph\":[{\"@type\":\"WebPage\",\"@id\":\"https:\/\/licenseconsulting.com\/fr\/environ\/\",\"url\":\"https:\/\/licenseconsulting.com\/fr\/environ\/\",\"name\":\"Environ - License Consulting\",\"isPartOf\":{\"@id\":\"https:\/\/licenseconsulting.com\/fr\/#website\"},\"datePublished\":\"2020-02-14T12:56:26+00:00\",\"dateModified\":\"2020-05-06T11:10:39+00:00\",\"breadcrumb\":{\"@id\":\"https:\/\/licenseconsulting.com\/fr\/environ\/#breadcrumb\"},\"inLanguage\":\"fr-FR\",\"potentialAction\":[{\"@type\":\"ReadAction\",\"target\":[\"https:\/\/licenseconsulting.com\/fr\/environ\/\"]}]},{\"@type\":\"BreadcrumbList\",\"@id\":\"https:\/\/licenseconsulting.com\/fr\/environ\/#breadcrumb\",\"itemListElement\":[{\"@type\":\"ListItem\",\"position\":1,\"name\":\"Home\",\"item\":\"https:\/\/licenseconsulting.com\/fr\/\"},{\"@type\":\"ListItem\",\"position\":2,\"name\":\"Environ\"}]},{\"@type\":\"WebSite\",\"@id\":\"https:\/\/licenseconsulting.com\/fr\/#website\",\"url\":\"https:\/\/licenseconsulting.com\/fr\/\",\"name\":\"License Consulting\",\"description\":\"Oracle License Compliance Company\",\"publisher\":{\"@id\":\"https:\/\/licenseconsulting.com\/fr\/#organization\"},\"potentialAction\":[{\"@type\":\"SearchAction\",\"target\":{\"@type\":\"EntryPoint\",\"urlTemplate\":\"https:\/\/licenseconsulting.com\/fr\/?s={search_term_string}\"},\"query-input\":{\"@type\":\"PropertyValueSpecification\",\"valueRequired\":true,\"valueName\":\"search_term_string\"}}],\"inLanguage\":\"fr-FR\"},{\"@type\":\"Organization\",\"@id\":\"https:\/\/licenseconsulting.com\/fr\/#organization\",\"name\":\"License Consulting BV\",\"url\":\"https:\/\/licenseconsulting.com\/fr\/\",\"logo\":{\"@type\":\"ImageObject\",\"inLanguage\":\"fr-FR\",\"@id\":\"https:\/\/licenseconsulting.com\/fr\/#\/schema\/logo\/image\/\",\"url\":\"https:\/\/licenseconsulting.com\/wp-content\/uploads\/2020\/07\/LC-logo-2019-768x144-1.png\",\"contentUrl\":\"https:\/\/licenseconsulting.com\/wp-content\/uploads\/2020\/07\/LC-logo-2019-768x144-1.png\",\"width\":768,\"height\":144,\"caption\":\"License Consulting BV\"},\"image\":{\"@id\":\"https:\/\/licenseconsulting.com\/fr\/#\/schema\/logo\/image\/\"},\"sameAs\":[\"https:\/\/x.com\/OracleLicensing\",\"https:\/\/www.linkedin.com\/company\/license-consulting\/\"]}]}<\/script>\n<!-- \/ Yoast SEO Premium plugin. -->","yoast_head_json":{"title":"Environ - License Consulting","robots":{"index":"index","follow":"follow","max-snippet":"max-snippet:-1","max-image-preview":"max-image-preview:large","max-video-preview":"max-video-preview:-1"},"canonical":"https:\/\/licenseconsulting.com\/fr\/environ\/","og_locale":"fr_FR","og_type":"article","og_title":"Environ","og_description":"Apr\u00e8s\u00a0avoir travaill\u00e9 dans l\u2019industrie\u00a0des licences de\u00a0logiciels\u00a0depuis 1995,\u00a0y compris en tant\u00a0qu\u2019 auditeur Oracle\u00a0LMS EMEA,\u00a0Daniel Hesselink a d\u00e9cid\u00e9","og_url":"https:\/\/licenseconsulting.com\/fr\/environ\/","og_site_name":"License Consulting","article_modified_time":"2020-05-06T11:10:39+00:00","twitter_card":"summary_large_image","twitter_site":"@OracleLicensing","twitter_misc":{"Dur\u00e9e de lecture estim\u00e9e":"5 minutes"},"schema":{"@context":"https:\/\/schema.org","@graph":[{"@type":"WebPage","@id":"https:\/\/licenseconsulting.com\/fr\/environ\/","url":"https:\/\/licenseconsulting.com\/fr\/environ\/","name":"Environ - License Consulting","isPartOf":{"@id":"https:\/\/licenseconsulting.com\/fr\/#website"},"datePublished":"2020-02-14T12:56:26+00:00","dateModified":"2020-05-06T11:10:39+00:00","breadcrumb":{"@id":"https:\/\/licenseconsulting.com\/fr\/environ\/#breadcrumb"},"inLanguage":"fr-FR","potentialAction":[{"@type":"ReadAction","target":["https:\/\/licenseconsulting.com\/fr\/environ\/"]}]},{"@type":"BreadcrumbList","@id":"https:\/\/licenseconsulting.com\/fr\/environ\/#breadcrumb","itemListElement":[{"@type":"ListItem","position":1,"name":"Home","item":"https:\/\/licenseconsulting.com\/fr\/"},{"@type":"ListItem","position":2,"name":"Environ"}]},{"@type":"WebSite","@id":"https:\/\/licenseconsulting.com\/fr\/#website","url":"https:\/\/licenseconsulting.com\/fr\/","name":"License Consulting","description":"Oracle License Compliance Company","publisher":{"@id":"https:\/\/licenseconsulting.com\/fr\/#organization"},"potentialAction":[{"@type":"SearchAction","target":{"@type":"EntryPoint","urlTemplate":"https:\/\/licenseconsulting.com\/fr\/?s={search_term_string}"},"query-input":{"@type":"PropertyValueSpecification","valueRequired":true,"valueName":"search_term_string"}}],"inLanguage":"fr-FR"},{"@type":"Organization","@id":"https:\/\/licenseconsulting.com\/fr\/#organization","name":"License Consulting BV","url":"https:\/\/licenseconsulting.com\/fr\/","logo":{"@type":"ImageObject","inLanguage":"fr-FR","@id":"https:\/\/licenseconsulting.com\/fr\/#\/schema\/logo\/image\/","url":"https:\/\/licenseconsulting.com\/wp-content\/uploads\/2020\/07\/LC-logo-2019-768x144-1.png","contentUrl":"https:\/\/licenseconsulting.com\/wp-content\/uploads\/2020\/07\/LC-logo-2019-768x144-1.png","width":768,"height":144,"caption":"License Consulting BV"},"image":{"@id":"https:\/\/licenseconsulting.com\/fr\/#\/schema\/logo\/image\/"},"sameAs":["https:\/\/x.com\/OracleLicensing","https:\/\/www.linkedin.com\/company\/license-consulting\/"]}]}},"_links":{"self":[{"href":"https:\/\/licenseconsulting.com\/fr\/wp-json\/wp\/v2\/pages\/9813","targetHints":{"allow":["GET"]}}],"collection":[{"href":"https:\/\/licenseconsulting.com\/fr\/wp-json\/wp\/v2\/pages"}],"about":[{"href":"https:\/\/licenseconsulting.com\/fr\/wp-json\/wp\/v2\/types\/page"}],"author":[{"embeddable":true,"href":"https:\/\/licenseconsulting.com\/fr\/wp-json\/wp\/v2\/users\/1"}],"replies":[{"embeddable":true,"href":"https:\/\/licenseconsulting.com\/fr\/wp-json\/wp\/v2\/comments?post=9813"}],"version-history":[{"count":5,"href":"https:\/\/licenseconsulting.com\/fr\/wp-json\/wp\/v2\/pages\/9813\/revisions"}],"predecessor-version":[{"id":11986,"href":"https:\/\/licenseconsulting.com\/fr\/wp-json\/wp\/v2\/pages\/9813\/revisions\/11986"}],"wp:attachment":[{"href":"https:\/\/licenseconsulting.com\/fr\/wp-json\/wp\/v2\/media?parent=9813"}],"curies":[{"name":"wp","href":"https:\/\/api.w.org\/{rel}","templated":true}]}}