{"id":9903,"date":"2020-02-14T12:56:42","date_gmt":"2020-02-14T12:56:42","guid":{"rendered":"https:\/\/licenseconsulting.com\/legal\/"},"modified":"2020-06-02T08:09:54","modified_gmt":"2020-06-02T08:09:54","slug":"legal","status":"publish","type":"page","link":"https:\/\/licenseconsulting.com\/es\/legal\/","title":{"rendered":"Legal"},"content":{"rendered":"<div class=\"wpb-content-wrapper\"><p>[vc_row][vc_column][vc_column_text]<\/p>\n<h2>Ambig\u00fcedades contractuales y orientaci\u00f3n legal<\/h2>\n<p><img fetchpriority=\"high\" decoding=\"async\" class=\"size-medium wp-image-11087 alignleft\" src=\"https:\/\/licenseconsulting.com\/wp-content\/uploads\/2020\/03\/administration-agreement-banking-blur-618158-300x169.jpg\" alt=\"\" width=\"300\" height=\"169\" srcset=\"https:\/\/licenseconsulting.com\/wp-content\/uploads\/2020\/03\/administration-agreement-banking-blur-618158-300x169.jpg 300w, https:\/\/licenseconsulting.com\/wp-content\/uploads\/2020\/03\/administration-agreement-banking-blur-618158-1024x577.jpg 1024w, https:\/\/licenseconsulting.com\/wp-content\/uploads\/2020\/03\/administration-agreement-banking-blur-618158-768x433.jpg 768w, https:\/\/licenseconsulting.com\/wp-content\/uploads\/2020\/03\/administration-agreement-banking-blur-618158-1536x866.jpg 1536w, https:\/\/licenseconsulting.com\/wp-content\/uploads\/2020\/03\/administration-agreement-banking-blur-618158-2048x1155.jpg 2048w\" sizes=\"(max-width: 300px) 100vw, 300px\" \/><\/p>\n<p><span lang=\"ES\">Muchos clientes de Oracle perciben que Oracle est\u00e1 cambiando los puntos de sus acuerdos.<\/span><\/p>\n<p><span lang=\"ES\">License Consulting tiene una larga experiencia y un historial en la identificaci\u00f3n, discusi\u00f3n y superaci\u00f3n de las dificultades percibidas al trabajar con contratos de Oracle. Desde 2007 hemos guiado a cientos de clientes, asesorando a sus gestores de contratos y asesores legales. Adem\u00e1s, tenemos una vasta red en asesores legales externos que est\u00e1n familiarizados en el trabajo con Oracle y que trabajan de inmediato.<\/span><\/p>\n<h3>La importancia de la alineaci\u00f3n interna<\/h3>\n<p><span lang=\"ES\">Oracle es un proveedor esencial para muchas empresas. Cualquier ambig\u00fcedad en su relaci\u00f3n comercial con Oracle causa Miedo, Incertidumbre y Duda (FUD). El FUD a menudo comienza a vivir su propia vida: los participantes financieros, t\u00e9cnicos y contractuales comienzan a vivir su propio FUD \u2013 con cada participante teniendo sus propias impresiones y opiniones. Esto afecta en gran medida las capacidades para tomar decisiones informadas. A trav\u00e9s de <a href=\"https:\/\/licenseconsulting.com\/es\/servicios\/\">nuestros servicios,<\/a> nos aseguramos de alinear la comprensi\u00f3n del cliente del acuerdo, las implementaciones t\u00e9cnicas y las reglas de la ley local se consideran en toda la empresa. Esto permite a los clientes tomar decisiones mejores e informadas. Para mejorar el proceso de toma de decisiones, cuantificamos el \u00e1mbito de las posibilidades no s\u00f3lo en los riesgos contractuales, sino en cada opci\u00f3n diferente tambi\u00e9n en un <a href=\"https:\/\/licenseconsulting.com\/es\/financiero\/\">valor monetario.<\/a><\/span><\/p>\n<p>&nbsp;<\/p>\n<h3>Ejemplos<\/h3>\n<p><img decoding=\"async\" class=\"alignright size-medium wp-image-8861\" src=\"https:\/\/licenseconsulting.com\/wp-content\/uploads\/2019\/09\/copyright-389901_1280-300x199.jpg\" alt=\"\" width=\"300\" height=\"199\" srcset=\"https:\/\/licenseconsulting.com\/wp-content\/uploads\/2019\/09\/copyright-389901_1280-300x199.jpg 300w, https:\/\/licenseconsulting.com\/wp-content\/uploads\/2019\/09\/copyright-389901_1280-768x508.jpg 768w, https:\/\/licenseconsulting.com\/wp-content\/uploads\/2019\/09\/copyright-389901_1280-1024x678.jpg 1024w, https:\/\/licenseconsulting.com\/wp-content\/uploads\/2019\/09\/copyright-389901_1280.jpg 1280w\" sizes=\"(max-width: 300px) 100vw, 300px\" \/><\/p>\n<p><span lang=\"ES\">Hay varias maneras en que se introduce un FUD de Oracle. Las fuentes frecuentes son organizaciones de socios, representantes de Oracle o alguien que ley\u00f3 algo y luego se hace en interpretaci\u00f3n. Algo se dijo durante un evento, u otra compa\u00f1\u00eda public\u00f3 un razonamiento en Linkedin. Todas estas impresiones y opiniones conducen a sentimientos encontrados que luego afectan las capacidades de tomar decisiones informadas. Oracle como empresa est\u00e1 creando deliberadamente contenido que hace hincapi\u00e9 en el FUD.<\/span><\/p>\n<p>Por ejemplo, Oracle publica (y, a continuaci\u00f3n, modifica) los siguientes documentos:<\/p>\n<p><a href=\"https:\/\/www.oracle.com\/assets\/data-recovery-licensing-070587.pdf\" target=\"_blank\" rel=\"noopener noreferrer\">Entornos de recuperaci\u00f3n de datos de licencias<\/a><br \/>\n<a href=\"https:\/\/www.oracle.com\/assets\/databaselicensing-070584.pdf\" target=\"_blank\" rel=\"noopener noreferrer\">Documento t\u00e9cnico sobre licencias de bases de datos<\/a><br \/>\n<a href=\"https:\/\/www.oracle.com\/assets\/partitioning-070609.pdf\" target=\"_blank\" rel=\"noopener noreferrer\">Pol\u00edtica de particionamiento de Oracle (libro blanco en VMWARE)<\/a><br \/>\n<a href=\"https:\/\/www.oracle.com\/assets\/cloud-licensing-070579.pdf\" target=\"_blank\" rel=\"noopener noreferrer\">Licencias en la nube de Oracle<\/a><\/p>\n<p>&#8230; y muchos otros. Aunque Oracle los presenta como &#8216;la verdad y nada m\u00e1s que la verdad&#8217;, no son parte del contrato. Y, las notas al pie de p\u00e1gina lo aclaran.<\/p>\n<h3>Educaci\u00f3n y orientaci\u00f3n sobre sus derechos<\/h3>\n<p>Despu\u00e9s de haber trabajado con License Consulting, los clientes ya no ponen su billetera sobre la mesa y le dicen a Oracle &#8216;simplemente tome lo que cree que necesita&#8217;. En su lugar, obtienen una comprensi\u00f3n profunda de sus derechos contractuales y legales, de una manera que se avala en toda la empresa. Esto les ayuda a tomar decisiones informadas.[\/vc_column_text][\/vc_column][\/vc_row]<\/p>\n<p>&nbsp;<\/p>\n<p>[vc_column]<style type=\"text\/css\" data-type=\"the7_shortcodes-inline-css\">#default-btn-916fcdc03487c78ff44059ecfb196dea.ico-right-side > i {\n  margin-right: 0px;\n  margin-left: 8px;\n}\n#default-btn-916fcdc03487c78ff44059ecfb196dea > i {\n  margin-right: 8px;\n}\n<\/style><a href=\"https:\/\/licenseconsulting.com\/es\/contacto\/\" class=\"default-btn-shortcode dt-btn dt-btn-m link-hover-off full-width-btn btn-inline-left \" id=\"default-btn-916fcdc03487c78ff44059ecfb196dea\" title=\"Contact\"><span>Cont\u00e1ctenos para m\u00e1s informaci\u00f3n.<\/span><\/a>[\/vc_column]<\/p>\n<\/div>","protected":false},"excerpt":{"rendered":"<p>[vc_row][vc_column][vc_column_text] Ambig\u00fcedades contractuales y orientaci\u00f3n legal Muchos clientes de Oracle perciben que Oracle est\u00e1 cambiando los puntos de sus acuerdos. License Consulting tiene una larga experiencia y un historial en la identificaci\u00f3n, discusi\u00f3n y superaci\u00f3n de las dificultades percibidas al trabajar con contratos de Oracle. Desde 2007 hemos guiado a cientos de clientes, asesorando a&hellip;<\/p>\n","protected":false},"author":1,"featured_media":0,"parent":0,"menu_order":0,"comment_status":"closed","ping_status":"closed","template":"","meta":{"footnotes":""},"class_list":["post-9903","page","type-page","status-publish","hentry","description-off"],"yoast_head":"<!-- This site is optimized with the Yoast SEO Premium plugin v25.2 (Yoast SEO v26.8) - https:\/\/yoast.com\/product\/yoast-seo-premium-wordpress\/ -->\n<title>Legal - License Consulting<\/title>\n<meta name=\"robots\" content=\"index, follow, max-snippet:-1, max-image-preview:large, max-video-preview:-1\" \/>\n<link rel=\"canonical\" href=\"https:\/\/licenseconsulting.com\/es\/legal\/\" \/>\n<meta property=\"og:locale\" content=\"es_ES\" \/>\n<meta property=\"og:type\" content=\"article\" \/>\n<meta property=\"og:title\" content=\"Legal\" \/>\n<meta property=\"og:description\" content=\"Ambig\u00fcedades contractuales y orientaci\u00f3n legal Muchos clientes de Oracle perciben que Oracle est\u00e1 cambiando los puntos de sus acuerdos. License Consulting\" \/>\n<meta property=\"og:url\" content=\"https:\/\/licenseconsulting.com\/es\/legal\/\" \/>\n<meta property=\"og:site_name\" content=\"License Consulting\" \/>\n<meta property=\"article:modified_time\" content=\"2020-06-02T08:09:54+00:00\" \/>\n<meta property=\"og:image\" content=\"https:\/\/licenseconsulting.com\/wp-content\/uploads\/2020\/03\/administration-agreement-banking-blur-618158-300x169.jpg\" \/>\n<meta name=\"twitter:card\" content=\"summary_large_image\" \/>\n<meta name=\"twitter:site\" content=\"@OracleLicensing\" \/>\n<meta name=\"twitter:label1\" content=\"Tiempo de lectura\" \/>\n\t<meta name=\"twitter:data1\" content=\"3 minutos\" \/>\n<script type=\"application\/ld+json\" class=\"yoast-schema-graph\">{\"@context\":\"https:\/\/schema.org\",\"@graph\":[{\"@type\":\"WebPage\",\"@id\":\"https:\/\/licenseconsulting.com\/es\/legal\/\",\"url\":\"https:\/\/licenseconsulting.com\/es\/legal\/\",\"name\":\"Legal - License Consulting\",\"isPartOf\":{\"@id\":\"https:\/\/licenseconsulting.com\/es\/#website\"},\"primaryImageOfPage\":{\"@id\":\"https:\/\/licenseconsulting.com\/es\/legal\/#primaryimage\"},\"image\":{\"@id\":\"https:\/\/licenseconsulting.com\/es\/legal\/#primaryimage\"},\"thumbnailUrl\":\"https:\/\/licenseconsulting.com\/wp-content\/uploads\/2020\/03\/administration-agreement-banking-blur-618158-300x169.jpg\",\"datePublished\":\"2020-02-14T12:56:42+00:00\",\"dateModified\":\"2020-06-02T08:09:54+00:00\",\"breadcrumb\":{\"@id\":\"https:\/\/licenseconsulting.com\/es\/legal\/#breadcrumb\"},\"inLanguage\":\"es\",\"potentialAction\":[{\"@type\":\"ReadAction\",\"target\":[\"https:\/\/licenseconsulting.com\/es\/legal\/\"]}]},{\"@type\":\"ImageObject\",\"inLanguage\":\"es\",\"@id\":\"https:\/\/licenseconsulting.com\/es\/legal\/#primaryimage\",\"url\":\"https:\/\/licenseconsulting.com\/wp-content\/uploads\/2020\/03\/administration-agreement-banking-blur-618158-300x169.jpg\",\"contentUrl\":\"https:\/\/licenseconsulting.com\/wp-content\/uploads\/2020\/03\/administration-agreement-banking-blur-618158-300x169.jpg\"},{\"@type\":\"BreadcrumbList\",\"@id\":\"https:\/\/licenseconsulting.com\/es\/legal\/#breadcrumb\",\"itemListElement\":[{\"@type\":\"ListItem\",\"position\":1,\"name\":\"Home\",\"item\":\"https:\/\/licenseconsulting.com\/es\/\"},{\"@type\":\"ListItem\",\"position\":2,\"name\":\"Legal\"}]},{\"@type\":\"WebSite\",\"@id\":\"https:\/\/licenseconsulting.com\/es\/#website\",\"url\":\"https:\/\/licenseconsulting.com\/es\/\",\"name\":\"License Consulting\",\"description\":\"Oracle License Compliance Company\",\"publisher\":{\"@id\":\"https:\/\/licenseconsulting.com\/es\/#organization\"},\"potentialAction\":[{\"@type\":\"SearchAction\",\"target\":{\"@type\":\"EntryPoint\",\"urlTemplate\":\"https:\/\/licenseconsulting.com\/es\/?s={search_term_string}\"},\"query-input\":{\"@type\":\"PropertyValueSpecification\",\"valueRequired\":true,\"valueName\":\"search_term_string\"}}],\"inLanguage\":\"es\"},{\"@type\":\"Organization\",\"@id\":\"https:\/\/licenseconsulting.com\/es\/#organization\",\"name\":\"License Consulting BV\",\"url\":\"https:\/\/licenseconsulting.com\/es\/\",\"logo\":{\"@type\":\"ImageObject\",\"inLanguage\":\"es\",\"@id\":\"https:\/\/licenseconsulting.com\/es\/#\/schema\/logo\/image\/\",\"url\":\"https:\/\/licenseconsulting.com\/wp-content\/uploads\/2020\/07\/LC-logo-2019-768x144-1.png\",\"contentUrl\":\"https:\/\/licenseconsulting.com\/wp-content\/uploads\/2020\/07\/LC-logo-2019-768x144-1.png\",\"width\":768,\"height\":144,\"caption\":\"License Consulting BV\"},\"image\":{\"@id\":\"https:\/\/licenseconsulting.com\/es\/#\/schema\/logo\/image\/\"},\"sameAs\":[\"https:\/\/x.com\/OracleLicensing\",\"https:\/\/www.linkedin.com\/company\/license-consulting\/\"]}]}<\/script>\n<!-- \/ Yoast SEO Premium plugin. -->","yoast_head_json":{"title":"Legal - License Consulting","robots":{"index":"index","follow":"follow","max-snippet":"max-snippet:-1","max-image-preview":"max-image-preview:large","max-video-preview":"max-video-preview:-1"},"canonical":"https:\/\/licenseconsulting.com\/es\/legal\/","og_locale":"es_ES","og_type":"article","og_title":"Legal","og_description":"Ambig\u00fcedades contractuales y orientaci\u00f3n legal Muchos clientes de Oracle perciben que Oracle est\u00e1 cambiando los puntos de sus acuerdos. License Consulting","og_url":"https:\/\/licenseconsulting.com\/es\/legal\/","og_site_name":"License Consulting","article_modified_time":"2020-06-02T08:09:54+00:00","og_image":[{"url":"https:\/\/licenseconsulting.com\/wp-content\/uploads\/2020\/03\/administration-agreement-banking-blur-618158-300x169.jpg","type":"","width":"","height":""}],"twitter_card":"summary_large_image","twitter_site":"@OracleLicensing","twitter_misc":{"Tiempo de lectura":"3 minutos"},"schema":{"@context":"https:\/\/schema.org","@graph":[{"@type":"WebPage","@id":"https:\/\/licenseconsulting.com\/es\/legal\/","url":"https:\/\/licenseconsulting.com\/es\/legal\/","name":"Legal - License Consulting","isPartOf":{"@id":"https:\/\/licenseconsulting.com\/es\/#website"},"primaryImageOfPage":{"@id":"https:\/\/licenseconsulting.com\/es\/legal\/#primaryimage"},"image":{"@id":"https:\/\/licenseconsulting.com\/es\/legal\/#primaryimage"},"thumbnailUrl":"https:\/\/licenseconsulting.com\/wp-content\/uploads\/2020\/03\/administration-agreement-banking-blur-618158-300x169.jpg","datePublished":"2020-02-14T12:56:42+00:00","dateModified":"2020-06-02T08:09:54+00:00","breadcrumb":{"@id":"https:\/\/licenseconsulting.com\/es\/legal\/#breadcrumb"},"inLanguage":"es","potentialAction":[{"@type":"ReadAction","target":["https:\/\/licenseconsulting.com\/es\/legal\/"]}]},{"@type":"ImageObject","inLanguage":"es","@id":"https:\/\/licenseconsulting.com\/es\/legal\/#primaryimage","url":"https:\/\/licenseconsulting.com\/wp-content\/uploads\/2020\/03\/administration-agreement-banking-blur-618158-300x169.jpg","contentUrl":"https:\/\/licenseconsulting.com\/wp-content\/uploads\/2020\/03\/administration-agreement-banking-blur-618158-300x169.jpg"},{"@type":"BreadcrumbList","@id":"https:\/\/licenseconsulting.com\/es\/legal\/#breadcrumb","itemListElement":[{"@type":"ListItem","position":1,"name":"Home","item":"https:\/\/licenseconsulting.com\/es\/"},{"@type":"ListItem","position":2,"name":"Legal"}]},{"@type":"WebSite","@id":"https:\/\/licenseconsulting.com\/es\/#website","url":"https:\/\/licenseconsulting.com\/es\/","name":"License Consulting","description":"Oracle License Compliance Company","publisher":{"@id":"https:\/\/licenseconsulting.com\/es\/#organization"},"potentialAction":[{"@type":"SearchAction","target":{"@type":"EntryPoint","urlTemplate":"https:\/\/licenseconsulting.com\/es\/?s={search_term_string}"},"query-input":{"@type":"PropertyValueSpecification","valueRequired":true,"valueName":"search_term_string"}}],"inLanguage":"es"},{"@type":"Organization","@id":"https:\/\/licenseconsulting.com\/es\/#organization","name":"License Consulting BV","url":"https:\/\/licenseconsulting.com\/es\/","logo":{"@type":"ImageObject","inLanguage":"es","@id":"https:\/\/licenseconsulting.com\/es\/#\/schema\/logo\/image\/","url":"https:\/\/licenseconsulting.com\/wp-content\/uploads\/2020\/07\/LC-logo-2019-768x144-1.png","contentUrl":"https:\/\/licenseconsulting.com\/wp-content\/uploads\/2020\/07\/LC-logo-2019-768x144-1.png","width":768,"height":144,"caption":"License Consulting BV"},"image":{"@id":"https:\/\/licenseconsulting.com\/es\/#\/schema\/logo\/image\/"},"sameAs":["https:\/\/x.com\/OracleLicensing","https:\/\/www.linkedin.com\/company\/license-consulting\/"]}]}},"_links":{"self":[{"href":"https:\/\/licenseconsulting.com\/es\/wp-json\/wp\/v2\/pages\/9903","targetHints":{"allow":["GET"]}}],"collection":[{"href":"https:\/\/licenseconsulting.com\/es\/wp-json\/wp\/v2\/pages"}],"about":[{"href":"https:\/\/licenseconsulting.com\/es\/wp-json\/wp\/v2\/types\/page"}],"author":[{"embeddable":true,"href":"https:\/\/licenseconsulting.com\/es\/wp-json\/wp\/v2\/users\/1"}],"replies":[{"embeddable":true,"href":"https:\/\/licenseconsulting.com\/es\/wp-json\/wp\/v2\/comments?post=9903"}],"version-history":[{"count":4,"href":"https:\/\/licenseconsulting.com\/es\/wp-json\/wp\/v2\/pages\/9903\/revisions"}],"predecessor-version":[{"id":12239,"href":"https:\/\/licenseconsulting.com\/es\/wp-json\/wp\/v2\/pages\/9903\/revisions\/12239"}],"wp:attachment":[{"href":"https:\/\/licenseconsulting.com\/es\/wp-json\/wp\/v2\/media?parent=9903"}],"curies":[{"name":"wp","href":"https:\/\/api.w.org\/{rel}","templated":true}]}}