{"id":9899,"date":"2020-02-14T12:56:42","date_gmt":"2020-02-14T12:56:42","guid":{"rendered":"https:\/\/licenseconsulting.com\/tecnicas\/"},"modified":"2020-05-11T10:17:07","modified_gmt":"2020-05-11T10:17:07","slug":"tecnicas","status":"publish","type":"page","link":"https:\/\/licenseconsulting.com\/es\/tecnicas\/","title":{"rendered":"T\u00e9cnicas"},"content":{"rendered":"<div class=\"wpb-content-wrapper\"><p>[vc_row][vc_column][vc_column_text]<\/p>\n<h1>Scripting de auditoria de Oracle, an\u00e1lisis, herramientas y arquitecturas de TI.<\/h1>\n<p>[\/vc_column_text][\/vc_column][\/vc_row][vc_row][vc_column][vc_column_text]License Consulting proporciona a los clientes una amplia gama de capacidades t\u00e9cnicas.<\/p>\n<h3><strong>Disponibilidad del script de auditor\u00eda de Oracle<\/strong><\/h3>\n<p><img fetchpriority=\"high\" decoding=\"async\" class=\"alignleft size-medium wp-image-11105\" src=\"https:\/\/licenseconsulting.com\/wp-content\/uploads\/2020\/03\/woman-holding-laptop-beside-glass-wall-1181316-300x200.jpg\" alt=\"\" width=\"300\" height=\"200\" srcset=\"https:\/\/licenseconsulting.com\/wp-content\/uploads\/2020\/03\/woman-holding-laptop-beside-glass-wall-1181316-300x200.jpg 300w, https:\/\/licenseconsulting.com\/wp-content\/uploads\/2020\/03\/woman-holding-laptop-beside-glass-wall-1181316-1024x684.jpg 1024w, https:\/\/licenseconsulting.com\/wp-content\/uploads\/2020\/03\/woman-holding-laptop-beside-glass-wall-1181316-768x513.jpg 768w, https:\/\/licenseconsulting.com\/wp-content\/uploads\/2020\/03\/woman-holding-laptop-beside-glass-wall-1181316-1536x1025.jpg 1536w, https:\/\/licenseconsulting.com\/wp-content\/uploads\/2020\/03\/woman-holding-laptop-beside-glass-wall-1181316-2048x1367.jpg 2048w\" sizes=\"(max-width: 300px) 100vw, 300px\" \/>Oracle no proporciona c\u00f3digos de licencia ni ning\u00fan otro medio para proteger a los clientes de la utilizaci\u00f3n de caracter\u00edsticas sin licencia. De hecho, la mayor\u00eda de los medios de instalaci\u00f3n vienen con una gran cantidad de funcionalidades que est\u00e1n preinstaladas de forma predeterminada, y que requieren licencias adicionales al utilizar estas funcionalidades. Al mismo tiempo, Oracle no proporciona herramientas ni orientaci\u00f3n que ayuden a los clientes a evaluar sus propios riesgos de licencia.<\/p>\n<p>Cuando se utiliza el software DeOracle, el riesgo de incumplimiento es un hecho de la vida. Al mismo tiempo, a los clientes les resulta igualmente dif\u00edcil entender si est\u00e1n pagando soporte para licencias que no se utilizan.<\/p>\n<p>Tenemos soluciones para crear scripts de la gran mayor\u00eda de los productos Oracle para reflejar la utilizaci\u00f3n de cada licencia y la definici\u00f3n de licencia asociada. A continuaci\u00f3n destacamos algunas de nuestras capacidades.<\/p>\n<p><strong><span lang=\"ES\">Conteo de las licencias del Procesador<br \/>\n<\/span><\/strong><\/p>\n<p><span lang=\"ES\">License Consulting ha desarrollado scripts de CPU para todas las plataformas de hardware, incluido VMware \u2013 para cuantificar el n\u00famero de licencias de Procesador de acuerdo con las definiciones contractuales de Oracle.<\/span><\/p>\n<p><strong>Scripts de auditor\u00eda de la Base de Datos de Oracle<br \/>\n<\/strong><\/p>\n<p><span lang=\"ES\">License Consulting desarroll\u00f3 scripts SQLPlus que consultan las tablas del sistema de base de datos de Oracle. Adem\u00e1s de las tablas consultadas por los scripts de auditor\u00eda de Oracle, nuestros scripts consultan informaci\u00f3n adicional que nos permite proporcionar mejores y m\u00e1s significativos consejos para optimizar sus implementaciones de Oracle.<\/span><\/p>\n<p><strong><span lang=\"ES\">Suite E-Business de Oracle<br \/>\n<\/span><\/strong><\/p>\n<p><span lang=\"ES\">Utilizando consultas SQL, se exportan tablas de Usuarios y Responsabilidades (entre otros). Con su administrador de EBS, mapeamos los datos para reflejar la posici\u00f3n de la licencia de acuerdo con el contrato que usted ha acordado. Una vez que hemos mapeado su entorno de EBS espec\u00edfico, es muy simple y rentable que le proporcionemos una posici\u00f3n de licencia efectiva (ELP) de forma regular.<\/span><\/p>\n<p>&nbsp;<\/p>\n<h3>Oracle LMS \u00abProveedores de Herramientas de Terceros Verificados\u00bb<\/h3>\n<p><span lang=\"ES\">Oracle mantiene un <span style=\"color: #0070c0;\"><a href=\"https:\/\/www.oracle.com\/corporate\/license-management-services\/tooling.html\">Programa de Herramientas LMS Verificado.<\/a><\/span> Al contrario de lo que sugieren los folletos de marketing, las herramientas no son una bala de plata para el cumplimiento de Oracle: Al contrario. Oracle afirma claramente que<\/span><\/p>\n<ul>\n<li>Se han verificado herramientas de los siguientes proveedores para proporcionar conjuntos de datos que complementan una interacci\u00f3n con Oracle LMS<\/li>\n<li>El \u00e1mbito del proceso de verificaci\u00f3n solo cubre la Base de Datos de Oracle y las opciones asociadas.<\/li>\n<li>Oracle LMS aceptar\u00e1 datos de cualquiera de estas herramientas como una alternativa a la instalaci\u00f3n de herramientas de medici\u00f3n de Oracle LMS.<\/li>\n<li>Tenga en cuenta que la instalaci\u00f3n y el uso de una herramienta de un proveedor verificado no sustituye nacia una Auditor\u00eda de Licencias de Oracle ni revoca el derecho contractual de Oracle a realizar una.<\/li>\n<li>Adem\u00e1s, la organizaci\u00f3n de Oracle LMS deber\u00e1 analizar los datos de uso recopilados a partir de estas herramientas para evaluar las necesidades de licencias y proporcionar al cliente una declaraci\u00f3n de cumplimiento.<\/li>\n<\/ul>\n<p><span lang=\"ES\">Los proveedores de herramientas verificados son Aspera Smart Collect, iQuate, Lime Software, Micro Focus y Flexera. Todas las herramientas deben proporcionar el mismo \u201cinforme de uso\u201d (predefinido por Oracle) y los mismos datos \u201csin procesar\u201d. Las balas de Oracle significan que:<\/span><\/p>\n<ol>\n<li>Los datos \u201cf\u00e1ciles de usar\u201d proporcionados por las herramientas no son exactos y, por lo tanto, no son aceptados por Oracle.<\/li>\n<li>Oracle querr\u00e1 tener los datos \u2018sin procesar\u2019 y crear su an\u00e1lisis \u2018propio\u2019.<\/li>\n<li>Los clientes no tienen la capacidad de analizar los datos \u2018sin procesar\u2019 ellos mismos.<\/li>\n<\/ol>\n<p>&nbsp;<\/p>\n<p><strong>Importante:<\/strong>No se puede culpar a los proveedores de herramientas de las deficiencias de los informes de Oracle proporcionados por ellos: Todos ellos act\u00faan de acuerdo con los requisitos previos de Oracle y no se les permite informar de otros datos.<\/p>\n<p><span lang=\"ES\">License Consulting puede analizar los datos sin procesar recopilados por todos los proveedores de herramientas verificadas y proporcionar informes detallados de uso y cumplimiento. Adem\u00e1s, explicamos las diferencias entre los informes \u201cpredeterminados\u201d generados \u2013 los cuales son todos inexactos \u2013 y el informe generado por nosotros. Esta comparaci\u00f3n aumenta el conocimiento del cumplimiento de licencias de Oracle en nuestra clientela y les ayuda a comprender qu\u00e9 parte de la salida generada por el motor de Oracle no puede ni debe ser plenamente confiable.<\/span><\/p>\n<p>&nbsp;<\/p>\n<h3>Arquitecturas y dise\u00f1o de Oracle<\/h3>\n<p><span lang=\"ES\">License Consulting proporciona soporte para ayudar a los clientes a tomar decisiones sobre c\u00f3mo configurar y licenciar entornos Oracle. Esto ayuda a que las arquitecturas no solo proporcionen la funcionalidad requerida por los profesionales de TI, sino que tambi\u00e9n evita que se olvide el \u201ccosto de la licencia\u201d. Adem\u00e1s, todos los aspectos en torno a los costos, como la Recuperaci\u00f3n ante Desastres, la Recuperaci\u00f3n de Fallos y la optimizaci\u00f3n de los costos en torno a caracter\u00edsticas espec\u00edficas, como las opciones de Base de Datos. Con demasiada frecuencia, se olvida el costo de las licencias. La consumici\u00f3n de licencias no solo calcula el costo de sus ideas \u201ciniciales\u201d, sino que tambi\u00e9n ayuda a crear escenarios alternativos que igualmente satisfacen sus requisitos, sino que a un precio mucho mejor desde una perspectiva de licencia.<\/span>[\/vc_column_text][\/vc_column][\/vc_row][vc_row][vc_column]<style type=\"text\/css\" data-type=\"the7_shortcodes-inline-css\">#default-btn-916fcdc03487c78ff44059ecfb196dea.ico-right-side > i {\n  margin-right: 0px;\n  margin-left: 8px;\n}\n#default-btn-916fcdc03487c78ff44059ecfb196dea > i {\n  margin-right: 8px;\n}\n<\/style><a href=\"https:\/\/licenseconsulting.com\/es\/contacto\/\" class=\"default-btn-shortcode dt-btn dt-btn-m link-hover-off full-width-btn btn-inline-left \" id=\"default-btn-916fcdc03487c78ff44059ecfb196dea\" title=\"Contact\"><span>Cont\u00e1ctenos para m\u00e1s informaci\u00f3n.<\/span><\/a>[\/vc_column][\/vc_row]<\/p>\n<\/div>","protected":false},"excerpt":{"rendered":"<p>[vc_row][vc_column][vc_column_text] Scripting de auditoria de Oracle, an\u00e1lisis, herramientas y arquitecturas de TI. [\/vc_column_text][\/vc_column][\/vc_row][vc_row][vc_column][vc_column_text]License Consulting proporciona a los clientes una amplia gama de capacidades t\u00e9cnicas. Disponibilidad del script de auditor\u00eda de Oracle Oracle no proporciona c\u00f3digos de licencia ni ning\u00fan otro medio para proteger a los clientes de la utilizaci\u00f3n de caracter\u00edsticas sin licencia. De hecho,&hellip;<\/p>\n","protected":false},"author":1,"featured_media":0,"parent":0,"menu_order":0,"comment_status":"closed","ping_status":"closed","template":"","meta":{"footnotes":""},"class_list":["post-9899","page","type-page","status-publish","hentry","description-off"],"yoast_head":"<!-- This site is optimized with the Yoast SEO Premium plugin v25.2 (Yoast SEO v26.8) - https:\/\/yoast.com\/product\/yoast-seo-premium-wordpress\/ -->\n<title>T\u00e9cnicas - License Consulting<\/title>\n<meta name=\"description\" content=\"Ofrecemos servicios de TI altamente especializados, incluidos scripts de auditor\u00eda y capacidades de an\u00e1lisis, a clientes de Oracle en todo el mundo. Asesoramiento en VMware y arquitectura.\" \/>\n<meta name=\"robots\" content=\"index, follow, max-snippet:-1, max-image-preview:large, max-video-preview:-1\" \/>\n<link rel=\"canonical\" href=\"https:\/\/licenseconsulting.com\/es\/tecnicas\/\" \/>\n<meta property=\"og:locale\" content=\"es_ES\" \/>\n<meta property=\"og:type\" content=\"article\" \/>\n<meta property=\"og:title\" content=\"T\u00e9cnicas\" \/>\n<meta property=\"og:description\" content=\"Scripting de auditoria de Oracle, an\u00e1lisis, herramientas y arquitecturas de TI. License Consulting proporciona a los clientes una amplia gama de\" \/>\n<meta property=\"og:url\" content=\"https:\/\/licenseconsulting.com\/es\/tecnicas\/\" \/>\n<meta property=\"og:site_name\" content=\"License Consulting\" \/>\n<meta property=\"article:modified_time\" content=\"2020-05-11T10:17:07+00:00\" \/>\n<meta property=\"og:image\" content=\"https:\/\/licenseconsulting.com\/wp-content\/uploads\/2020\/03\/woman-holding-laptop-beside-glass-wall-1181316-300x200.jpg\" \/>\n<meta name=\"twitter:card\" content=\"summary_large_image\" \/>\n<meta name=\"twitter:site\" content=\"@OracleLicensing\" \/>\n<meta name=\"twitter:label1\" content=\"Tiempo de lectura\" \/>\n\t<meta name=\"twitter:data1\" content=\"5 minutos\" \/>\n<script type=\"application\/ld+json\" class=\"yoast-schema-graph\">{\"@context\":\"https:\/\/schema.org\",\"@graph\":[{\"@type\":\"WebPage\",\"@id\":\"https:\/\/licenseconsulting.com\/es\/tecnicas\/\",\"url\":\"https:\/\/licenseconsulting.com\/es\/tecnicas\/\",\"name\":\"T\u00e9cnicas - License Consulting\",\"isPartOf\":{\"@id\":\"https:\/\/licenseconsulting.com\/es\/#website\"},\"primaryImageOfPage\":{\"@id\":\"https:\/\/licenseconsulting.com\/es\/tecnicas\/#primaryimage\"},\"image\":{\"@id\":\"https:\/\/licenseconsulting.com\/es\/tecnicas\/#primaryimage\"},\"thumbnailUrl\":\"https:\/\/licenseconsulting.com\/wp-content\/uploads\/2020\/03\/woman-holding-laptop-beside-glass-wall-1181316-300x200.jpg\",\"datePublished\":\"2020-02-14T12:56:42+00:00\",\"dateModified\":\"2020-05-11T10:17:07+00:00\",\"description\":\"Ofrecemos servicios de TI altamente especializados, incluidos scripts de auditor\u00eda y capacidades de an\u00e1lisis, a clientes de Oracle en todo el mundo. Asesoramiento en VMware y arquitectura.\",\"breadcrumb\":{\"@id\":\"https:\/\/licenseconsulting.com\/es\/tecnicas\/#breadcrumb\"},\"inLanguage\":\"es\",\"potentialAction\":[{\"@type\":\"ReadAction\",\"target\":[\"https:\/\/licenseconsulting.com\/es\/tecnicas\/\"]}]},{\"@type\":\"ImageObject\",\"inLanguage\":\"es\",\"@id\":\"https:\/\/licenseconsulting.com\/es\/tecnicas\/#primaryimage\",\"url\":\"https:\/\/licenseconsulting.com\/wp-content\/uploads\/2020\/03\/woman-holding-laptop-beside-glass-wall-1181316-300x200.jpg\",\"contentUrl\":\"https:\/\/licenseconsulting.com\/wp-content\/uploads\/2020\/03\/woman-holding-laptop-beside-glass-wall-1181316-300x200.jpg\"},{\"@type\":\"BreadcrumbList\",\"@id\":\"https:\/\/licenseconsulting.com\/es\/tecnicas\/#breadcrumb\",\"itemListElement\":[{\"@type\":\"ListItem\",\"position\":1,\"name\":\"Home\",\"item\":\"https:\/\/licenseconsulting.com\/es\/\"},{\"@type\":\"ListItem\",\"position\":2,\"name\":\"T\u00e9cnicas\"}]},{\"@type\":\"WebSite\",\"@id\":\"https:\/\/licenseconsulting.com\/es\/#website\",\"url\":\"https:\/\/licenseconsulting.com\/es\/\",\"name\":\"License Consulting\",\"description\":\"Oracle License Compliance Company\",\"publisher\":{\"@id\":\"https:\/\/licenseconsulting.com\/es\/#organization\"},\"potentialAction\":[{\"@type\":\"SearchAction\",\"target\":{\"@type\":\"EntryPoint\",\"urlTemplate\":\"https:\/\/licenseconsulting.com\/es\/?s={search_term_string}\"},\"query-input\":{\"@type\":\"PropertyValueSpecification\",\"valueRequired\":true,\"valueName\":\"search_term_string\"}}],\"inLanguage\":\"es\"},{\"@type\":\"Organization\",\"@id\":\"https:\/\/licenseconsulting.com\/es\/#organization\",\"name\":\"License Consulting BV\",\"url\":\"https:\/\/licenseconsulting.com\/es\/\",\"logo\":{\"@type\":\"ImageObject\",\"inLanguage\":\"es\",\"@id\":\"https:\/\/licenseconsulting.com\/es\/#\/schema\/logo\/image\/\",\"url\":\"https:\/\/licenseconsulting.com\/wp-content\/uploads\/2020\/07\/LC-logo-2019-768x144-1.png\",\"contentUrl\":\"https:\/\/licenseconsulting.com\/wp-content\/uploads\/2020\/07\/LC-logo-2019-768x144-1.png\",\"width\":768,\"height\":144,\"caption\":\"License Consulting BV\"},\"image\":{\"@id\":\"https:\/\/licenseconsulting.com\/es\/#\/schema\/logo\/image\/\"},\"sameAs\":[\"https:\/\/x.com\/OracleLicensing\",\"https:\/\/www.linkedin.com\/company\/license-consulting\/\"]}]}<\/script>\n<!-- \/ Yoast SEO Premium plugin. -->","yoast_head_json":{"title":"T\u00e9cnicas - License Consulting","description":"Ofrecemos servicios de TI altamente especializados, incluidos scripts de auditor\u00eda y capacidades de an\u00e1lisis, a clientes de Oracle en todo el mundo. Asesoramiento en VMware y arquitectura.","robots":{"index":"index","follow":"follow","max-snippet":"max-snippet:-1","max-image-preview":"max-image-preview:large","max-video-preview":"max-video-preview:-1"},"canonical":"https:\/\/licenseconsulting.com\/es\/tecnicas\/","og_locale":"es_ES","og_type":"article","og_title":"T\u00e9cnicas","og_description":"Scripting de auditoria de Oracle, an\u00e1lisis, herramientas y arquitecturas de TI. License Consulting proporciona a los clientes una amplia gama de","og_url":"https:\/\/licenseconsulting.com\/es\/tecnicas\/","og_site_name":"License Consulting","article_modified_time":"2020-05-11T10:17:07+00:00","og_image":[{"url":"https:\/\/licenseconsulting.com\/wp-content\/uploads\/2020\/03\/woman-holding-laptop-beside-glass-wall-1181316-300x200.jpg","type":"","width":"","height":""}],"twitter_card":"summary_large_image","twitter_site":"@OracleLicensing","twitter_misc":{"Tiempo de lectura":"5 minutos"},"schema":{"@context":"https:\/\/schema.org","@graph":[{"@type":"WebPage","@id":"https:\/\/licenseconsulting.com\/es\/tecnicas\/","url":"https:\/\/licenseconsulting.com\/es\/tecnicas\/","name":"T\u00e9cnicas - License Consulting","isPartOf":{"@id":"https:\/\/licenseconsulting.com\/es\/#website"},"primaryImageOfPage":{"@id":"https:\/\/licenseconsulting.com\/es\/tecnicas\/#primaryimage"},"image":{"@id":"https:\/\/licenseconsulting.com\/es\/tecnicas\/#primaryimage"},"thumbnailUrl":"https:\/\/licenseconsulting.com\/wp-content\/uploads\/2020\/03\/woman-holding-laptop-beside-glass-wall-1181316-300x200.jpg","datePublished":"2020-02-14T12:56:42+00:00","dateModified":"2020-05-11T10:17:07+00:00","description":"Ofrecemos servicios de TI altamente especializados, incluidos scripts de auditor\u00eda y capacidades de an\u00e1lisis, a clientes de Oracle en todo el mundo. Asesoramiento en VMware y arquitectura.","breadcrumb":{"@id":"https:\/\/licenseconsulting.com\/es\/tecnicas\/#breadcrumb"},"inLanguage":"es","potentialAction":[{"@type":"ReadAction","target":["https:\/\/licenseconsulting.com\/es\/tecnicas\/"]}]},{"@type":"ImageObject","inLanguage":"es","@id":"https:\/\/licenseconsulting.com\/es\/tecnicas\/#primaryimage","url":"https:\/\/licenseconsulting.com\/wp-content\/uploads\/2020\/03\/woman-holding-laptop-beside-glass-wall-1181316-300x200.jpg","contentUrl":"https:\/\/licenseconsulting.com\/wp-content\/uploads\/2020\/03\/woman-holding-laptop-beside-glass-wall-1181316-300x200.jpg"},{"@type":"BreadcrumbList","@id":"https:\/\/licenseconsulting.com\/es\/tecnicas\/#breadcrumb","itemListElement":[{"@type":"ListItem","position":1,"name":"Home","item":"https:\/\/licenseconsulting.com\/es\/"},{"@type":"ListItem","position":2,"name":"T\u00e9cnicas"}]},{"@type":"WebSite","@id":"https:\/\/licenseconsulting.com\/es\/#website","url":"https:\/\/licenseconsulting.com\/es\/","name":"License Consulting","description":"Oracle License Compliance Company","publisher":{"@id":"https:\/\/licenseconsulting.com\/es\/#organization"},"potentialAction":[{"@type":"SearchAction","target":{"@type":"EntryPoint","urlTemplate":"https:\/\/licenseconsulting.com\/es\/?s={search_term_string}"},"query-input":{"@type":"PropertyValueSpecification","valueRequired":true,"valueName":"search_term_string"}}],"inLanguage":"es"},{"@type":"Organization","@id":"https:\/\/licenseconsulting.com\/es\/#organization","name":"License Consulting BV","url":"https:\/\/licenseconsulting.com\/es\/","logo":{"@type":"ImageObject","inLanguage":"es","@id":"https:\/\/licenseconsulting.com\/es\/#\/schema\/logo\/image\/","url":"https:\/\/licenseconsulting.com\/wp-content\/uploads\/2020\/07\/LC-logo-2019-768x144-1.png","contentUrl":"https:\/\/licenseconsulting.com\/wp-content\/uploads\/2020\/07\/LC-logo-2019-768x144-1.png","width":768,"height":144,"caption":"License Consulting BV"},"image":{"@id":"https:\/\/licenseconsulting.com\/es\/#\/schema\/logo\/image\/"},"sameAs":["https:\/\/x.com\/OracleLicensing","https:\/\/www.linkedin.com\/company\/license-consulting\/"]}]}},"_links":{"self":[{"href":"https:\/\/licenseconsulting.com\/es\/wp-json\/wp\/v2\/pages\/9899","targetHints":{"allow":["GET"]}}],"collection":[{"href":"https:\/\/licenseconsulting.com\/es\/wp-json\/wp\/v2\/pages"}],"about":[{"href":"https:\/\/licenseconsulting.com\/es\/wp-json\/wp\/v2\/types\/page"}],"author":[{"embeddable":true,"href":"https:\/\/licenseconsulting.com\/es\/wp-json\/wp\/v2\/users\/1"}],"replies":[{"embeddable":true,"href":"https:\/\/licenseconsulting.com\/es\/wp-json\/wp\/v2\/comments?post=9899"}],"version-history":[{"count":9,"href":"https:\/\/licenseconsulting.com\/es\/wp-json\/wp\/v2\/pages\/9899\/revisions"}],"predecessor-version":[{"id":12077,"href":"https:\/\/licenseconsulting.com\/es\/wp-json\/wp\/v2\/pages\/9899\/revisions\/12077"}],"wp:attachment":[{"href":"https:\/\/licenseconsulting.com\/es\/wp-json\/wp\/v2\/media?parent=9899"}],"curies":[{"name":"wp","href":"https:\/\/api.w.org\/{rel}","templated":true}]}}