{"id":9889,"date":"2020-02-14T12:56:41","date_gmt":"2020-02-14T12:56:41","guid":{"rendered":"https:\/\/licenseconsulting.com\/equipo-de-gestion\/"},"modified":"2020-04-30T12:51:48","modified_gmt":"2020-04-30T12:51:48","slug":"equipo-de-gestion","status":"publish","type":"page","link":"https:\/\/licenseconsulting.com\/es\/equipo-de-gestion\/","title":{"rendered":"Equipo de gesti\u00f3n"},"content":{"rendered":"<div class=\"wpb-content-wrapper\"><p>[vc_row][vc_column width=\u00bb1\/2&#8243;]<div id=\"ultimate-heading-319669dc804404438\" class=\"uvc-heading ult-adjust-bottom-margin ultimate-heading-319669dc804404438 uvc-580  uvc-heading-default-font-sizes\" data-hspacer=\"no_spacer\"  data-halign=\"center\" style=\"text-align:center\"><div class=\"uvc-heading-spacer no_spacer\" style=\"top\"><\/div><div class=\"uvc-main-heading ult-responsive\"  data-ultimate-target='.uvc-heading.ultimate-heading-319669dc804404438 h2'  data-responsive-json-new='{\"font-size\":\"\",\"line-height\":\"\"}' ><h2 style=\"--font-weight:theme;\">DANIEL HESSELINK<\/h2><\/div><div class=\"uvc-sub-heading ult-responsive\"  data-ultimate-target='.uvc-heading.ultimate-heading-319669dc804404438 .uvc-sub-heading '  data-responsive-json-new='{\"font-size\":\"\",\"line-height\":\"\"}'  style=\"font-weight:normal;\">Fundador &amp; Director Ejecutivo<\/div><\/div>[vc_empty_space][vc_row_inner][vc_column_inner width=\u00bb1\/4&#8243;]<style type=\"text\/css\" data-type=\"the7_shortcodes-inline-css\">.shortcode-single-image-wrap.shortcode-single-image-b900500db0e0a4624e91b1bd938de15d.enable-bg-rollover .rollover i,\n.shortcode-single-image-wrap.shortcode-single-image-b900500db0e0a4624e91b1bd938de15d.enable-bg-rollover .rollover-video i {\n  background: -webkit-linear-gradient();\n  background: linear-gradient();\n}\n.shortcode-single-image-wrap.shortcode-single-image-b900500db0e0a4624e91b1bd938de15d .rollover-icon {\n  font-size: 32px;\n  color: #ffffff;\n  min-width: 44px;\n  min-height: 44px;\n  line-height: 44px;\n  border-radius: 100px;\n  border-style: solid;\n  border-width: 0px;\n}\n.dt-icon-bg-on.shortcode-single-image-wrap.shortcode-single-image-b900500db0e0a4624e91b1bd938de15d .rollover-icon {\n  background: rgba(255,255,255,0.3);\n  box-shadow: none;\n}\n<\/style><div class=\"shortcode-single-image-wrap shortcode-single-image-b900500db0e0a4624e91b1bd938de15d alignnone  enable-bg-rollover dt-icon-bg-off\" style=\"margin-top:0px; margin-bottom:0px; margin-left:0px; margin-right:0px; width:500px;\"><div class=\"shortcode-single-image\"><div class=\"fancy-media-wrap  layzr-bg\" style=\"border-radius:500px;\"><img fetchpriority=\"high\" decoding=\"async\" class=\"preload-me lazy-load aspect\" src=\"data:image\/svg+xml,%3Csvg%20xmlns%3D&#39;http%3A%2F%2Fwww.w3.org%2F2000%2Fsvg&#39;%20viewBox%3D&#39;0%200%20305%20303&#39;%2F%3E\" data-src=\"https:\/\/licenseconsulting.com\/wp-content\/uploads\/2020\/03\/Daniel-1MB.png\" data-srcset=\"https:\/\/licenseconsulting.com\/wp-content\/uploads\/2020\/03\/Daniel-1MB.png 305w\" loading=\"eager\" sizes=\"(max-width: 305px) 100vw, 305px\" width=\"305\" height=\"303\"  data-dt-location=\"https:\/\/licenseconsulting.com\/es\/equipo-de-gestion\/attachment\/daniel-1mb-2\/\" style=\"--ratio: 305 \/ 303;border-radius:500px;\" alt=\"Daniel Hesselink\" \/><\/div><\/div><\/div>[\/vc_column_inner][vc_column_inner width=\u00bb3\/4&#8243;][vc_column_text]Daniel Hesselink comenz\u00f3 a trabajar en la industria de licencias de software en 1995. Ocup\u00f3 posiciones en proveedores, distribuidores y revendedores.\u00a0 Su naturaleza consultiva le permiti\u00f3 formar socios y usuarios finales con respecto a las licencias de software. Como auditor de Oracle Servicios de Gesti\u00f3n de Licencias (LMS), tambi\u00e9n capacit\u00f3 a nuevo personal LMS y de ventas en toda la regi\u00f3n EMEA.[\/vc_column_text][\/vc_column_inner][\/vc_row_inner][vc_column_text]Desde la fundaci\u00f3n de License Consulting en 2007, Daniel trabaja exclusivamente del lado del cliente, ayudando a los usuarios finales a mejorar activamente el cumplimiento de sus licencias de Oracle y a mejorar su posici\u00f3n de negociaci\u00f3n con Oracle. Debido a su combinaci\u00f3n de habilidades t\u00e9cnicas y comunicativas, es considerado como un experto de la industria para licencias Oracle y un orador invitado frecuente en los foros de Gerencia de Activos de Software (Software Asset Management) en todo el mundo, as\u00ed como a eventos de la industria de TI como VMWorld.[\/vc_column_text]<style type=\"text\/css\" data-type=\"the7_shortcodes-inline-css\">#default-btn-7dc01950f7a951e5dda38678f959de00 {\n  border-radius: 0px;\n  font-size: 16px;\n  line-height: 18px;\n}\n.btn-shadow#default-btn-7dc01950f7a951e5dda38678f959de00 {\n  box-shadow: 0 1px 6px rgba(0,0,0,0.12);\n  transition: box-shadow 0.2s ease-out, opacity 0.45s;\n}\n.btn-shadow#default-btn-7dc01950f7a951e5dda38678f959de00:hover {\n  box-shadow: 0 5px 11px 0 rgba(0,0,0,0.18), 0 4px 15px 0 rgba(0,0,0,0.15);\n}\n.btn-flat#default-btn-7dc01950f7a951e5dda38678f959de00 {\n  box-shadow: none;\n}\n.btn-flat#default-btn-7dc01950f7a951e5dda38678f959de00:hover {\n  box-shadow: none;\n}\n#default-btn-7dc01950f7a951e5dda38678f959de00.ico-right-side > i {\n  margin-right: 0px;\n  margin-left: 8px;\n}\n#default-btn-7dc01950f7a951e5dda38678f959de00 > i {\n  margin-right: 8px;\n  font-size: 20px;\n}\n#default-btn-7dc01950f7a951e5dda38678f959de00:not(:hover) {\n  border-width: 0px;\n  padding: 10px 18px 10px 16px;\n}\n#default-btn-7dc01950f7a951e5dda38678f959de00:hover {\n  border-width: 0px;\n  padding: 10px 18px 10px 16px;\n}\n#default-btn-7dc01950f7a951e5dda38678f959de00.ico-right-side > i {\n  margin-right: 0px;\n  margin-left: 8px;\n}\n#default-btn-7dc01950f7a951e5dda38678f959de00 > i {\n  margin-right: 8px;\n}\n<\/style><div class=\"btn-align-left\"><a href=\"https:\/\/www.linkedin.com\/in\/danielhesselink\" class=\"default-btn-shortcode dt-btn link-hover-off btn-flat \" target=\"_blank\" id=\"default-btn-7dc01950f7a951e5dda38678f959de00\" rel=\"noopener\"><i class=\"icomoon-icomoonfree-16x16-linkedin\"><\/i><span>Linkedin<\/span><\/a><\/div>[\/vc_column][vc_column width=\u00bb1\/2&#8243;]<div id=\"ultimate-heading-539769dc80440501a\" class=\"uvc-heading ult-adjust-bottom-margin ultimate-heading-539769dc80440501a uvc-8596  uvc-heading-default-font-sizes\" data-hspacer=\"no_spacer\"  data-halign=\"center\" style=\"text-align:center\"><div class=\"uvc-heading-spacer no_spacer\" style=\"top\"><\/div><div class=\"uvc-main-heading ult-responsive\"  data-ultimate-target='.uvc-heading.ultimate-heading-539769dc80440501a h2'  data-responsive-json-new='{\"font-size\":\"\",\"line-height\":\"\"}' ><h2 style=\"--font-weight:theme;\">ARNO MASTIK<\/h2><\/div><div class=\"uvc-sub-heading ult-responsive\"  data-ultimate-target='.uvc-heading.ultimate-heading-539769dc80440501a .uvc-sub-heading '  data-responsive-json-new='{\"font-size\":\"\",\"line-height\":\"\"}'  style=\"font-weight:normal;\">Socio &amp; Director de Tecnolog\u00eda<\/div><\/div>[vc_empty_space][vc_row_inner][vc_column_inner width=\u00bb1\/4&#8243;]<style type=\"text\/css\" data-type=\"the7_shortcodes-inline-css\">.shortcode-single-image-wrap.shortcode-single-image-309319a7b8f449ce6393af41409efaea.enable-bg-rollover .rollover i,\n.shortcode-single-image-wrap.shortcode-single-image-309319a7b8f449ce6393af41409efaea.enable-bg-rollover .rollover-video i {\n  background: -webkit-linear-gradient();\n  background: linear-gradient();\n}\n.shortcode-single-image-wrap.shortcode-single-image-309319a7b8f449ce6393af41409efaea .rollover-icon {\n  font-size: 32px;\n  color: #ffffff;\n  min-width: 44px;\n  min-height: 44px;\n  line-height: 44px;\n  border-radius: 100px;\n  border-style: solid;\n  border-width: 0px;\n}\n.dt-icon-bg-on.shortcode-single-image-wrap.shortcode-single-image-309319a7b8f449ce6393af41409efaea .rollover-icon {\n  background: rgba(255,255,255,0.3);\n  box-shadow: none;\n}\n<\/style><div class=\"shortcode-single-image-wrap shortcode-single-image-309319a7b8f449ce6393af41409efaea alignnone  enable-bg-rollover dt-icon-bg-off\" style=\"margin-top:0px; margin-bottom:0px; margin-left:0px; margin-right:0px; width:500px;\"><div class=\"shortcode-single-image\"><div class=\"fancy-media-wrap  layzr-bg\" style=\"border-radius:500px;\"><img decoding=\"async\" class=\"preload-me lazy-load aspect\" src=\"data:image\/svg+xml,%3Csvg%20xmlns%3D&#39;http%3A%2F%2Fwww.w3.org%2F2000%2Fsvg&#39;%20viewBox%3D&#39;0%200%20500%20496&#39;%2F%3E\" data-src=\"https:\/\/licenseconsulting.com\/wp-content\/uploads\/2020\/03\/Arno-PPT-picture-500x496.png\" data-srcset=\"https:\/\/licenseconsulting.com\/wp-content\/uploads\/2020\/03\/Arno-PPT-picture-500x496.png 500w, https:\/\/licenseconsulting.com\/wp-content\/uploads\/2020\/03\/Arno-PPT-picture-1000x992.png 1000w\" loading=\"eager\" sizes=\"(max-width: 500px) 100vw, 500px\" width=\"500\" height=\"496\"  data-dt-location=\"https:\/\/licenseconsulting.com\/es\/equipo-de-gestion\/attachment\/arno-ppt-picture-2\/\" style=\"--ratio: 500 \/ 496;border-radius:500px;\" alt=\"Arno Mastik\" \/><\/div><\/div><\/div>[\/vc_column_inner][vc_column_inner width=\u00bb3\/4&#8243;][vc_column_text]Arno Mastik ha estado trabajando en la industria de licencias de software desde 1998. Ha ocupado varias posiciones en Oracle, entre otros en Soporte de Ventas y como auditor de Servicios de Gesti\u00f3n de Licencia de Oracle (LMS). Sus excepcionales habilidades t\u00e9cnicas le permitieron convertirse en Gerente de Asesor\u00eda en una gran firma de asesor\u00eda de Oracle, hasta que en 2012 decidi\u00f3 unirse a License Consulting.[\/vc_column_text][\/vc_column_inner][\/vc_row_inner][vc_column_text]Despu\u00e9s de unirse a License Consulting, el Sr. Mastik utiliz\u00f3 sus habilidades para mejorar las habilidades de an\u00e1lisis de datos para las actividades de Defensa de Auditor\u00eda. Se comunica con los equipos t\u00e9cnicos de nuestros clientes, ayud\u00e1ndoles a preservar la excelencia operativa y manteniendo el cumplimiento en el control.[\/vc_column_text]<style type=\"text\/css\" data-type=\"the7_shortcodes-inline-css\">#default-btn-109e9fcf7488fd0790795cebc78667c5 {\n  border-radius: 0px;\n  font-size: 16px;\n  line-height: 18px;\n}\n.btn-shadow#default-btn-109e9fcf7488fd0790795cebc78667c5 {\n  box-shadow: 0 1px 6px rgba(0,0,0,0.12);\n  transition: box-shadow 0.2s ease-out, opacity 0.45s;\n}\n.btn-shadow#default-btn-109e9fcf7488fd0790795cebc78667c5:hover {\n  box-shadow: 0 5px 11px 0 rgba(0,0,0,0.18), 0 4px 15px 0 rgba(0,0,0,0.15);\n}\n.btn-flat#default-btn-109e9fcf7488fd0790795cebc78667c5 {\n  box-shadow: none;\n}\n.btn-flat#default-btn-109e9fcf7488fd0790795cebc78667c5:hover {\n  box-shadow: none;\n}\n#default-btn-109e9fcf7488fd0790795cebc78667c5.ico-right-side > i {\n  margin-right: 0px;\n  margin-left: 8px;\n}\n#default-btn-109e9fcf7488fd0790795cebc78667c5 > i {\n  margin-right: 8px;\n  font-size: 20px;\n}\n#default-btn-109e9fcf7488fd0790795cebc78667c5:not(:hover) {\n  border-width: 0px;\n  padding: 10px 18px 10px 16px;\n}\n#default-btn-109e9fcf7488fd0790795cebc78667c5:hover {\n  border-width: 0px;\n  padding: 10px 18px 10px 16px;\n}\n#default-btn-109e9fcf7488fd0790795cebc78667c5.ico-right-side > i {\n  margin-right: 0px;\n  margin-left: 8px;\n}\n#default-btn-109e9fcf7488fd0790795cebc78667c5 > i {\n  margin-right: 8px;\n}\n<\/style><a href=\"https:\/\/www.linkedin.com\/in\/arnomastik\/\" class=\"default-btn-shortcode dt-btn link-hover-off btn-inline-left btn-flat \" target=\"_blank\" id=\"default-btn-109e9fcf7488fd0790795cebc78667c5\" rel=\"noopener\"><i class=\"icomoon-icomoonfree-16x16-linkedin\"><\/i><span>Linkedin<\/span><\/a>[\/vc_column][\/vc_row][vc_row][vc_column][vc_empty_space height=\u00bb64px\u00bb][vc_column_text]<\/p>\n<p style=\"text-align: center;\"><a href=\"https:\/\/licenseconsulting.com\/es\/acerca-de\/\">Lea m\u00e1s sobre la compa\u00f1\u00eda y su viaje hasta ahora &#8230;<\/a><\/p>\n<p>[\/vc_column_text][\/vc_column][\/vc_row]<\/p>\n<\/div>","protected":false},"excerpt":{"rendered":"<p>[vc_row][vc_column width=\u00bb1\/2&#8243;][vc_empty_space][vc_row_inner][vc_column_inner width=\u00bb1\/4&#8243;][\/vc_column_inner][vc_column_inner width=\u00bb3\/4&#8243;][vc_column_text]Daniel Hesselink comenz\u00f3 a trabajar en la industria de licencias de software en 1995. Ocup\u00f3 posiciones en proveedores, distribuidores y revendedores.\u00a0 Su naturaleza consultiva le permiti\u00f3 formar socios y usuarios finales con respecto a las licencias de software. Como auditor de Oracle Servicios de Gesti\u00f3n de Licencias (LMS), tambi\u00e9n capacit\u00f3 a nuevo&hellip;<\/p>\n","protected":false},"author":1,"featured_media":0,"parent":0,"menu_order":0,"comment_status":"closed","ping_status":"closed","template":"","meta":{"footnotes":""},"class_list":["post-9889","page","type-page","status-publish","hentry","description-off"],"yoast_head":"<!-- This site is optimized with the Yoast SEO Premium plugin v25.2 (Yoast SEO v26.8) - https:\/\/yoast.com\/product\/yoast-seo-premium-wordpress\/ -->\n<title>Equipo de gesti\u00f3n - License Consulting<\/title>\n<meta name=\"robots\" content=\"index, follow, max-snippet:-1, max-image-preview:large, max-video-preview:-1\" \/>\n<link rel=\"canonical\" href=\"https:\/\/licenseconsulting.com\/es\/equipo-de-gestion\/\" \/>\n<meta property=\"og:locale\" content=\"es_ES\" \/>\n<meta property=\"og:type\" content=\"article\" \/>\n<meta property=\"og:title\" content=\"Equipo de gesti\u00f3n\" \/>\n<meta property=\"og:description\" content=\"Daniel Hesselink comenz\u00f3 a trabajar en la industria de licencias de software en 1995. Ocup\u00f3 posiciones en proveedores, distribuidores y revendedores.\u00a0 Su\" \/>\n<meta property=\"og:url\" content=\"https:\/\/licenseconsulting.com\/es\/equipo-de-gestion\/\" \/>\n<meta property=\"og:site_name\" content=\"License Consulting\" \/>\n<meta property=\"article:modified_time\" content=\"2020-04-30T12:51:48+00:00\" \/>\n<meta name=\"twitter:card\" content=\"summary_large_image\" \/>\n<meta name=\"twitter:site\" content=\"@OracleLicensing\" \/>\n<meta name=\"twitter:label1\" content=\"Tiempo de lectura\" \/>\n\t<meta name=\"twitter:data1\" content=\"3 minutos\" \/>\n<script type=\"application\/ld+json\" class=\"yoast-schema-graph\">{\"@context\":\"https:\/\/schema.org\",\"@graph\":[{\"@type\":\"WebPage\",\"@id\":\"https:\/\/licenseconsulting.com\/es\/equipo-de-gestion\/\",\"url\":\"https:\/\/licenseconsulting.com\/es\/equipo-de-gestion\/\",\"name\":\"Equipo de gesti\u00f3n - License Consulting\",\"isPartOf\":{\"@id\":\"https:\/\/licenseconsulting.com\/es\/#website\"},\"datePublished\":\"2020-02-14T12:56:41+00:00\",\"dateModified\":\"2020-04-30T12:51:48+00:00\",\"breadcrumb\":{\"@id\":\"https:\/\/licenseconsulting.com\/es\/equipo-de-gestion\/#breadcrumb\"},\"inLanguage\":\"es\",\"potentialAction\":[{\"@type\":\"ReadAction\",\"target\":[\"https:\/\/licenseconsulting.com\/es\/equipo-de-gestion\/\"]}]},{\"@type\":\"BreadcrumbList\",\"@id\":\"https:\/\/licenseconsulting.com\/es\/equipo-de-gestion\/#breadcrumb\",\"itemListElement\":[{\"@type\":\"ListItem\",\"position\":1,\"name\":\"Home\",\"item\":\"https:\/\/licenseconsulting.com\/es\/\"},{\"@type\":\"ListItem\",\"position\":2,\"name\":\"Equipo de gesti\u00f3n\"}]},{\"@type\":\"WebSite\",\"@id\":\"https:\/\/licenseconsulting.com\/es\/#website\",\"url\":\"https:\/\/licenseconsulting.com\/es\/\",\"name\":\"License Consulting\",\"description\":\"Oracle License Compliance Company\",\"publisher\":{\"@id\":\"https:\/\/licenseconsulting.com\/es\/#organization\"},\"potentialAction\":[{\"@type\":\"SearchAction\",\"target\":{\"@type\":\"EntryPoint\",\"urlTemplate\":\"https:\/\/licenseconsulting.com\/es\/?s={search_term_string}\"},\"query-input\":{\"@type\":\"PropertyValueSpecification\",\"valueRequired\":true,\"valueName\":\"search_term_string\"}}],\"inLanguage\":\"es\"},{\"@type\":\"Organization\",\"@id\":\"https:\/\/licenseconsulting.com\/es\/#organization\",\"name\":\"License Consulting BV\",\"url\":\"https:\/\/licenseconsulting.com\/es\/\",\"logo\":{\"@type\":\"ImageObject\",\"inLanguage\":\"es\",\"@id\":\"https:\/\/licenseconsulting.com\/es\/#\/schema\/logo\/image\/\",\"url\":\"https:\/\/licenseconsulting.com\/wp-content\/uploads\/2020\/07\/LC-logo-2019-768x144-1.png\",\"contentUrl\":\"https:\/\/licenseconsulting.com\/wp-content\/uploads\/2020\/07\/LC-logo-2019-768x144-1.png\",\"width\":768,\"height\":144,\"caption\":\"License Consulting BV\"},\"image\":{\"@id\":\"https:\/\/licenseconsulting.com\/es\/#\/schema\/logo\/image\/\"},\"sameAs\":[\"https:\/\/x.com\/OracleLicensing\",\"https:\/\/www.linkedin.com\/company\/license-consulting\/\"]}]}<\/script>\n<!-- \/ Yoast SEO Premium plugin. -->","yoast_head_json":{"title":"Equipo de gesti\u00f3n - License Consulting","robots":{"index":"index","follow":"follow","max-snippet":"max-snippet:-1","max-image-preview":"max-image-preview:large","max-video-preview":"max-video-preview:-1"},"canonical":"https:\/\/licenseconsulting.com\/es\/equipo-de-gestion\/","og_locale":"es_ES","og_type":"article","og_title":"Equipo de gesti\u00f3n","og_description":"Daniel Hesselink comenz\u00f3 a trabajar en la industria de licencias de software en 1995. Ocup\u00f3 posiciones en proveedores, distribuidores y revendedores.\u00a0 Su","og_url":"https:\/\/licenseconsulting.com\/es\/equipo-de-gestion\/","og_site_name":"License Consulting","article_modified_time":"2020-04-30T12:51:48+00:00","twitter_card":"summary_large_image","twitter_site":"@OracleLicensing","twitter_misc":{"Tiempo de lectura":"3 minutos"},"schema":{"@context":"https:\/\/schema.org","@graph":[{"@type":"WebPage","@id":"https:\/\/licenseconsulting.com\/es\/equipo-de-gestion\/","url":"https:\/\/licenseconsulting.com\/es\/equipo-de-gestion\/","name":"Equipo de gesti\u00f3n - License Consulting","isPartOf":{"@id":"https:\/\/licenseconsulting.com\/es\/#website"},"datePublished":"2020-02-14T12:56:41+00:00","dateModified":"2020-04-30T12:51:48+00:00","breadcrumb":{"@id":"https:\/\/licenseconsulting.com\/es\/equipo-de-gestion\/#breadcrumb"},"inLanguage":"es","potentialAction":[{"@type":"ReadAction","target":["https:\/\/licenseconsulting.com\/es\/equipo-de-gestion\/"]}]},{"@type":"BreadcrumbList","@id":"https:\/\/licenseconsulting.com\/es\/equipo-de-gestion\/#breadcrumb","itemListElement":[{"@type":"ListItem","position":1,"name":"Home","item":"https:\/\/licenseconsulting.com\/es\/"},{"@type":"ListItem","position":2,"name":"Equipo de gesti\u00f3n"}]},{"@type":"WebSite","@id":"https:\/\/licenseconsulting.com\/es\/#website","url":"https:\/\/licenseconsulting.com\/es\/","name":"License Consulting","description":"Oracle License Compliance Company","publisher":{"@id":"https:\/\/licenseconsulting.com\/es\/#organization"},"potentialAction":[{"@type":"SearchAction","target":{"@type":"EntryPoint","urlTemplate":"https:\/\/licenseconsulting.com\/es\/?s={search_term_string}"},"query-input":{"@type":"PropertyValueSpecification","valueRequired":true,"valueName":"search_term_string"}}],"inLanguage":"es"},{"@type":"Organization","@id":"https:\/\/licenseconsulting.com\/es\/#organization","name":"License Consulting BV","url":"https:\/\/licenseconsulting.com\/es\/","logo":{"@type":"ImageObject","inLanguage":"es","@id":"https:\/\/licenseconsulting.com\/es\/#\/schema\/logo\/image\/","url":"https:\/\/licenseconsulting.com\/wp-content\/uploads\/2020\/07\/LC-logo-2019-768x144-1.png","contentUrl":"https:\/\/licenseconsulting.com\/wp-content\/uploads\/2020\/07\/LC-logo-2019-768x144-1.png","width":768,"height":144,"caption":"License Consulting BV"},"image":{"@id":"https:\/\/licenseconsulting.com\/es\/#\/schema\/logo\/image\/"},"sameAs":["https:\/\/x.com\/OracleLicensing","https:\/\/www.linkedin.com\/company\/license-consulting\/"]}]}},"_links":{"self":[{"href":"https:\/\/licenseconsulting.com\/es\/wp-json\/wp\/v2\/pages\/9889","targetHints":{"allow":["GET"]}}],"collection":[{"href":"https:\/\/licenseconsulting.com\/es\/wp-json\/wp\/v2\/pages"}],"about":[{"href":"https:\/\/licenseconsulting.com\/es\/wp-json\/wp\/v2\/types\/page"}],"author":[{"embeddable":true,"href":"https:\/\/licenseconsulting.com\/es\/wp-json\/wp\/v2\/users\/1"}],"replies":[{"embeddable":true,"href":"https:\/\/licenseconsulting.com\/es\/wp-json\/wp\/v2\/comments?post=9889"}],"version-history":[{"count":6,"href":"https:\/\/licenseconsulting.com\/es\/wp-json\/wp\/v2\/pages\/9889\/revisions"}],"predecessor-version":[{"id":11918,"href":"https:\/\/licenseconsulting.com\/es\/wp-json\/wp\/v2\/pages\/9889\/revisions\/11918"}],"wp:attachment":[{"href":"https:\/\/licenseconsulting.com\/es\/wp-json\/wp\/v2\/media?parent=9889"}],"curies":[{"name":"wp","href":"https:\/\/api.w.org\/{rel}","templated":true}]}}