{"id":9850,"date":"2020-02-14T12:56:34","date_gmt":"2020-02-14T12:56:34","guid":{"rendered":"https:\/\/licenseconsulting.com\/negociaciones-de-auditoria-de-oracle-lms\/"},"modified":"2020-05-04T13:30:38","modified_gmt":"2020-05-04T13:30:38","slug":"negociaciones-de-auditoria-de-oracle-lms","status":"publish","type":"page","link":"https:\/\/licenseconsulting.com\/es\/servicios\/negociaciones-de-auditoria-de-oracle-lms\/","title":{"rendered":"Negociaciones de auditor\u00eda de Oracle LMS"},"content":{"rendered":"<div class=\"wpb-content-wrapper\"><p>[vc_row][vc_column]<div id=\"ultimate-heading-65469e7164a13d79\" class=\"uvc-heading ult-adjust-bottom-margin ultimate-heading-65469e7164a13d79 uvc-5258 \" data-hspacer=\"no_spacer\"  data-halign=\"left\" style=\"text-align:left\"><div class=\"uvc-heading-spacer no_spacer\" style=\"top\"><\/div><div class=\"uvc-main-heading ult-responsive\"  data-ultimate-target='.uvc-heading.ultimate-heading-65469e7164a13d79 h2'  data-responsive-json-new='{\"font-size\":\"desktop:26px;\",\"line-height\":\"desktop:32px;\"}' ><h2 style=\"--font-weight:theme;margin-bottom:20px;\">Oracle LMS present\u00f3 una reclamaci\u00f3n de cumplimiento significativa.<\/h2><\/div><\/div>[vc_empty_space][\/vc_column][\/vc_row][vc_row][vc_column width=\u00bb3\/5&#8243;][vc_column_text]<span lang=\"ES\">Las negociaciones de auditor\u00eda de Oracle LMS se refieren el escenario en el que Oracle LMS, o uno de sus socios de auditor\u00eda, llev\u00f3 a cabo una auditor\u00eda de cumplimiento dentro de su organizaci\u00f3n. El servicio puede comenzar en cualquier momento antes de firmar una propuesta de Oracle.<\/span><\/p>\n<p><span lang=\"ES\">Todos los consultores que participan en estos proyectos son ex auditores de LMS y tienen m\u00e1s de 10 a\u00f1os de experiencia en la defensa de clientes de las reclamaciones de auditor\u00eda de Oracle LMS. Basados en cientos de \u00e9xitos &#8211; y debido a que nuestros consultores tienen un conocimiento \u00edntimo sobre las estrategias de Oracle, podemos asesorar como ning\u00fan otro.<\/span><\/p>\n<p><span lang=\"ES\">Nuestro objetivo general es garantizar una reducci\u00f3n de la reclamaci\u00f3n m\u00e1s all\u00e1 de la propia capacidad de nuestro cliente. Adem\u00e1s, se garantiza que los acuerdos sean t\u00e9cnicamente y contractualmente viables para la hoja de ruta de TI. Durante cada compromiso, se decide si License Consulting est\u00e1 mejor situado en el frente o en segundo plano para superar sus expectativas.<\/span>[\/vc_column_text][\/vc_column][vc_column width=\u00bb2\/5&#8243;]<style type=\"text\/css\" data-type=\"the7_shortcodes-inline-css\">.shortcode-single-image-wrap.shortcode-single-image-c7db6814cba10198514f54f96c9dd5aa.enable-bg-rollover .rollover i,\n.shortcode-single-image-wrap.shortcode-single-image-c7db6814cba10198514f54f96c9dd5aa.enable-bg-rollover .rollover-video i {\n  background: ;\n  background: -webkit-linear-gradient();\n  background: linear-gradient();\n}\n.shortcode-single-image-wrap.shortcode-single-image-c7db6814cba10198514f54f96c9dd5aa .rollover-icon {\n  font-size: 32px;\n  color: #ffffff;\n  min-width: 44px;\n  min-height: 44px;\n  line-height: 44px;\n  border-radius: 100px;\n  border-style: solid;\n  border-width: 0px;\n}\n.dt-icon-bg-on.shortcode-single-image-wrap.shortcode-single-image-c7db6814cba10198514f54f96c9dd5aa .rollover-icon {\n  background: rgba(255,255,255,0.3);\n  box-shadow: none;\n}\n<\/style><div class=\"shortcode-single-image-wrap shortcode-single-image-c7db6814cba10198514f54f96c9dd5aa alignnone fadeIn animate-element  enable-bg-rollover dt-icon-bg-off\" style=\"margin-top:0px; margin-bottom:0px; margin-left:0px; margin-right:0px; width:600px;\"><div class=\"shortcode-single-image\"><div class=\"fancy-media-wrap  layzr-bg\" style=\"\"><img fetchpriority=\"high\" decoding=\"async\" class=\"preload-me lazy-load aspect\" src=\"data:image\/svg+xml,%3Csvg%20xmlns%3D&#39;http%3A%2F%2Fwww.w3.org%2F2000%2Fsvg&#39;%20viewBox%3D&#39;0%200%20600%20631&#39;%2F%3E\" data-src=\"https:\/\/licenseconsulting.com\/wp-content\/uploads\/2020\/03\/Oracle-LMS-Audit-Negotiations2-1-600x631.png\" data-srcset=\"https:\/\/licenseconsulting.com\/wp-content\/uploads\/2020\/03\/Oracle-LMS-Audit-Negotiations2-1-600x631.png 600w, https:\/\/licenseconsulting.com\/wp-content\/uploads\/2020\/03\/Oracle-LMS-Audit-Negotiations2-1.png 800w\" loading=\"eager\" sizes=\"(max-width: 600px) 100vw, 600px\" width=\"600\" height=\"631\"  data-dt-location=\"https:\/\/licenseconsulting.com\/es\/services\/oracle-lms-audit-negotiations\/attachment\/oracle-lms-audit-negotiations2-2\/\" style=\"--ratio: 600 \/ 631;\" alt=\"Oracle-LMS-Audit-Negotiations2\" \/><\/div><\/div><\/div>[vc_empty_space][\/vc_column][\/vc_row][vc_row type=\u00bbvc_default\u00bb][vc_column css=\u00bb.vc_custom_1498229431694{padding-bottom: 50px !important;}\u00bb]<div id=\"ultimate-heading-573769e7164a14d85\" class=\"uvc-heading ult-adjust-bottom-margin ultimate-heading-573769e7164a14d85 uvc-899 \" data-hspacer=\"no_spacer\"  data-halign=\"left\" style=\"text-align:left\"><div class=\"uvc-heading-spacer no_spacer\" style=\"top\"><\/div><div class=\"uvc-main-heading ult-responsive\"  data-ultimate-target='.uvc-heading.ultimate-heading-573769e7164a14d85 h2'  data-responsive-json-new='{\"font-size\":\"desktop:26px;\",\"line-height\":\"desktop:32px;\"}' ><h2 style=\"font-weight:bold;margin-bottom:20px;\">Pasos del proyecto<\/h2><\/div><div class=\"uvc-sub-heading ult-responsive\"  data-ultimate-target='.uvc-heading.ultimate-heading-573769e7164a14d85 .uvc-sub-heading '  data-responsive-json-new='{\"font-size\":\"\",\"line-height\":\"\"}'  style=\"font-weight:normal;\">A continuaci\u00f3n se muestran los pasos de este servicio. Cada paso se divide en entradas, actividades y salidas: los detalles se especifican en la descripci\u00f3n completa del servicio (solicitud a continuaci\u00f3n).<\/div><\/div>[\/vc_column][\/vc_row][vc_row][vc_column width=\u00bb5\/6&#8243;]<div class=\"smile_icon_list_wrap ult_info_list_container ult-adjust-bottom-margin   vc_custom_1569162887863\"><ul class=\"smile_icon_list left hexagon\"><li class=\"icon_list_item\" style=\" font-size:48px;\"><div class=\"icon_list_icon\" data-animation=\"\" data-animation-delay=\"03\" style=\"font-size:16px;background:#39a8e0;color:#ffffff;border-color:#39a8e0;\"><img decoding=\"async\" class=\"list-img-icon\" alt=\"null\" src=\"https:\/\/licenseconsulting.com\/wp-content\/uploads\/2019\/09\/license-consulting-icon32-white2.png\"\/><\/div><div class=\"icon_description\" id=\"Info-list-wrap-4939\" style=\"font-size:16px;\"><h3 class=\"ult-responsive info-list-heading\"  data-ultimate-target='#Info-list-wrap-4939 h3'  data-responsive-json-new='{\"font-size\":\"desktop:16px;\",\"line-height\":\"desktop:22px;\"}'  style=\"font-family:&#039;Open Sans Condensed&#039;;font-weight:700;\">Evaluaci\u00f3n de 48 horas<\/h3><div class=\"icon_description_text ult-responsive\"  data-ultimate-target='#Info-list-wrap-4939 .icon_description_text'  data-responsive-json-new='{\"font-size\":\"desktop:12px;\",\"line-height\":\"desktop:20px;\"}'  style=\"\"><p>Esta fase se centra en una evaluaci\u00f3n de todos los datos ya compartidos con Oracle durante el proceso de auditor\u00eda.<\/p>\n<\/div><\/div><div class=\"icon_list_connector\"  style=\"border-right-width: 1px;border-right-style: dashed;border-color: #39a8e0;\"><\/div><\/li><li class=\"icon_list_item\" style=\" font-size:48px;\"><div class=\"icon_list_icon\" data-animation=\"\" data-animation-delay=\"03\" style=\"font-size:16px;background:#39a8e0;color:#ffffff;border-color:#39a8e0;\"><img decoding=\"async\" class=\"list-img-icon\" alt=\"null\" src=\"https:\/\/licenseconsulting.com\/wp-content\/uploads\/2019\/09\/license-consulting-icon32-white2.png\"\/><\/div><div class=\"icon_description\" id=\"Info-list-wrap-8648\" style=\"font-size:16px;\"><h3 class=\"ult-responsive info-list-heading\"  data-ultimate-target='#Info-list-wrap-8648 h3'  data-responsive-json-new='{\"font-size\":\"desktop:16px;\",\"line-height\":\"desktop:22px;\"}'  style=\"font-family:&#039;Open Sans Condensed&#039;;font-weight:700;\">Acordar la declaraci\u00f3n de trabajo<\/h3><div class=\"icon_description_text ult-responsive\"  data-ultimate-target='#Info-list-wrap-8648 .icon_description_text'  data-responsive-json-new='{\"font-size\":\"desktop:12px;\",\"line-height\":\"desktop:20px;\"}'  style=\"\"><p>Inmediatamente despu\u00e9s de la evaluaci\u00f3n, ofrecemos una propuesta que describe para qu\u00e9 \u00e1reas podemos mejorar los resultados a favor de los clientes.<\/p>\n<\/div><\/div><div class=\"icon_list_connector\"  style=\"border-right-width: 1px;border-right-style: dashed;border-color: #39a8e0;\"><\/div><\/li><li class=\"icon_list_item\" style=\" font-size:48px;\"><div class=\"icon_list_icon\" data-animation=\"\" data-animation-delay=\"03\" style=\"font-size:16px;background:#39a8e0;color:#ffffff;border-color:#39a8e0;\"><img decoding=\"async\" class=\"list-img-icon\" alt=\"null\" src=\"https:\/\/licenseconsulting.com\/wp-content\/uploads\/2019\/09\/license-consulting-icon32-white2.png\"\/><\/div><div class=\"icon_description\" id=\"Info-list-wrap-4264\" style=\"font-size:16px;\"><h3 class=\"ult-responsive info-list-heading\"  data-ultimate-target='#Info-list-wrap-4264 h3'  data-responsive-json-new='{\"font-size\":\"desktop:16px;\",\"line-height\":\"desktop:22px;\"}'  style=\"font-family:&#039;Open Sans Condensed&#039;;font-weight:700;\">Estrategia de negaci\u00f3n de Acuerdo y Ejecuci\u00f3n<\/h3><div class=\"icon_description_text ult-responsive\"  data-ultimate-target='#Info-list-wrap-4264 .icon_description_text'  data-responsive-json-new='{\"font-size\":\"desktop:12px;\",\"line-height\":\"desktop:20px;\"}'  style=\"\"><p>A esta etapa, el informe de evaluaci\u00f3n completo se divulga al cliente, indicando qu\u00e9 mejoras son posibles. Nuestro cliente aprende a entender cu\u00e1l es y por qu\u00e9 algunas de las conclusiones de Oracle no soportar\u00e1n la prueba de la ley o la conducta justa, y c\u00f3mo Oracle puede ser contrarrestado eficazmente.<\/p>\n<\/div><\/div><div class=\"icon_list_connector\"  style=\"border-right-width: 1px;border-right-style: dashed;border-color: #39a8e0;\"><\/div><\/li><\/ul><\/div>[\/vc_column][vc_column width=\u00bb1\/6&#8243;][\/vc_column][\/vc_row][vc_row][vc_column][vc_empty_space][vc_column_text]<span lang=\"ES\">Con el cliente acordamos ejecutar la estrategia de negociaci\u00f3n. A diferencia de otras \u201cEmpresas de Consultor\u00eda de Adquisiciones\u201d podemos unirnos a usted en la mesa de negociaci\u00f3n, trayendo d\u00e9cadas de experiencia en la materia a su mesa de negociaci\u00f3n.<\/span>[\/vc_column_text][vc_empty_space][\/vc_column][\/vc_row][vc_row css=\u00bb.vc_custom_1585069730051{padding-top: -10px !important;padding-bottom: -10px !important;background-color: #f4f4f4 !important;}\u00bb el_class=\u00bbblok1&#8243;][vc_column][vc_column_text]<\/p>\n<h3>100% independiente y confidencial<\/h3>\n<p>License Consulting no vende licencias y no se beneficia de las ventas de licencias de ninguna manera.<br \/>\n<a style=\"font-weight: normal;\" href=\"https:\/\/licenseconsulting.com\/es\/servicios\/\">Ver todos nuestros servicios. <\/a>[\/vc_column_text][\/vc_column][\/vc_row][vc_row][vc_column][vc_row_inner][vc_column_inner width=\u00bb2\/5&#8243;]<style type=\"text\/css\" data-type=\"the7_shortcodes-inline-css\">.shortcode-single-image-wrap.shortcode-single-image-ecdde9db633364203d993573fefc7f9c.enable-bg-rollover .rollover i,\n.shortcode-single-image-wrap.shortcode-single-image-ecdde9db633364203d993573fefc7f9c.enable-bg-rollover .rollover-video i {\n  background: ;\n  background: -webkit-linear-gradient();\n  background: linear-gradient();\n}\n.shortcode-single-image-wrap.shortcode-single-image-ecdde9db633364203d993573fefc7f9c .rollover-icon {\n  font-size: 32px;\n  color: #ffffff;\n  min-width: 44px;\n  min-height: 44px;\n  line-height: 44px;\n  border-radius: 100px;\n  border-style: solid;\n  border-width: 0px;\n}\n.dt-icon-bg-on.shortcode-single-image-wrap.shortcode-single-image-ecdde9db633364203d993573fefc7f9c .rollover-icon {\n  background: rgba(255,255,255,0.3);\n  box-shadow: none;\n}\n<\/style><div class=\"shortcode-single-image-wrap shortcode-single-image-ecdde9db633364203d993573fefc7f9c alignnone fadeIn animate-element  enable-bg-rollover dt-icon-bg-off\" style=\"margin-top:0px; margin-bottom:0px; margin-left:0px; margin-right:0px; width:500px;\"><div class=\"shortcode-single-image\"><div class=\"fancy-media-wrap  layzr-bg\" style=\"\"><img decoding=\"async\" class=\"preload-me lazy-load aspect\" src=\"data:image\/svg+xml,%3Csvg%20xmlns%3D&#39;http%3A%2F%2Fwww.w3.org%2F2000%2Fsvg&#39;%20viewBox%3D&#39;0%200%20500%20706&#39;%2F%3E\" data-src=\"https:\/\/licenseconsulting.com\/wp-content\/uploads\/2019\/09\/ORACLE-LMS-AUDIT-NEGOTIATIONS-500x706.jpg\" data-srcset=\"https:\/\/licenseconsulting.com\/wp-content\/uploads\/2019\/09\/ORACLE-LMS-AUDIT-NEGOTIATIONS-500x706.jpg 500w, https:\/\/licenseconsulting.com\/wp-content\/uploads\/2019\/09\/ORACLE-LMS-AUDIT-NEGOTIATIONS.jpg 905w\" loading=\"eager\" sizes=\"(max-width: 500px) 100vw, 500px\" width=\"500\" height=\"706\"  data-dt-location=\"https:\/\/licenseconsulting.com\/es\/home\/attachment\/oracle-lms-audit-negotiations\/\" style=\"--ratio: 500 \/ 706;box-shadow:5px 5px 5px 5px rgba(0,0,0,0.6); -webkit-box-shadow:5px 5px 5px 5px rgba(0,0,0,0.6);\" alt=\"ORACLE-LMS-AUDIT-NEGOTIATIONS\" \/><\/div><\/div><\/div>[\/vc_column_inner][vc_column_inner width=\u00bb3\/5&#8243;]<div id=\"ultimate-heading-356769e7164a169ee\" class=\"uvc-heading ult-adjust-bottom-margin ultimate-heading-356769e7164a169ee uvc-4632 accent-border-color\" data-hspacer=\"no_spacer\"  data-halign=\"left\" style=\"text-align:left\"><div class=\"uvc-heading-spacer no_spacer\" style=\"top\"><\/div><div class=\"uvc-main-heading ult-responsive\"  data-ultimate-target='.uvc-heading.ultimate-heading-356769e7164a169ee h4'  data-responsive-json-new='{\"font-size\":\"desktop:26px;\",\"line-height\":\"desktop:32px;\"}' ><h4 style=\"font-weight:bold;margin-bottom:20px;\">Solicite esta descripci\u00f3n del servicio<\/h4><\/div><\/div>\n<div class=\"wpcf7 no-js\" id=\"wpcf7-f11232-o1\" lang=\"en-US\" dir=\"ltr\" data-wpcf7-id=\"11232\">\n<div class=\"screen-reader-response\"><p role=\"status\" aria-live=\"polite\" aria-atomic=\"true\"><\/p> <ul><\/ul><\/div>\n<form action=\"\/es\/wp-json\/wp\/v2\/pages\/9850#wpcf7-f11232-o1\" method=\"post\" class=\"wpcf7-form init\" aria-label=\"Contact form\" novalidate=\"novalidate\" data-status=\"init\">\n<div style=\"display: none;\">\n<input type=\"hidden\" name=\"_wpcf7\" value=\"11232\" \/>\n<input type=\"hidden\" name=\"_wpcf7_version\" value=\"6.0.6\" \/>\n<input type=\"hidden\" name=\"_wpcf7_locale\" value=\"en_US\" \/>\n<input type=\"hidden\" name=\"_wpcf7_unit_tag\" value=\"wpcf7-f11232-o1\" \/>\n<input type=\"hidden\" name=\"_wpcf7_container_post\" value=\"0\" \/>\n<input type=\"hidden\" name=\"_wpcf7_posted_data_hash\" value=\"\" \/>\n<input type=\"hidden\" name=\"_wpcf7_recaptcha_response\" value=\"\" \/>\n<\/div>\n<p>In order to receive the Oracle LMS Audit Negotiations service description we require you to complete the form below.\n<\/p>\n<p><label> Your Name (required)<br \/>\n<span class=\"wpcf7-form-control-wrap\" data-name=\"your-name\"><input size=\"40\" maxlength=\"400\" class=\"wpcf7-form-control wpcf7-text wpcf7-validates-as-required\" aria-required=\"true\" aria-invalid=\"false\" value=\"\" type=\"text\" name=\"your-name\" \/><\/span> <\/label>\n<\/p>\n<p><label> Your Email (required)<br \/>\n<span class=\"wpcf7-form-control-wrap\" data-name=\"your-email\"><input size=\"40\" maxlength=\"400\" class=\"wpcf7-form-control wpcf7-email wpcf7-validates-as-required wpcf7-text wpcf7-validates-as-email\" aria-required=\"true\" aria-invalid=\"false\" value=\"\" type=\"email\" name=\"your-email\" \/><\/span> <\/label>\n<\/p>\n<p><label> Your Company (optional)<br \/>\n<span class=\"wpcf7-form-control-wrap\" data-name=\"your-company\"><input size=\"40\" maxlength=\"400\" class=\"wpcf7-form-control wpcf7-text\" aria-invalid=\"false\" value=\"\" type=\"text\" name=\"your-company\" \/><\/span><br \/>\n<input class=\"wpcf7-form-control wpcf7-submit has-spinner\" type=\"submit\" value=\"Request service description\" \/><\/label>\n<\/p><div class=\"wpcf7-response-output\" aria-hidden=\"true\"><\/div>\n<\/form>\n<\/div>\n[\/vc_column_inner][vc_column_inner][\/vc_column_inner][\/vc_row_inner][\/vc_column][\/vc_row]<\/p>\n<\/div>","protected":false},"excerpt":{"rendered":"<p>[vc_row][vc_column][vc_empty_space][\/vc_column][\/vc_row][vc_row][vc_column width=\u00bb3\/5&#8243;][vc_column_text]Las negociaciones de auditor\u00eda de Oracle LMS se refieren el escenario en el que Oracle LMS, o uno de sus socios de auditor\u00eda, llev\u00f3 a cabo una auditor\u00eda de cumplimiento dentro de su organizaci\u00f3n. El servicio puede comenzar en cualquier momento antes de firmar una propuesta de Oracle. Todos los consultores que participan en&hellip;<\/p>\n","protected":false},"author":1,"featured_media":0,"parent":9976,"menu_order":0,"comment_status":"closed","ping_status":"closed","template":"","meta":{"footnotes":""},"class_list":["post-9850","page","type-page","status-publish","hentry","description-off"],"yoast_head":"<!-- This site is optimized with the Yoast SEO Premium plugin v25.2 (Yoast SEO v26.8) - https:\/\/yoast.com\/product\/yoast-seo-premium-wordpress\/ -->\n<title>Negociaciones de auditor\u00eda de Oracle LMS - License Consulting<\/title>\n<meta name=\"description\" content=\"Dentro de 48 horas ofrecemos un estudio de factibilidad (gratuito) detallando si podemos ayudar a mitigar una reclamaci\u00f3n de cumplimiento. Resultados garantizados, referencias mundiales.\" \/>\n<meta name=\"robots\" content=\"index, follow, max-snippet:-1, max-image-preview:large, max-video-preview:-1\" \/>\n<link rel=\"canonical\" href=\"https:\/\/licenseconsulting.com\/es\/servicios\/negociaciones-de-auditoria-de-oracle-lms\/\" \/>\n<meta property=\"og:locale\" content=\"es_ES\" \/>\n<meta property=\"og:type\" content=\"article\" \/>\n<meta property=\"og:title\" content=\"Negociaciones de auditor\u00eda de Oracle LMS\" \/>\n<meta property=\"og:description\" content=\"Las negociaciones de auditor\u00eda de Oracle LMS se refieren el escenario en el que Oracle LMS, o uno de sus socios de auditor\u00eda, llev\u00f3 a cabo una auditor\u00eda\" \/>\n<meta property=\"og:url\" content=\"https:\/\/licenseconsulting.com\/es\/servicios\/negociaciones-de-auditoria-de-oracle-lms\/\" \/>\n<meta property=\"og:site_name\" content=\"License Consulting\" \/>\n<meta property=\"article:modified_time\" content=\"2020-05-04T13:30:38+00:00\" \/>\n<meta name=\"twitter:card\" content=\"summary_large_image\" \/>\n<meta name=\"twitter:site\" content=\"@OracleLicensing\" \/>\n<meta name=\"twitter:label1\" content=\"Tiempo de lectura\" \/>\n\t<meta name=\"twitter:data1\" content=\"5 minutos\" \/>\n<script type=\"application\/ld+json\" class=\"yoast-schema-graph\">{\"@context\":\"https:\/\/schema.org\",\"@graph\":[{\"@type\":\"WebPage\",\"@id\":\"https:\/\/licenseconsulting.com\/es\/servicios\/negociaciones-de-auditoria-de-oracle-lms\/\",\"url\":\"https:\/\/licenseconsulting.com\/es\/servicios\/negociaciones-de-auditoria-de-oracle-lms\/\",\"name\":\"Negociaciones de auditor\u00eda de Oracle LMS - License Consulting\",\"isPartOf\":{\"@id\":\"https:\/\/licenseconsulting.com\/es\/#website\"},\"datePublished\":\"2020-02-14T12:56:34+00:00\",\"dateModified\":\"2020-05-04T13:30:38+00:00\",\"description\":\"Dentro de 48 horas ofrecemos un estudio de factibilidad (gratuito) detallando si podemos ayudar a mitigar una reclamaci\u00f3n de cumplimiento. Resultados garantizados, referencias mundiales.\",\"breadcrumb\":{\"@id\":\"https:\/\/licenseconsulting.com\/es\/servicios\/negociaciones-de-auditoria-de-oracle-lms\/#breadcrumb\"},\"inLanguage\":\"es\",\"potentialAction\":[{\"@type\":\"ReadAction\",\"target\":[\"https:\/\/licenseconsulting.com\/es\/servicios\/negociaciones-de-auditoria-de-oracle-lms\/\"]}]},{\"@type\":\"BreadcrumbList\",\"@id\":\"https:\/\/licenseconsulting.com\/es\/servicios\/negociaciones-de-auditoria-de-oracle-lms\/#breadcrumb\",\"itemListElement\":[{\"@type\":\"ListItem\",\"position\":1,\"name\":\"Home\",\"item\":\"https:\/\/licenseconsulting.com\/es\/\"},{\"@type\":\"ListItem\",\"position\":2,\"name\":\"Servicios\",\"item\":\"https:\/\/licenseconsulting.com\/es\/servicios\/\"},{\"@type\":\"ListItem\",\"position\":3,\"name\":\"Negociaciones de auditor\u00eda de Oracle LMS\"}]},{\"@type\":\"WebSite\",\"@id\":\"https:\/\/licenseconsulting.com\/es\/#website\",\"url\":\"https:\/\/licenseconsulting.com\/es\/\",\"name\":\"License Consulting\",\"description\":\"Oracle License Compliance Company\",\"publisher\":{\"@id\":\"https:\/\/licenseconsulting.com\/es\/#organization\"},\"potentialAction\":[{\"@type\":\"SearchAction\",\"target\":{\"@type\":\"EntryPoint\",\"urlTemplate\":\"https:\/\/licenseconsulting.com\/es\/?s={search_term_string}\"},\"query-input\":{\"@type\":\"PropertyValueSpecification\",\"valueRequired\":true,\"valueName\":\"search_term_string\"}}],\"inLanguage\":\"es\"},{\"@type\":\"Organization\",\"@id\":\"https:\/\/licenseconsulting.com\/es\/#organization\",\"name\":\"License Consulting BV\",\"url\":\"https:\/\/licenseconsulting.com\/es\/\",\"logo\":{\"@type\":\"ImageObject\",\"inLanguage\":\"es\",\"@id\":\"https:\/\/licenseconsulting.com\/es\/#\/schema\/logo\/image\/\",\"url\":\"https:\/\/licenseconsulting.com\/wp-content\/uploads\/2020\/07\/LC-logo-2019-768x144-1.png\",\"contentUrl\":\"https:\/\/licenseconsulting.com\/wp-content\/uploads\/2020\/07\/LC-logo-2019-768x144-1.png\",\"width\":768,\"height\":144,\"caption\":\"License Consulting BV\"},\"image\":{\"@id\":\"https:\/\/licenseconsulting.com\/es\/#\/schema\/logo\/image\/\"},\"sameAs\":[\"https:\/\/x.com\/OracleLicensing\",\"https:\/\/www.linkedin.com\/company\/license-consulting\/\"]}]}<\/script>\n<!-- \/ Yoast SEO Premium plugin. -->","yoast_head_json":{"title":"Negociaciones de auditor\u00eda de Oracle LMS - License Consulting","description":"Dentro de 48 horas ofrecemos un estudio de factibilidad (gratuito) detallando si podemos ayudar a mitigar una reclamaci\u00f3n de cumplimiento. Resultados garantizados, referencias mundiales.","robots":{"index":"index","follow":"follow","max-snippet":"max-snippet:-1","max-image-preview":"max-image-preview:large","max-video-preview":"max-video-preview:-1"},"canonical":"https:\/\/licenseconsulting.com\/es\/servicios\/negociaciones-de-auditoria-de-oracle-lms\/","og_locale":"es_ES","og_type":"article","og_title":"Negociaciones de auditor\u00eda de Oracle LMS","og_description":"Las negociaciones de auditor\u00eda de Oracle LMS se refieren el escenario en el que Oracle LMS, o uno de sus socios de auditor\u00eda, llev\u00f3 a cabo una auditor\u00eda","og_url":"https:\/\/licenseconsulting.com\/es\/servicios\/negociaciones-de-auditoria-de-oracle-lms\/","og_site_name":"License Consulting","article_modified_time":"2020-05-04T13:30:38+00:00","twitter_card":"summary_large_image","twitter_site":"@OracleLicensing","twitter_misc":{"Tiempo de lectura":"5 minutos"},"schema":{"@context":"https:\/\/schema.org","@graph":[{"@type":"WebPage","@id":"https:\/\/licenseconsulting.com\/es\/servicios\/negociaciones-de-auditoria-de-oracle-lms\/","url":"https:\/\/licenseconsulting.com\/es\/servicios\/negociaciones-de-auditoria-de-oracle-lms\/","name":"Negociaciones de auditor\u00eda de Oracle LMS - License Consulting","isPartOf":{"@id":"https:\/\/licenseconsulting.com\/es\/#website"},"datePublished":"2020-02-14T12:56:34+00:00","dateModified":"2020-05-04T13:30:38+00:00","description":"Dentro de 48 horas ofrecemos un estudio de factibilidad (gratuito) detallando si podemos ayudar a mitigar una reclamaci\u00f3n de cumplimiento. Resultados garantizados, referencias mundiales.","breadcrumb":{"@id":"https:\/\/licenseconsulting.com\/es\/servicios\/negociaciones-de-auditoria-de-oracle-lms\/#breadcrumb"},"inLanguage":"es","potentialAction":[{"@type":"ReadAction","target":["https:\/\/licenseconsulting.com\/es\/servicios\/negociaciones-de-auditoria-de-oracle-lms\/"]}]},{"@type":"BreadcrumbList","@id":"https:\/\/licenseconsulting.com\/es\/servicios\/negociaciones-de-auditoria-de-oracle-lms\/#breadcrumb","itemListElement":[{"@type":"ListItem","position":1,"name":"Home","item":"https:\/\/licenseconsulting.com\/es\/"},{"@type":"ListItem","position":2,"name":"Servicios","item":"https:\/\/licenseconsulting.com\/es\/servicios\/"},{"@type":"ListItem","position":3,"name":"Negociaciones de auditor\u00eda de Oracle LMS"}]},{"@type":"WebSite","@id":"https:\/\/licenseconsulting.com\/es\/#website","url":"https:\/\/licenseconsulting.com\/es\/","name":"License Consulting","description":"Oracle License Compliance Company","publisher":{"@id":"https:\/\/licenseconsulting.com\/es\/#organization"},"potentialAction":[{"@type":"SearchAction","target":{"@type":"EntryPoint","urlTemplate":"https:\/\/licenseconsulting.com\/es\/?s={search_term_string}"},"query-input":{"@type":"PropertyValueSpecification","valueRequired":true,"valueName":"search_term_string"}}],"inLanguage":"es"},{"@type":"Organization","@id":"https:\/\/licenseconsulting.com\/es\/#organization","name":"License Consulting BV","url":"https:\/\/licenseconsulting.com\/es\/","logo":{"@type":"ImageObject","inLanguage":"es","@id":"https:\/\/licenseconsulting.com\/es\/#\/schema\/logo\/image\/","url":"https:\/\/licenseconsulting.com\/wp-content\/uploads\/2020\/07\/LC-logo-2019-768x144-1.png","contentUrl":"https:\/\/licenseconsulting.com\/wp-content\/uploads\/2020\/07\/LC-logo-2019-768x144-1.png","width":768,"height":144,"caption":"License Consulting BV"},"image":{"@id":"https:\/\/licenseconsulting.com\/es\/#\/schema\/logo\/image\/"},"sameAs":["https:\/\/x.com\/OracleLicensing","https:\/\/www.linkedin.com\/company\/license-consulting\/"]}]}},"_links":{"self":[{"href":"https:\/\/licenseconsulting.com\/es\/wp-json\/wp\/v2\/pages\/9850","targetHints":{"allow":["GET"]}}],"collection":[{"href":"https:\/\/licenseconsulting.com\/es\/wp-json\/wp\/v2\/pages"}],"about":[{"href":"https:\/\/licenseconsulting.com\/es\/wp-json\/wp\/v2\/types\/page"}],"author":[{"embeddable":true,"href":"https:\/\/licenseconsulting.com\/es\/wp-json\/wp\/v2\/users\/1"}],"replies":[{"embeddable":true,"href":"https:\/\/licenseconsulting.com\/es\/wp-json\/wp\/v2\/comments?post=9850"}],"version-history":[{"count":6,"href":"https:\/\/licenseconsulting.com\/es\/wp-json\/wp\/v2\/pages\/9850\/revisions"}],"predecessor-version":[{"id":11949,"href":"https:\/\/licenseconsulting.com\/es\/wp-json\/wp\/v2\/pages\/9850\/revisions\/11949"}],"up":[{"embeddable":true,"href":"https:\/\/licenseconsulting.com\/es\/wp-json\/wp\/v2\/pages\/9976"}],"wp:attachment":[{"href":"https:\/\/licenseconsulting.com\/es\/wp-json\/wp\/v2\/media?parent=9850"}],"curies":[{"name":"wp","href":"https:\/\/api.w.org\/{rel}","templated":true}]}}