{"id":9832,"date":"2020-02-14T12:56:29","date_gmt":"2020-02-14T12:56:29","guid":{"rendered":"https:\/\/licenseconsulting.com\/auditoria-interna-de-licencias\/"},"modified":"2020-04-30T13:17:10","modified_gmt":"2020-04-30T13:17:10","slug":"auditoria-interna-de-licencias","status":"publish","type":"page","link":"https:\/\/licenseconsulting.com\/es\/servicios\/auditoria-interna-de-licencias\/","title":{"rendered":"Auditor\u00eda interna de licencias"},"content":{"rendered":"<div class=\"wpb-content-wrapper\"><p>[vc_row][vc_column]<div id=\"ultimate-heading-56669d7d9dfd8f73\" class=\"uvc-heading ult-adjust-bottom-margin ultimate-heading-56669d7d9dfd8f73 uvc-435 \" data-hspacer=\"no_spacer\"  data-halign=\"left\" style=\"text-align:left\"><div class=\"uvc-heading-spacer no_spacer\" style=\"top\"><\/div><div class=\"uvc-main-heading ult-responsive\"  data-ultimate-target='.uvc-heading.ultimate-heading-56669d7d9dfd8f73 h2'  data-responsive-json-new='{\"font-size\":\"desktop:26px;\",\"line-height\":\"desktop:32px;\"}' ><h2 style=\"font-weight:bold;margin-bottom:20px;\">\u00a1Apueste a su cheque de pago acerca de ser cumplidor!<\/h2><\/div><\/div>[vc_empty_space][\/vc_column][\/vc_row][vc_row][vc_column width=\u00bb3\/5&#8243;][vc_column_text]El servicio de auditor\u00eda interna de licencias aborda el escenario en el que su organizaci\u00f3n tiene como objetivo establecer una Posici\u00f3n de Licencia Efectiva. Simulamos la situaci\u00f3n en la que Oracle audita su entorno.<\/p>\n<p>Una Auditor\u00eda de Licencia Interna de Oracle incluye:<\/p>\n<ul>\n<li>Establecer el tama\u00f1o del riesgo financiero;<\/li>\n<li>Ayudarle a entender su posici\u00f3n de licencia efectiva (ELP);<\/li>\n<li>Orientar a su equipo sobre c\u00f3mo reducir los riesgos de cumplimiento.<\/li>\n<\/ul>\n<p>El entregable global de la Auditor\u00eda Interna de Licencias es una Posici\u00f3n de Licencia Efectiva. Adem\u00e1s, se formulan recomendaciones para mejorar el medio ambiente reduciendo o eliminando cualquier riesgo financiero y de cumplimiento.[\/vc_column_text][\/vc_column][vc_column width=\u00bb2\/5&#8243;]<style type=\"text\/css\" data-type=\"the7_shortcodes-inline-css\">.shortcode-single-image-wrap.shortcode-single-image-73483b30f8cc6701572b80d438383d1f.enable-bg-rollover .rollover i,\n.shortcode-single-image-wrap.shortcode-single-image-73483b30f8cc6701572b80d438383d1f.enable-bg-rollover .rollover-video i {\n  background: ;\n  background: -webkit-linear-gradient();\n  background: linear-gradient();\n}\n.shortcode-single-image-wrap.shortcode-single-image-73483b30f8cc6701572b80d438383d1f .rollover-icon {\n  font-size: 32px;\n  color: #ffffff;\n  min-width: 44px;\n  min-height: 44px;\n  line-height: 44px;\n  border-radius: 100px;\n  border-style: solid;\n  border-width: 0px;\n}\n.dt-icon-bg-on.shortcode-single-image-wrap.shortcode-single-image-73483b30f8cc6701572b80d438383d1f .rollover-icon {\n  background: rgba(255,255,255,0.3);\n  box-shadow: none;\n}\n<\/style><div class=\"shortcode-single-image-wrap shortcode-single-image-73483b30f8cc6701572b80d438383d1f alignnone fadeIn animate-element  enable-bg-rollover dt-icon-bg-off\" style=\"margin-top:0px; margin-bottom:0px; margin-left:0px; margin-right:0px; width:500px;\"><div class=\"shortcode-single-image\"><div class=\"fancy-media-wrap  layzr-bg\" style=\"\"><img fetchpriority=\"high\" decoding=\"async\" class=\"preload-me lazy-load aspect\" src=\"data:image\/svg+xml,%3Csvg%20xmlns%3D&#39;http%3A%2F%2Fwww.w3.org%2F2000%2Fsvg&#39;%20viewBox%3D&#39;0%200%20500%20526&#39;%2F%3E\" data-src=\"https:\/\/licenseconsulting.com\/wp-content\/uploads\/2020\/03\/oracle-internal-license-audit-500x526.png\" data-srcset=\"https:\/\/licenseconsulting.com\/wp-content\/uploads\/2020\/03\/oracle-internal-license-audit-500x526.png 500w, https:\/\/licenseconsulting.com\/wp-content\/uploads\/2020\/03\/oracle-internal-license-audit.png 800w\" loading=\"eager\" sizes=\"(max-width: 500px) 100vw, 500px\" width=\"500\" height=\"526\"  data-dt-location=\"https:\/\/licenseconsulting.com\/es\/services\/license-audit-defense\/attachment\/oracle-internal-license-audit-2\/\" style=\"--ratio: 500 \/ 526;\" alt=\"oracle-internal-license-audit\" \/><\/div><\/div><\/div>[vc_empty_space][\/vc_column][\/vc_row][vc_row type=\u00bbvc_default\u00bb][vc_column css=\u00bb.vc_custom_1498229431694{padding-bottom: 50px !important;}\u00bb]<div id=\"ultimate-heading-818269d7d9dfd9a22\" class=\"uvc-heading ult-adjust-bottom-margin ultimate-heading-818269d7d9dfd9a22 uvc-2438 \" data-hspacer=\"no_spacer\"  data-halign=\"left\" style=\"text-align:left\"><div class=\"uvc-heading-spacer no_spacer\" style=\"top\"><\/div><div class=\"uvc-main-heading ult-responsive\"  data-ultimate-target='.uvc-heading.ultimate-heading-818269d7d9dfd9a22 h2'  data-responsive-json-new='{\"font-size\":\"desktop:26px;\",\"line-height\":\"desktop:32px;\"}' ><h2 style=\"font-weight:bold;margin-bottom:20px;\">Pasos del proyecto<\/h2><\/div><div class=\"uvc-sub-heading ult-responsive\"  data-ultimate-target='.uvc-heading.ultimate-heading-818269d7d9dfd9a22 .uvc-sub-heading '  data-responsive-json-new='{\"font-size\":\"\",\"line-height\":\"\"}'  style=\"font-weight:normal;\">A continuaci\u00f3n se muestran los pasos de este servicio. Cada paso se divide en Entradas, Actividades y Salidas: los detalles se especifican en la Descripci\u00f3n Completa del Servicio (solicitud a continuaci\u00f3n).<\/div><\/div>[vc_empty_space]<div class=\"smile_icon_list_wrap ult_info_list_container ult-adjust-bottom-margin   vc_custom_1569158405228\"><ul class=\"smile_icon_list left hexagon\"><li class=\"icon_list_item\" style=\" font-size:60px;\"><div class=\"icon_list_icon\" data-animation=\"\" data-animation-delay=\"03\" style=\"font-size:20px;background:#39a8e0;color:#ffffff;border-color:#39a8e0;\"><img decoding=\"async\" class=\"list-img-icon\" alt=\"null\" src=\"https:\/\/licenseconsulting.com\/wp-content\/uploads\/2019\/09\/license-consulting-icon32-white2.png\"\/><\/div><div class=\"icon_description\" id=\"Info-list-wrap-2520\" style=\"font-size:20px;\"><h3 class=\"ult-responsive info-list-heading\"  data-ultimate-target='#Info-list-wrap-2520 h3'  data-responsive-json-new='{\"font-size\":\"desktop:16px;\",\"line-height\":\"desktop:22px;\"}'  style=\"font-family:&#039;Open Sans Condensed&#039;;font-weight:700;\">Determinar la Titularidad<\/h3><div class=\"icon_description_text ult-responsive\"  data-ultimate-target='#Info-list-wrap-2520 .icon_description_text'  data-responsive-json-new='{\"font-size\":\"desktop:12px;\",\"line-height\":\"desktop:20px;\"}'  style=\"\"><p>Comprender sus acuerdos de Oracle, definiciones de licencias y textos de contratos personalizados que son la base de la auditor\u00eda interna.<\/p>\n<\/div><\/div><div class=\"icon_list_connector\"  style=\"border-right-width: 1px;border-right-style: dashed;border-color: #39a8e0;\"><\/div><\/li><li class=\"icon_list_item\" style=\" font-size:60px;\"><div class=\"icon_list_icon\" data-animation=\"\" data-animation-delay=\"03\" style=\"font-size:20px;background:#39a8e0;color:#ffffff;border-color:#39a8e0;\"><img decoding=\"async\" class=\"list-img-icon\" alt=\"null\" src=\"https:\/\/licenseconsulting.com\/wp-content\/uploads\/2019\/09\/license-consulting-icon32-white2.png\"\/><\/div><div class=\"icon_description\" id=\"Info-list-wrap-2196\" style=\"font-size:20px;\"><h3 class=\"ult-responsive info-list-heading\"  data-ultimate-target='#Info-list-wrap-2196 h3'  data-responsive-json-new='{\"font-size\":\"desktop:16px;\",\"line-height\":\"desktop:22px;\"}'  style=\"font-family:&#039;Open Sans Condensed&#039;;font-weight:700;\">Determinar la Implementaci\u00f3n<\/h3><div class=\"icon_description_text ult-responsive\"  data-ultimate-target='#Info-list-wrap-2196 .icon_description_text'  data-responsive-json-new='{\"font-size\":\"desktop:12px;\",\"line-height\":\"desktop:20px;\"}'  style=\"\"><p>Conociendo sus definiciones contractuales, trabajamos con sus equipos para determinar la implementaci\u00f3n de la forma m\u00e1s efectiva posible. Nuestra auditor\u00eda de capacidades de scripting beneficiar\u00e1 los cronogramas a la vez que minimiza el tiempo de los equipos de TI de nuestros clientes.<\/p>\n<\/div><\/div><div class=\"icon_list_connector\"  style=\"border-right-width: 1px;border-right-style: dashed;border-color: #39a8e0;\"><\/div><\/li><li class=\"icon_list_item\" style=\" font-size:60px;\"><div class=\"icon_list_icon\" data-animation=\"\" data-animation-delay=\"03\" style=\"font-size:20px;background:#39a8e0;color:#ffffff;border-color:#39a8e0;\"><img decoding=\"async\" class=\"list-img-icon\" alt=\"null\" src=\"https:\/\/licenseconsulting.com\/wp-content\/uploads\/2019\/09\/license-consulting-icon32-white2.png\"\/><\/div><div class=\"icon_description\" id=\"Info-list-wrap-1625\" style=\"font-size:20px;\"><h3 class=\"ult-responsive info-list-heading\"  data-ultimate-target='#Info-list-wrap-1625 h3'  data-responsive-json-new='{\"font-size\":\"desktop:16px;\",\"line-height\":\"desktop:22px;\"}'  style=\"font-family:&#039;Open Sans Condensed&#039;;font-weight:700;\">ELP e informe de cumplimiento<\/h3><div class=\"icon_description_text ult-responsive\"  data-ultimate-target='#Info-list-wrap-1625 .icon_description_text'  data-responsive-json-new='{\"font-size\":\"desktop:12px;\",\"line-height\":\"desktop:20px;\"}'  style=\"\"><p>La Posici\u00f3n de Licencia Efectiva (ELP) compara su concesi\u00f3n de licencia con la implementaci\u00f3n actual. \u00c9sta es cuantificada en #licencias as\u00ed como en exposiciones financieras (licencia Oracle \u2013 y cuotas de soporte)<\/p>\n<\/div><\/div><div class=\"icon_list_connector\"  style=\"border-right-width: 1px;border-right-style: dashed;border-color: #39a8e0;\"><\/div><\/li><li class=\"icon_list_item\" style=\" font-size:60px;\"><div class=\"icon_list_icon\" data-animation=\"\" data-animation-delay=\"03\" style=\"font-size:20px;background:#39a8e0;color:#ffffff;border-color:#39a8e0;\"><img decoding=\"async\" class=\"list-img-icon\" alt=\"null\" src=\"https:\/\/licenseconsulting.com\/wp-content\/uploads\/2019\/09\/license-consulting-icon32-white2.png\"\/><\/div><div class=\"icon_description\" id=\"Info-list-wrap-1878\" style=\"font-size:20px;\"><h3 class=\"ult-responsive info-list-heading\"  data-ultimate-target='#Info-list-wrap-1878 h3'  data-responsive-json-new='{\"font-size\":\"desktop:16px;\",\"line-height\":\"desktop:22px;\"}'  style=\"font-family:&#039;Open Sans Condensed&#039;;font-weight:700;\">Soporte para la correcci\u00f3n y la optimizaci\u00f3n<\/h3><div class=\"icon_description_text ult-responsive\"  data-ultimate-target='#Info-list-wrap-1878 .icon_description_text'  data-responsive-json-new='{\"font-size\":\"desktop:12px;\",\"line-height\":\"desktop:20px;\"}'  style=\"\"><p>A menudo, las brechas de cumplimiento se pueden reducir significativamente. Esta etapa garantiza que se priorice el trabajo con el mayor impacto. Adem\u00e1s, nos aseguramos de que no se introduzcan nuevos riesgos durante las actividades de correcci\u00f3n.<\/p>\n<\/div><\/div><div class=\"icon_list_connector\"  style=\"border-right-width: 1px;border-right-style: dashed;border-color: #39a8e0;\"><\/div><\/li><\/ul><\/div>[\/vc_column][\/vc_row][vc_row css=\u00bb.vc_custom_1585069730051{padding-top: -10px !important;padding-bottom: -10px !important;background-color: #f4f4f4 !important;}\u00bb el_class=\u00bbblok1&#8243;][vc_column][vc_column_text]<\/p>\n<h3>100% independiente y confidencial<\/h3>\n<p>License Consulting no vende licencias y no se beneficia de las ventas de licencias de ninguna manera.<br \/>\n<a style=\"font-weight: normal;\" href=\"https:\/\/licenseconsulting.com\/es\/servicios\/\">Ver todos nuestros servicios. <\/a>[\/vc_column_text][\/vc_column][\/vc_row][vc_row][vc_column][vc_row_inner][vc_column_inner width=\u00bb2\/5&#8243;]<style type=\"text\/css\" data-type=\"the7_shortcodes-inline-css\">.shortcode-single-image-wrap.shortcode-single-image-efec92f868d476fedbdcf8b4d69700f5.enable-bg-rollover .rollover i,\n.shortcode-single-image-wrap.shortcode-single-image-efec92f868d476fedbdcf8b4d69700f5.enable-bg-rollover .rollover-video i {\n  background: ;\n  background: -webkit-linear-gradient();\n  background: linear-gradient();\n}\n.shortcode-single-image-wrap.shortcode-single-image-efec92f868d476fedbdcf8b4d69700f5 .rollover-icon {\n  font-size: 32px;\n  color: #ffffff;\n  min-width: 44px;\n  min-height: 44px;\n  line-height: 44px;\n  border-radius: 100px;\n  border-style: solid;\n  border-width: 0px;\n}\n.dt-icon-bg-on.shortcode-single-image-wrap.shortcode-single-image-efec92f868d476fedbdcf8b4d69700f5 .rollover-icon {\n  background: rgba(255,255,255,0.3);\n  box-shadow: none;\n}\n<\/style><div class=\"shortcode-single-image-wrap shortcode-single-image-efec92f868d476fedbdcf8b4d69700f5 alignnone fadeIn animate-element  enable-bg-rollover dt-icon-bg-off\" style=\"margin-top:0px; margin-bottom:0px; margin-left:0px; margin-right:0px; width:500px;\"><div class=\"shortcode-single-image\"><div class=\"fancy-media-wrap  layzr-bg\" style=\"\"><img decoding=\"async\" class=\"preload-me lazy-load aspect\" src=\"data:image\/svg+xml,%3Csvg%20xmlns%3D&#39;http%3A%2F%2Fwww.w3.org%2F2000%2Fsvg&#39;%20viewBox%3D&#39;0%200%20500%20706&#39;%2F%3E\" data-src=\"https:\/\/licenseconsulting.com\/wp-content\/uploads\/2019\/09\/ORACLE-INTERNAL-LICENSE-AUDIT-500x706.jpg\" data-srcset=\"https:\/\/licenseconsulting.com\/wp-content\/uploads\/2019\/09\/ORACLE-INTERNAL-LICENSE-AUDIT-500x706.jpg 500w, https:\/\/licenseconsulting.com\/wp-content\/uploads\/2019\/09\/ORACLE-INTERNAL-LICENSE-AUDIT.jpg 905w\" loading=\"eager\" sizes=\"(max-width: 500px) 100vw, 500px\" width=\"500\" height=\"706\"  data-dt-location=\"https:\/\/licenseconsulting.com\/es\/home\/attachment\/oracle-internal-license-audit\/\" style=\"--ratio: 500 \/ 706;box-shadow:5px 5px 5px 5px rgba(0,0,0,0.6); -webkit-box-shadow:5px 5px 5px 5px rgba(0,0,0,0.6);\" alt=\"ORACLE-INTERNAL-LICENSE-AUDIT\" \/><\/div><\/div><\/div>[vc_empty_space][\/vc_column_inner][vc_column_inner width=\u00bb3\/5&#8243;]<div id=\"ultimate-heading-787169d7d9dfda680\" class=\"uvc-heading ult-adjust-bottom-margin ultimate-heading-787169d7d9dfda680 uvc-672 accent-border-color\" data-hspacer=\"no_spacer\"  data-halign=\"left\" style=\"text-align:left\"><div class=\"uvc-heading-spacer no_spacer\" style=\"top\"><\/div><div class=\"uvc-main-heading ult-responsive\"  data-ultimate-target='.uvc-heading.ultimate-heading-787169d7d9dfda680 h4'  data-responsive-json-new='{\"font-size\":\"desktop:26px;\",\"line-height\":\"desktop:32px;\"}' ><h4 style=\"font-weight:bold;margin-bottom:20px;\">Solicite esta descripci\u00f3n del servicio<\/h4><\/div><\/div>\n<div class=\"wpcf7 no-js\" id=\"wpcf7-f11229-o1\" lang=\"en-US\" dir=\"ltr\" data-wpcf7-id=\"11229\">\n<div class=\"screen-reader-response\"><p role=\"status\" aria-live=\"polite\" aria-atomic=\"true\"><\/p> <ul><\/ul><\/div>\n<form action=\"\/es\/wp-json\/wp\/v2\/pages\/9832#wpcf7-f11229-o1\" method=\"post\" class=\"wpcf7-form init\" aria-label=\"Contact form\" novalidate=\"novalidate\" data-status=\"init\">\n<div style=\"display: none;\">\n<input type=\"hidden\" name=\"_wpcf7\" value=\"11229\" \/>\n<input type=\"hidden\" name=\"_wpcf7_version\" value=\"6.0.6\" \/>\n<input type=\"hidden\" name=\"_wpcf7_locale\" value=\"en_US\" \/>\n<input type=\"hidden\" name=\"_wpcf7_unit_tag\" value=\"wpcf7-f11229-o1\" \/>\n<input type=\"hidden\" name=\"_wpcf7_container_post\" value=\"0\" \/>\n<input type=\"hidden\" name=\"_wpcf7_posted_data_hash\" value=\"\" \/>\n<input type=\"hidden\" name=\"_wpcf7_recaptcha_response\" value=\"\" \/>\n<\/div>\n<p>In order to receive the Oracle Internal License Audit service description we require you to complete the form below.\n<\/p>\n<p><label> Your Name (required)<br \/>\n<span class=\"wpcf7-form-control-wrap\" data-name=\"your-name\"><input size=\"40\" maxlength=\"400\" class=\"wpcf7-form-control wpcf7-text wpcf7-validates-as-required\" aria-required=\"true\" aria-invalid=\"false\" value=\"\" type=\"text\" name=\"your-name\" \/><\/span> <\/label>\n<\/p>\n<p><label> Your Email (required)<br \/>\n<span class=\"wpcf7-form-control-wrap\" data-name=\"your-email\"><input size=\"40\" maxlength=\"400\" class=\"wpcf7-form-control wpcf7-email wpcf7-validates-as-required wpcf7-text wpcf7-validates-as-email\" aria-required=\"true\" aria-invalid=\"false\" value=\"\" type=\"email\" name=\"your-email\" \/><\/span> <\/label>\n<\/p>\n<p><label> Your Company (optional)<br \/>\n<span class=\"wpcf7-form-control-wrap\" data-name=\"your-company\"><input size=\"40\" maxlength=\"400\" class=\"wpcf7-form-control wpcf7-text\" aria-invalid=\"false\" value=\"\" type=\"text\" name=\"your-company\" \/><\/span><br \/>\n<input class=\"wpcf7-form-control wpcf7-submit has-spinner\" type=\"submit\" value=\"Request service description\" \/><\/label>\n<\/p><div class=\"wpcf7-response-output\" aria-hidden=\"true\"><\/div>\n<\/form>\n<\/div>\n[\/vc_column_inner][vc_column_inner width=\u00bb2\/3&#8243;][\/vc_column_inner][\/vc_row_inner][\/vc_column][\/vc_row]<\/p>\n<\/div>","protected":false},"excerpt":{"rendered":"<p>[vc_row][vc_column][vc_empty_space][\/vc_column][\/vc_row][vc_row][vc_column width=\u00bb3\/5&#8243;][vc_column_text]El servicio de auditor\u00eda interna de licencias aborda el escenario en el que su organizaci\u00f3n tiene como objetivo establecer una Posici\u00f3n de Licencia Efectiva. Simulamos la situaci\u00f3n en la que Oracle audita su entorno. Una Auditor\u00eda de Licencia Interna de Oracle incluye: Establecer el tama\u00f1o del riesgo financiero; Ayudarle a entender su posici\u00f3n de&hellip;<\/p>\n","protected":false},"author":1,"featured_media":0,"parent":9976,"menu_order":100,"comment_status":"closed","ping_status":"closed","template":"","meta":{"footnotes":""},"class_list":["post-9832","page","type-page","status-publish","hentry","description-off"],"yoast_head":"<!-- This site is optimized with the Yoast SEO Premium plugin v25.2 (Yoast SEO v26.8) - https:\/\/yoast.com\/product\/yoast-seo-premium-wordpress\/ -->\n<title>Auditor\u00eda interna de licencias - License Consulting<\/title>\n<meta name=\"description\" content=\"Realice una auditor\u00eda interna antes de que Oracle solicite una - Tome decisiones informadas sobre su implementaci\u00f3n - \u00a1scripts de auditor\u00eda gratuitos disponibles- referencias en todo el mundo!\" \/>\n<meta name=\"robots\" content=\"index, follow, max-snippet:-1, max-image-preview:large, max-video-preview:-1\" \/>\n<link rel=\"canonical\" href=\"https:\/\/licenseconsulting.com\/es\/servicios\/auditoria-interna-de-licencias\/\" \/>\n<meta property=\"og:locale\" content=\"es_ES\" \/>\n<meta property=\"og:type\" content=\"article\" \/>\n<meta property=\"og:title\" content=\"Auditor\u00eda interna de licencias\" \/>\n<meta property=\"og:description\" content=\"El servicio de auditor\u00eda interna de licencias aborda el escenario en el que su organizaci\u00f3n tiene como objetivo establecer una Posici\u00f3n de Licencia\" \/>\n<meta property=\"og:url\" content=\"https:\/\/licenseconsulting.com\/es\/servicios\/auditoria-interna-de-licencias\/\" \/>\n<meta property=\"og:site_name\" content=\"License Consulting\" \/>\n<meta property=\"article:modified_time\" content=\"2020-04-30T13:17:10+00:00\" \/>\n<meta name=\"twitter:card\" content=\"summary_large_image\" \/>\n<meta name=\"twitter:site\" content=\"@OracleLicensing\" \/>\n<meta name=\"twitter:label1\" content=\"Tiempo de lectura\" \/>\n\t<meta name=\"twitter:data1\" content=\"5 minutos\" \/>\n<script type=\"application\/ld+json\" class=\"yoast-schema-graph\">{\"@context\":\"https:\/\/schema.org\",\"@graph\":[{\"@type\":\"WebPage\",\"@id\":\"https:\/\/licenseconsulting.com\/es\/servicios\/auditoria-interna-de-licencias\/\",\"url\":\"https:\/\/licenseconsulting.com\/es\/servicios\/auditoria-interna-de-licencias\/\",\"name\":\"Auditor\u00eda interna de licencias - License Consulting\",\"isPartOf\":{\"@id\":\"https:\/\/licenseconsulting.com\/es\/#website\"},\"datePublished\":\"2020-02-14T12:56:29+00:00\",\"dateModified\":\"2020-04-30T13:17:10+00:00\",\"description\":\"Realice una auditor\u00eda interna antes de que Oracle solicite una - Tome decisiones informadas sobre su implementaci\u00f3n - \u00a1scripts de auditor\u00eda gratuitos disponibles- referencias en todo el mundo!\",\"breadcrumb\":{\"@id\":\"https:\/\/licenseconsulting.com\/es\/servicios\/auditoria-interna-de-licencias\/#breadcrumb\"},\"inLanguage\":\"es\",\"potentialAction\":[{\"@type\":\"ReadAction\",\"target\":[\"https:\/\/licenseconsulting.com\/es\/servicios\/auditoria-interna-de-licencias\/\"]}]},{\"@type\":\"BreadcrumbList\",\"@id\":\"https:\/\/licenseconsulting.com\/es\/servicios\/auditoria-interna-de-licencias\/#breadcrumb\",\"itemListElement\":[{\"@type\":\"ListItem\",\"position\":1,\"name\":\"Home\",\"item\":\"https:\/\/licenseconsulting.com\/es\/\"},{\"@type\":\"ListItem\",\"position\":2,\"name\":\"Servicios\",\"item\":\"https:\/\/licenseconsulting.com\/es\/servicios\/\"},{\"@type\":\"ListItem\",\"position\":3,\"name\":\"Auditor\u00eda interna de licencias\"}]},{\"@type\":\"WebSite\",\"@id\":\"https:\/\/licenseconsulting.com\/es\/#website\",\"url\":\"https:\/\/licenseconsulting.com\/es\/\",\"name\":\"License Consulting\",\"description\":\"Oracle License Compliance Company\",\"publisher\":{\"@id\":\"https:\/\/licenseconsulting.com\/es\/#organization\"},\"potentialAction\":[{\"@type\":\"SearchAction\",\"target\":{\"@type\":\"EntryPoint\",\"urlTemplate\":\"https:\/\/licenseconsulting.com\/es\/?s={search_term_string}\"},\"query-input\":{\"@type\":\"PropertyValueSpecification\",\"valueRequired\":true,\"valueName\":\"search_term_string\"}}],\"inLanguage\":\"es\"},{\"@type\":\"Organization\",\"@id\":\"https:\/\/licenseconsulting.com\/es\/#organization\",\"name\":\"License Consulting BV\",\"url\":\"https:\/\/licenseconsulting.com\/es\/\",\"logo\":{\"@type\":\"ImageObject\",\"inLanguage\":\"es\",\"@id\":\"https:\/\/licenseconsulting.com\/es\/#\/schema\/logo\/image\/\",\"url\":\"https:\/\/licenseconsulting.com\/wp-content\/uploads\/2020\/07\/LC-logo-2019-768x144-1.png\",\"contentUrl\":\"https:\/\/licenseconsulting.com\/wp-content\/uploads\/2020\/07\/LC-logo-2019-768x144-1.png\",\"width\":768,\"height\":144,\"caption\":\"License Consulting BV\"},\"image\":{\"@id\":\"https:\/\/licenseconsulting.com\/es\/#\/schema\/logo\/image\/\"},\"sameAs\":[\"https:\/\/x.com\/OracleLicensing\",\"https:\/\/www.linkedin.com\/company\/license-consulting\/\"]}]}<\/script>\n<!-- \/ Yoast SEO Premium plugin. -->","yoast_head_json":{"title":"Auditor\u00eda interna de licencias - License Consulting","description":"Realice una auditor\u00eda interna antes de que Oracle solicite una - Tome decisiones informadas sobre su implementaci\u00f3n - \u00a1scripts de auditor\u00eda gratuitos disponibles- referencias en todo el mundo!","robots":{"index":"index","follow":"follow","max-snippet":"max-snippet:-1","max-image-preview":"max-image-preview:large","max-video-preview":"max-video-preview:-1"},"canonical":"https:\/\/licenseconsulting.com\/es\/servicios\/auditoria-interna-de-licencias\/","og_locale":"es_ES","og_type":"article","og_title":"Auditor\u00eda interna de licencias","og_description":"El servicio de auditor\u00eda interna de licencias aborda el escenario en el que su organizaci\u00f3n tiene como objetivo establecer una Posici\u00f3n de Licencia","og_url":"https:\/\/licenseconsulting.com\/es\/servicios\/auditoria-interna-de-licencias\/","og_site_name":"License Consulting","article_modified_time":"2020-04-30T13:17:10+00:00","twitter_card":"summary_large_image","twitter_site":"@OracleLicensing","twitter_misc":{"Tiempo de lectura":"5 minutos"},"schema":{"@context":"https:\/\/schema.org","@graph":[{"@type":"WebPage","@id":"https:\/\/licenseconsulting.com\/es\/servicios\/auditoria-interna-de-licencias\/","url":"https:\/\/licenseconsulting.com\/es\/servicios\/auditoria-interna-de-licencias\/","name":"Auditor\u00eda interna de licencias - License Consulting","isPartOf":{"@id":"https:\/\/licenseconsulting.com\/es\/#website"},"datePublished":"2020-02-14T12:56:29+00:00","dateModified":"2020-04-30T13:17:10+00:00","description":"Realice una auditor\u00eda interna antes de que Oracle solicite una - Tome decisiones informadas sobre su implementaci\u00f3n - \u00a1scripts de auditor\u00eda gratuitos disponibles- referencias en todo el mundo!","breadcrumb":{"@id":"https:\/\/licenseconsulting.com\/es\/servicios\/auditoria-interna-de-licencias\/#breadcrumb"},"inLanguage":"es","potentialAction":[{"@type":"ReadAction","target":["https:\/\/licenseconsulting.com\/es\/servicios\/auditoria-interna-de-licencias\/"]}]},{"@type":"BreadcrumbList","@id":"https:\/\/licenseconsulting.com\/es\/servicios\/auditoria-interna-de-licencias\/#breadcrumb","itemListElement":[{"@type":"ListItem","position":1,"name":"Home","item":"https:\/\/licenseconsulting.com\/es\/"},{"@type":"ListItem","position":2,"name":"Servicios","item":"https:\/\/licenseconsulting.com\/es\/servicios\/"},{"@type":"ListItem","position":3,"name":"Auditor\u00eda interna de licencias"}]},{"@type":"WebSite","@id":"https:\/\/licenseconsulting.com\/es\/#website","url":"https:\/\/licenseconsulting.com\/es\/","name":"License Consulting","description":"Oracle License Compliance Company","publisher":{"@id":"https:\/\/licenseconsulting.com\/es\/#organization"},"potentialAction":[{"@type":"SearchAction","target":{"@type":"EntryPoint","urlTemplate":"https:\/\/licenseconsulting.com\/es\/?s={search_term_string}"},"query-input":{"@type":"PropertyValueSpecification","valueRequired":true,"valueName":"search_term_string"}}],"inLanguage":"es"},{"@type":"Organization","@id":"https:\/\/licenseconsulting.com\/es\/#organization","name":"License Consulting BV","url":"https:\/\/licenseconsulting.com\/es\/","logo":{"@type":"ImageObject","inLanguage":"es","@id":"https:\/\/licenseconsulting.com\/es\/#\/schema\/logo\/image\/","url":"https:\/\/licenseconsulting.com\/wp-content\/uploads\/2020\/07\/LC-logo-2019-768x144-1.png","contentUrl":"https:\/\/licenseconsulting.com\/wp-content\/uploads\/2020\/07\/LC-logo-2019-768x144-1.png","width":768,"height":144,"caption":"License Consulting BV"},"image":{"@id":"https:\/\/licenseconsulting.com\/es\/#\/schema\/logo\/image\/"},"sameAs":["https:\/\/x.com\/OracleLicensing","https:\/\/www.linkedin.com\/company\/license-consulting\/"]}]}},"_links":{"self":[{"href":"https:\/\/licenseconsulting.com\/es\/wp-json\/wp\/v2\/pages\/9832","targetHints":{"allow":["GET"]}}],"collection":[{"href":"https:\/\/licenseconsulting.com\/es\/wp-json\/wp\/v2\/pages"}],"about":[{"href":"https:\/\/licenseconsulting.com\/es\/wp-json\/wp\/v2\/types\/page"}],"author":[{"embeddable":true,"href":"https:\/\/licenseconsulting.com\/es\/wp-json\/wp\/v2\/users\/1"}],"replies":[{"embeddable":true,"href":"https:\/\/licenseconsulting.com\/es\/wp-json\/wp\/v2\/comments?post=9832"}],"version-history":[{"count":7,"href":"https:\/\/licenseconsulting.com\/es\/wp-json\/wp\/v2\/pages\/9832\/revisions"}],"predecessor-version":[{"id":11922,"href":"https:\/\/licenseconsulting.com\/es\/wp-json\/wp\/v2\/pages\/9832\/revisions\/11922"}],"up":[{"embeddable":true,"href":"https:\/\/licenseconsulting.com\/es\/wp-json\/wp\/v2\/pages\/9976"}],"wp:attachment":[{"href":"https:\/\/licenseconsulting.com\/es\/wp-json\/wp\/v2\/media?parent=9832"}],"curies":[{"name":"wp","href":"https:\/\/api.w.org\/{rel}","templated":true}]}}