{"id":9820,"date":"2020-02-14T12:56:27","date_gmt":"2020-02-14T12:56:27","guid":{"rendered":"https:\/\/licenseconsulting.com\/acerca-de\/"},"modified":"2020-05-06T13:54:24","modified_gmt":"2020-05-06T13:54:24","slug":"acerca-de","status":"publish","type":"page","link":"https:\/\/licenseconsulting.com\/es\/acerca-de\/","title":{"rendered":"Acerca de"},"content":{"rendered":"<div class=\"wpb-content-wrapper\"><p>[vc_row type=\u00bbvc_default\u00bb css=\u00bb.vc_custom_1476008791393{padding-top: 70px !important;padding-bottom: 25px !important;}\u00bb][vc_column offset=\u00bbvc_col-lg-6 vc_col-md-6 vc_col-xs-12&#8243; css=\u00bb.vc_custom_1476005293248{padding-bottom: 50px !important;}\u00bb]<div id=\"ultimate-heading-395569dc6490c3d37\" class=\"uvc-heading ult-adjust-bottom-margin ultimate-heading-395569dc6490c3d37 uvc-7700 \" data-hspacer=\"no_spacer\"  data-halign=\"left\" style=\"text-align:left\"><div class=\"uvc-heading-spacer no_spacer\" style=\"top\"><\/div><div class=\"uvc-main-heading ult-responsive\"  data-ultimate-target='.uvc-heading.ultimate-heading-395569dc6490c3d37 h2'  data-responsive-json-new='{\"font-size\":\"desktop:26px;\",\"line-height\":\"desktop:32px;\"}' ><h2 style=\"font-weight:bold;margin-bottom:20px;\">Acerca de Nuestra Empresa<\/h2><\/div><\/div>[vc_column_text]Despu\u00e9s de haber trabajado en la industria de licencias de software desde 1995, incluso como auditor EMEA de Oracle LMS; Daniel Hesselink inici\u00f3 License Consulting en el 2007. Los clientes necesitaban verdaderamente un defensor y entrenador que los ayudara a equilibrar el campo de juego con Oracle. Habiendo proporcionado con anterioridad entrenamiento de licencias a Socios OPN y al personal de ventas\/LMS EMEA de Oracle, License Consulting se convirti\u00f3 en la navaja swiss army para los usuarios de Oracle.<\/p>\n<p>La existencia de License Cosulting depende completamente de recomendaciones directas entre clientes de Oracle. Porque esos clientes quieren realmente trabajar con nosotros, en realidad queremos exceder las expectativas que ya tienen. Este proceso nos hace mantenernos alerta para continuar desarrollando y mejorando nuestras soluciones para las auditor\u00edas de licencia de Oracle, las optimizaciones de contrato y soporte. Compartir nuestra rica experiencia es crucial para educar y empoderar a nuestros clientes; permiti\u00e9ndole a nuestros clientes implementar una estrategia para sus retos relacionados con Oracle que tienen resultados predecibles.[\/vc_column_text][\/vc_column][vc_column offset=\u00bbvc_col-lg-6 vc_col-md-6 vc_col-xs-12&#8243; css=\u00bb.vc_custom_1476005300152{padding-bottom: 50px !important;}\u00bb]<div id=\"ultimate-heading-422769dc6490c3d92\" class=\"uvc-heading ult-adjust-bottom-margin ultimate-heading-422769dc6490c3d92 uvc-8282 \" data-hspacer=\"no_spacer\"  data-halign=\"left\" style=\"text-align:left\"><div class=\"uvc-heading-spacer no_spacer\" style=\"top\"><\/div><div class=\"uvc-main-heading ult-responsive\"  data-ultimate-target='.uvc-heading.ultimate-heading-422769dc6490c3d92 h2'  data-responsive-json-new='{\"font-size\":\"desktop:26px;\",\"line-height\":\"desktop:32px;\"}' ><h2 style=\"font-weight:bold;margin-bottom:20px;\">PRIMEROS A\u00d1OS<\/h2><\/div><\/div>[vc_column_text]El fundador Daniel Hesselink (1974) ha estado en torno a la industria de licencias desde 1995 en diferentes funciones de asesoramiento en m\u00faltiples proveedores, incluyendo un papel como auditor de Oracle License Management Services en Oracle Europa, Oriente Medio y \u00c1frica. Al iniciar License Consulting en 2007, cre\u00eda que Oracle ser\u00eda s\u00f3lo uno de los muchos aspectos del negocio y que muchos clientes invocar\u00edan su independencia entre m\u00faltiples proveedores. Ya veterano en la industria, ser\u00eda invitado a proveedores como HP e IBM a hablar durante sus eventos de clientes y socios sobre las complejidades de las licencias de Oracle. Se enterar\u00eda de que hab\u00eda una gran necesidad de asesoramiento independiente en torno a Oracle, dedicando pronto todo su tiempo a este tema.[\/vc_column_text]<style type=\"text\/css\" data-type=\"the7_shortcodes-inline-css\">#default-btn-c8326f831b609564ca61bd618673e71c.ico-right-side > i {\n  margin-right: 0px;\n  margin-left: 8px;\n}\n#default-btn-c8326f831b609564ca61bd618673e71c > i {\n  margin-right: 8px;\n}\n<\/style><a href=\"https:\/\/licenseconsulting.com\/es\/equipo-de-gestion\/\" class=\"default-btn-shortcode dt-btn dt-btn-l link-hover-off full-width-btn btn-inline-left \" id=\"default-btn-c8326f831b609564ca61bd618673e71c\"><span>Nuestro equipo directivo<\/span><\/a>[\/vc_column][\/vc_row][vc_row][vc_column width=\u00bb1\/2&#8243;]<div id=\"ultimate-heading-478869dc6490c3e7d\" class=\"uvc-heading ult-adjust-bottom-margin ultimate-heading-478869dc6490c3e7d uvc-5882 \" data-hspacer=\"no_spacer\"  data-halign=\"left\" style=\"text-align:left\"><div class=\"uvc-heading-spacer no_spacer\" style=\"top\"><\/div><div class=\"uvc-main-heading ult-responsive\"  data-ultimate-target='.uvc-heading.ultimate-heading-478869dc6490c3e7d h2'  data-responsive-json-new='{\"font-size\":\"desktop:26px;\",\"line-height\":\"desktop:32px;\"}' ><h2 style=\"font-weight:bold;margin-bottom:20px;\">Lo que hacemos<\/h2><\/div><\/div>[vc_column_text]Fundada en 2007, License Consulting es la consultora m\u00e1s antigua dedicada a la concesi\u00f3n de licencias de Oracle en la actualidad. Siempre ha habido una gran cantidad de informaci\u00f3n y conocimientos de canal sobre modelos de licencias gen\u00e9ricas como Microsoft, Symantec y otros proveedores. Las licencias de Oracle han permanecido oscuras, cambiantes y llenas de lagunas. Hasta que se fund\u00f3 License Consulting, los clientes no ten\u00edan a d\u00f3nde ir para llevar de forma independiente todas las habilidades a la mesa: No hab\u00eda una ventanilla \u00fanica para la auditor\u00eda de cumplimiento de Oracle, negociaci\u00f3n, asesoramiento t\u00e1ctico y estrat\u00e9gico, as\u00ed como asesoramiento de cumplimiento continuo. License Consulting se convirti\u00f3 r\u00e1pidamente en un socio de confianza para muchas organizaciones, lo que permiti\u00f3 a los clientes reducir las complejidades en torno a las licencias de Oracle, los costos asociados, las arquitecturas de TI y el mantenimiento y soporte para una decisi\u00f3n calculada y una elecci\u00f3n informada.[\/vc_column_text][\/vc_column][vc_column width=\u00bb1\/2&#8243;]<div id=\"ultimate-heading-756869dc6490c3ea5\" class=\"uvc-heading ult-adjust-bottom-margin ultimate-heading-756869dc6490c3ea5 uvc-6479 \" data-hspacer=\"no_spacer\"  data-halign=\"left\" style=\"text-align:left\"><div class=\"uvc-heading-spacer no_spacer\" style=\"top\"><\/div><div class=\"uvc-main-heading ult-responsive\"  data-ultimate-target='.uvc-heading.ultimate-heading-756869dc6490c3ea5 h2'  data-responsive-json-new='{\"font-size\":\"desktop:26px;\",\"line-height\":\"desktop:32px;\"}' ><h2 style=\"font-weight:bold;margin-bottom:20px;\">CRECIMIENTO SOSTENIDO<\/h2><\/div><\/div>[vc_column_text]License Consulting sigue dedicado a las licencias de Oracle y ahora es el asesor m\u00e1s especializado y experimentado del mundo. Con un peque\u00f1o equipo de expertos altamente calificados, License Consulting dedica todo su tiempo y recursos a la experiencia de Oracle en todas las zonas horarias. Los clientes incluyen grandes multinacionales y gobiernos centrales en todo el mundo, as\u00ed como algunas de las mayores firmas legales y de consultor\u00eda del planeta. Desde 2012, a menudo hablamos en <u><a href=\"http:\/\/www.vmworld.com\/\">VMworld<\/a><\/u> para compartir experiencia sobre licencias de Oracle en entornos virtuales complejos. Con un registro de seguimiento impecable, tambi\u00e9n VMware reconoce que <u><a href=\"https:\/\/blogs.vmware.com\/vsphere\/2015\/04\/oracle-licensing-discussion-definitive-collateral-collection.html\">somos una de las pocas partes m\u00e1s confiables y capaces<\/a><\/u> cuando se trata de asesor\u00eda de licencias en entornos virtualizados de Oracle.<\/p>\n<p>License Consulting experiment\u00f3 un crecimiento sostenido en conocimiento, escalabilidad y capacidad. Donde en los primeros d\u00edas tomar\u00eda semanas analizar los scripts de salida de auditor\u00eda de 1000 bases de datos Oracle, nuestra soluci\u00f3n estrat\u00e9gica <a href=\"http:\/\/www.licenseaudit.com\/\">www.licenseaudit.com<\/a> permite que todos los clientes de Oracle de todos los tama\u00f1os lo hagan de forma independiente a un bajo costo, a la vez que se benefician de todo lo que License Consulting ha aprendido en el pasado.<\/p>\n<p>License Consulting es un viaje realmente fant\u00e1stico.[\/vc_column_text][\/vc_column][\/vc_row][vc_row full_width=\u00bbstretch_row_content_no_spaces\u00bb][vc_column]<style type=\"text\/css\" data-type=\"the7_shortcodes-inline-css\">#default-btn-20b5a0c1c86f0e372fd359db0f292de6.ico-right-side > i {\n  margin-right: 0px;\n  margin-left: 8px;\n}\n#default-btn-20b5a0c1c86f0e372fd359db0f292de6 > i {\n  margin-right: 8px;\n}\n<\/style><a href=\"https:\/\/licenseconsulting.com\/es\/contacto\/\" class=\"default-btn-shortcode dt-btn dt-btn-l link-hover-off full-width-btn btn-inline-left \" id=\"default-btn-20b5a0c1c86f0e372fd359db0f292de6\" title=\"Contact\"><span>Ponerse en contacto<\/span><\/a>[\/vc_column][\/vc_row]<\/p>\n<\/div>","protected":false},"excerpt":{"rendered":"<p>[vc_row type=\u00bbvc_default\u00bb css=\u00bb.vc_custom_1476008791393{padding-top: 70px !important;padding-bottom: 25px !important;}\u00bb][vc_column offset=\u00bbvc_col-lg-6 vc_col-md-6 vc_col-xs-12&#8243; css=\u00bb.vc_custom_1476005293248{padding-bottom: 50px !important;}\u00bb][vc_column_text]Despu\u00e9s de haber trabajado en la industria de licencias de software desde 1995, incluso como auditor EMEA de Oracle LMS; Daniel Hesselink inici\u00f3 License Consulting en el 2007. Los clientes necesitaban verdaderamente un defensor y entrenador que los ayudara a equilibrar el campo&hellip;<\/p>\n","protected":false},"author":1,"featured_media":0,"parent":0,"menu_order":100,"comment_status":"closed","ping_status":"closed","template":"","meta":{"footnotes":""},"class_list":["post-9820","page","type-page","status-publish","hentry","description-off"],"yoast_head":"<!-- This site is optimized with the Yoast SEO Premium plugin v25.2 (Yoast SEO v26.8) - https:\/\/yoast.com\/product\/yoast-seo-premium-wordpress\/ -->\n<title>Acerca de - License Consulting<\/title>\n<meta name=\"robots\" content=\"index, follow, max-snippet:-1, max-image-preview:large, max-video-preview:-1\" \/>\n<link rel=\"canonical\" href=\"https:\/\/licenseconsulting.com\/es\/acerca-de\/\" \/>\n<meta property=\"og:locale\" content=\"es_ES\" \/>\n<meta property=\"og:type\" content=\"article\" \/>\n<meta property=\"og:title\" content=\"Acerca de\" \/>\n<meta property=\"og:description\" content=\"Despu\u00e9s de haber trabajado en la industria de licencias de software desde 1995, incluso como auditor EMEA de Oracle LMS; Daniel Hesselink inici\u00f3 License\" \/>\n<meta property=\"og:url\" content=\"https:\/\/licenseconsulting.com\/es\/acerca-de\/\" \/>\n<meta property=\"og:site_name\" content=\"License Consulting\" \/>\n<meta property=\"article:modified_time\" content=\"2020-05-06T13:54:24+00:00\" \/>\n<meta name=\"twitter:card\" content=\"summary_large_image\" \/>\n<meta name=\"twitter:site\" content=\"@OracleLicensing\" \/>\n<meta name=\"twitter:label1\" content=\"Tiempo de lectura\" \/>\n\t<meta name=\"twitter:data1\" content=\"5 minutos\" \/>\n<script type=\"application\/ld+json\" class=\"yoast-schema-graph\">{\"@context\":\"https:\/\/schema.org\",\"@graph\":[{\"@type\":\"WebPage\",\"@id\":\"https:\/\/licenseconsulting.com\/es\/acerca-de\/\",\"url\":\"https:\/\/licenseconsulting.com\/es\/acerca-de\/\",\"name\":\"Acerca de - License Consulting\",\"isPartOf\":{\"@id\":\"https:\/\/licenseconsulting.com\/es\/#website\"},\"datePublished\":\"2020-02-14T12:56:27+00:00\",\"dateModified\":\"2020-05-06T13:54:24+00:00\",\"breadcrumb\":{\"@id\":\"https:\/\/licenseconsulting.com\/es\/acerca-de\/#breadcrumb\"},\"inLanguage\":\"es\",\"potentialAction\":[{\"@type\":\"ReadAction\",\"target\":[\"https:\/\/licenseconsulting.com\/es\/acerca-de\/\"]}]},{\"@type\":\"BreadcrumbList\",\"@id\":\"https:\/\/licenseconsulting.com\/es\/acerca-de\/#breadcrumb\",\"itemListElement\":[{\"@type\":\"ListItem\",\"position\":1,\"name\":\"Home\",\"item\":\"https:\/\/licenseconsulting.com\/es\/\"},{\"@type\":\"ListItem\",\"position\":2,\"name\":\"Acerca de\"}]},{\"@type\":\"WebSite\",\"@id\":\"https:\/\/licenseconsulting.com\/es\/#website\",\"url\":\"https:\/\/licenseconsulting.com\/es\/\",\"name\":\"License Consulting\",\"description\":\"Oracle License Compliance Company\",\"publisher\":{\"@id\":\"https:\/\/licenseconsulting.com\/es\/#organization\"},\"potentialAction\":[{\"@type\":\"SearchAction\",\"target\":{\"@type\":\"EntryPoint\",\"urlTemplate\":\"https:\/\/licenseconsulting.com\/es\/?s={search_term_string}\"},\"query-input\":{\"@type\":\"PropertyValueSpecification\",\"valueRequired\":true,\"valueName\":\"search_term_string\"}}],\"inLanguage\":\"es\"},{\"@type\":\"Organization\",\"@id\":\"https:\/\/licenseconsulting.com\/es\/#organization\",\"name\":\"License Consulting BV\",\"url\":\"https:\/\/licenseconsulting.com\/es\/\",\"logo\":{\"@type\":\"ImageObject\",\"inLanguage\":\"es\",\"@id\":\"https:\/\/licenseconsulting.com\/es\/#\/schema\/logo\/image\/\",\"url\":\"https:\/\/licenseconsulting.com\/wp-content\/uploads\/2020\/07\/LC-logo-2019-768x144-1.png\",\"contentUrl\":\"https:\/\/licenseconsulting.com\/wp-content\/uploads\/2020\/07\/LC-logo-2019-768x144-1.png\",\"width\":768,\"height\":144,\"caption\":\"License Consulting BV\"},\"image\":{\"@id\":\"https:\/\/licenseconsulting.com\/es\/#\/schema\/logo\/image\/\"},\"sameAs\":[\"https:\/\/x.com\/OracleLicensing\",\"https:\/\/www.linkedin.com\/company\/license-consulting\/\"]}]}<\/script>\n<!-- \/ Yoast SEO Premium plugin. -->","yoast_head_json":{"title":"Acerca de - License Consulting","robots":{"index":"index","follow":"follow","max-snippet":"max-snippet:-1","max-image-preview":"max-image-preview:large","max-video-preview":"max-video-preview:-1"},"canonical":"https:\/\/licenseconsulting.com\/es\/acerca-de\/","og_locale":"es_ES","og_type":"article","og_title":"Acerca de","og_description":"Despu\u00e9s de haber trabajado en la industria de licencias de software desde 1995, incluso como auditor EMEA de Oracle LMS; Daniel Hesselink inici\u00f3 License","og_url":"https:\/\/licenseconsulting.com\/es\/acerca-de\/","og_site_name":"License Consulting","article_modified_time":"2020-05-06T13:54:24+00:00","twitter_card":"summary_large_image","twitter_site":"@OracleLicensing","twitter_misc":{"Tiempo de lectura":"5 minutos"},"schema":{"@context":"https:\/\/schema.org","@graph":[{"@type":"WebPage","@id":"https:\/\/licenseconsulting.com\/es\/acerca-de\/","url":"https:\/\/licenseconsulting.com\/es\/acerca-de\/","name":"Acerca de - License Consulting","isPartOf":{"@id":"https:\/\/licenseconsulting.com\/es\/#website"},"datePublished":"2020-02-14T12:56:27+00:00","dateModified":"2020-05-06T13:54:24+00:00","breadcrumb":{"@id":"https:\/\/licenseconsulting.com\/es\/acerca-de\/#breadcrumb"},"inLanguage":"es","potentialAction":[{"@type":"ReadAction","target":["https:\/\/licenseconsulting.com\/es\/acerca-de\/"]}]},{"@type":"BreadcrumbList","@id":"https:\/\/licenseconsulting.com\/es\/acerca-de\/#breadcrumb","itemListElement":[{"@type":"ListItem","position":1,"name":"Home","item":"https:\/\/licenseconsulting.com\/es\/"},{"@type":"ListItem","position":2,"name":"Acerca de"}]},{"@type":"WebSite","@id":"https:\/\/licenseconsulting.com\/es\/#website","url":"https:\/\/licenseconsulting.com\/es\/","name":"License Consulting","description":"Oracle License Compliance Company","publisher":{"@id":"https:\/\/licenseconsulting.com\/es\/#organization"},"potentialAction":[{"@type":"SearchAction","target":{"@type":"EntryPoint","urlTemplate":"https:\/\/licenseconsulting.com\/es\/?s={search_term_string}"},"query-input":{"@type":"PropertyValueSpecification","valueRequired":true,"valueName":"search_term_string"}}],"inLanguage":"es"},{"@type":"Organization","@id":"https:\/\/licenseconsulting.com\/es\/#organization","name":"License Consulting BV","url":"https:\/\/licenseconsulting.com\/es\/","logo":{"@type":"ImageObject","inLanguage":"es","@id":"https:\/\/licenseconsulting.com\/es\/#\/schema\/logo\/image\/","url":"https:\/\/licenseconsulting.com\/wp-content\/uploads\/2020\/07\/LC-logo-2019-768x144-1.png","contentUrl":"https:\/\/licenseconsulting.com\/wp-content\/uploads\/2020\/07\/LC-logo-2019-768x144-1.png","width":768,"height":144,"caption":"License Consulting BV"},"image":{"@id":"https:\/\/licenseconsulting.com\/es\/#\/schema\/logo\/image\/"},"sameAs":["https:\/\/x.com\/OracleLicensing","https:\/\/www.linkedin.com\/company\/license-consulting\/"]}]}},"_links":{"self":[{"href":"https:\/\/licenseconsulting.com\/es\/wp-json\/wp\/v2\/pages\/9820","targetHints":{"allow":["GET"]}}],"collection":[{"href":"https:\/\/licenseconsulting.com\/es\/wp-json\/wp\/v2\/pages"}],"about":[{"href":"https:\/\/licenseconsulting.com\/es\/wp-json\/wp\/v2\/types\/page"}],"author":[{"embeddable":true,"href":"https:\/\/licenseconsulting.com\/es\/wp-json\/wp\/v2\/users\/1"}],"replies":[{"embeddable":true,"href":"https:\/\/licenseconsulting.com\/es\/wp-json\/wp\/v2\/comments?post=9820"}],"version-history":[{"count":6,"href":"https:\/\/licenseconsulting.com\/es\/wp-json\/wp\/v2\/pages\/9820\/revisions"}],"predecessor-version":[{"id":12004,"href":"https:\/\/licenseconsulting.com\/es\/wp-json\/wp\/v2\/pages\/9820\/revisions\/12004"}],"wp:attachment":[{"href":"https:\/\/licenseconsulting.com\/es\/wp-json\/wp\/v2\/media?parent=9820"}],"curies":[{"name":"wp","href":"https:\/\/api.w.org\/{rel}","templated":true}]}}