{"id":9492,"date":"2019-10-04T12:54:12","date_gmt":"2019-10-04T12:54:12","guid":{"rendered":"https:\/\/licenseconsulting.com\/over\/"},"modified":"2020-05-22T10:28:25","modified_gmt":"2020-05-22T10:28:25","slug":"uber-uns","status":"publish","type":"page","link":"https:\/\/licenseconsulting.com\/de\/uber-uns\/","title":{"rendered":"\u00fcber uns"},"content":{"rendered":"<div class=\"wpb-content-wrapper\"><p>[vc_row type=&#8220;vc_default&#8220; css=&#8220;.vc_custom_1476008791393{padding-top: 70px !important;padding-bottom: 25px !important;}&#8220;][vc_column offset=&#8220;vc_col-lg-6 vc_col-md-6 vc_col-xs-12&#8243; css=&#8220;.vc_custom_1476005293248{padding-bottom: 50px !important;}&#8220;]<div id=\"ultimate-heading-906469ded4ac10271\" class=\"uvc-heading ult-adjust-bottom-margin ultimate-heading-906469ded4ac10271 uvc-8523 \" data-hspacer=\"no_spacer\"  data-halign=\"left\" style=\"text-align:left\"><div class=\"uvc-heading-spacer no_spacer\" style=\"top\"><\/div><div class=\"uvc-main-heading ult-responsive\"  data-ultimate-target='.uvc-heading.ultimate-heading-906469ded4ac10271 h2'  data-responsive-json-new='{\"font-size\":\"desktop:26px;\",\"line-height\":\"desktop:32px;\"}' ><h2 style=\"font-weight:bold;margin-bottom:20px;\">\u00dcber unser Unternehmen<\/h2><\/div><\/div>[vc_column_text]Nachdem er seit 1995 in der Softwarelizenzierungsbranche t\u00e4tig war, u. a. als Oracle LMS EMEA-Auditor, begann Daniel Hesselink 2007 mit der Lizenzberatung. Kunden ben\u00f6tigten tats\u00e4chlich einen F\u00fcrsprecher und Coach, um die Spielbedingungen mit Oracle ausgeglichen zu gestalten. Nachdem er zuvor Lizenzschulungen f\u00fcr OPN Partner und Oracle EMEA LMS \/ Vertriebsmitarbeiter durchgef\u00fchrt hatte, wurde License Consulting zu einer Art &#8222;Schweizer Taschenmesser&#8220; f\u00fcr Oracle-Anwender.<\/p>\n<p>Die Existenz von License Consulting beruht vollst\u00e4ndig auf der Mund-zu-Mund-Propaganda zwischen den Oracle-Kunden. Da diese Kunden ein Interesse habe mit uns zusammenzuarbeiten, wollen wir bestehende Erwartungen noch \u00fcbertreffen. Dieser Prozess veranlasst uns, unsere L\u00f6sungen f\u00fcr Oracle-Lizenzpr\u00fcfung, Vertrags- und Support-Optimierungen st\u00e4ndig weiter auszubauen und zu verbessern. Die Weitergabe unseres Erfahrungsschatzes ist entscheidend, um unsere Kunden zu schulen, zu unterst\u00fctzen und es ihnen zu erm\u00f6glichen, eine Strategie f\u00fcr ihre Oracle-bezogenen Herausforderungen zu implementieren, die prognostizierbare Ergebnisse liefert.[\/vc_column_text][\/vc_column][vc_column offset=&#8220;vc_col-lg-6 vc_col-md-6 vc_col-xs-12&#8243; css=&#8220;.vc_custom_1476005300152{padding-bottom: 50px !important;}&#8220;]<div id=\"ultimate-heading-738869ded4ac102cd\" class=\"uvc-heading ult-adjust-bottom-margin ultimate-heading-738869ded4ac102cd uvc-6527 \" data-hspacer=\"no_spacer\"  data-halign=\"left\" style=\"text-align:left\"><div class=\"uvc-heading-spacer no_spacer\" style=\"top\"><\/div><div class=\"uvc-main-heading ult-responsive\"  data-ultimate-target='.uvc-heading.ultimate-heading-738869ded4ac102cd h2'  data-responsive-json-new='{\"font-size\":\"desktop:26px;\",\"line-height\":\"desktop:32px;\"}' ><h2 style=\"font-weight:bold;margin-bottom:20px;\">DIE ERSTEN JAHRE<\/h2><\/div><\/div>[vc_column_text]Der Gr\u00fcnder Daniel Hesselink (1974) ist seit 1995 in der Lizenzierungsbranche f\u00fcr unterschiedliche Anbieter in verschiedenen beratenden Funktionen t\u00e4tig, unter anderem als Auditor f\u00fcr Oracle License Management Services bei Oracle Europe, Middle East and Afrika. Als er 2007 mit License Consulting begann, glaubte er, dass Oracle nur einer von vielen Aspekten des Gesch\u00e4fts sein w\u00fcrde und dass viele Kunden seine Unabh\u00e4ngigkeit \u00fcber mehrere Anbieter hinweg in Anspruch nehmen w\u00fcrden. Bereits ein Veteran in der Branche, w\u00fcrde er bei Anbietern wie HP und IBM eingeladen werden, um bei deren Kunden- und Partnerveranstaltungen \u00fcber die Komplexit\u00e4t der Oracle-Lizenzierung zu sprechen. Er sollte erfahren, dass es einen gro\u00dfen Bedarf an unabh\u00e4ngiger Beratung rund um Oracle gab, und widmete bald seine gesamte Zeit diesem Thema.[\/vc_column_text]<style type=\"text\/css\" data-type=\"the7_shortcodes-inline-css\">#default-btn-ebfd14dfc257d599ad16d00cb00c18b2.ico-right-side > i {\n  margin-right: 0px;\n  margin-left: 8px;\n}\n#default-btn-ebfd14dfc257d599ad16d00cb00c18b2 > i {\n  margin-right: 8px;\n}\n<\/style><a href=\"https:\/\/licenseconsulting.com\/de\/fuhrungsteam\/\" class=\"default-btn-shortcode dt-btn dt-btn-l link-hover-off full-width-btn btn-inline-left \" id=\"default-btn-ebfd14dfc257d599ad16d00cb00c18b2\"><span>Unser F\u00fchrungsteam<\/span><\/a>[\/vc_column][\/vc_row][vc_row][vc_column width=&#8220;1\/2&#8243;]<div id=\"ultimate-heading-508569ded4ac103bc\" class=\"uvc-heading ult-adjust-bottom-margin ultimate-heading-508569ded4ac103bc uvc-6515 \" data-hspacer=\"no_spacer\"  data-halign=\"left\" style=\"text-align:left\"><div class=\"uvc-heading-spacer no_spacer\" style=\"top\"><\/div><div class=\"uvc-main-heading ult-responsive\"  data-ultimate-target='.uvc-heading.ultimate-heading-508569ded4ac103bc h2'  data-responsive-json-new='{\"font-size\":\"desktop:26px;\",\"line-height\":\"desktop:32px;\"}' ><h2 style=\"font-weight:bold;margin-bottom:20px;\">Was wir tun<\/h2><\/div><\/div>[vc_column_text]Bis zur Gr\u00fcndung von License Consulting konnten die Kunden nirgendwo hingehen, um unabh\u00e4ngig alle Kompetenzen an einen Tisch zu bringen: Es gab keine zentrale Anlaufstelle f\u00fcr die Pr\u00fcfung, Verhandlung, taktische und strategische Beratung sowie f\u00fcr die laufende Beratung zur Einhaltung der Oracle-Richtlinien. License Consulting wurde schnell zu einem vertrauensw\u00fcrdigen Partner f\u00fcr viele Organisationen und erm\u00f6glichte es den Kunden, die Komplexit\u00e4t im Zusammenhang mit Oracle-Lizenzen, den damit verbundenen Kosten, IT-Architekturen sowie Wartung und Support auf eine kalkulierte Entscheidung und eine fundierte Auswahl zu reduzieren.[\/vc_column_text][\/vc_column][vc_column width=&#8220;1\/2&#8243;]<div id=\"ultimate-heading-518269ded4ac103e2\" class=\"uvc-heading ult-adjust-bottom-margin ultimate-heading-518269ded4ac103e2 uvc-5697 \" data-hspacer=\"no_spacer\"  data-halign=\"left\" style=\"text-align:left\"><div class=\"uvc-heading-spacer no_spacer\" style=\"top\"><\/div><div class=\"uvc-main-heading ult-responsive\"  data-ultimate-target='.uvc-heading.ultimate-heading-518269ded4ac103e2 h2'  data-responsive-json-new='{\"font-size\":\"desktop:26px;\",\"line-height\":\"desktop:32px;\"}' ><h2 style=\"font-weight:bold;margin-bottom:20px;\">STETIGES WACHSTUM<\/h2><\/div><\/div>[vc_column_text]License Consulting widmet sich nach wie vor der Oracle-Lizenzierung und ist heute der spezialisierteste und erfahrenste Berater weltweit. Mit einem kleinen Team von hochqualifizierten Experten widmet License Consulting all seine Zeit und Ressourcen der Oracle-Expertise in allen Zeitzonen. Zu den Kunden geh\u00f6ren gro\u00dfe multinationale Unternehmen und Zentralregierungen auf der ganzen Welt sowie einige der gr\u00f6\u00dften Rechts- und Beratungsunternehmen weltweit. Seit 2012 sind wir h\u00e4ufig auf der <a href=\"http:\/\/www.vmworld.com\/\">VMworld<\/a> vertreten, um unser Fachwissen \u00fcber die Oracle-Lizenzierung in komplexen virtuellen Umgebungen zu vermitteln. Mit einer einwandfreien Erfolgsbilanz erkennt auch VMware an, <a href=\"https:\/\/blogs.vmware.com\/vsphere\/2015\/04\/oracle-licensing-discussion-definitive-collateral-collection.html\">dass wir eine der vertrauensw\u00fcrdigsten und f\u00e4higsten Parteien sind<\/a>, wenn es um Lizenzierungsberatung in virtualisierten Oracle-Umgebungen geht.<\/p>\n<p>License Consulting verzeichnete einen kontinuierlichen Zuwachs an Wissen, Skalierungs- und Leistungsf\u00e4higkeit. Was in der Anfangszeit Wochen gedauert h\u00e4tte, die Audit-Output-Skripte von 1000 Oracle-Datenbanken zu analysieren, erm\u00f6glicht nun unsere strategische L\u00f6sung <a href=\"http:\/\/www.licenseaudit.com\/\">http:\/\/www.licenseaudit.com\/<\/a> jedem Oracle-Kunden jeder Gr\u00f6\u00dfe, dies unabh\u00e4ngig und zu geringen Kosten zu tun und gleichzeitig von allem zu profitieren, was License Consulting in der Vergangenheit an Erfahrung gesammelt hat.<\/p>\n<p>License Consulting ist eine wirklich fantastische Reise.[\/vc_column_text][\/vc_column][\/vc_row][vc_row full_width=&#8220;stretch_row_content_no_spaces&#8220;][vc_column]<style type=\"text\/css\" data-type=\"the7_shortcodes-inline-css\">#default-btn-d7dbd17828144fdafb384f407ad8a630.ico-right-side > i {\n  margin-right: 0px;\n  margin-left: 8px;\n}\n#default-btn-d7dbd17828144fdafb384f407ad8a630 > i {\n  margin-right: 8px;\n}\n<\/style><a href=\"https:\/\/licenseconsulting.com\/de\/kontakt\/\" class=\"default-btn-shortcode dt-btn dt-btn-l link-hover-off full-width-btn btn-inline-left \" id=\"default-btn-d7dbd17828144fdafb384f407ad8a630\" title=\"Contact\"><span>Kontaktieren Sie uns<\/span><\/a>[\/vc_column][\/vc_row]<\/p>\n<\/div>","protected":false},"excerpt":{"rendered":"<p>[vc_row type=&#8220;vc_default&#8220; css=&#8220;.vc_custom_1476008791393{padding-top: 70px !important;padding-bottom: 25px !important;}&#8220;][vc_column offset=&#8220;vc_col-lg-6 vc_col-md-6 vc_col-xs-12&#8243; css=&#8220;.vc_custom_1476005293248{padding-bottom: 50px !important;}&#8220;][vc_column_text]Nachdem er seit 1995 in der Softwarelizenzierungsbranche t\u00e4tig war, u. a. als Oracle LMS EMEA-Auditor, begann Daniel Hesselink 2007 mit der Lizenzberatung. Kunden ben\u00f6tigten tats\u00e4chlich einen F\u00fcrsprecher und Coach, um die Spielbedingungen mit Oracle ausgeglichen zu gestalten. Nachdem er zuvor Lizenzschulungen f\u00fcr OPN&hellip;<\/p>\n","protected":false},"author":1,"featured_media":0,"parent":0,"menu_order":100,"comment_status":"closed","ping_status":"closed","template":"","meta":{"footnotes":""},"class_list":["post-9492","page","type-page","status-publish","hentry","description-off"],"yoast_head":"<!-- This site is optimized with the Yoast SEO Premium plugin v25.2 (Yoast SEO v26.8) - https:\/\/yoast.com\/product\/yoast-seo-premium-wordpress\/ -->\n<title>\u00fcber uns - License Consulting<\/title>\n<meta name=\"robots\" content=\"index, follow, max-snippet:-1, max-image-preview:large, max-video-preview:-1\" \/>\n<link rel=\"canonical\" href=\"https:\/\/licenseconsulting.com\/de\/uber-uns\/\" \/>\n<meta property=\"og:locale\" content=\"de_DE\" \/>\n<meta property=\"og:type\" content=\"article\" \/>\n<meta property=\"og:title\" content=\"\u00fcber uns\" \/>\n<meta property=\"og:description\" content=\"Nachdem er seit 1995 in der Softwarelizenzierungsbranche t\u00e4tig war, u. a. als Oracle LMS EMEA-Auditor, begann Daniel Hesselink 2007 mit der\" \/>\n<meta property=\"og:url\" content=\"https:\/\/licenseconsulting.com\/de\/uber-uns\/\" \/>\n<meta property=\"og:site_name\" content=\"License Consulting\" \/>\n<meta property=\"article:modified_time\" content=\"2020-05-22T10:28:25+00:00\" \/>\n<meta name=\"twitter:card\" content=\"summary_large_image\" \/>\n<meta name=\"twitter:site\" content=\"@OracleLicensing\" \/>\n<meta name=\"twitter:label1\" content=\"Gesch\u00e4tzte Lesezeit\" \/>\n\t<meta name=\"twitter:data1\" content=\"4\u00a0Minuten\" \/>\n<script type=\"application\/ld+json\" class=\"yoast-schema-graph\">{\"@context\":\"https:\/\/schema.org\",\"@graph\":[{\"@type\":\"WebPage\",\"@id\":\"https:\/\/licenseconsulting.com\/de\/uber-uns\/\",\"url\":\"https:\/\/licenseconsulting.com\/de\/uber-uns\/\",\"name\":\"\u00fcber uns - License Consulting\",\"isPartOf\":{\"@id\":\"https:\/\/licenseconsulting.com\/de\/#website\"},\"datePublished\":\"2019-10-04T12:54:12+00:00\",\"dateModified\":\"2020-05-22T10:28:25+00:00\",\"breadcrumb\":{\"@id\":\"https:\/\/licenseconsulting.com\/de\/uber-uns\/#breadcrumb\"},\"inLanguage\":\"de\",\"potentialAction\":[{\"@type\":\"ReadAction\",\"target\":[\"https:\/\/licenseconsulting.com\/de\/uber-uns\/\"]}]},{\"@type\":\"BreadcrumbList\",\"@id\":\"https:\/\/licenseconsulting.com\/de\/uber-uns\/#breadcrumb\",\"itemListElement\":[{\"@type\":\"ListItem\",\"position\":1,\"name\":\"Home\",\"item\":\"https:\/\/licenseconsulting.com\/de\/\"},{\"@type\":\"ListItem\",\"position\":2,\"name\":\"\u00fcber uns\"}]},{\"@type\":\"WebSite\",\"@id\":\"https:\/\/licenseconsulting.com\/de\/#website\",\"url\":\"https:\/\/licenseconsulting.com\/de\/\",\"name\":\"License Consulting\",\"description\":\"Oracle License Compliance Company\",\"publisher\":{\"@id\":\"https:\/\/licenseconsulting.com\/de\/#organization\"},\"potentialAction\":[{\"@type\":\"SearchAction\",\"target\":{\"@type\":\"EntryPoint\",\"urlTemplate\":\"https:\/\/licenseconsulting.com\/de\/?s={search_term_string}\"},\"query-input\":{\"@type\":\"PropertyValueSpecification\",\"valueRequired\":true,\"valueName\":\"search_term_string\"}}],\"inLanguage\":\"de\"},{\"@type\":\"Organization\",\"@id\":\"https:\/\/licenseconsulting.com\/de\/#organization\",\"name\":\"License Consulting BV\",\"url\":\"https:\/\/licenseconsulting.com\/de\/\",\"logo\":{\"@type\":\"ImageObject\",\"inLanguage\":\"de\",\"@id\":\"https:\/\/licenseconsulting.com\/de\/#\/schema\/logo\/image\/\",\"url\":\"https:\/\/licenseconsulting.com\/wp-content\/uploads\/2020\/07\/LC-logo-2019-768x144-1.png\",\"contentUrl\":\"https:\/\/licenseconsulting.com\/wp-content\/uploads\/2020\/07\/LC-logo-2019-768x144-1.png\",\"width\":768,\"height\":144,\"caption\":\"License Consulting BV\"},\"image\":{\"@id\":\"https:\/\/licenseconsulting.com\/de\/#\/schema\/logo\/image\/\"},\"sameAs\":[\"https:\/\/x.com\/OracleLicensing\",\"https:\/\/www.linkedin.com\/company\/license-consulting\/\"]}]}<\/script>\n<!-- \/ Yoast SEO Premium plugin. -->","yoast_head_json":{"title":"\u00fcber uns - License Consulting","robots":{"index":"index","follow":"follow","max-snippet":"max-snippet:-1","max-image-preview":"max-image-preview:large","max-video-preview":"max-video-preview:-1"},"canonical":"https:\/\/licenseconsulting.com\/de\/uber-uns\/","og_locale":"de_DE","og_type":"article","og_title":"\u00fcber uns","og_description":"Nachdem er seit 1995 in der Softwarelizenzierungsbranche t\u00e4tig war, u. a. als Oracle LMS EMEA-Auditor, begann Daniel Hesselink 2007 mit der","og_url":"https:\/\/licenseconsulting.com\/de\/uber-uns\/","og_site_name":"License Consulting","article_modified_time":"2020-05-22T10:28:25+00:00","twitter_card":"summary_large_image","twitter_site":"@OracleLicensing","twitter_misc":{"Gesch\u00e4tzte Lesezeit":"4\u00a0Minuten"},"schema":{"@context":"https:\/\/schema.org","@graph":[{"@type":"WebPage","@id":"https:\/\/licenseconsulting.com\/de\/uber-uns\/","url":"https:\/\/licenseconsulting.com\/de\/uber-uns\/","name":"\u00fcber uns - License Consulting","isPartOf":{"@id":"https:\/\/licenseconsulting.com\/de\/#website"},"datePublished":"2019-10-04T12:54:12+00:00","dateModified":"2020-05-22T10:28:25+00:00","breadcrumb":{"@id":"https:\/\/licenseconsulting.com\/de\/uber-uns\/#breadcrumb"},"inLanguage":"de","potentialAction":[{"@type":"ReadAction","target":["https:\/\/licenseconsulting.com\/de\/uber-uns\/"]}]},{"@type":"BreadcrumbList","@id":"https:\/\/licenseconsulting.com\/de\/uber-uns\/#breadcrumb","itemListElement":[{"@type":"ListItem","position":1,"name":"Home","item":"https:\/\/licenseconsulting.com\/de\/"},{"@type":"ListItem","position":2,"name":"\u00fcber uns"}]},{"@type":"WebSite","@id":"https:\/\/licenseconsulting.com\/de\/#website","url":"https:\/\/licenseconsulting.com\/de\/","name":"License Consulting","description":"Oracle License Compliance Company","publisher":{"@id":"https:\/\/licenseconsulting.com\/de\/#organization"},"potentialAction":[{"@type":"SearchAction","target":{"@type":"EntryPoint","urlTemplate":"https:\/\/licenseconsulting.com\/de\/?s={search_term_string}"},"query-input":{"@type":"PropertyValueSpecification","valueRequired":true,"valueName":"search_term_string"}}],"inLanguage":"de"},{"@type":"Organization","@id":"https:\/\/licenseconsulting.com\/de\/#organization","name":"License Consulting BV","url":"https:\/\/licenseconsulting.com\/de\/","logo":{"@type":"ImageObject","inLanguage":"de","@id":"https:\/\/licenseconsulting.com\/de\/#\/schema\/logo\/image\/","url":"https:\/\/licenseconsulting.com\/wp-content\/uploads\/2020\/07\/LC-logo-2019-768x144-1.png","contentUrl":"https:\/\/licenseconsulting.com\/wp-content\/uploads\/2020\/07\/LC-logo-2019-768x144-1.png","width":768,"height":144,"caption":"License Consulting BV"},"image":{"@id":"https:\/\/licenseconsulting.com\/de\/#\/schema\/logo\/image\/"},"sameAs":["https:\/\/x.com\/OracleLicensing","https:\/\/www.linkedin.com\/company\/license-consulting\/"]}]}},"_links":{"self":[{"href":"https:\/\/licenseconsulting.com\/de\/wp-json\/wp\/v2\/pages\/9492","targetHints":{"allow":["GET"]}}],"collection":[{"href":"https:\/\/licenseconsulting.com\/de\/wp-json\/wp\/v2\/pages"}],"about":[{"href":"https:\/\/licenseconsulting.com\/de\/wp-json\/wp\/v2\/types\/page"}],"author":[{"embeddable":true,"href":"https:\/\/licenseconsulting.com\/de\/wp-json\/wp\/v2\/users\/1"}],"replies":[{"embeddable":true,"href":"https:\/\/licenseconsulting.com\/de\/wp-json\/wp\/v2\/comments?post=9492"}],"version-history":[{"count":13,"href":"https:\/\/licenseconsulting.com\/de\/wp-json\/wp\/v2\/pages\/9492\/revisions"}],"predecessor-version":[{"id":11865,"href":"https:\/\/licenseconsulting.com\/de\/wp-json\/wp\/v2\/pages\/9492\/revisions\/11865"}],"wp:attachment":[{"href":"https:\/\/licenseconsulting.com\/de\/wp-json\/wp\/v2\/media?parent=9492"}],"curies":[{"name":"wp","href":"https:\/\/api.w.org\/{rel}","templated":true}]}}