{"id":9324,"date":"2019-10-04T10:38:48","date_gmt":"2019-10-04T10:38:48","guid":{"rendered":"https:\/\/lcs.upseo.nl\/kontakt\/"},"modified":"2020-05-22T09:44:07","modified_gmt":"2020-05-22T09:44:07","slug":"kontakt","status":"publish","type":"page","link":"https:\/\/licenseconsulting.com\/de\/kontakt\/","title":{"rendered":"Kontakt"},"content":{"rendered":"<div class=\"wpb-content-wrapper\"><p>[vc_row type=&#8220;vc_default&#8220; margin_top=&#8220;0&#8243; margin_bottom=&#8220;-35&#8243; css=&#8220;.vc_custom_1498572765023{margin-top: 70px !important;margin-bottom: 20px !important;}&#8220;][vc_column offset=&#8220;vc_col-lg-6 vc_col-md-7 vc_col-xs-12&#8243; css=&#8220;.vc_custom_1498821716836{padding-bottom: 40px !important;}&#8220;]<div id=\"ultimate-heading-428169dc31780ca88\" class=\"uvc-heading ult-adjust-bottom-margin ultimate-heading-428169dc31780ca88 uvc-7588 \" data-hspacer=\"no_spacer\"  data-halign=\"left\" style=\"text-align:left\"><div class=\"uvc-heading-spacer no_spacer\" style=\"top\"><\/div><div class=\"uvc-main-heading ult-responsive\"  data-ultimate-target='.uvc-heading.ultimate-heading-428169dc31780ca88 h2'  data-responsive-json-new='{\"font-size\":\"desktop:26px;\",\"line-height\":\"desktop:32px;\"}' ><h2 style=\"font-weight:bold;margin-bottom:30px;\">Kontaktinformation<\/h2><\/div><\/div>[vc_column_text]Haben Sie eine Frage zur Lizenzierung von Oracle? Z\u00f6gern Sie nicht, uns anzurufen oder unser Kontaktformular auszuf\u00fcllen.<\/p>\n<p>Wenn Sie ein Angebot anfordern m\u00f6chten, f\u00fcllen Sie einfach unser Kontaktformular aus und fordern Sie unser Projekt-Scoping-Dokument an. Wir unterbreiten Ihnen innerhalb von 24 Stunden ein Angebot.<\/p>\n<p>Die Unterzeichnung wechselseitiger Vertraulichkeitsvereinbarungen geh\u00f6rt zu unserem Standard.[\/vc_column_text][vc_empty_space height=&#8220;16px&#8220;][vc_column_text]<\/p>\n<div class=\"wpb_text_column wpb_content_element \">\n<div class=\"wpb_wrapper\">\n<p><strong><a href=\"tel:+31854014963\"><img decoding=\"async\" class=\"alignleft wp-image-8488 size-full\" src=\"https:\/\/licenseconsulting.com\/wp-content\/uploads\/2019\/09\/EU-1.png\" alt=\"EU-1\" width=\"50\" height=\"50\" \/><\/a>License Consulting<br \/>\n<\/strong>B\u00fcro: <a href=\"tel:+31854014963\">+31-854014963<\/a><\/p>\n<div class=\"clear\"><\/div>\n<p><strong><a href=\"tel:+16504526192\"><img decoding=\"async\" class=\"alignleft wp-image-8491 size-full\" src=\"https:\/\/licenseconsulting.com\/wp-content\/uploads\/2019\/09\/USA-CA-1.png\" alt=\"\" width=\"50\" height=\"50\" \/><\/a>License Consulting<br \/>\n<\/strong>B\u00fcro: <a href=\"tel:+16504526192\">+1-650-452-6192<\/a><\/p>\n<\/div>\n<\/div>\n<p>[\/vc_column_text][vc_empty_space height=&#8220;16px&#8220;][vc_column_text]Keine Geheimnisse und \u00dcberraschungen mehr f\u00fcr diejenigen, die mit uns arbeiten.[\/vc_column_text][vc_row_inner equal_height=&#8220;yes&#8220; css=&#8220;.vc_custom_1498572805259{padding-right: 15px !important;padding-bottom: 10px !important;padding-left: 15px !important;}&#8220;][vc_column_inner width=&#8220;1\/2&#8243; css=&#8220;.vc_custom_1475919464233{margin-top: 0px !important;margin-right: 0px !important;margin-bottom: 0px !important;margin-left: 0px !important;padding-top: 0px !important;padding-right: 10px !important;padding-bottom: 20px !important;padding-left: 10px !important;}&#8220;]<div class=\"aio-icon-component  vc_custom_1590140559547  accent-icon-bg color-title ib-link-prevent-accent style_1\"><a class=\"aio-icon-box-link\" href=\"https:\/\/www.linkedin.com\/company\/license-consulting\" target=\"_blank\" rel=\"noopener\" ><div id=\"Info-box-wrap-2587\" class=\"aio-icon-box left-icon\" style=\"\"  ><div class=\"aio-icon-left\"><div class=\"ult-just-icon-wrapper  \"><div class=\"align-icon\" style=\"text-align:center;\">\n<div class=\"aio-icon advanced \"  style=\"color:#ffffff;border-style:;border-color:#333333;border-width:1px;width:34px;height:34px;line-height:34px;border-radius:500px;font-size:16px;display:inline-block;\">\n\t<i class=\"icomoon-icomoonfree-16x16-linkedin\"><\/i>\n<\/div><\/div><\/div><\/div><div class=\"aio-ibd-block\"><div class=\"aio-icon-description ult-responsive\"  data-ultimate-target='#Info-box-wrap-2587 .aio-icon-description'  data-responsive-json-new='{\"font-size\":\"desktop:18px;\",\"line-height\":\"desktop:24px;\"}'  style=\"font-family:&#039;Open Sans Condensed&#039;;font-weight:700;\">LinkedIn<\/div> <!-- description --><\/div> <!-- aio-ibd-block --><\/div> <!-- aio-icon-box --><\/a><\/div> <!-- aio-icon-component -->[\/vc_column_inner][\/vc_row_inner][\/vc_column][vc_column offset=&#8220;vc_col-lg-6 vc_col-md-5 vc_col-xs-12&#8243; css=&#8220;.vc_custom_1498572768127{padding-bottom: 50px !important;}&#8220;]<div id=\"ultimate-heading-98869dc31780cc14\" class=\"uvc-heading ult-adjust-bottom-margin ultimate-heading-98869dc31780cc14 uvc-9877 \" data-hspacer=\"no_spacer\"  data-halign=\"left\" style=\"text-align:left\"><div class=\"uvc-heading-spacer no_spacer\" style=\"top\"><\/div><div class=\"uvc-main-heading ult-responsive\"  data-ultimate-target='.uvc-heading.ultimate-heading-98869dc31780cc14 h2'  data-responsive-json-new='{\"font-size\":\"desktop:26px;\",\"line-height\":\"desktop:32px;\"}' ><h2 style=\"font-weight:bold;margin-bottom:20px;\">Senden Sie uns eine Nachricht<\/h2><\/div><\/div>[vc_empty_space height=&#8220;16px&#8220;]<form class=\"dt-contact-form dt-form privacy-form\" method=\"post\"><input type=\"hidden\" name=\"widget_id\" value=\"presscore-contact-form-widget--1\" \/><input type=\"hidden\" name=\"send_message\" value=\"\" \/><input type=\"hidden\" name=\"security_token\" value=\"2c9e3bffc961e2e41c91\"\/><div class=\"form-fields\"><span class=\"form-name\"><label class=\"assistive-text\">Name *<\/label><input type=\"text\" class=\"validate[required]\" placeholder=\"Name *\" name=\"name\" value=\"\" aria-required=\"true\">\n<\/span><span class=\"form-mail\"><label class=\"assistive-text\">E-Mail *<\/label><input type=\"text\" class=\"validate[required,custom[email]]\" placeholder=\"E-Mail *\" name=\"email\" value=\"\" aria-required=\"true\">\n<\/span><span class=\"form-telephone\"><label class=\"assistive-text\">Telefon<\/label><input type=\"text\" placeholder=\"Telefon\" name=\"telephone\" value=\"\" aria-required=\"false\">\n<\/span><span class=\"form-company\"><label class=\"assistive-text\">Firma<\/label><input type=\"text\" placeholder=\"Firma\" name=\"company\" value=\"\" aria-required=\"false\">\n<\/span><\/div><span class=\"form-message\"><label class=\"assistive-text\">Nachricht *<\/label><textarea class=\"validate[required]\" placeholder=\"Nachricht *\" name=\"message\" rows=\"8\" aria-required=\"true\"><\/textarea>\n<\/span><p class=\"the7-form-terms-wrap\"><input type=\"checkbox\" id=\"the7-form-terms-39016cfe079db1bfb359ca72fcba3fd8\" name=\"terms\" class=\"validate[required] the7-form-terms\" aria-required=\"true\" \/>&nbsp;<label for=\"the7-form-terms-39016cfe079db1bfb359ca72fcba3fd8\"><span class=\"form-terms-text\">Mit der Verwendung dieses Formulars erkl\u00e4ren Sie sich mit der Speicherung und Verarbeitung Ihrer Daten durch diese Website einverstanden.<\/span><\/label><\/p><p><a href=\"#\" class=\"dt-btn dt-btn-m dt-btn-submit\" rel=\"nofollow\"><span>Nachricht senden<\/span><\/a><input class=\"assistive-text\" type=\"submit\" value=\"absenden\"><\/p><\/form>\n[\/vc_column][\/vc_row][vc_row][vc_column][\/vc_column][\/vc_row]<\/p>\n<\/div>","protected":false},"excerpt":{"rendered":"<p>[vc_row type=&#8220;vc_default&#8220; margin_top=&#8220;0&#8243; margin_bottom=&#8220;-35&#8243; css=&#8220;.vc_custom_1498572765023{margin-top: 70px !important;margin-bottom: 20px !important;}&#8220;][vc_column offset=&#8220;vc_col-lg-6 vc_col-md-7 vc_col-xs-12&#8243; css=&#8220;.vc_custom_1498821716836{padding-bottom: 40px !important;}&#8220;][vc_column_text]Haben Sie eine Frage zur Lizenzierung von Oracle? Z\u00f6gern Sie nicht, uns anzurufen oder unser Kontaktformular auszuf\u00fcllen. Wenn Sie ein Angebot anfordern m\u00f6chten, f\u00fcllen Sie einfach unser Kontaktformular aus und fordern Sie unser Projekt-Scoping-Dokument an. Wir unterbreiten Ihnen innerhalb von 24&hellip;<\/p>\n","protected":false},"author":1,"featured_media":0,"parent":0,"menu_order":600,"comment_status":"closed","ping_status":"closed","template":"","meta":{"footnotes":""},"class_list":["post-9324","page","type-page","status-publish","hentry","description-off"],"yoast_head":"<!-- This site is optimized with the Yoast SEO Premium plugin v25.2 (Yoast SEO v26.8) - https:\/\/yoast.com\/product\/yoast-seo-premium-wordpress\/ -->\n<title>Kontakt - License Consulting<\/title>\n<meta name=\"robots\" content=\"index, follow, max-snippet:-1, max-image-preview:large, max-video-preview:-1\" \/>\n<link rel=\"canonical\" href=\"https:\/\/licenseconsulting.com\/de\/kontakt\/\" \/>\n<meta property=\"og:locale\" content=\"de_DE\" \/>\n<meta property=\"og:type\" content=\"article\" \/>\n<meta property=\"og:title\" content=\"Kontakt\" \/>\n<meta property=\"og:description\" content=\"Haben Sie eine Frage zur Lizenzierung von Oracle? Z\u00f6gern Sie nicht, uns anzurufen oder unser Kontaktformular auszuf\u00fcllen. Wenn Sie ein Angebot anfordern\" \/>\n<meta property=\"og:url\" content=\"https:\/\/licenseconsulting.com\/de\/kontakt\/\" \/>\n<meta property=\"og:site_name\" content=\"License Consulting\" \/>\n<meta property=\"article:modified_time\" content=\"2020-05-22T09:44:07+00:00\" \/>\n<meta property=\"og:image\" content=\"https:\/\/licenseconsulting.com\/wp-content\/uploads\/2019\/09\/EU-1.png\" \/>\n<meta name=\"twitter:card\" content=\"summary_large_image\" \/>\n<meta name=\"twitter:site\" content=\"@OracleLicensing\" \/>\n<meta name=\"twitter:label1\" content=\"Gesch\u00e4tzte Lesezeit\" \/>\n\t<meta name=\"twitter:data1\" content=\"2\u00a0Minuten\" \/>\n<script type=\"application\/ld+json\" class=\"yoast-schema-graph\">{\"@context\":\"https:\/\/schema.org\",\"@graph\":[{\"@type\":\"WebPage\",\"@id\":\"https:\/\/licenseconsulting.com\/de\/kontakt\/\",\"url\":\"https:\/\/licenseconsulting.com\/de\/kontakt\/\",\"name\":\"Kontakt - License Consulting\",\"isPartOf\":{\"@id\":\"https:\/\/licenseconsulting.com\/de\/#website\"},\"primaryImageOfPage\":{\"@id\":\"https:\/\/licenseconsulting.com\/de\/kontakt\/#primaryimage\"},\"image\":{\"@id\":\"https:\/\/licenseconsulting.com\/de\/kontakt\/#primaryimage\"},\"thumbnailUrl\":\"https:\/\/licenseconsulting.com\/wp-content\/uploads\/2019\/09\/EU-1.png\",\"datePublished\":\"2019-10-04T10:38:48+00:00\",\"dateModified\":\"2020-05-22T09:44:07+00:00\",\"breadcrumb\":{\"@id\":\"https:\/\/licenseconsulting.com\/de\/kontakt\/#breadcrumb\"},\"inLanguage\":\"de\",\"potentialAction\":[{\"@type\":\"ReadAction\",\"target\":[\"https:\/\/licenseconsulting.com\/de\/kontakt\/\"]}]},{\"@type\":\"ImageObject\",\"inLanguage\":\"de\",\"@id\":\"https:\/\/licenseconsulting.com\/de\/kontakt\/#primaryimage\",\"url\":\"https:\/\/licenseconsulting.com\/wp-content\/uploads\/2019\/09\/EU-1.png\",\"contentUrl\":\"https:\/\/licenseconsulting.com\/wp-content\/uploads\/2019\/09\/EU-1.png\"},{\"@type\":\"BreadcrumbList\",\"@id\":\"https:\/\/licenseconsulting.com\/de\/kontakt\/#breadcrumb\",\"itemListElement\":[{\"@type\":\"ListItem\",\"position\":1,\"name\":\"Home\",\"item\":\"https:\/\/licenseconsulting.com\/de\/\"},{\"@type\":\"ListItem\",\"position\":2,\"name\":\"Kontakt\"}]},{\"@type\":\"WebSite\",\"@id\":\"https:\/\/licenseconsulting.com\/de\/#website\",\"url\":\"https:\/\/licenseconsulting.com\/de\/\",\"name\":\"License Consulting\",\"description\":\"Oracle License Compliance Company\",\"publisher\":{\"@id\":\"https:\/\/licenseconsulting.com\/de\/#organization\"},\"potentialAction\":[{\"@type\":\"SearchAction\",\"target\":{\"@type\":\"EntryPoint\",\"urlTemplate\":\"https:\/\/licenseconsulting.com\/de\/?s={search_term_string}\"},\"query-input\":{\"@type\":\"PropertyValueSpecification\",\"valueRequired\":true,\"valueName\":\"search_term_string\"}}],\"inLanguage\":\"de\"},{\"@type\":\"Organization\",\"@id\":\"https:\/\/licenseconsulting.com\/de\/#organization\",\"name\":\"License Consulting BV\",\"url\":\"https:\/\/licenseconsulting.com\/de\/\",\"logo\":{\"@type\":\"ImageObject\",\"inLanguage\":\"de\",\"@id\":\"https:\/\/licenseconsulting.com\/de\/#\/schema\/logo\/image\/\",\"url\":\"https:\/\/licenseconsulting.com\/wp-content\/uploads\/2020\/07\/LC-logo-2019-768x144-1.png\",\"contentUrl\":\"https:\/\/licenseconsulting.com\/wp-content\/uploads\/2020\/07\/LC-logo-2019-768x144-1.png\",\"width\":768,\"height\":144,\"caption\":\"License Consulting BV\"},\"image\":{\"@id\":\"https:\/\/licenseconsulting.com\/de\/#\/schema\/logo\/image\/\"},\"sameAs\":[\"https:\/\/x.com\/OracleLicensing\",\"https:\/\/www.linkedin.com\/company\/license-consulting\/\"]}]}<\/script>\n<!-- \/ Yoast SEO Premium plugin. -->","yoast_head_json":{"title":"Kontakt - License Consulting","robots":{"index":"index","follow":"follow","max-snippet":"max-snippet:-1","max-image-preview":"max-image-preview:large","max-video-preview":"max-video-preview:-1"},"canonical":"https:\/\/licenseconsulting.com\/de\/kontakt\/","og_locale":"de_DE","og_type":"article","og_title":"Kontakt","og_description":"Haben Sie eine Frage zur Lizenzierung von Oracle? Z\u00f6gern Sie nicht, uns anzurufen oder unser Kontaktformular auszuf\u00fcllen. Wenn Sie ein Angebot anfordern","og_url":"https:\/\/licenseconsulting.com\/de\/kontakt\/","og_site_name":"License Consulting","article_modified_time":"2020-05-22T09:44:07+00:00","og_image":[{"url":"https:\/\/licenseconsulting.com\/wp-content\/uploads\/2019\/09\/EU-1.png","type":"","width":"","height":""}],"twitter_card":"summary_large_image","twitter_site":"@OracleLicensing","twitter_misc":{"Gesch\u00e4tzte Lesezeit":"2\u00a0Minuten"},"schema":{"@context":"https:\/\/schema.org","@graph":[{"@type":"WebPage","@id":"https:\/\/licenseconsulting.com\/de\/kontakt\/","url":"https:\/\/licenseconsulting.com\/de\/kontakt\/","name":"Kontakt - License Consulting","isPartOf":{"@id":"https:\/\/licenseconsulting.com\/de\/#website"},"primaryImageOfPage":{"@id":"https:\/\/licenseconsulting.com\/de\/kontakt\/#primaryimage"},"image":{"@id":"https:\/\/licenseconsulting.com\/de\/kontakt\/#primaryimage"},"thumbnailUrl":"https:\/\/licenseconsulting.com\/wp-content\/uploads\/2019\/09\/EU-1.png","datePublished":"2019-10-04T10:38:48+00:00","dateModified":"2020-05-22T09:44:07+00:00","breadcrumb":{"@id":"https:\/\/licenseconsulting.com\/de\/kontakt\/#breadcrumb"},"inLanguage":"de","potentialAction":[{"@type":"ReadAction","target":["https:\/\/licenseconsulting.com\/de\/kontakt\/"]}]},{"@type":"ImageObject","inLanguage":"de","@id":"https:\/\/licenseconsulting.com\/de\/kontakt\/#primaryimage","url":"https:\/\/licenseconsulting.com\/wp-content\/uploads\/2019\/09\/EU-1.png","contentUrl":"https:\/\/licenseconsulting.com\/wp-content\/uploads\/2019\/09\/EU-1.png"},{"@type":"BreadcrumbList","@id":"https:\/\/licenseconsulting.com\/de\/kontakt\/#breadcrumb","itemListElement":[{"@type":"ListItem","position":1,"name":"Home","item":"https:\/\/licenseconsulting.com\/de\/"},{"@type":"ListItem","position":2,"name":"Kontakt"}]},{"@type":"WebSite","@id":"https:\/\/licenseconsulting.com\/de\/#website","url":"https:\/\/licenseconsulting.com\/de\/","name":"License Consulting","description":"Oracle License Compliance Company","publisher":{"@id":"https:\/\/licenseconsulting.com\/de\/#organization"},"potentialAction":[{"@type":"SearchAction","target":{"@type":"EntryPoint","urlTemplate":"https:\/\/licenseconsulting.com\/de\/?s={search_term_string}"},"query-input":{"@type":"PropertyValueSpecification","valueRequired":true,"valueName":"search_term_string"}}],"inLanguage":"de"},{"@type":"Organization","@id":"https:\/\/licenseconsulting.com\/de\/#organization","name":"License Consulting BV","url":"https:\/\/licenseconsulting.com\/de\/","logo":{"@type":"ImageObject","inLanguage":"de","@id":"https:\/\/licenseconsulting.com\/de\/#\/schema\/logo\/image\/","url":"https:\/\/licenseconsulting.com\/wp-content\/uploads\/2020\/07\/LC-logo-2019-768x144-1.png","contentUrl":"https:\/\/licenseconsulting.com\/wp-content\/uploads\/2020\/07\/LC-logo-2019-768x144-1.png","width":768,"height":144,"caption":"License Consulting BV"},"image":{"@id":"https:\/\/licenseconsulting.com\/de\/#\/schema\/logo\/image\/"},"sameAs":["https:\/\/x.com\/OracleLicensing","https:\/\/www.linkedin.com\/company\/license-consulting\/"]}]}},"_links":{"self":[{"href":"https:\/\/licenseconsulting.com\/de\/wp-json\/wp\/v2\/pages\/9324","targetHints":{"allow":["GET"]}}],"collection":[{"href":"https:\/\/licenseconsulting.com\/de\/wp-json\/wp\/v2\/pages"}],"about":[{"href":"https:\/\/licenseconsulting.com\/de\/wp-json\/wp\/v2\/types\/page"}],"author":[{"embeddable":true,"href":"https:\/\/licenseconsulting.com\/de\/wp-json\/wp\/v2\/users\/1"}],"replies":[{"embeddable":true,"href":"https:\/\/licenseconsulting.com\/de\/wp-json\/wp\/v2\/comments?post=9324"}],"version-history":[{"count":7,"href":"https:\/\/licenseconsulting.com\/de\/wp-json\/wp\/v2\/pages\/9324\/revisions"}],"predecessor-version":[{"id":12194,"href":"https:\/\/licenseconsulting.com\/de\/wp-json\/wp\/v2\/pages\/9324\/revisions\/12194"}],"wp:attachment":[{"href":"https:\/\/licenseconsulting.com\/de\/wp-json\/wp\/v2\/media?parent=9324"}],"curies":[{"name":"wp","href":"https:\/\/api.w.org\/{rel}","templated":true}]}}