{"id":9322,"date":"2019-10-04T10:36:38","date_gmt":"2019-10-04T10:36:38","guid":{"rendered":"https:\/\/lcs.upseo.nl\/interne-lizenzprufung\/"},"modified":"2020-05-07T10:18:48","modified_gmt":"2020-05-07T10:18:48","slug":"interne-lizenzprufung","status":"publish","type":"page","link":"https:\/\/licenseconsulting.com\/de\/dienstleistungen\/interne-lizenzprufung\/","title":{"rendered":"Interne Lizenzpr\u00fcfung"},"content":{"rendered":"<div class=\"wpb-content-wrapper\"><p>[vc_row][vc_column]<div id=\"ultimate-heading-210569dee706aa26c\" class=\"uvc-heading ult-adjust-bottom-margin ultimate-heading-210569dee706aa26c uvc-3175 \" data-hspacer=\"no_spacer\"  data-halign=\"left\" style=\"text-align:left\"><div class=\"uvc-heading-spacer no_spacer\" style=\"top\"><\/div><div class=\"uvc-main-heading ult-responsive\"  data-ultimate-target='.uvc-heading.ultimate-heading-210569dee706aa26c h2'  data-responsive-json-new='{\"font-size\":\"desktop:26px;\",\"line-height\":\"desktop:32px;\"}' ><h2 style=\"font-weight:bold;margin-bottom:20px;\">WETTEN SIE IHR GEHALT DARAUF, DASS SIE DEN ANFORDERUNGEN ENTSPRECHEN!<\/h2><\/div><\/div>[vc_empty_space][\/vc_column][\/vc_row][vc_row][vc_column width=&#8220;3\/5&#8243;][vc_column_text]Der interne Lizenzpr\u00fcfung-Service befasst sich mit dem Szenario, in dem Ihr Unternehmen eine erfolgreiche Lizenzposition aufbauen m\u00f6chte. Wir simulieren die Situation, in der Oracle Ihre Umgebung einem Audit unterzieht.<\/p>\n<p>Ein internes Lizenzpr\u00fcfung umfasst:<\/p>\n<ul>\n<li>Ermittlung der H\u00f6he des finanziellen Risikos;<\/li>\n<li>Unterst\u00fctzung f\u00fcr Ihre effektive Lizenzposition (ELP);<\/li>\n<li>Anleitung Ihres Teams, um Compliance-Risiken zu reduzieren.<\/li>\n<\/ul>\n<p>Das Gesamtergebnis des internen Lizenzpr\u00fcfung ist eine effektive Lizenzposition. Dar\u00fcber hinaus werden Empfehlungen formuliert, wie die Rahmenbedingungen verbessert werden k\u00f6nnen, indem alle finanziellen sowie Compliance-Risiken reduziert oder beseitigt werden.[\/vc_column_text][\/vc_column][vc_column width=&#8220;2\/5&#8243;]<style type=\"text\/css\" data-type=\"the7_shortcodes-inline-css\">.shortcode-single-image-wrap.shortcode-single-image-73483b30f8cc6701572b80d438383d1f.enable-bg-rollover .rollover i,\n.shortcode-single-image-wrap.shortcode-single-image-73483b30f8cc6701572b80d438383d1f.enable-bg-rollover .rollover-video i {\n  background: ;\n  background: -webkit-linear-gradient();\n  background: linear-gradient();\n}\n.shortcode-single-image-wrap.shortcode-single-image-73483b30f8cc6701572b80d438383d1f .rollover-icon {\n  font-size: 32px;\n  color: #ffffff;\n  min-width: 44px;\n  min-height: 44px;\n  line-height: 44px;\n  border-radius: 100px;\n  border-style: solid;\n  border-width: 0px;\n}\n.dt-icon-bg-on.shortcode-single-image-wrap.shortcode-single-image-73483b30f8cc6701572b80d438383d1f .rollover-icon {\n  background: rgba(255,255,255,0.3);\n  box-shadow: none;\n}\n<\/style><div class=\"shortcode-single-image-wrap shortcode-single-image-73483b30f8cc6701572b80d438383d1f alignnone fadeIn animate-element  enable-bg-rollover dt-icon-bg-off\" style=\"margin-top:0px; margin-bottom:0px; margin-left:0px; margin-right:0px; width:500px;\"><div class=\"shortcode-single-image\"><div class=\"fancy-media-wrap  layzr-bg\" style=\"\"><img fetchpriority=\"high\" decoding=\"async\" class=\"preload-me lazy-load aspect\" src=\"data:image\/svg+xml,%3Csvg%20xmlns%3D&#39;http%3A%2F%2Fwww.w3.org%2F2000%2Fsvg&#39;%20viewBox%3D&#39;0%200%20500%20526&#39;%2F%3E\" data-src=\"https:\/\/licenseconsulting.com\/wp-content\/uploads\/2020\/03\/oracle-internal-license-audit-500x526.png\" data-srcset=\"https:\/\/licenseconsulting.com\/wp-content\/uploads\/2020\/03\/oracle-internal-license-audit-500x526.png 500w, https:\/\/licenseconsulting.com\/wp-content\/uploads\/2020\/03\/oracle-internal-license-audit.png 800w\" loading=\"eager\" sizes=\"(max-width: 500px) 100vw, 500px\" width=\"500\" height=\"526\"  data-dt-location=\"https:\/\/licenseconsulting.com\/de\/services\/license-audit-defense\/attachment\/oracle-internal-license-audit-2\/\" style=\"--ratio: 500 \/ 526;\" alt=\"oracle-internal-license-audit\" \/><\/div><\/div><\/div>[vc_empty_space][\/vc_column][\/vc_row][vc_row type=&#8220;vc_default&#8220;][vc_column css=&#8220;.vc_custom_1498229431694{padding-bottom: 50px !important;}&#8220;]<div id=\"ultimate-heading-120269dee706aafad\" class=\"uvc-heading ult-adjust-bottom-margin ultimate-heading-120269dee706aafad uvc-6054 \" data-hspacer=\"no_spacer\"  data-halign=\"left\" style=\"text-align:left\"><div class=\"uvc-heading-spacer no_spacer\" style=\"top\"><\/div><div class=\"uvc-main-heading ult-responsive\"  data-ultimate-target='.uvc-heading.ultimate-heading-120269dee706aafad h2'  data-responsive-json-new='{\"font-size\":\"desktop:26px;\",\"line-height\":\"desktop:32px;\"}' ><h2 style=\"font-weight:bold;margin-bottom:20px;\">PROJEKT-SCHRITTE<\/h2><\/div><div class=\"uvc-sub-heading ult-responsive\"  data-ultimate-target='.uvc-heading.ultimate-heading-120269dee706aafad .uvc-sub-heading '  data-responsive-json-new='{\"font-size\":\"\",\"line-height\":\"\"}'  style=\"font-weight:normal;\">Nachfolgend sind die einzelnen Schritte dieses Services aufgef\u00fchrt. Jeder Schritt ist in Inputs, Aktivit\u00e4ten und Outputs unterteilt: Einzelheiten sind in der vollst\u00e4ndigen Servicebeschreibung angegeben. (Antrag siehe unten)<\/div><\/div>[vc_empty_space]<div class=\"smile_icon_list_wrap ult_info_list_container ult-adjust-bottom-margin   vc_custom_1569158405228\"><ul class=\"smile_icon_list left hexagon\"><li class=\"icon_list_item\" style=\" font-size:60px;\"><div class=\"icon_list_icon\" data-animation=\"\" data-animation-delay=\"03\" style=\"font-size:20px;background:#39a8e0;color:#ffffff;border-color:#39a8e0;\"><img decoding=\"async\" class=\"list-img-icon\" alt=\"null\" src=\"https:\/\/licenseconsulting.com\/wp-content\/uploads\/2019\/09\/license-consulting-icon32-white2.png\"\/><\/div><div class=\"icon_description\" id=\"Info-list-wrap-5523\" style=\"font-size:20px;\"><h3 class=\"ult-responsive info-list-heading\"  data-ultimate-target='#Info-list-wrap-5523 h3'  data-responsive-json-new='{\"font-size\":\"desktop:16px;\",\"line-height\":\"desktop:22px;\"}'  style=\"font-family:&#039;Open Sans Condensed&#039;;font-weight:700;\">BERECHTIGUNG FESTSTELLEN<\/h3><div class=\"icon_description_text ult-responsive\"  data-ultimate-target='#Info-list-wrap-5523 .icon_description_text'  data-responsive-json-new='{\"font-size\":\"desktop:12px;\",\"line-height\":\"desktop:20px;\"}'  style=\"\"><p>Kennen lernen Ihrer Oracle-Vereinbarungen, Lizenzdefinitionen und kundenspezifischen Vertragsformulierungen, die die Grundlage des internen Audits bilden.<\/p>\n<\/div><\/div><div class=\"icon_list_connector\"  style=\"border-right-width: 1px;border-right-style: dashed;border-color: #39a8e0;\"><\/div><\/li><li class=\"icon_list_item\" style=\" font-size:60px;\"><div class=\"icon_list_icon\" data-animation=\"\" data-animation-delay=\"03\" style=\"font-size:20px;background:#39a8e0;color:#ffffff;border-color:#39a8e0;\"><img decoding=\"async\" class=\"list-img-icon\" alt=\"null\" src=\"https:\/\/licenseconsulting.com\/wp-content\/uploads\/2019\/09\/license-consulting-icon32-white2.png\"\/><\/div><div class=\"icon_description\" id=\"Info-list-wrap-2318\" style=\"font-size:20px;\"><h3 class=\"ult-responsive info-list-heading\"  data-ultimate-target='#Info-list-wrap-2318 h3'  data-responsive-json-new='{\"font-size\":\"desktop:16px;\",\"line-height\":\"desktop:22px;\"}'  style=\"font-family:&#039;Open Sans Condensed&#039;;font-weight:700;\">EINRICHTUNG FESTLEGEN<\/h3><div class=\"icon_description_text ult-responsive\"  data-ultimate-target='#Info-list-wrap-2318 .icon_description_text'  data-responsive-json-new='{\"font-size\":\"desktop:12px;\",\"line-height\":\"desktop:20px;\"}'  style=\"\"><p>Da wir Ihre vertraglichen Definitionen kennen, arbeiten wir nun mit Ihren Teams zusammen, um den Einsatz so effektiv wie m\u00f6glich zu gestalten. Unsere Erfahrung in der Erstellung von Audit-Skripts wird sich positiv auf den Zeitplan auswirken. Der Zeitaufwand f\u00fcr Ihr IT-Team wird minimiert.<\/p>\n<\/div><\/div><div class=\"icon_list_connector\"  style=\"border-right-width: 1px;border-right-style: dashed;border-color: #39a8e0;\"><\/div><\/li><li class=\"icon_list_item\" style=\" font-size:60px;\"><div class=\"icon_list_icon\" data-animation=\"\" data-animation-delay=\"03\" style=\"font-size:20px;background:#39a8e0;color:#ffffff;border-color:#39a8e0;\"><img decoding=\"async\" class=\"list-img-icon\" alt=\"null\" src=\"https:\/\/licenseconsulting.com\/wp-content\/uploads\/2019\/09\/license-consulting-icon32-white2.png\"\/><\/div><div class=\"icon_description\" id=\"Info-list-wrap-7525\" style=\"font-size:20px;\"><h3 class=\"ult-responsive info-list-heading\"  data-ultimate-target='#Info-list-wrap-7525 h3'  data-responsive-json-new='{\"font-size\":\"desktop:16px;\",\"line-height\":\"desktop:22px;\"}'  style=\"font-family:&#039;Open Sans Condensed&#039;;font-weight:700;\">ELP UND KONFORMIT\u00c4TSBERICHT<\/h3><div class=\"icon_description_text ult-responsive\"  data-ultimate-target='#Info-list-wrap-7525 .icon_description_text'  data-responsive-json-new='{\"font-size\":\"desktop:12px;\",\"line-height\":\"desktop:20px;\"}'  style=\"\"><p>Die Effektive Lizenzposition (ELP) vergleicht Ihre Lizenzerteilung mit dem tats\u00e4chlichen Einsatz. Sie wird sowohl in der Anzahl an Lizenzen als auch im finanziellen Risiko (Oracle Lizenz- und Supportgeb\u00fchren) quantifiziert.<\/p>\n<\/div><\/div><div class=\"icon_list_connector\"  style=\"border-right-width: 1px;border-right-style: dashed;border-color: #39a8e0;\"><\/div><\/li><li class=\"icon_list_item\" style=\" font-size:60px;\"><div class=\"icon_list_icon\" data-animation=\"\" data-animation-delay=\"03\" style=\"font-size:20px;background:#39a8e0;color:#ffffff;border-color:#39a8e0;\"><img decoding=\"async\" class=\"list-img-icon\" alt=\"null\" src=\"https:\/\/licenseconsulting.com\/wp-content\/uploads\/2019\/09\/license-consulting-icon32-white2.png\"\/><\/div><div class=\"icon_description\" id=\"Info-list-wrap-4197\" style=\"font-size:20px;\"><h3 class=\"ult-responsive info-list-heading\"  data-ultimate-target='#Info-list-wrap-4197 h3'  data-responsive-json-new='{\"font-size\":\"desktop:16px;\",\"line-height\":\"desktop:22px;\"}'  style=\"font-family:&#039;Open Sans Condensed&#039;;font-weight:700;\">UNTERST\u00dcTZUNG BEI DER PROBLEMBEHEBUNG &amp; OPTIMIERUNG<\/h3><div class=\"icon_description_text ult-responsive\"  data-ultimate-target='#Info-list-wrap-4197 .icon_description_text'  data-responsive-json-new='{\"font-size\":\"desktop:12px;\",\"line-height\":\"desktop:20px;\"}'  style=\"\"><p>H\u00e4ufig lassen sich Compliance-L\u00fccken deutlich reduzieren. In dieser Phase wird sichergestellt, dass die Arbeit mit der gr\u00f6\u00dften Wirkung vorrangig behandelt wird. Dar\u00fcber hinaus stellen wir sicher, dass w\u00e4hrend der Sanierungsaktivit\u00e4ten keine neuen Risiken eingef\u00fchrt werden.<\/p>\n<\/div><\/div><div class=\"icon_list_connector\"  style=\"border-right-width: 1px;border-right-style: dashed;border-color: #39a8e0;\"><\/div><\/li><\/ul><\/div>[\/vc_column][\/vc_row][vc_row css=&#8220;.vc_custom_1585069730051{padding-top: -10px !important;padding-bottom: -10px !important;background-color: #f4f4f4 !important;}&#8220; el_class=&#8220;blok1&#8243;][vc_column][vc_column_text]<\/p>\n<h3>100% unabh\u00e4ngig &amp; vertraulich<\/h3>\n<p>License Consulting verkauft keine Lizenzen und profitiert in keiner Weise vom Lizenzverkauf.<br \/>\n<a style=\"font-weight: normal;\" href=\"https:\/\/licenseconsulting.com\/de\/dienstleistungen\/\">Sehen Sie sich alle unsere Dienstleistungen an. <\/a>[\/vc_column_text][\/vc_column][\/vc_row][vc_row][vc_column][vc_row_inner][vc_column_inner width=&#8220;2\/5&#8243;]<style type=\"text\/css\" data-type=\"the7_shortcodes-inline-css\">.shortcode-single-image-wrap.shortcode-single-image-efec92f868d476fedbdcf8b4d69700f5.enable-bg-rollover .rollover i,\n.shortcode-single-image-wrap.shortcode-single-image-efec92f868d476fedbdcf8b4d69700f5.enable-bg-rollover .rollover-video i {\n  background: ;\n  background: -webkit-linear-gradient();\n  background: linear-gradient();\n}\n.shortcode-single-image-wrap.shortcode-single-image-efec92f868d476fedbdcf8b4d69700f5 .rollover-icon {\n  font-size: 32px;\n  color: #ffffff;\n  min-width: 44px;\n  min-height: 44px;\n  line-height: 44px;\n  border-radius: 100px;\n  border-style: solid;\n  border-width: 0px;\n}\n.dt-icon-bg-on.shortcode-single-image-wrap.shortcode-single-image-efec92f868d476fedbdcf8b4d69700f5 .rollover-icon {\n  background: rgba(255,255,255,0.3);\n  box-shadow: none;\n}\n<\/style><div class=\"shortcode-single-image-wrap shortcode-single-image-efec92f868d476fedbdcf8b4d69700f5 alignnone fadeIn animate-element  enable-bg-rollover dt-icon-bg-off\" style=\"margin-top:0px; margin-bottom:0px; margin-left:0px; margin-right:0px; width:500px;\"><div class=\"shortcode-single-image\"><div class=\"fancy-media-wrap  layzr-bg\" style=\"\"><img decoding=\"async\" class=\"preload-me lazy-load aspect\" src=\"data:image\/svg+xml,%3Csvg%20xmlns%3D&#39;http%3A%2F%2Fwww.w3.org%2F2000%2Fsvg&#39;%20viewBox%3D&#39;0%200%20500%20706&#39;%2F%3E\" data-src=\"https:\/\/licenseconsulting.com\/wp-content\/uploads\/2019\/09\/ORACLE-INTERNAL-LICENSE-AUDIT-500x706.jpg\" data-srcset=\"https:\/\/licenseconsulting.com\/wp-content\/uploads\/2019\/09\/ORACLE-INTERNAL-LICENSE-AUDIT-500x706.jpg 500w, https:\/\/licenseconsulting.com\/wp-content\/uploads\/2019\/09\/ORACLE-INTERNAL-LICENSE-AUDIT.jpg 905w\" loading=\"eager\" sizes=\"(max-width: 500px) 100vw, 500px\" width=\"500\" height=\"706\"  data-dt-location=\"https:\/\/licenseconsulting.com\/de\/home\/attachment\/oracle-internal-license-audit\/\" style=\"--ratio: 500 \/ 706;box-shadow:5px 5px 5px 5px rgba(0,0,0,0.6); -webkit-box-shadow:5px 5px 5px 5px rgba(0,0,0,0.6);\" alt=\"ORACLE-INTERNAL-LICENSE-AUDIT\" \/><\/div><\/div><\/div>[vc_empty_space][\/vc_column_inner][vc_column_inner width=&#8220;3\/5&#8243;]<div id=\"ultimate-heading-869569dee706abe6f\" class=\"uvc-heading ult-adjust-bottom-margin ultimate-heading-869569dee706abe6f uvc-4921 accent-border-color\" data-hspacer=\"no_spacer\"  data-halign=\"left\" style=\"text-align:left\"><div class=\"uvc-heading-spacer no_spacer\" style=\"top\"><\/div><div class=\"uvc-main-heading ult-responsive\"  data-ultimate-target='.uvc-heading.ultimate-heading-869569dee706abe6f h4'  data-responsive-json-new='{\"font-size\":\"desktop:26px;\",\"line-height\":\"desktop:32px;\"}' ><h4 style=\"font-weight:bold;margin-bottom:20px;\">Fordern Sie diese Leistungsbeschreibung an<\/h4><\/div><\/div>\n<div class=\"wpcf7 no-js\" id=\"wpcf7-f11229-o1\" lang=\"en-US\" dir=\"ltr\" data-wpcf7-id=\"11229\">\n<div class=\"screen-reader-response\"><p role=\"status\" aria-live=\"polite\" aria-atomic=\"true\"><\/p> <ul><\/ul><\/div>\n<form action=\"\/de\/wp-json\/wp\/v2\/pages\/9322#wpcf7-f11229-o1\" method=\"post\" class=\"wpcf7-form init\" aria-label=\"Contact form\" novalidate=\"novalidate\" data-status=\"init\">\n<div style=\"display: none;\">\n<input type=\"hidden\" name=\"_wpcf7\" value=\"11229\" \/>\n<input type=\"hidden\" name=\"_wpcf7_version\" value=\"6.0.6\" \/>\n<input type=\"hidden\" name=\"_wpcf7_locale\" value=\"en_US\" \/>\n<input type=\"hidden\" name=\"_wpcf7_unit_tag\" value=\"wpcf7-f11229-o1\" \/>\n<input type=\"hidden\" name=\"_wpcf7_container_post\" value=\"0\" \/>\n<input type=\"hidden\" name=\"_wpcf7_posted_data_hash\" value=\"\" \/>\n<input type=\"hidden\" name=\"_wpcf7_recaptcha_response\" value=\"\" \/>\n<\/div>\n<p>In order to receive the Oracle Internal License Audit service description we require you to complete the form below.\n<\/p>\n<p><label> Your Name (required)<br \/>\n<span class=\"wpcf7-form-control-wrap\" data-name=\"your-name\"><input size=\"40\" maxlength=\"400\" class=\"wpcf7-form-control wpcf7-text wpcf7-validates-as-required\" aria-required=\"true\" aria-invalid=\"false\" value=\"\" type=\"text\" name=\"your-name\" \/><\/span> <\/label>\n<\/p>\n<p><label> Your Email (required)<br \/>\n<span class=\"wpcf7-form-control-wrap\" data-name=\"your-email\"><input size=\"40\" maxlength=\"400\" class=\"wpcf7-form-control wpcf7-email wpcf7-validates-as-required wpcf7-text wpcf7-validates-as-email\" aria-required=\"true\" aria-invalid=\"false\" value=\"\" type=\"email\" name=\"your-email\" \/><\/span> <\/label>\n<\/p>\n<p><label> Your Company (optional)<br \/>\n<span class=\"wpcf7-form-control-wrap\" data-name=\"your-company\"><input size=\"40\" maxlength=\"400\" class=\"wpcf7-form-control wpcf7-text\" aria-invalid=\"false\" value=\"\" type=\"text\" name=\"your-company\" \/><\/span><br \/>\n<input class=\"wpcf7-form-control wpcf7-submit has-spinner\" type=\"submit\" value=\"Request service description\" \/><\/label>\n<\/p><div class=\"wpcf7-response-output\" aria-hidden=\"true\"><\/div>\n<\/form>\n<\/div>\n[\/vc_column_inner][vc_column_inner width=&#8220;2\/3&#8243;][\/vc_column_inner][\/vc_row_inner][\/vc_column][\/vc_row]<\/p>\n<\/div>","protected":false},"excerpt":{"rendered":"<p>[vc_row][vc_column][vc_empty_space][\/vc_column][\/vc_row][vc_row][vc_column width=&#8220;3\/5&#8243;][vc_column_text]Der interne Lizenzpr\u00fcfung-Service befasst sich mit dem Szenario, in dem Ihr Unternehmen eine erfolgreiche Lizenzposition aufbauen m\u00f6chte. Wir simulieren die Situation, in der Oracle Ihre Umgebung einem Audit unterzieht. Ein internes Lizenzpr\u00fcfung umfasst: Ermittlung der H\u00f6he des finanziellen Risikos; Unterst\u00fctzung f\u00fcr Ihre effektive Lizenzposition (ELP); Anleitung Ihres Teams, um Compliance-Risiken zu reduzieren. Das Gesamtergebnis&hellip;<\/p>\n","protected":false},"author":1,"featured_media":0,"parent":9970,"menu_order":100,"comment_status":"closed","ping_status":"closed","template":"","meta":{"footnotes":""},"class_list":["post-9322","page","type-page","status-publish","hentry","description-off"],"yoast_head":"<!-- This site is optimized with the Yoast SEO Premium plugin v25.2 (Yoast SEO v26.8) - https:\/\/yoast.com\/product\/yoast-seo-premium-wordpress\/ -->\n<title>Interne Lizenzpr\u00fcfung - License Consulting<\/title>\n<meta name=\"description\" content=\"F\u00fchren Sie eine interne Revision durch, bevor Oracle nach einer fragt - Treffen Sie fundierte Entscheidungen \u00fcber Ihre Bereitstellung - Kostenlose Audit-Skripte verf\u00fcgbar - Referenzen weltweit!\" \/>\n<meta name=\"robots\" content=\"index, follow, max-snippet:-1, max-image-preview:large, max-video-preview:-1\" \/>\n<link rel=\"canonical\" href=\"https:\/\/licenseconsulting.com\/de\/dienstleistungen\/interne-lizenzprufung\/\" \/>\n<meta property=\"og:locale\" content=\"de_DE\" \/>\n<meta property=\"og:type\" content=\"article\" \/>\n<meta property=\"og:title\" content=\"Interne Lizenzpr\u00fcfung\" \/>\n<meta property=\"og:description\" content=\"Der interne Lizenzpr\u00fcfung-Service befasst sich mit dem Szenario, in dem Ihr Unternehmen eine erfolgreiche Lizenzposition aufbauen m\u00f6chte. Wir simulieren\" \/>\n<meta property=\"og:url\" content=\"https:\/\/licenseconsulting.com\/de\/dienstleistungen\/interne-lizenzprufung\/\" \/>\n<meta property=\"og:site_name\" content=\"License Consulting\" \/>\n<meta property=\"article:modified_time\" content=\"2020-05-07T10:18:48+00:00\" \/>\n<meta name=\"twitter:card\" content=\"summary_large_image\" \/>\n<meta name=\"twitter:site\" content=\"@OracleLicensing\" \/>\n<meta name=\"twitter:label1\" content=\"Gesch\u00e4tzte Lesezeit\" \/>\n\t<meta name=\"twitter:data1\" content=\"4\u00a0Minuten\" \/>\n<script type=\"application\/ld+json\" class=\"yoast-schema-graph\">{\"@context\":\"https:\/\/schema.org\",\"@graph\":[{\"@type\":\"WebPage\",\"@id\":\"https:\/\/licenseconsulting.com\/de\/dienstleistungen\/interne-lizenzprufung\/\",\"url\":\"https:\/\/licenseconsulting.com\/de\/dienstleistungen\/interne-lizenzprufung\/\",\"name\":\"Interne Lizenzpr\u00fcfung - License Consulting\",\"isPartOf\":{\"@id\":\"https:\/\/licenseconsulting.com\/de\/#website\"},\"datePublished\":\"2019-10-04T10:36:38+00:00\",\"dateModified\":\"2020-05-07T10:18:48+00:00\",\"description\":\"F\u00fchren Sie eine interne Revision durch, bevor Oracle nach einer fragt - Treffen Sie fundierte Entscheidungen \u00fcber Ihre Bereitstellung - Kostenlose Audit-Skripte verf\u00fcgbar - Referenzen weltweit!\",\"breadcrumb\":{\"@id\":\"https:\/\/licenseconsulting.com\/de\/dienstleistungen\/interne-lizenzprufung\/#breadcrumb\"},\"inLanguage\":\"de\",\"potentialAction\":[{\"@type\":\"ReadAction\",\"target\":[\"https:\/\/licenseconsulting.com\/de\/dienstleistungen\/interne-lizenzprufung\/\"]}]},{\"@type\":\"BreadcrumbList\",\"@id\":\"https:\/\/licenseconsulting.com\/de\/dienstleistungen\/interne-lizenzprufung\/#breadcrumb\",\"itemListElement\":[{\"@type\":\"ListItem\",\"position\":1,\"name\":\"Home\",\"item\":\"https:\/\/licenseconsulting.com\/de\/\"},{\"@type\":\"ListItem\",\"position\":2,\"name\":\"Dienstleistungen\",\"item\":\"https:\/\/licenseconsulting.com\/de\/dienstleistungen\/\"},{\"@type\":\"ListItem\",\"position\":3,\"name\":\"Interne Lizenzpr\u00fcfung\"}]},{\"@type\":\"WebSite\",\"@id\":\"https:\/\/licenseconsulting.com\/de\/#website\",\"url\":\"https:\/\/licenseconsulting.com\/de\/\",\"name\":\"License Consulting\",\"description\":\"Oracle License Compliance Company\",\"publisher\":{\"@id\":\"https:\/\/licenseconsulting.com\/de\/#organization\"},\"potentialAction\":[{\"@type\":\"SearchAction\",\"target\":{\"@type\":\"EntryPoint\",\"urlTemplate\":\"https:\/\/licenseconsulting.com\/de\/?s={search_term_string}\"},\"query-input\":{\"@type\":\"PropertyValueSpecification\",\"valueRequired\":true,\"valueName\":\"search_term_string\"}}],\"inLanguage\":\"de\"},{\"@type\":\"Organization\",\"@id\":\"https:\/\/licenseconsulting.com\/de\/#organization\",\"name\":\"License Consulting BV\",\"url\":\"https:\/\/licenseconsulting.com\/de\/\",\"logo\":{\"@type\":\"ImageObject\",\"inLanguage\":\"de\",\"@id\":\"https:\/\/licenseconsulting.com\/de\/#\/schema\/logo\/image\/\",\"url\":\"https:\/\/licenseconsulting.com\/wp-content\/uploads\/2020\/07\/LC-logo-2019-768x144-1.png\",\"contentUrl\":\"https:\/\/licenseconsulting.com\/wp-content\/uploads\/2020\/07\/LC-logo-2019-768x144-1.png\",\"width\":768,\"height\":144,\"caption\":\"License Consulting BV\"},\"image\":{\"@id\":\"https:\/\/licenseconsulting.com\/de\/#\/schema\/logo\/image\/\"},\"sameAs\":[\"https:\/\/x.com\/OracleLicensing\",\"https:\/\/www.linkedin.com\/company\/license-consulting\/\"]}]}<\/script>\n<!-- \/ Yoast SEO Premium plugin. -->","yoast_head_json":{"title":"Interne Lizenzpr\u00fcfung - License Consulting","description":"F\u00fchren Sie eine interne Revision durch, bevor Oracle nach einer fragt - Treffen Sie fundierte Entscheidungen \u00fcber Ihre Bereitstellung - Kostenlose Audit-Skripte verf\u00fcgbar - Referenzen weltweit!","robots":{"index":"index","follow":"follow","max-snippet":"max-snippet:-1","max-image-preview":"max-image-preview:large","max-video-preview":"max-video-preview:-1"},"canonical":"https:\/\/licenseconsulting.com\/de\/dienstleistungen\/interne-lizenzprufung\/","og_locale":"de_DE","og_type":"article","og_title":"Interne Lizenzpr\u00fcfung","og_description":"Der interne Lizenzpr\u00fcfung-Service befasst sich mit dem Szenario, in dem Ihr Unternehmen eine erfolgreiche Lizenzposition aufbauen m\u00f6chte. Wir simulieren","og_url":"https:\/\/licenseconsulting.com\/de\/dienstleistungen\/interne-lizenzprufung\/","og_site_name":"License Consulting","article_modified_time":"2020-05-07T10:18:48+00:00","twitter_card":"summary_large_image","twitter_site":"@OracleLicensing","twitter_misc":{"Gesch\u00e4tzte Lesezeit":"4\u00a0Minuten"},"schema":{"@context":"https:\/\/schema.org","@graph":[{"@type":"WebPage","@id":"https:\/\/licenseconsulting.com\/de\/dienstleistungen\/interne-lizenzprufung\/","url":"https:\/\/licenseconsulting.com\/de\/dienstleistungen\/interne-lizenzprufung\/","name":"Interne Lizenzpr\u00fcfung - License Consulting","isPartOf":{"@id":"https:\/\/licenseconsulting.com\/de\/#website"},"datePublished":"2019-10-04T10:36:38+00:00","dateModified":"2020-05-07T10:18:48+00:00","description":"F\u00fchren Sie eine interne Revision durch, bevor Oracle nach einer fragt - Treffen Sie fundierte Entscheidungen \u00fcber Ihre Bereitstellung - Kostenlose Audit-Skripte verf\u00fcgbar - Referenzen weltweit!","breadcrumb":{"@id":"https:\/\/licenseconsulting.com\/de\/dienstleistungen\/interne-lizenzprufung\/#breadcrumb"},"inLanguage":"de","potentialAction":[{"@type":"ReadAction","target":["https:\/\/licenseconsulting.com\/de\/dienstleistungen\/interne-lizenzprufung\/"]}]},{"@type":"BreadcrumbList","@id":"https:\/\/licenseconsulting.com\/de\/dienstleistungen\/interne-lizenzprufung\/#breadcrumb","itemListElement":[{"@type":"ListItem","position":1,"name":"Home","item":"https:\/\/licenseconsulting.com\/de\/"},{"@type":"ListItem","position":2,"name":"Dienstleistungen","item":"https:\/\/licenseconsulting.com\/de\/dienstleistungen\/"},{"@type":"ListItem","position":3,"name":"Interne Lizenzpr\u00fcfung"}]},{"@type":"WebSite","@id":"https:\/\/licenseconsulting.com\/de\/#website","url":"https:\/\/licenseconsulting.com\/de\/","name":"License Consulting","description":"Oracle License Compliance Company","publisher":{"@id":"https:\/\/licenseconsulting.com\/de\/#organization"},"potentialAction":[{"@type":"SearchAction","target":{"@type":"EntryPoint","urlTemplate":"https:\/\/licenseconsulting.com\/de\/?s={search_term_string}"},"query-input":{"@type":"PropertyValueSpecification","valueRequired":true,"valueName":"search_term_string"}}],"inLanguage":"de"},{"@type":"Organization","@id":"https:\/\/licenseconsulting.com\/de\/#organization","name":"License Consulting BV","url":"https:\/\/licenseconsulting.com\/de\/","logo":{"@type":"ImageObject","inLanguage":"de","@id":"https:\/\/licenseconsulting.com\/de\/#\/schema\/logo\/image\/","url":"https:\/\/licenseconsulting.com\/wp-content\/uploads\/2020\/07\/LC-logo-2019-768x144-1.png","contentUrl":"https:\/\/licenseconsulting.com\/wp-content\/uploads\/2020\/07\/LC-logo-2019-768x144-1.png","width":768,"height":144,"caption":"License Consulting BV"},"image":{"@id":"https:\/\/licenseconsulting.com\/de\/#\/schema\/logo\/image\/"},"sameAs":["https:\/\/x.com\/OracleLicensing","https:\/\/www.linkedin.com\/company\/license-consulting\/"]}]}},"_links":{"self":[{"href":"https:\/\/licenseconsulting.com\/de\/wp-json\/wp\/v2\/pages\/9322","targetHints":{"allow":["GET"]}}],"collection":[{"href":"https:\/\/licenseconsulting.com\/de\/wp-json\/wp\/v2\/pages"}],"about":[{"href":"https:\/\/licenseconsulting.com\/de\/wp-json\/wp\/v2\/types\/page"}],"author":[{"embeddable":true,"href":"https:\/\/licenseconsulting.com\/de\/wp-json\/wp\/v2\/users\/1"}],"replies":[{"embeddable":true,"href":"https:\/\/licenseconsulting.com\/de\/wp-json\/wp\/v2\/comments?post=9322"}],"version-history":[{"count":11,"href":"https:\/\/licenseconsulting.com\/de\/wp-json\/wp\/v2\/pages\/9322\/revisions"}],"predecessor-version":[{"id":12025,"href":"https:\/\/licenseconsulting.com\/de\/wp-json\/wp\/v2\/pages\/9322\/revisions\/12025"}],"up":[{"embeddable":true,"href":"https:\/\/licenseconsulting.com\/de\/wp-json\/wp\/v2\/pages\/9970"}],"wp:attachment":[{"href":"https:\/\/licenseconsulting.com\/de\/wp-json\/wp\/v2\/media?parent=9322"}],"curies":[{"name":"wp","href":"https:\/\/api.w.org\/{rel}","templated":true}]}}