{"id":9281,"date":"2019-10-04T10:01:27","date_gmt":"2019-10-04T10:01:27","guid":{"rendered":"https:\/\/lcs.upseo.nl\/oracle-lms-audit-verhandlungen\/"},"modified":"2020-05-04T10:55:23","modified_gmt":"2020-05-04T10:55:23","slug":"oracle-lms-audit-verhandlungen","status":"publish","type":"page","link":"https:\/\/licenseconsulting.com\/de\/dienstleistungen\/oracle-lms-audit-verhandlungen\/","title":{"rendered":"Oracle LMS Audit-Verhandlungen"},"content":{"rendered":"<div class=\"wpb-content-wrapper\"><p>[vc_row][vc_column]<div id=\"ultimate-heading-483869d7b9b6e867e\" class=\"uvc-heading ult-adjust-bottom-margin ultimate-heading-483869d7b9b6e867e uvc-5362 \" data-hspacer=\"no_spacer\"  data-halign=\"left\" style=\"text-align:left\"><div class=\"uvc-heading-spacer no_spacer\" style=\"top\"><\/div><div class=\"uvc-main-heading ult-responsive\"  data-ultimate-target='.uvc-heading.ultimate-heading-483869d7b9b6e867e h2'  data-responsive-json-new='{\"font-size\":\"desktop:26px;\",\"line-height\":\"desktop:32px;\"}' ><h2 style=\"--font-weight:theme;margin-bottom:20px;\">ORACLE LMS HAT EINEN ERHEBLICHEN COMPLIANCE-ANSPRUCH GELTEND GEMACHT.<\/h2><\/div><\/div>[vc_empty_space][\/vc_column][\/vc_row][vc_row][vc_column width=&#8220;3\/5&#8243;][vc_column_text]Die Oracle LMS-Auditverhandlungen befassen sich mit dem Szenario, in dem Oracle LMS oder einer ihrer Audit-Partner ein Compliance-Audit in ihrem Unternehmen durchgef\u00fchrt hat. Der Service kann zu jedem Zeitpunkt vor der Unterzeichnung eines Vorschlages von Oracle beginnen.<\/p>\n<p>Alle Berater, die sich an diesen Projekten beteiligen, sind ehemalige LMS-Auditoren und verf\u00fcgen \u00fcber mehr als 10 Jahre Erfahrung bei der Verteidigung von Kunden gegen Audit-Anspr\u00fcche von Oracle LMS. Aufgrund Hunderter erfolgreicher Projekte &#8211; und weil unsere Berater die Strategien von Oracle genau kennen &#8211; k\u00f6nnen wir wie kein anderer beraten.<\/p>\n<p>Unser \u00fcbergeordnetes Ziel ist es, eine Reduzierung des Anspruchs \u00fcber die eigenen M\u00f6glichkeiten unseres Kunden hinaus zu gew\u00e4hrleisten. Dar\u00fcber hinaus wird sichergestellt, dass die Vergleiche f\u00fcr die IT-Roadmap technisch &amp; vertraglich tragf\u00e4hig sind. Bei jedem Auftrag wird entschieden, ob License Consulting besser im Vorder- oder Hintergrund positioniert ist, um Ihre Erwartungen zu \u00fcbertreffen.[\/vc_column_text][\/vc_column][vc_column width=&#8220;2\/5&#8243;]<style type=\"text\/css\" data-type=\"the7_shortcodes-inline-css\">.shortcode-single-image-wrap.shortcode-single-image-c7db6814cba10198514f54f96c9dd5aa.enable-bg-rollover .rollover i,\n.shortcode-single-image-wrap.shortcode-single-image-c7db6814cba10198514f54f96c9dd5aa.enable-bg-rollover .rollover-video i {\n  background: ;\n  background: -webkit-linear-gradient();\n  background: linear-gradient();\n}\n.shortcode-single-image-wrap.shortcode-single-image-c7db6814cba10198514f54f96c9dd5aa .rollover-icon {\n  font-size: 32px;\n  color: #ffffff;\n  min-width: 44px;\n  min-height: 44px;\n  line-height: 44px;\n  border-radius: 100px;\n  border-style: solid;\n  border-width: 0px;\n}\n.dt-icon-bg-on.shortcode-single-image-wrap.shortcode-single-image-c7db6814cba10198514f54f96c9dd5aa .rollover-icon {\n  background: rgba(255,255,255,0.3);\n  box-shadow: none;\n}\n<\/style><div class=\"shortcode-single-image-wrap shortcode-single-image-c7db6814cba10198514f54f96c9dd5aa alignnone fadeIn animate-element  enable-bg-rollover dt-icon-bg-off\" style=\"margin-top:0px; margin-bottom:0px; margin-left:0px; margin-right:0px; width:600px;\"><div class=\"shortcode-single-image\"><div class=\"fancy-media-wrap  layzr-bg\" style=\"\"><img fetchpriority=\"high\" decoding=\"async\" class=\"preload-me lazy-load aspect\" src=\"data:image\/svg+xml,%3Csvg%20xmlns%3D&#39;http%3A%2F%2Fwww.w3.org%2F2000%2Fsvg&#39;%20viewBox%3D&#39;0%200%20600%20631&#39;%2F%3E\" data-src=\"https:\/\/licenseconsulting.com\/wp-content\/uploads\/2020\/03\/Oracle-LMS-Audit-Negotiations2-1-600x631.png\" data-srcset=\"https:\/\/licenseconsulting.com\/wp-content\/uploads\/2020\/03\/Oracle-LMS-Audit-Negotiations2-1-600x631.png 600w, https:\/\/licenseconsulting.com\/wp-content\/uploads\/2020\/03\/Oracle-LMS-Audit-Negotiations2-1.png 800w\" loading=\"eager\" sizes=\"(max-width: 600px) 100vw, 600px\" width=\"600\" height=\"631\"  data-dt-location=\"https:\/\/licenseconsulting.com\/de\/services\/oracle-lms-audit-negotiations\/attachment\/oracle-lms-audit-negotiations2-2\/\" style=\"--ratio: 600 \/ 631;\" alt=\"Oracle-LMS-Audit-Negotiations2\" \/><\/div><\/div><\/div>[vc_empty_space][\/vc_column][\/vc_row][vc_row type=&#8220;vc_default&#8220;][vc_column css=&#8220;.vc_custom_1498229431694{padding-bottom: 50px !important;}&#8220;]<div id=\"ultimate-heading-938369d7b9b6e915c\" class=\"uvc-heading ult-adjust-bottom-margin ultimate-heading-938369d7b9b6e915c uvc-1320 \" data-hspacer=\"no_spacer\"  data-halign=\"left\" style=\"text-align:left\"><div class=\"uvc-heading-spacer no_spacer\" style=\"top\"><\/div><div class=\"uvc-main-heading ult-responsive\"  data-ultimate-target='.uvc-heading.ultimate-heading-938369d7b9b6e915c h2'  data-responsive-json-new='{\"font-size\":\"desktop:26px;\",\"line-height\":\"desktop:32px;\"}' ><h2 style=\"font-weight:bold;margin-bottom:20px;\">Projekt-Schritte<\/h2><\/div><div class=\"uvc-sub-heading ult-responsive\"  data-ultimate-target='.uvc-heading.ultimate-heading-938369d7b9b6e915c .uvc-sub-heading '  data-responsive-json-new='{\"font-size\":\"\",\"line-height\":\"\"}'  style=\"font-weight:normal;\">Nachfolgend sind die Schritte dieses Services aufgef\u00fchrt. Jeder Schritt ist in Inputs, Aktivit\u00e4ten und Outputs unterteilt: Einzelheiten sind in der vollst\u00e4ndigen Dienstbeschreibung angegeben. (Antrag siehe unten)<\/div><\/div>[\/vc_column][\/vc_row][vc_row][vc_column width=&#8220;5\/6&#8243;]<div class=\"smile_icon_list_wrap ult_info_list_container ult-adjust-bottom-margin   vc_custom_1569162887863\"><ul class=\"smile_icon_list left hexagon\"><li class=\"icon_list_item\" style=\" font-size:48px;\"><div class=\"icon_list_icon\" data-animation=\"\" data-animation-delay=\"03\" style=\"font-size:16px;background:#39a8e0;color:#ffffff;border-color:#39a8e0;\"><img decoding=\"async\" class=\"list-img-icon\" alt=\"null\" src=\"https:\/\/licenseconsulting.com\/wp-content\/uploads\/2019\/09\/license-consulting-icon32-white2.png\"\/><\/div><div class=\"icon_description\" id=\"Info-list-wrap-1075\" style=\"font-size:16px;\"><h3 class=\"ult-responsive info-list-heading\"  data-ultimate-target='#Info-list-wrap-1075 h3'  data-responsive-json-new='{\"font-size\":\"desktop:16px;\",\"line-height\":\"desktop:22px;\"}'  style=\"font-family:&#039;Open Sans Condensed&#039;;font-weight:700;\">48-Stunden-Bewertung<\/h3><div class=\"icon_description_text ult-responsive\"  data-ultimate-target='#Info-list-wrap-1075 .icon_description_text'  data-responsive-json-new='{\"font-size\":\"desktop:12px;\",\"line-height\":\"desktop:20px;\"}'  style=\"\"><p>Diese Phase konzentriert sich auf eine Bewertung aller Daten, die bereits w\u00e4hrend des Auditprozesses mit Oracle geteilt wurden.<\/p>\n<\/div><\/div><div class=\"icon_list_connector\"  style=\"border-right-width: 1px;border-right-style: dashed;border-color: #39a8e0;\"><\/div><\/li><li class=\"icon_list_item\" style=\" font-size:48px;\"><div class=\"icon_list_icon\" data-animation=\"\" data-animation-delay=\"03\" style=\"font-size:16px;background:#39a8e0;color:#ffffff;border-color:#39a8e0;\"><img decoding=\"async\" class=\"list-img-icon\" alt=\"null\" src=\"https:\/\/licenseconsulting.com\/wp-content\/uploads\/2019\/09\/license-consulting-icon32-white2.png\"\/><\/div><div class=\"icon_description\" id=\"Info-list-wrap-3957\" style=\"font-size:16px;\"><h3 class=\"ult-responsive info-list-heading\"  data-ultimate-target='#Info-list-wrap-3957 h3'  data-responsive-json-new='{\"font-size\":\"desktop:16px;\",\"line-height\":\"desktop:22px;\"}'  style=\"font-family:&#039;Open Sans Condensed&#039;;font-weight:700;\">DER STELLUNGNAHME ZUSTIMMEN<\/h3><div class=\"icon_description_text ult-responsive\"  data-ultimate-target='#Info-list-wrap-3957 .icon_description_text'  data-responsive-json-new='{\"font-size\":\"desktop:12px;\",\"line-height\":\"desktop:20px;\"}'  style=\"\"><p>Unmittelbar nach der Beurteilung unterbreiten wir einen Vorschlag, in dem wir beschreiben, in welchen Bereichen wir die Ergebnisse zu Gunsten der Kunden verbessern k\u00f6nnen.<\/p>\n<\/div><\/div><div class=\"icon_list_connector\"  style=\"border-right-width: 1px;border-right-style: dashed;border-color: #39a8e0;\"><\/div><\/li><li class=\"icon_list_item\" style=\" font-size:48px;\"><div class=\"icon_list_icon\" data-animation=\"\" data-animation-delay=\"03\" style=\"font-size:16px;background:#39a8e0;color:#ffffff;border-color:#39a8e0;\"><img decoding=\"async\" class=\"list-img-icon\" alt=\"null\" src=\"https:\/\/licenseconsulting.com\/wp-content\/uploads\/2019\/09\/license-consulting-icon32-white2.png\"\/><\/div><div class=\"icon_description\" id=\"Info-list-wrap-1453\" style=\"font-size:16px;\"><h3 class=\"ult-responsive info-list-heading\"  data-ultimate-target='#Info-list-wrap-1453 h3'  data-responsive-json-new='{\"font-size\":\"desktop:16px;\",\"line-height\":\"desktop:22px;\"}'  style=\"font-family:&#039;Open Sans Condensed&#039;;font-weight:700;\">VERHANDLUNGSSTRATEGIE VEREINBAREN &amp; AUSF\u00dcHREN<\/h3><div class=\"icon_description_text ult-responsive\"  data-ultimate-target='#Info-list-wrap-1453 .icon_description_text'  data-responsive-json-new='{\"font-size\":\"desktop:12px;\",\"line-height\":\"desktop:20px;\"}'  style=\"\"><p>In dieser Phase wird dem Kunden der vollst\u00e4ndige Beurteilungsbericht vorgelegt, in dem dargelegt wird, welche Verbesserungen m\u00f6glich sind. Unser Kunde gewinnt Klarheit dar\u00fcber, welche &#8211; und warum &#8211; einige von Oracles Schlussfolgerungen dem Gesetz oder dem lauteren Verhalten nicht standhalten und wie Oracle wirksam begegnet werden kann.<\/p>\n<\/div><\/div><div class=\"icon_list_connector\"  style=\"border-right-width: 1px;border-right-style: dashed;border-color: #39a8e0;\"><\/div><\/li><\/ul><\/div>[\/vc_column][vc_column width=&#8220;1\/6&#8243;][\/vc_column][\/vc_row][vc_row][vc_column][vc_empty_space][vc_column_text]Mit dem Kunden vereinbaren wir die Ausf\u00fchrung der Verhandlungsstrategie. Im Gegensatz zu anderen &#8222;Procurement Consultancy Firms&#8220; k\u00f6nnen wir uns tats\u00e4chlich mit Ihnen an den Verhandlungstisch setzen und jahrzehntelange Erfahrung in diesem Bereich in die Verhandlungen einbringen.[\/vc_column_text][vc_empty_space][\/vc_column][\/vc_row][vc_row css=&#8220;.vc_custom_1585069730051{padding-top: -10px !important;padding-bottom: -10px !important;background-color: #f4f4f4 !important;}&#8220; el_class=&#8220;blok1&#8243;][vc_column][vc_column_text]<\/p>\n<h3>100% unabh\u00e4ngig &amp; vertraulich<\/h3>\n<p>License Consulting verkauft keine Lizenzen und profitiert in keiner Weise vom Lizenzverkauf.<br \/>\n<a style=\"font-weight: normal;\" href=\"https:\/\/licenseconsulting.com\/de\/dienstleistungen\/\">Sehen Sie sich alle unsere Dienstleistungen an. <\/a>[\/vc_column_text][\/vc_column][\/vc_row][vc_row][vc_column][vc_row_inner][vc_column_inner width=&#8220;2\/5&#8243;]<style type=\"text\/css\" data-type=\"the7_shortcodes-inline-css\">.shortcode-single-image-wrap.shortcode-single-image-ecdde9db633364203d993573fefc7f9c.enable-bg-rollover .rollover i,\n.shortcode-single-image-wrap.shortcode-single-image-ecdde9db633364203d993573fefc7f9c.enable-bg-rollover .rollover-video i {\n  background: ;\n  background: -webkit-linear-gradient();\n  background: linear-gradient();\n}\n.shortcode-single-image-wrap.shortcode-single-image-ecdde9db633364203d993573fefc7f9c .rollover-icon {\n  font-size: 32px;\n  color: #ffffff;\n  min-width: 44px;\n  min-height: 44px;\n  line-height: 44px;\n  border-radius: 100px;\n  border-style: solid;\n  border-width: 0px;\n}\n.dt-icon-bg-on.shortcode-single-image-wrap.shortcode-single-image-ecdde9db633364203d993573fefc7f9c .rollover-icon {\n  background: rgba(255,255,255,0.3);\n  box-shadow: none;\n}\n<\/style><div class=\"shortcode-single-image-wrap shortcode-single-image-ecdde9db633364203d993573fefc7f9c alignnone fadeIn animate-element  enable-bg-rollover dt-icon-bg-off\" style=\"margin-top:0px; margin-bottom:0px; margin-left:0px; margin-right:0px; width:500px;\"><div class=\"shortcode-single-image\"><div class=\"fancy-media-wrap  layzr-bg\" style=\"\"><img decoding=\"async\" class=\"preload-me lazy-load aspect\" src=\"data:image\/svg+xml,%3Csvg%20xmlns%3D&#39;http%3A%2F%2Fwww.w3.org%2F2000%2Fsvg&#39;%20viewBox%3D&#39;0%200%20500%20706&#39;%2F%3E\" data-src=\"https:\/\/licenseconsulting.com\/wp-content\/uploads\/2019\/09\/ORACLE-LMS-AUDIT-NEGOTIATIONS-500x706.jpg\" data-srcset=\"https:\/\/licenseconsulting.com\/wp-content\/uploads\/2019\/09\/ORACLE-LMS-AUDIT-NEGOTIATIONS-500x706.jpg 500w, https:\/\/licenseconsulting.com\/wp-content\/uploads\/2019\/09\/ORACLE-LMS-AUDIT-NEGOTIATIONS.jpg 905w\" loading=\"eager\" sizes=\"(max-width: 500px) 100vw, 500px\" width=\"500\" height=\"706\"  data-dt-location=\"https:\/\/licenseconsulting.com\/de\/home\/attachment\/oracle-lms-audit-negotiations\/\" style=\"--ratio: 500 \/ 706;box-shadow:5px 5px 5px 5px rgba(0,0,0,0.6); -webkit-box-shadow:5px 5px 5px 5px rgba(0,0,0,0.6);\" alt=\"ORACLE-LMS-AUDIT-NEGOTIATIONS\" \/><\/div><\/div><\/div>[\/vc_column_inner][vc_column_inner width=&#8220;3\/5&#8243;]<div id=\"ultimate-heading-510569d7b9b6e9d55\" class=\"uvc-heading ult-adjust-bottom-margin ultimate-heading-510569d7b9b6e9d55 uvc-3745 accent-border-color\" data-hspacer=\"no_spacer\"  data-halign=\"left\" style=\"text-align:left\"><div class=\"uvc-heading-spacer no_spacer\" style=\"top\"><\/div><div class=\"uvc-main-heading ult-responsive\"  data-ultimate-target='.uvc-heading.ultimate-heading-510569d7b9b6e9d55 h4'  data-responsive-json-new='{\"font-size\":\"desktop:26px;\",\"line-height\":\"desktop:32px;\"}' ><h4 style=\"font-weight:bold;margin-bottom:20px;\">Fordern Sie diese Leistungsbeschreibung an<\/h4><\/div><\/div>\n<div class=\"wpcf7 no-js\" id=\"wpcf7-f11232-o1\" lang=\"en-US\" dir=\"ltr\" data-wpcf7-id=\"11232\">\n<div class=\"screen-reader-response\"><p role=\"status\" aria-live=\"polite\" aria-atomic=\"true\"><\/p> <ul><\/ul><\/div>\n<form action=\"\/de\/wp-json\/wp\/v2\/pages\/9281#wpcf7-f11232-o1\" method=\"post\" class=\"wpcf7-form init\" aria-label=\"Contact form\" novalidate=\"novalidate\" data-status=\"init\">\n<div style=\"display: none;\">\n<input type=\"hidden\" name=\"_wpcf7\" value=\"11232\" \/>\n<input type=\"hidden\" name=\"_wpcf7_version\" value=\"6.0.6\" \/>\n<input type=\"hidden\" name=\"_wpcf7_locale\" value=\"en_US\" \/>\n<input type=\"hidden\" name=\"_wpcf7_unit_tag\" value=\"wpcf7-f11232-o1\" \/>\n<input type=\"hidden\" name=\"_wpcf7_container_post\" value=\"0\" \/>\n<input type=\"hidden\" name=\"_wpcf7_posted_data_hash\" value=\"\" \/>\n<input type=\"hidden\" name=\"_wpcf7_recaptcha_response\" value=\"\" \/>\n<\/div>\n<p>In order to receive the Oracle LMS Audit Negotiations service description we require you to complete the form below.\n<\/p>\n<p><label> Your Name (required)<br \/>\n<span class=\"wpcf7-form-control-wrap\" data-name=\"your-name\"><input size=\"40\" maxlength=\"400\" class=\"wpcf7-form-control wpcf7-text wpcf7-validates-as-required\" aria-required=\"true\" aria-invalid=\"false\" value=\"\" type=\"text\" name=\"your-name\" \/><\/span> <\/label>\n<\/p>\n<p><label> Your Email (required)<br \/>\n<span class=\"wpcf7-form-control-wrap\" data-name=\"your-email\"><input size=\"40\" maxlength=\"400\" class=\"wpcf7-form-control wpcf7-email wpcf7-validates-as-required wpcf7-text wpcf7-validates-as-email\" aria-required=\"true\" aria-invalid=\"false\" value=\"\" type=\"email\" name=\"your-email\" \/><\/span> <\/label>\n<\/p>\n<p><label> Your Company (optional)<br \/>\n<span class=\"wpcf7-form-control-wrap\" data-name=\"your-company\"><input size=\"40\" maxlength=\"400\" class=\"wpcf7-form-control wpcf7-text\" aria-invalid=\"false\" value=\"\" type=\"text\" name=\"your-company\" \/><\/span><br \/>\n<input class=\"wpcf7-form-control wpcf7-submit has-spinner\" type=\"submit\" value=\"Request service description\" \/><\/label>\n<\/p><div class=\"wpcf7-response-output\" aria-hidden=\"true\"><\/div>\n<\/form>\n<\/div>\n[\/vc_column_inner][vc_column_inner][\/vc_column_inner][\/vc_row_inner][\/vc_column][\/vc_row]<\/p>\n<\/div>","protected":false},"excerpt":{"rendered":"<p>[vc_row][vc_column][vc_empty_space][\/vc_column][\/vc_row][vc_row][vc_column width=&#8220;3\/5&#8243;][vc_column_text]Die Oracle LMS-Auditverhandlungen befassen sich mit dem Szenario, in dem Oracle LMS oder einer ihrer Audit-Partner ein Compliance-Audit in ihrem Unternehmen durchgef\u00fchrt hat. Der Service kann zu jedem Zeitpunkt vor der Unterzeichnung eines Vorschlages von Oracle beginnen. Alle Berater, die sich an diesen Projekten beteiligen, sind ehemalige LMS-Auditoren und verf\u00fcgen \u00fcber mehr als 10&hellip;<\/p>\n","protected":false},"author":1,"featured_media":0,"parent":9970,"menu_order":0,"comment_status":"closed","ping_status":"closed","template":"","meta":{"footnotes":""},"class_list":["post-9281","page","type-page","status-publish","hentry","description-off"],"yoast_head":"<!-- This site is optimized with the Yoast SEO Premium plugin v25.2 (Yoast SEO v26.8) - https:\/\/yoast.com\/product\/yoast-seo-premium-wordpress\/ -->\n<title>Oracle LMS Audit-Verhandlungen - License Consulting<\/title>\n<meta name=\"description\" content=\"Innerhalb von 48 Stunden stellen wir eine (kostenlose) Machbarkeitsstudie zur Verf\u00fcgung, in der detailliert beschrieben wird, ob wir bei der Minderung eines Compliance-Anspruchs helfen k\u00f6nnen. Garantierte Ergebnisse, weltweite Referenzen.\" \/>\n<meta name=\"robots\" content=\"index, follow, max-snippet:-1, max-image-preview:large, max-video-preview:-1\" \/>\n<link rel=\"canonical\" href=\"https:\/\/licenseconsulting.com\/de\/dienstleistungen\/oracle-lms-audit-verhandlungen\/\" \/>\n<meta property=\"og:locale\" content=\"de_DE\" \/>\n<meta property=\"og:type\" content=\"article\" \/>\n<meta property=\"og:title\" content=\"Oracle LMS Audit-Verhandlungen\" \/>\n<meta property=\"og:description\" content=\"Die Oracle LMS-Auditverhandlungen befassen sich mit dem Szenario, in dem Oracle LMS oder einer ihrer Audit-Partner ein Compliance-Audit in ihrem\" \/>\n<meta property=\"og:url\" content=\"https:\/\/licenseconsulting.com\/de\/dienstleistungen\/oracle-lms-audit-verhandlungen\/\" \/>\n<meta property=\"og:site_name\" content=\"License Consulting\" \/>\n<meta property=\"article:modified_time\" content=\"2020-05-04T10:55:23+00:00\" \/>\n<meta name=\"twitter:card\" content=\"summary_large_image\" \/>\n<meta name=\"twitter:site\" content=\"@OracleLicensing\" \/>\n<meta name=\"twitter:label1\" content=\"Gesch\u00e4tzte Lesezeit\" \/>\n\t<meta name=\"twitter:data1\" content=\"4\u00a0Minuten\" \/>\n<script type=\"application\/ld+json\" class=\"yoast-schema-graph\">{\"@context\":\"https:\/\/schema.org\",\"@graph\":[{\"@type\":\"WebPage\",\"@id\":\"https:\/\/licenseconsulting.com\/de\/dienstleistungen\/oracle-lms-audit-verhandlungen\/\",\"url\":\"https:\/\/licenseconsulting.com\/de\/dienstleistungen\/oracle-lms-audit-verhandlungen\/\",\"name\":\"Oracle LMS Audit-Verhandlungen - License Consulting\",\"isPartOf\":{\"@id\":\"https:\/\/licenseconsulting.com\/de\/#website\"},\"datePublished\":\"2019-10-04T10:01:27+00:00\",\"dateModified\":\"2020-05-04T10:55:23+00:00\",\"description\":\"Innerhalb von 48 Stunden stellen wir eine (kostenlose) Machbarkeitsstudie zur Verf\u00fcgung, in der detailliert beschrieben wird, ob wir bei der Minderung eines Compliance-Anspruchs helfen k\u00f6nnen. Garantierte Ergebnisse, weltweite Referenzen.\",\"breadcrumb\":{\"@id\":\"https:\/\/licenseconsulting.com\/de\/dienstleistungen\/oracle-lms-audit-verhandlungen\/#breadcrumb\"},\"inLanguage\":\"de\",\"potentialAction\":[{\"@type\":\"ReadAction\",\"target\":[\"https:\/\/licenseconsulting.com\/de\/dienstleistungen\/oracle-lms-audit-verhandlungen\/\"]}]},{\"@type\":\"BreadcrumbList\",\"@id\":\"https:\/\/licenseconsulting.com\/de\/dienstleistungen\/oracle-lms-audit-verhandlungen\/#breadcrumb\",\"itemListElement\":[{\"@type\":\"ListItem\",\"position\":1,\"name\":\"Home\",\"item\":\"https:\/\/licenseconsulting.com\/de\/\"},{\"@type\":\"ListItem\",\"position\":2,\"name\":\"Dienstleistungen\",\"item\":\"https:\/\/licenseconsulting.com\/de\/dienstleistungen\/\"},{\"@type\":\"ListItem\",\"position\":3,\"name\":\"Oracle LMS Audit-Verhandlungen\"}]},{\"@type\":\"WebSite\",\"@id\":\"https:\/\/licenseconsulting.com\/de\/#website\",\"url\":\"https:\/\/licenseconsulting.com\/de\/\",\"name\":\"License Consulting\",\"description\":\"Oracle License Compliance Company\",\"publisher\":{\"@id\":\"https:\/\/licenseconsulting.com\/de\/#organization\"},\"potentialAction\":[{\"@type\":\"SearchAction\",\"target\":{\"@type\":\"EntryPoint\",\"urlTemplate\":\"https:\/\/licenseconsulting.com\/de\/?s={search_term_string}\"},\"query-input\":{\"@type\":\"PropertyValueSpecification\",\"valueRequired\":true,\"valueName\":\"search_term_string\"}}],\"inLanguage\":\"de\"},{\"@type\":\"Organization\",\"@id\":\"https:\/\/licenseconsulting.com\/de\/#organization\",\"name\":\"License Consulting BV\",\"url\":\"https:\/\/licenseconsulting.com\/de\/\",\"logo\":{\"@type\":\"ImageObject\",\"inLanguage\":\"de\",\"@id\":\"https:\/\/licenseconsulting.com\/de\/#\/schema\/logo\/image\/\",\"url\":\"https:\/\/licenseconsulting.com\/wp-content\/uploads\/2020\/07\/LC-logo-2019-768x144-1.png\",\"contentUrl\":\"https:\/\/licenseconsulting.com\/wp-content\/uploads\/2020\/07\/LC-logo-2019-768x144-1.png\",\"width\":768,\"height\":144,\"caption\":\"License Consulting BV\"},\"image\":{\"@id\":\"https:\/\/licenseconsulting.com\/de\/#\/schema\/logo\/image\/\"},\"sameAs\":[\"https:\/\/x.com\/OracleLicensing\",\"https:\/\/www.linkedin.com\/company\/license-consulting\/\"]}]}<\/script>\n<!-- \/ Yoast SEO Premium plugin. -->","yoast_head_json":{"title":"Oracle LMS Audit-Verhandlungen - License Consulting","description":"Innerhalb von 48 Stunden stellen wir eine (kostenlose) Machbarkeitsstudie zur Verf\u00fcgung, in der detailliert beschrieben wird, ob wir bei der Minderung eines Compliance-Anspruchs helfen k\u00f6nnen. Garantierte Ergebnisse, weltweite Referenzen.","robots":{"index":"index","follow":"follow","max-snippet":"max-snippet:-1","max-image-preview":"max-image-preview:large","max-video-preview":"max-video-preview:-1"},"canonical":"https:\/\/licenseconsulting.com\/de\/dienstleistungen\/oracle-lms-audit-verhandlungen\/","og_locale":"de_DE","og_type":"article","og_title":"Oracle LMS Audit-Verhandlungen","og_description":"Die Oracle LMS-Auditverhandlungen befassen sich mit dem Szenario, in dem Oracle LMS oder einer ihrer Audit-Partner ein Compliance-Audit in ihrem","og_url":"https:\/\/licenseconsulting.com\/de\/dienstleistungen\/oracle-lms-audit-verhandlungen\/","og_site_name":"License Consulting","article_modified_time":"2020-05-04T10:55:23+00:00","twitter_card":"summary_large_image","twitter_site":"@OracleLicensing","twitter_misc":{"Gesch\u00e4tzte Lesezeit":"4\u00a0Minuten"},"schema":{"@context":"https:\/\/schema.org","@graph":[{"@type":"WebPage","@id":"https:\/\/licenseconsulting.com\/de\/dienstleistungen\/oracle-lms-audit-verhandlungen\/","url":"https:\/\/licenseconsulting.com\/de\/dienstleistungen\/oracle-lms-audit-verhandlungen\/","name":"Oracle LMS Audit-Verhandlungen - License Consulting","isPartOf":{"@id":"https:\/\/licenseconsulting.com\/de\/#website"},"datePublished":"2019-10-04T10:01:27+00:00","dateModified":"2020-05-04T10:55:23+00:00","description":"Innerhalb von 48 Stunden stellen wir eine (kostenlose) Machbarkeitsstudie zur Verf\u00fcgung, in der detailliert beschrieben wird, ob wir bei der Minderung eines Compliance-Anspruchs helfen k\u00f6nnen. Garantierte Ergebnisse, weltweite Referenzen.","breadcrumb":{"@id":"https:\/\/licenseconsulting.com\/de\/dienstleistungen\/oracle-lms-audit-verhandlungen\/#breadcrumb"},"inLanguage":"de","potentialAction":[{"@type":"ReadAction","target":["https:\/\/licenseconsulting.com\/de\/dienstleistungen\/oracle-lms-audit-verhandlungen\/"]}]},{"@type":"BreadcrumbList","@id":"https:\/\/licenseconsulting.com\/de\/dienstleistungen\/oracle-lms-audit-verhandlungen\/#breadcrumb","itemListElement":[{"@type":"ListItem","position":1,"name":"Home","item":"https:\/\/licenseconsulting.com\/de\/"},{"@type":"ListItem","position":2,"name":"Dienstleistungen","item":"https:\/\/licenseconsulting.com\/de\/dienstleistungen\/"},{"@type":"ListItem","position":3,"name":"Oracle LMS Audit-Verhandlungen"}]},{"@type":"WebSite","@id":"https:\/\/licenseconsulting.com\/de\/#website","url":"https:\/\/licenseconsulting.com\/de\/","name":"License Consulting","description":"Oracle License Compliance Company","publisher":{"@id":"https:\/\/licenseconsulting.com\/de\/#organization"},"potentialAction":[{"@type":"SearchAction","target":{"@type":"EntryPoint","urlTemplate":"https:\/\/licenseconsulting.com\/de\/?s={search_term_string}"},"query-input":{"@type":"PropertyValueSpecification","valueRequired":true,"valueName":"search_term_string"}}],"inLanguage":"de"},{"@type":"Organization","@id":"https:\/\/licenseconsulting.com\/de\/#organization","name":"License Consulting BV","url":"https:\/\/licenseconsulting.com\/de\/","logo":{"@type":"ImageObject","inLanguage":"de","@id":"https:\/\/licenseconsulting.com\/de\/#\/schema\/logo\/image\/","url":"https:\/\/licenseconsulting.com\/wp-content\/uploads\/2020\/07\/LC-logo-2019-768x144-1.png","contentUrl":"https:\/\/licenseconsulting.com\/wp-content\/uploads\/2020\/07\/LC-logo-2019-768x144-1.png","width":768,"height":144,"caption":"License Consulting BV"},"image":{"@id":"https:\/\/licenseconsulting.com\/de\/#\/schema\/logo\/image\/"},"sameAs":["https:\/\/x.com\/OracleLicensing","https:\/\/www.linkedin.com\/company\/license-consulting\/"]}]}},"_links":{"self":[{"href":"https:\/\/licenseconsulting.com\/de\/wp-json\/wp\/v2\/pages\/9281","targetHints":{"allow":["GET"]}}],"collection":[{"href":"https:\/\/licenseconsulting.com\/de\/wp-json\/wp\/v2\/pages"}],"about":[{"href":"https:\/\/licenseconsulting.com\/de\/wp-json\/wp\/v2\/types\/page"}],"author":[{"embeddable":true,"href":"https:\/\/licenseconsulting.com\/de\/wp-json\/wp\/v2\/users\/1"}],"replies":[{"embeddable":true,"href":"https:\/\/licenseconsulting.com\/de\/wp-json\/wp\/v2\/comments?post=9281"}],"version-history":[{"count":8,"href":"https:\/\/licenseconsulting.com\/de\/wp-json\/wp\/v2\/pages\/9281\/revisions"}],"predecessor-version":[{"id":11931,"href":"https:\/\/licenseconsulting.com\/de\/wp-json\/wp\/v2\/pages\/9281\/revisions\/11931"}],"up":[{"embeddable":true,"href":"https:\/\/licenseconsulting.com\/de\/wp-json\/wp\/v2\/pages\/9970"}],"wp:attachment":[{"href":"https:\/\/licenseconsulting.com\/de\/wp-json\/wp\/v2\/media?parent=9281"}],"curies":[{"name":"wp","href":"https:\/\/api.w.org\/{rel}","templated":true}]}}