{"id":9216,"date":"2019-10-02T11:21:39","date_gmt":"2019-10-02T11:21:39","guid":{"rendered":"https:\/\/lcs.upseo.nl\/technisch\/"},"modified":"2020-05-07T11:31:50","modified_gmt":"2020-05-07T11:31:50","slug":"technisch","status":"publish","type":"page","link":"https:\/\/licenseconsulting.com\/de\/technisch\/","title":{"rendered":"Technisch"},"content":{"rendered":"<div class=\"wpb-content-wrapper\"><p>[vc_row][vc_column][vc_column_text]<\/p>\n<h1><span class=\"TextRun BCX0 SCXW219290113\" lang=\"EN-IE\" xml:lang=\"EN-IE\" data-contrast=\"auto\"><span class=\"NormalTextRun BCX0 SCXW219290113\">Oracle-Audit-Scripting, Analyse, -Tools und IT-Architekturen <\/span><\/span><\/h1>\n<p>[\/vc_column_text][\/vc_column][\/vc_row][vc_row][vc_column][vc_column_text]License Consulting bietet Kunden eine gro\u00dfe Palette an technischen M\u00f6glichkeiten.<\/p>\n<h3><strong>Verf\u00fcgbarkeit von Oracle audit scripts<\/strong><\/h3>\n<p><img fetchpriority=\"high\" decoding=\"async\" class=\"alignleft size-medium wp-image-11105\" src=\"https:\/\/licenseconsulting.com\/wp-content\/uploads\/2020\/03\/woman-holding-laptop-beside-glass-wall-1181316-300x200.jpg\" alt=\"\" width=\"300\" height=\"200\" srcset=\"https:\/\/licenseconsulting.com\/wp-content\/uploads\/2020\/03\/woman-holding-laptop-beside-glass-wall-1181316-300x200.jpg 300w, https:\/\/licenseconsulting.com\/wp-content\/uploads\/2020\/03\/woman-holding-laptop-beside-glass-wall-1181316-1024x684.jpg 1024w, https:\/\/licenseconsulting.com\/wp-content\/uploads\/2020\/03\/woman-holding-laptop-beside-glass-wall-1181316-768x513.jpg 768w, https:\/\/licenseconsulting.com\/wp-content\/uploads\/2020\/03\/woman-holding-laptop-beside-glass-wall-1181316-1536x1025.jpg 1536w, https:\/\/licenseconsulting.com\/wp-content\/uploads\/2020\/03\/woman-holding-laptop-beside-glass-wall-1181316-2048x1367.jpg 2048w\" sizes=\"(max-width: 300px) 100vw, 300px\" \/><\/p>\n<p>Oracle stellt keine Lizenzcodes oder andere Mittel bereit, um Kunden vor der Nutzung nicht lizenzierter Funktionen zu sch\u00fctzen. Tats\u00e4chlich sind die meisten Installationsmedien mit einer Vielzahl von Funktionen ausgestattet, die standardm\u00e4\u00dfig vorinstalliert sind und f\u00fcr deren Nutzung zus\u00e4tzliche Lizenzen erforderlich sind.\u00a0 Gleichzeitig stellt Oracle keine Tools oder Anleitungen zur Verf\u00fcgung, die Kunden bei der Einsch\u00e4tzung ihrer eigenen Lizenzrisiken unterst\u00fctzen.<\/p>\n<p>Bei der Verwendung von Oracle-Software ist das Risiko der Nichteinhaltung von Lizenzbedingungen ein Faktum. Zugleich ist es f\u00fcr Kunden gleicherma\u00dfen schwer zu verstehen, wenn sie Support f\u00fcr nicht genutzte Lizenzen zahlen m\u00fcssen.<\/p>\n<p>Wir haben L\u00f6sungen f\u00fcr das Scripting der \u00fcberwiegenden Mehrheit der Oracle-Produkte, um die Nutzung jeder Lizenz und die damit verbundene Lizenzdefinition abzubilden. Im Folgenden stellen wir einige unserer F\u00e4higkeiten vor.<\/p>\n<p><strong>Z\u00e4hlen von Prozessorlizenzen<br \/>\n<\/strong>License Consulting hat firmeneigene CPU-Skripte f\u00fcr alle Hardware-Plattformen &#8211; einschlie\u00dflich VMware &#8211; entwickelt, um die Anzahl der Prozessorlizenzen in \u00dcbereinstimmung mit den vertraglichen Definitionen von Oracle zu quantifizieren.<\/p>\n<p><strong>Oracle-Datenbank-Audit-Skripte<br \/>\n<\/strong>License Consulting entwickelte SQLPlus-Skripte, die die Tabellen des Oracle-Datenbanksystems abfragen. Zus\u00e4tzlich zu den Tabellen, die von Oracle&#8217;s Audit-Skripten abgefragt werden, fragen unsere Skripte zus\u00e4tzliche Informationen ab, die es uns erm\u00f6glichen, bessere und aussagekr\u00e4ftigere Ratschl\u00e4ge zur Optimierung Ihrer Oracle-Implementierungen zu geben.<\/p>\n<p><strong>Oracle E-Business Suite<br \/>\n<\/strong>Mit Hilfe von SQL-Abfragen werden Tabellen (u.a.) der Benutzer und Zust\u00e4ndigkeiten exportiert. Gemeinsam mit Ihrem EBS-Administrator bilden wir die Daten entsprechend dem von Ihnen vereinbarten Vertrag entsprechend der Lizenzposition ab. Sobald wir Ihre spezifische EBS-Umgebung abgebildet haben, ist es sehr einfach und kosteng\u00fcnstig, dass wir Ihnen regelm\u00e4\u00dfig eine Effektive Lizenzposition (ELP) zur Verf\u00fcgung stellen.<\/p>\n<p>&nbsp;<\/p>\n<h3>Oracle LMS &#8222;Verifizierte Drittanbieter von Tools&#8220;<\/h3>\n<p>Oracle unterh\u00e4lt ein <a href=\"https:\/\/www.oracle.com\/corporate\/license-management-services\/tooling.html\">verifiziertes LMS-Tool-Programm<\/a>. Im Gegensatz zu dem, was Marketingbrosch\u00fcren suggerieren, sind die Tools kein K\u00f6nigsweg zur Oracle-Konformit\u00e4t: im Gegenteil. Oracle erkl\u00e4rt eindeutig, dass:<\/p>\n<ul>\n<li>Tools der folgenden Anbieter verifiziert wurden, um Datens\u00e4tze zu liefern, die ein Oracle LMS-Engagement erg\u00e4nzen<\/li>\n<li>Der Umfang des Verifizierungsprozesses nur die Oracle-Datenbank und die damit verbundenen Optionen abdeckt.<\/li>\n<li>Oracle LMS Daten von jedem dieser Tools als Alternative zur Installation von Oracle LMS-Messtools akzeptiert.<\/li>\n<li>Sie bitte dabei beachten, dass die Installation und Verwendung eines Tools eines verifizierten Anbieters weder ein Oracle-Lizenz-Audit ersetzt noch das vertragliche Recht von Oracle, ein solches durchzuf\u00fchren, widerruft.<\/li>\n<li>Dar\u00fcber hinaus die von diesen Tools gesammelten Nutzungsdaten weiterhin von der Oracle LMS-Organisation analysiert werden m\u00fcssen, um den Lizenzbedarf zu bewerten und dem Kunden eine Konformit\u00e4tserkl\u00e4rung zu geben.<\/li>\n<\/ul>\n<p>Verifizierte Tool-Anbieter sind Aspera Smart Collect, iQuate, Lime Software, Micro Focus und Flexera. Alle diese Tools m\u00fcssen den gleichen (von Oracle vordefinierten) &#8222;Nutzungsbericht&#8220; und die gleichen &#8222;Rohdaten&#8220; liefern. Die aufgef\u00fchrten Punkte von Oracle bedeuten:<\/p>\n<ol>\n<li>Die &#8222;benutzerfreundlichen&#8220; Daten, die von den Tools zur Verf\u00fcgung gestellt werden, sind nicht korrekt und werden daher von Oracle nicht akzeptiert.<\/li>\n<li>Oracle m\u00f6chte die &#8222;Rohdaten&#8220; haben und seine &#8222;eigene&#8220; Analyse erstellen.<\/li>\n<li>Kunden haben nicht die M\u00f6glichkeit, die &#8222;Rohdaten&#8220; selbst zu analysieren.<\/li>\n<\/ol>\n<p>&nbsp;<\/p>\n<p><strong>Wichtig:<\/strong> Die Tool-Anbieter k\u00f6nnen nicht f\u00fcr die M\u00e4ngel in den von ihnen gelieferten Oracle-Berichten verantwortlich gemacht werden: Sie alle handeln in \u00dcbereinstimmung mit den Anforderungen von Oracle und d\u00fcrfen keine anderen Daten melden<\/p>\n<p>License Consulting ist in der Lage, die gesammelten Rohdaten aller verifizierten Tool-Anbieter zu analysieren und detaillierte Nutzungs- und Compliance-Berichte zu erstellen. Dar\u00fcber hinaus erl\u00e4utern wir die Unterschiede zwischen den generierten &#8222;Standard&#8220;-Berichten &#8211; die alle ungenau sind &#8211; und dem von uns generierten Bericht. Dieser Vergleich erh\u00f6ht die Kenntnis der Oracle-Lizenzkonformit\u00e4t bei unseren Kunden und hilft ihnen zu verstehen, welchem Teil, der von der Oracle-Engine generierten Ergebnisse, nicht vollst\u00e4ndig vertraut werden kann bzw. sollte.<\/p>\n<p>&nbsp;<\/p>\n<h3>Oracle-Architekturen und -Design<\/h3>\n<p>License Consulting unterst\u00fctzt Kunden bei der Entscheidungsfindung in Bezug auf die Einrichtung und Lizenzierung von Oracle-Umgebungen. Dies tr\u00e4gt dazu bei, dass die Architekturen nicht nur die von IT-Fachleuten ben\u00f6tigte Funktionalit\u00e4t bieten, sondern verhindert auch, dass die &#8222;Lizenzkosten&#8220; vergessen werden. Und, alle Aspekte rund um die Kosten wie Disaster Recovery, Failover und die Optimierung der Kosten f\u00fcr bestimmte Funktionen wie Datenbank-Optionen. Allzu oft werden die Lizenzkosten \u00fcbersehen. License Consulting berechnet nicht nur die Kosten f\u00fcr Ihre &#8222;ersten&#8220; Ideen, sondern hilft auch bei der Erstellung alternativer Szenarios, die Ihren Anforderungen in gleicher Weise gerecht werden &#8211; allerdings zu einem viel g\u00fcnstigeren Preis in Bezug auf die Lizenzierung.[\/vc_column_text][\/vc_column][\/vc_row][vc_row][vc_column]<style type=\"text\/css\" data-type=\"the7_shortcodes-inline-css\">#default-btn-de87dd4bf1729061223c7a12e4793482.ico-right-side > i {\n  margin-right: 0px;\n  margin-left: 8px;\n}\n#default-btn-de87dd4bf1729061223c7a12e4793482 > i {\n  margin-right: 8px;\n}\n<\/style><a href=\"https:\/\/licenseconsulting.com\/de\/kontakt\/\" class=\"default-btn-shortcode dt-btn dt-btn-m link-hover-off full-width-btn btn-inline-left \" id=\"default-btn-de87dd4bf1729061223c7a12e4793482\" title=\"Contact\"><span>Kontaktieren Sie uns f\u00fcr weitere Informationen<\/span><\/a>[\/vc_column][\/vc_row]<\/p>\n<\/div>","protected":false},"excerpt":{"rendered":"<p>[vc_row][vc_column][vc_column_text] Oracle-Audit-Scripting, Analyse, -Tools und IT-Architekturen [\/vc_column_text][\/vc_column][\/vc_row][vc_row][vc_column][vc_column_text]License Consulting bietet Kunden eine gro\u00dfe Palette an technischen M\u00f6glichkeiten. Verf\u00fcgbarkeit von Oracle audit scripts Oracle stellt keine Lizenzcodes oder andere Mittel bereit, um Kunden vor der Nutzung nicht lizenzierter Funktionen zu sch\u00fctzen. Tats\u00e4chlich sind die meisten Installationsmedien mit einer Vielzahl von Funktionen ausgestattet, die standardm\u00e4\u00dfig vorinstalliert sind und&hellip;<\/p>\n","protected":false},"author":1,"featured_media":0,"parent":0,"menu_order":0,"comment_status":"closed","ping_status":"closed","template":"","meta":{"footnotes":""},"class_list":["post-9216","page","type-page","status-publish","hentry","description-off"],"yoast_head":"<!-- This site is optimized with the Yoast SEO Premium plugin v25.2 (Yoast SEO v26.8) - https:\/\/yoast.com\/product\/yoast-seo-premium-wordpress\/ -->\n<title>Technisch - License Consulting<\/title>\n<meta name=\"description\" content=\"Wir bieten hochspezialisierte IT-Services - einschlie\u00dflich Audit-Skripts und Analysefunktionen - f\u00fcr Oracle-Kunden weltweit. VMware &amp; Architekturberatung.\" \/>\n<meta name=\"robots\" content=\"index, follow, max-snippet:-1, max-image-preview:large, max-video-preview:-1\" \/>\n<link rel=\"canonical\" href=\"https:\/\/licenseconsulting.com\/de\/technisch\/\" \/>\n<meta property=\"og:locale\" content=\"de_DE\" \/>\n<meta property=\"og:type\" content=\"article\" \/>\n<meta property=\"og:title\" content=\"Technisch\" \/>\n<meta property=\"og:description\" content=\"Oracle-Audit-Scripting, Analyse, -Tools und IT-Architekturen License Consulting bietet Kunden eine gro\u00dfe Palette an technischen M\u00f6glichkeiten.\" \/>\n<meta property=\"og:url\" content=\"https:\/\/licenseconsulting.com\/de\/technisch\/\" \/>\n<meta property=\"og:site_name\" content=\"License Consulting\" \/>\n<meta property=\"article:modified_time\" content=\"2020-05-07T11:31:50+00:00\" \/>\n<meta property=\"og:image\" content=\"https:\/\/licenseconsulting.com\/wp-content\/uploads\/2020\/03\/woman-holding-laptop-beside-glass-wall-1181316-300x200.jpg\" \/>\n<meta name=\"twitter:card\" content=\"summary_large_image\" \/>\n<meta name=\"twitter:site\" content=\"@OracleLicensing\" \/>\n<meta name=\"twitter:label1\" content=\"Gesch\u00e4tzte Lesezeit\" \/>\n\t<meta name=\"twitter:data1\" content=\"4\u00a0Minuten\" \/>\n<script type=\"application\/ld+json\" class=\"yoast-schema-graph\">{\"@context\":\"https:\/\/schema.org\",\"@graph\":[{\"@type\":\"WebPage\",\"@id\":\"https:\/\/licenseconsulting.com\/de\/technisch\/\",\"url\":\"https:\/\/licenseconsulting.com\/de\/technisch\/\",\"name\":\"Technisch - License Consulting\",\"isPartOf\":{\"@id\":\"https:\/\/licenseconsulting.com\/de\/#website\"},\"primaryImageOfPage\":{\"@id\":\"https:\/\/licenseconsulting.com\/de\/technisch\/#primaryimage\"},\"image\":{\"@id\":\"https:\/\/licenseconsulting.com\/de\/technisch\/#primaryimage\"},\"thumbnailUrl\":\"https:\/\/licenseconsulting.com\/wp-content\/uploads\/2020\/03\/woman-holding-laptop-beside-glass-wall-1181316-300x200.jpg\",\"datePublished\":\"2019-10-02T11:21:39+00:00\",\"dateModified\":\"2020-05-07T11:31:50+00:00\",\"description\":\"Wir bieten hochspezialisierte IT-Services - einschlie\u00dflich Audit-Skripts und Analysefunktionen - f\u00fcr Oracle-Kunden weltweit. VMware & Architekturberatung.\",\"breadcrumb\":{\"@id\":\"https:\/\/licenseconsulting.com\/de\/technisch\/#breadcrumb\"},\"inLanguage\":\"de\",\"potentialAction\":[{\"@type\":\"ReadAction\",\"target\":[\"https:\/\/licenseconsulting.com\/de\/technisch\/\"]}]},{\"@type\":\"ImageObject\",\"inLanguage\":\"de\",\"@id\":\"https:\/\/licenseconsulting.com\/de\/technisch\/#primaryimage\",\"url\":\"https:\/\/licenseconsulting.com\/wp-content\/uploads\/2020\/03\/woman-holding-laptop-beside-glass-wall-1181316-300x200.jpg\",\"contentUrl\":\"https:\/\/licenseconsulting.com\/wp-content\/uploads\/2020\/03\/woman-holding-laptop-beside-glass-wall-1181316-300x200.jpg\"},{\"@type\":\"BreadcrumbList\",\"@id\":\"https:\/\/licenseconsulting.com\/de\/technisch\/#breadcrumb\",\"itemListElement\":[{\"@type\":\"ListItem\",\"position\":1,\"name\":\"Home\",\"item\":\"https:\/\/licenseconsulting.com\/de\/\"},{\"@type\":\"ListItem\",\"position\":2,\"name\":\"Technisch\"}]},{\"@type\":\"WebSite\",\"@id\":\"https:\/\/licenseconsulting.com\/de\/#website\",\"url\":\"https:\/\/licenseconsulting.com\/de\/\",\"name\":\"License Consulting\",\"description\":\"Oracle License Compliance Company\",\"publisher\":{\"@id\":\"https:\/\/licenseconsulting.com\/de\/#organization\"},\"potentialAction\":[{\"@type\":\"SearchAction\",\"target\":{\"@type\":\"EntryPoint\",\"urlTemplate\":\"https:\/\/licenseconsulting.com\/de\/?s={search_term_string}\"},\"query-input\":{\"@type\":\"PropertyValueSpecification\",\"valueRequired\":true,\"valueName\":\"search_term_string\"}}],\"inLanguage\":\"de\"},{\"@type\":\"Organization\",\"@id\":\"https:\/\/licenseconsulting.com\/de\/#organization\",\"name\":\"License Consulting BV\",\"url\":\"https:\/\/licenseconsulting.com\/de\/\",\"logo\":{\"@type\":\"ImageObject\",\"inLanguage\":\"de\",\"@id\":\"https:\/\/licenseconsulting.com\/de\/#\/schema\/logo\/image\/\",\"url\":\"https:\/\/licenseconsulting.com\/wp-content\/uploads\/2020\/07\/LC-logo-2019-768x144-1.png\",\"contentUrl\":\"https:\/\/licenseconsulting.com\/wp-content\/uploads\/2020\/07\/LC-logo-2019-768x144-1.png\",\"width\":768,\"height\":144,\"caption\":\"License Consulting BV\"},\"image\":{\"@id\":\"https:\/\/licenseconsulting.com\/de\/#\/schema\/logo\/image\/\"},\"sameAs\":[\"https:\/\/x.com\/OracleLicensing\",\"https:\/\/www.linkedin.com\/company\/license-consulting\/\"]}]}<\/script>\n<!-- \/ Yoast SEO Premium plugin. -->","yoast_head_json":{"title":"Technisch - License Consulting","description":"Wir bieten hochspezialisierte IT-Services - einschlie\u00dflich Audit-Skripts und Analysefunktionen - f\u00fcr Oracle-Kunden weltweit. VMware & Architekturberatung.","robots":{"index":"index","follow":"follow","max-snippet":"max-snippet:-1","max-image-preview":"max-image-preview:large","max-video-preview":"max-video-preview:-1"},"canonical":"https:\/\/licenseconsulting.com\/de\/technisch\/","og_locale":"de_DE","og_type":"article","og_title":"Technisch","og_description":"Oracle-Audit-Scripting, Analyse, -Tools und IT-Architekturen License Consulting bietet Kunden eine gro\u00dfe Palette an technischen M\u00f6glichkeiten.","og_url":"https:\/\/licenseconsulting.com\/de\/technisch\/","og_site_name":"License Consulting","article_modified_time":"2020-05-07T11:31:50+00:00","og_image":[{"url":"https:\/\/licenseconsulting.com\/wp-content\/uploads\/2020\/03\/woman-holding-laptop-beside-glass-wall-1181316-300x200.jpg","type":"","width":"","height":""}],"twitter_card":"summary_large_image","twitter_site":"@OracleLicensing","twitter_misc":{"Gesch\u00e4tzte Lesezeit":"4\u00a0Minuten"},"schema":{"@context":"https:\/\/schema.org","@graph":[{"@type":"WebPage","@id":"https:\/\/licenseconsulting.com\/de\/technisch\/","url":"https:\/\/licenseconsulting.com\/de\/technisch\/","name":"Technisch - License Consulting","isPartOf":{"@id":"https:\/\/licenseconsulting.com\/de\/#website"},"primaryImageOfPage":{"@id":"https:\/\/licenseconsulting.com\/de\/technisch\/#primaryimage"},"image":{"@id":"https:\/\/licenseconsulting.com\/de\/technisch\/#primaryimage"},"thumbnailUrl":"https:\/\/licenseconsulting.com\/wp-content\/uploads\/2020\/03\/woman-holding-laptop-beside-glass-wall-1181316-300x200.jpg","datePublished":"2019-10-02T11:21:39+00:00","dateModified":"2020-05-07T11:31:50+00:00","description":"Wir bieten hochspezialisierte IT-Services - einschlie\u00dflich Audit-Skripts und Analysefunktionen - f\u00fcr Oracle-Kunden weltweit. VMware & Architekturberatung.","breadcrumb":{"@id":"https:\/\/licenseconsulting.com\/de\/technisch\/#breadcrumb"},"inLanguage":"de","potentialAction":[{"@type":"ReadAction","target":["https:\/\/licenseconsulting.com\/de\/technisch\/"]}]},{"@type":"ImageObject","inLanguage":"de","@id":"https:\/\/licenseconsulting.com\/de\/technisch\/#primaryimage","url":"https:\/\/licenseconsulting.com\/wp-content\/uploads\/2020\/03\/woman-holding-laptop-beside-glass-wall-1181316-300x200.jpg","contentUrl":"https:\/\/licenseconsulting.com\/wp-content\/uploads\/2020\/03\/woman-holding-laptop-beside-glass-wall-1181316-300x200.jpg"},{"@type":"BreadcrumbList","@id":"https:\/\/licenseconsulting.com\/de\/technisch\/#breadcrumb","itemListElement":[{"@type":"ListItem","position":1,"name":"Home","item":"https:\/\/licenseconsulting.com\/de\/"},{"@type":"ListItem","position":2,"name":"Technisch"}]},{"@type":"WebSite","@id":"https:\/\/licenseconsulting.com\/de\/#website","url":"https:\/\/licenseconsulting.com\/de\/","name":"License Consulting","description":"Oracle License Compliance Company","publisher":{"@id":"https:\/\/licenseconsulting.com\/de\/#organization"},"potentialAction":[{"@type":"SearchAction","target":{"@type":"EntryPoint","urlTemplate":"https:\/\/licenseconsulting.com\/de\/?s={search_term_string}"},"query-input":{"@type":"PropertyValueSpecification","valueRequired":true,"valueName":"search_term_string"}}],"inLanguage":"de"},{"@type":"Organization","@id":"https:\/\/licenseconsulting.com\/de\/#organization","name":"License Consulting BV","url":"https:\/\/licenseconsulting.com\/de\/","logo":{"@type":"ImageObject","inLanguage":"de","@id":"https:\/\/licenseconsulting.com\/de\/#\/schema\/logo\/image\/","url":"https:\/\/licenseconsulting.com\/wp-content\/uploads\/2020\/07\/LC-logo-2019-768x144-1.png","contentUrl":"https:\/\/licenseconsulting.com\/wp-content\/uploads\/2020\/07\/LC-logo-2019-768x144-1.png","width":768,"height":144,"caption":"License Consulting BV"},"image":{"@id":"https:\/\/licenseconsulting.com\/de\/#\/schema\/logo\/image\/"},"sameAs":["https:\/\/x.com\/OracleLicensing","https:\/\/www.linkedin.com\/company\/license-consulting\/"]}]}},"_links":{"self":[{"href":"https:\/\/licenseconsulting.com\/de\/wp-json\/wp\/v2\/pages\/9216","targetHints":{"allow":["GET"]}}],"collection":[{"href":"https:\/\/licenseconsulting.com\/de\/wp-json\/wp\/v2\/pages"}],"about":[{"href":"https:\/\/licenseconsulting.com\/de\/wp-json\/wp\/v2\/types\/page"}],"author":[{"embeddable":true,"href":"https:\/\/licenseconsulting.com\/de\/wp-json\/wp\/v2\/users\/1"}],"replies":[{"embeddable":true,"href":"https:\/\/licenseconsulting.com\/de\/wp-json\/wp\/v2\/comments?post=9216"}],"version-history":[{"count":8,"href":"https:\/\/licenseconsulting.com\/de\/wp-json\/wp\/v2\/pages\/9216\/revisions"}],"predecessor-version":[{"id":12034,"href":"https:\/\/licenseconsulting.com\/de\/wp-json\/wp\/v2\/pages\/9216\/revisions\/12034"}],"wp:attachment":[{"href":"https:\/\/licenseconsulting.com\/de\/wp-json\/wp\/v2\/media?parent=9216"}],"curies":[{"name":"wp","href":"https:\/\/api.w.org\/{rel}","templated":true}]}}