{"id":9213,"date":"2019-10-02T11:19:13","date_gmt":"2019-10-02T11:19:13","guid":{"rendered":"https:\/\/lcs.upseo.nl\/legal\/"},"modified":"2020-05-22T10:26:07","modified_gmt":"2020-05-22T10:26:07","slug":"legal","status":"publish","type":"page","link":"https:\/\/licenseconsulting.com\/de\/legal\/","title":{"rendered":"Rechtlich"},"content":{"rendered":"<div class=\"wpb-content-wrapper\"><p>[vc_row][vc_column][vc_column_text]<\/p>\n<h2>Vertragliche Mehrdeutigkeiten und Rechtsberatung<\/h2>\n<p><img fetchpriority=\"high\" decoding=\"async\" class=\"size-medium wp-image-11087 alignleft\" src=\"https:\/\/licenseconsulting.com\/wp-content\/uploads\/2020\/03\/administration-agreement-banking-blur-618158-300x169.jpg\" alt=\"\" width=\"300\" height=\"169\" srcset=\"https:\/\/licenseconsulting.com\/wp-content\/uploads\/2020\/03\/administration-agreement-banking-blur-618158-300x169.jpg 300w, https:\/\/licenseconsulting.com\/wp-content\/uploads\/2020\/03\/administration-agreement-banking-blur-618158-1024x577.jpg 1024w, https:\/\/licenseconsulting.com\/wp-content\/uploads\/2020\/03\/administration-agreement-banking-blur-618158-768x433.jpg 768w, https:\/\/licenseconsulting.com\/wp-content\/uploads\/2020\/03\/administration-agreement-banking-blur-618158-1536x866.jpg 1536w, https:\/\/licenseconsulting.com\/wp-content\/uploads\/2020\/03\/administration-agreement-banking-blur-618158-2048x1155.jpg 2048w\" sizes=\"(max-width: 300px) 100vw, 300px\" \/><\/p>\n<p>Viele Oracle-Kunden erleben, dass Oracle die Spielregeln in Vereinbarungen \u00e4ndert.<\/p>\n<p>License Consulting verf\u00fcgt \u00fcber eine langj\u00e4hrige Erfahrung und Erfolge bei der Identifizierung, Er\u00f6rterung und L\u00f6sung der festgestellten Probleme bei der Arbeit mit Oracle-Vertr\u00e4gen. Seit 2007 haben wir Hunderte von Kunden begleitet und ihre Vertragsmanager und Rechtsbeist\u00e4nde beraten. Dar\u00fcber hinaus verf\u00fcgen wir \u00fcber ein ausgedehntes Netzwerk von externen Rechtsberatern, welche mit der Zusammenarbeit mit Oracle vertraut sind und sofort mit der Arbeit beginnen k\u00f6nnen.<\/p>\n<h3>Die Bedeutung der internen Abstimmung<\/h3>\n<p>Oracle ist f\u00fcr viele Unternehmen ein kritischer Anbieter. Jede Zweideutigkeit in ihrer Gesch\u00e4ftsbeziehung mit Oracle verursacht Unsicherheit, Bedenken und Zweifel (FUD &#8211; Fear, Uncertainty and Doubt). Die FUD beginnt oft ein Eigenleben zu f\u00fchren: Finanzielle, technische und vertragliche Stakeholder beginnen alle ihren eigenen FUD zu leben &#8211; wobei jeder Stakeholder seine eigenen Eindr\u00fccke und Meinungen hat. Dies hat gro\u00dfen Einfluss auf die F\u00e4higkeit, fundierte Entscheidungen zu treffen. Bei allen unseren <a href=\"https:\/\/licenseconsulting.com\/de\/dienstleistungen\/oracle-zu-vmware-migrationen\/\">Dienstleistungen<\/a> stellen wir sicher, dass wir das Verst\u00e4ndnis des Kunden f\u00fcr die Vereinbarung, die technische Umsetzung und die Ber\u00fccksichtigung der lokalen Rechtslage im gesamten Unternehmen aufeinander abstimmen. Dies erm\u00f6glicht es den Kunden, bessere und fundierte Entscheidungen zu treffen. Um den Entscheidungsfindungsprozess zu verbessern, quantifizieren wir den Bereich der M\u00f6glichkeiten nicht nur in Bezug auf die vertraglichen Risiken, sondern jede unterschiedliche Option auch in einem <a href=\"https:\/\/licenseconsulting.com\/de\/finanziell\/\">Geldwert<\/a>.<\/p>\n<p>&nbsp;<\/p>\n<h3>Beispiele<\/h3>\n<p><img decoding=\"async\" class=\"alignright size-medium wp-image-8861\" src=\"https:\/\/licenseconsulting.com\/wp-content\/uploads\/2019\/09\/copyright-389901_1280-300x199.jpg\" alt=\"\" width=\"300\" height=\"199\" srcset=\"https:\/\/licenseconsulting.com\/wp-content\/uploads\/2019\/09\/copyright-389901_1280-300x199.jpg 300w, https:\/\/licenseconsulting.com\/wp-content\/uploads\/2019\/09\/copyright-389901_1280-768x508.jpg 768w, https:\/\/licenseconsulting.com\/wp-content\/uploads\/2019\/09\/copyright-389901_1280-1024x678.jpg 1024w, https:\/\/licenseconsulting.com\/wp-content\/uploads\/2019\/09\/copyright-389901_1280.jpg 1280w\" sizes=\"(max-width: 300px) 100vw, 300px\" \/><\/p>\n<p>Es gibt verschiedene M\u00f6glichkeiten, eine Oracle FUD zu erzeugen. H\u00e4ufige Quellen sind Partnerunternehmen, Repr\u00e4sentanten von Oracle oder jemand, der etwas gelesen und dann interpretiert hat. W\u00e4hrend einer Veranstaltung wurde etwas gesagt, oder ein anderes Unternehmen hat ein entsprechendes Statement zu Linkedin ver\u00f6ffentlicht. All diese Eindr\u00fccke und Meinungen f\u00fchren zu gemischten Befindlichkeiten, die sich dann auf die F\u00e4higkeit auswirken k\u00f6nnen, fundierte Entscheidungen zu treffen. Oracle als Unternehmen erstellt bewusst Inhalte, die die FUD st\u00e4rken.<\/p>\n<p>So ver\u00f6ffentlicht Oracle (und modifiziert diese dann) beispielsweise die folgenden Dokumente:<\/p>\n<p><a href=\"https:\/\/www.oracle.com\/assets\/data-recovery-licensing-070587.pdf\" target=\"_blank\" rel=\"noopener noreferrer\">Lizenzierung von Datenwiederherstellungsumgebungen<\/a><br \/>\n<a href=\"https:\/\/www.oracle.com\/assets\/databaselicensing-070584.pdf\" target=\"_blank\" rel=\"noopener noreferrer\">Whitepaper zur Datenbanklizenzierung<\/a><br \/>\n<a href=\"https:\/\/www.oracle.com\/assets\/partitioning-070609.pdf\" target=\"_blank\" rel=\"noopener noreferrer\">Oracle-Partitionierungsrichtlinie (Whitepaper zu VMWARE)<\/a><br \/>\n<a href=\"https:\/\/www.oracle.com\/assets\/cloud-licensing-070579.pdf\" target=\"_blank\" rel=\"noopener noreferrer\">Oracle Cloud-Lizenzierung<\/a><\/p>\n<p>&#8230;und viele andere. Obwohl Orakel diese als &#8222;die Wahrheit und nichts als die Wahrheit&#8220; darstellt, sind sie nicht Teil des Vertrages. Und, die Fu\u00dfnoten machen dies sehr deutlich.<\/p>\n<h3>Aufkl\u00e4rung und Beratung <strong>\u00fcber <\/strong>Ihre Rechtssituation<\/h3>\n<p>Nachdem sie mit License Consulting zusammengearbeitet haben, legen die Kunden ihre Brieftasche nicht mehr auf den Tisch und sagen zu Oracle: &#8220; Nehmen Sie einfach das, was Sie denken, dass Sie brauchen&#8220;. Stattdessen gewinnen unsere Kunden ein tiefgehendes Verst\u00e4ndnis ihrer vertraglichen und gesetzlichen Rechte, und zwar auf eine Art und Weise, die vom gesamten Unternehmen bef\u00fcrwortet wird. Dies hilft ihnen, fundierte Entscheidungen zu treffen.[\/vc_column_text][\/vc_column][\/vc_row]<br \/>\n[vc_row][vc_column]<style type=\"text\/css\" data-type=\"the7_shortcodes-inline-css\">#default-btn-de87dd4bf1729061223c7a12e4793482.ico-right-side > i {\n  margin-right: 0px;\n  margin-left: 8px;\n}\n#default-btn-de87dd4bf1729061223c7a12e4793482 > i {\n  margin-right: 8px;\n}\n<\/style><a href=\"https:\/\/licenseconsulting.com\/de\/kontakt\/\" class=\"default-btn-shortcode dt-btn dt-btn-m link-hover-off full-width-btn btn-inline-left \" id=\"default-btn-de87dd4bf1729061223c7a12e4793482\" title=\"Contact\"><span>Kontaktieren Sie uns f\u00fcr weitere Informationen<\/span><\/a>[\/vc_column][\/vc_row]<\/p>\n<\/div>","protected":false},"excerpt":{"rendered":"<p>[vc_row][vc_column][vc_column_text] Vertragliche Mehrdeutigkeiten und Rechtsberatung Viele Oracle-Kunden erleben, dass Oracle die Spielregeln in Vereinbarungen \u00e4ndert. License Consulting verf\u00fcgt \u00fcber eine langj\u00e4hrige Erfahrung und Erfolge bei der Identifizierung, Er\u00f6rterung und L\u00f6sung der festgestellten Probleme bei der Arbeit mit Oracle-Vertr\u00e4gen. Seit 2007 haben wir Hunderte von Kunden begleitet und ihre Vertragsmanager und Rechtsbeist\u00e4nde beraten. Dar\u00fcber hinaus verf\u00fcgen&hellip;<\/p>\n","protected":false},"author":1,"featured_media":0,"parent":0,"menu_order":0,"comment_status":"closed","ping_status":"closed","template":"","meta":{"footnotes":""},"class_list":["post-9213","page","type-page","status-publish","hentry","description-off"],"yoast_head":"<!-- This site is optimized with the Yoast SEO Premium plugin v25.2 (Yoast SEO v26.8) - https:\/\/yoast.com\/product\/yoast-seo-premium-wordpress\/ -->\n<title>Rechtlich - License Consulting<\/title>\n<meta name=\"robots\" content=\"index, follow, max-snippet:-1, max-image-preview:large, max-video-preview:-1\" \/>\n<link rel=\"canonical\" href=\"https:\/\/licenseconsulting.com\/de\/legal\/\" \/>\n<meta property=\"og:locale\" content=\"de_DE\" \/>\n<meta property=\"og:type\" content=\"article\" \/>\n<meta property=\"og:title\" content=\"Rechtlich\" \/>\n<meta property=\"og:description\" content=\"Vertragliche Mehrdeutigkeiten und Rechtsberatung Viele Oracle-Kunden erleben, dass Oracle die Spielregeln in Vereinbarungen \u00e4ndert. License Consulting\" \/>\n<meta property=\"og:url\" content=\"https:\/\/licenseconsulting.com\/de\/legal\/\" \/>\n<meta property=\"og:site_name\" content=\"License Consulting\" \/>\n<meta property=\"article:modified_time\" content=\"2020-05-22T10:26:07+00:00\" \/>\n<meta property=\"og:image\" content=\"https:\/\/licenseconsulting.com\/wp-content\/uploads\/2020\/03\/administration-agreement-banking-blur-618158-300x169.jpg\" \/>\n<meta name=\"twitter:card\" content=\"summary_large_image\" \/>\n<meta name=\"twitter:site\" content=\"@OracleLicensing\" \/>\n<meta name=\"twitter:label1\" content=\"Gesch\u00e4tzte Lesezeit\" \/>\n\t<meta name=\"twitter:data1\" content=\"3\u00a0Minuten\" \/>\n<script type=\"application\/ld+json\" class=\"yoast-schema-graph\">{\"@context\":\"https:\/\/schema.org\",\"@graph\":[{\"@type\":\"WebPage\",\"@id\":\"https:\/\/licenseconsulting.com\/de\/legal\/\",\"url\":\"https:\/\/licenseconsulting.com\/de\/legal\/\",\"name\":\"Rechtlich - License Consulting\",\"isPartOf\":{\"@id\":\"https:\/\/licenseconsulting.com\/de\/#website\"},\"primaryImageOfPage\":{\"@id\":\"https:\/\/licenseconsulting.com\/de\/legal\/#primaryimage\"},\"image\":{\"@id\":\"https:\/\/licenseconsulting.com\/de\/legal\/#primaryimage\"},\"thumbnailUrl\":\"https:\/\/licenseconsulting.com\/wp-content\/uploads\/2020\/03\/administration-agreement-banking-blur-618158-300x169.jpg\",\"datePublished\":\"2019-10-02T11:19:13+00:00\",\"dateModified\":\"2020-05-22T10:26:07+00:00\",\"breadcrumb\":{\"@id\":\"https:\/\/licenseconsulting.com\/de\/legal\/#breadcrumb\"},\"inLanguage\":\"de\",\"potentialAction\":[{\"@type\":\"ReadAction\",\"target\":[\"https:\/\/licenseconsulting.com\/de\/legal\/\"]}]},{\"@type\":\"ImageObject\",\"inLanguage\":\"de\",\"@id\":\"https:\/\/licenseconsulting.com\/de\/legal\/#primaryimage\",\"url\":\"https:\/\/licenseconsulting.com\/wp-content\/uploads\/2020\/03\/administration-agreement-banking-blur-618158-300x169.jpg\",\"contentUrl\":\"https:\/\/licenseconsulting.com\/wp-content\/uploads\/2020\/03\/administration-agreement-banking-blur-618158-300x169.jpg\"},{\"@type\":\"BreadcrumbList\",\"@id\":\"https:\/\/licenseconsulting.com\/de\/legal\/#breadcrumb\",\"itemListElement\":[{\"@type\":\"ListItem\",\"position\":1,\"name\":\"Home\",\"item\":\"https:\/\/licenseconsulting.com\/de\/\"},{\"@type\":\"ListItem\",\"position\":2,\"name\":\"Rechtlich\"}]},{\"@type\":\"WebSite\",\"@id\":\"https:\/\/licenseconsulting.com\/de\/#website\",\"url\":\"https:\/\/licenseconsulting.com\/de\/\",\"name\":\"License Consulting\",\"description\":\"Oracle License Compliance Company\",\"publisher\":{\"@id\":\"https:\/\/licenseconsulting.com\/de\/#organization\"},\"potentialAction\":[{\"@type\":\"SearchAction\",\"target\":{\"@type\":\"EntryPoint\",\"urlTemplate\":\"https:\/\/licenseconsulting.com\/de\/?s={search_term_string}\"},\"query-input\":{\"@type\":\"PropertyValueSpecification\",\"valueRequired\":true,\"valueName\":\"search_term_string\"}}],\"inLanguage\":\"de\"},{\"@type\":\"Organization\",\"@id\":\"https:\/\/licenseconsulting.com\/de\/#organization\",\"name\":\"License Consulting BV\",\"url\":\"https:\/\/licenseconsulting.com\/de\/\",\"logo\":{\"@type\":\"ImageObject\",\"inLanguage\":\"de\",\"@id\":\"https:\/\/licenseconsulting.com\/de\/#\/schema\/logo\/image\/\",\"url\":\"https:\/\/licenseconsulting.com\/wp-content\/uploads\/2020\/07\/LC-logo-2019-768x144-1.png\",\"contentUrl\":\"https:\/\/licenseconsulting.com\/wp-content\/uploads\/2020\/07\/LC-logo-2019-768x144-1.png\",\"width\":768,\"height\":144,\"caption\":\"License Consulting BV\"},\"image\":{\"@id\":\"https:\/\/licenseconsulting.com\/de\/#\/schema\/logo\/image\/\"},\"sameAs\":[\"https:\/\/x.com\/OracleLicensing\",\"https:\/\/www.linkedin.com\/company\/license-consulting\/\"]}]}<\/script>\n<!-- \/ Yoast SEO Premium plugin. -->","yoast_head_json":{"title":"Rechtlich - License Consulting","robots":{"index":"index","follow":"follow","max-snippet":"max-snippet:-1","max-image-preview":"max-image-preview:large","max-video-preview":"max-video-preview:-1"},"canonical":"https:\/\/licenseconsulting.com\/de\/legal\/","og_locale":"de_DE","og_type":"article","og_title":"Rechtlich","og_description":"Vertragliche Mehrdeutigkeiten und Rechtsberatung Viele Oracle-Kunden erleben, dass Oracle die Spielregeln in Vereinbarungen \u00e4ndert. License Consulting","og_url":"https:\/\/licenseconsulting.com\/de\/legal\/","og_site_name":"License Consulting","article_modified_time":"2020-05-22T10:26:07+00:00","og_image":[{"url":"https:\/\/licenseconsulting.com\/wp-content\/uploads\/2020\/03\/administration-agreement-banking-blur-618158-300x169.jpg","type":"","width":"","height":""}],"twitter_card":"summary_large_image","twitter_site":"@OracleLicensing","twitter_misc":{"Gesch\u00e4tzte Lesezeit":"3\u00a0Minuten"},"schema":{"@context":"https:\/\/schema.org","@graph":[{"@type":"WebPage","@id":"https:\/\/licenseconsulting.com\/de\/legal\/","url":"https:\/\/licenseconsulting.com\/de\/legal\/","name":"Rechtlich - License Consulting","isPartOf":{"@id":"https:\/\/licenseconsulting.com\/de\/#website"},"primaryImageOfPage":{"@id":"https:\/\/licenseconsulting.com\/de\/legal\/#primaryimage"},"image":{"@id":"https:\/\/licenseconsulting.com\/de\/legal\/#primaryimage"},"thumbnailUrl":"https:\/\/licenseconsulting.com\/wp-content\/uploads\/2020\/03\/administration-agreement-banking-blur-618158-300x169.jpg","datePublished":"2019-10-02T11:19:13+00:00","dateModified":"2020-05-22T10:26:07+00:00","breadcrumb":{"@id":"https:\/\/licenseconsulting.com\/de\/legal\/#breadcrumb"},"inLanguage":"de","potentialAction":[{"@type":"ReadAction","target":["https:\/\/licenseconsulting.com\/de\/legal\/"]}]},{"@type":"ImageObject","inLanguage":"de","@id":"https:\/\/licenseconsulting.com\/de\/legal\/#primaryimage","url":"https:\/\/licenseconsulting.com\/wp-content\/uploads\/2020\/03\/administration-agreement-banking-blur-618158-300x169.jpg","contentUrl":"https:\/\/licenseconsulting.com\/wp-content\/uploads\/2020\/03\/administration-agreement-banking-blur-618158-300x169.jpg"},{"@type":"BreadcrumbList","@id":"https:\/\/licenseconsulting.com\/de\/legal\/#breadcrumb","itemListElement":[{"@type":"ListItem","position":1,"name":"Home","item":"https:\/\/licenseconsulting.com\/de\/"},{"@type":"ListItem","position":2,"name":"Rechtlich"}]},{"@type":"WebSite","@id":"https:\/\/licenseconsulting.com\/de\/#website","url":"https:\/\/licenseconsulting.com\/de\/","name":"License Consulting","description":"Oracle License Compliance Company","publisher":{"@id":"https:\/\/licenseconsulting.com\/de\/#organization"},"potentialAction":[{"@type":"SearchAction","target":{"@type":"EntryPoint","urlTemplate":"https:\/\/licenseconsulting.com\/de\/?s={search_term_string}"},"query-input":{"@type":"PropertyValueSpecification","valueRequired":true,"valueName":"search_term_string"}}],"inLanguage":"de"},{"@type":"Organization","@id":"https:\/\/licenseconsulting.com\/de\/#organization","name":"License Consulting BV","url":"https:\/\/licenseconsulting.com\/de\/","logo":{"@type":"ImageObject","inLanguage":"de","@id":"https:\/\/licenseconsulting.com\/de\/#\/schema\/logo\/image\/","url":"https:\/\/licenseconsulting.com\/wp-content\/uploads\/2020\/07\/LC-logo-2019-768x144-1.png","contentUrl":"https:\/\/licenseconsulting.com\/wp-content\/uploads\/2020\/07\/LC-logo-2019-768x144-1.png","width":768,"height":144,"caption":"License Consulting BV"},"image":{"@id":"https:\/\/licenseconsulting.com\/de\/#\/schema\/logo\/image\/"},"sameAs":["https:\/\/x.com\/OracleLicensing","https:\/\/www.linkedin.com\/company\/license-consulting\/"]}]}},"_links":{"self":[{"href":"https:\/\/licenseconsulting.com\/de\/wp-json\/wp\/v2\/pages\/9213","targetHints":{"allow":["GET"]}}],"collection":[{"href":"https:\/\/licenseconsulting.com\/de\/wp-json\/wp\/v2\/pages"}],"about":[{"href":"https:\/\/licenseconsulting.com\/de\/wp-json\/wp\/v2\/types\/page"}],"author":[{"embeddable":true,"href":"https:\/\/licenseconsulting.com\/de\/wp-json\/wp\/v2\/users\/1"}],"replies":[{"embeddable":true,"href":"https:\/\/licenseconsulting.com\/de\/wp-json\/wp\/v2\/comments?post=9213"}],"version-history":[{"count":5,"href":"https:\/\/licenseconsulting.com\/de\/wp-json\/wp\/v2\/pages\/9213\/revisions"}],"predecessor-version":[{"id":12196,"href":"https:\/\/licenseconsulting.com\/de\/wp-json\/wp\/v2\/pages\/9213\/revisions\/12196"}],"wp:attachment":[{"href":"https:\/\/licenseconsulting.com\/de\/wp-json\/wp\/v2\/media?parent=9213"}],"curies":[{"name":"wp","href":"https:\/\/api.w.org\/{rel}","templated":true}]}}