{"id":9206,"date":"2019-10-02T11:05:30","date_gmt":"2019-10-02T11:05:30","guid":{"rendered":"https:\/\/lcs.upseo.nl\/fuhrungsteam\/"},"modified":"2020-04-28T08:17:02","modified_gmt":"2020-04-28T08:17:02","slug":"fuhrungsteam","status":"publish","type":"page","link":"https:\/\/licenseconsulting.com\/de\/fuhrungsteam\/","title":{"rendered":"F\u00fchrungsteam"},"content":{"rendered":"<div class=\"wpb-content-wrapper\"><p>[vc_row][vc_column width=&#8220;1\/2&#8243;]<div id=\"ultimate-heading-810269e6e9cb2ed65\" class=\"uvc-heading ult-adjust-bottom-margin ultimate-heading-810269e6e9cb2ed65 uvc-944  uvc-heading-default-font-sizes\" data-hspacer=\"no_spacer\"  data-halign=\"center\" style=\"text-align:center\"><div class=\"uvc-heading-spacer no_spacer\" style=\"top\"><\/div><div class=\"uvc-main-heading ult-responsive\"  data-ultimate-target='.uvc-heading.ultimate-heading-810269e6e9cb2ed65 h2'  data-responsive-json-new='{\"font-size\":\"\",\"line-height\":\"\"}' ><h2 style=\"--font-weight:theme;\">DANIEL HESSELINK<\/h2><\/div><div class=\"uvc-sub-heading ult-responsive\"  data-ultimate-target='.uvc-heading.ultimate-heading-810269e6e9cb2ed65 .uvc-sub-heading '  data-responsive-json-new='{\"font-size\":\"\",\"line-height\":\"\"}'  style=\"font-weight:normal;\">Gr\u00fcnder &amp; CEO<\/div><\/div>[vc_empty_space][vc_row_inner][vc_column_inner width=&#8220;1\/4&#8243;]<style type=\"text\/css\" data-type=\"the7_shortcodes-inline-css\">.shortcode-single-image-wrap.shortcode-single-image-3a6f92e8e94599b5749a3f69c09adbec.enable-bg-rollover .rollover i,\n.shortcode-single-image-wrap.shortcode-single-image-3a6f92e8e94599b5749a3f69c09adbec.enable-bg-rollover .rollover-video i {\n  background: -webkit-linear-gradient();\n  background: linear-gradient();\n}\n.shortcode-single-image-wrap.shortcode-single-image-3a6f92e8e94599b5749a3f69c09adbec .rollover-icon {\n  font-size: 32px;\n  color: #ffffff;\n  min-width: 44px;\n  min-height: 44px;\n  line-height: 44px;\n  border-radius: 100px;\n  border-style: solid;\n  border-width: 0px;\n}\n.dt-icon-bg-on.shortcode-single-image-wrap.shortcode-single-image-3a6f92e8e94599b5749a3f69c09adbec .rollover-icon {\n  background: rgba(255,255,255,0.3);\n  box-shadow: none;\n}\n<\/style><div class=\"shortcode-single-image-wrap shortcode-single-image-3a6f92e8e94599b5749a3f69c09adbec alignnone  enable-bg-rollover dt-icon-bg-off\" style=\"margin-top:0px; margin-bottom:0px; margin-left:0px; margin-right:0px; width:500px;\"><div class=\"shortcode-single-image\"><div class=\"fancy-media-wrap  layzr-bg\" style=\"border-radius:500px;\"><img fetchpriority=\"high\" decoding=\"async\" class=\"preload-me lazy-load aspect\" src=\"data:image\/svg+xml,%3Csvg%20xmlns%3D&#39;http%3A%2F%2Fwww.w3.org%2F2000%2Fsvg&#39;%20viewBox%3D&#39;0%200%20305%20303&#39;%2F%3E\" data-src=\"https:\/\/licenseconsulting.com\/wp-content\/uploads\/2020\/03\/Daniel-1MB.png\" data-srcset=\"https:\/\/licenseconsulting.com\/wp-content\/uploads\/2020\/03\/Daniel-1MB.png 305w\" loading=\"eager\" sizes=\"(max-width: 305px) 100vw, 305px\" width=\"305\" height=\"303\"  data-dt-location=\"https:\/\/licenseconsulting.com\/de\/fuhrungsteam\/attachment\/daniel-1mb-2\/\" style=\"--ratio: 305 \/ 303;border-radius:500px;\" alt=\"Daniel Hesselink\" \/><\/div><\/div><\/div>[\/vc_column_inner][vc_column_inner width=&#8220;3\/4&#8243;][vc_column_text]Daniel Hesselink ist seit 1995 in der Softwarelizenzierungsbranche t\u00e4tig und bekleidete verschiedene Positionen bei Verk\u00e4ufern, Distributoren und Wiederverk\u00e4ufern. Aufgrund seiner Beraterf\u00e4higkeiten schulte er Partner und Endanwender im Hinblick auf die Software-Lizenzierung. Als Auditor f\u00fcr Oracle License Management Services (LMS) schulte er auch neue LMS- und Vertriebsmitarbeiter in der gesamten EMEA-Region.[\/vc_column_text][\/vc_column_inner][\/vc_row_inner][vc_column_text]Seit der Gr\u00fcndung von License Consulting im Jahr 2007 arbeitet Daniel ausschlie\u00dflich auf der Anwenderseite und unterst\u00fctzt Endkunden bei der aktiven Verbesserung ihrer Oracle-Lizenzkonformit\u00e4t sowie bei der Verbesserung ihrer Verhandlungsposition gegen\u00fcber Oracle. Aufgrund seiner Kombination aus technischen und kommunikativen F\u00e4higkeiten gilt er als Branchenexperte f\u00fcr Oracle-Lizenzen und ist ein gefragter Gastredner auf Software Asset Management-Veranstaltungen weltweit sowie auf Veranstaltungen der IT-Branche wie z.B. der VMWorld.[\/vc_column_text]<style type=\"text\/css\" data-type=\"the7_shortcodes-inline-css\">#default-btn-7dc01950f7a951e5dda38678f959de00 {\n  border-radius: 0px;\n  font-size: 16px;\n  line-height: 18px;\n}\n.btn-shadow#default-btn-7dc01950f7a951e5dda38678f959de00 {\n  box-shadow: 0 1px 6px rgba(0,0,0,0.12);\n  transition: box-shadow 0.2s ease-out, opacity 0.45s;\n}\n.btn-shadow#default-btn-7dc01950f7a951e5dda38678f959de00:hover {\n  box-shadow: 0 5px 11px 0 rgba(0,0,0,0.18), 0 4px 15px 0 rgba(0,0,0,0.15);\n}\n.btn-flat#default-btn-7dc01950f7a951e5dda38678f959de00 {\n  box-shadow: none;\n}\n.btn-flat#default-btn-7dc01950f7a951e5dda38678f959de00:hover {\n  box-shadow: none;\n}\n#default-btn-7dc01950f7a951e5dda38678f959de00.ico-right-side > i {\n  margin-right: 0px;\n  margin-left: 8px;\n}\n#default-btn-7dc01950f7a951e5dda38678f959de00 > i {\n  margin-right: 8px;\n  font-size: 20px;\n}\n#default-btn-7dc01950f7a951e5dda38678f959de00:not(:hover) {\n  border-width: 0px;\n  padding: 10px 18px 10px 16px;\n}\n#default-btn-7dc01950f7a951e5dda38678f959de00:hover {\n  border-width: 0px;\n  padding: 10px 18px 10px 16px;\n}\n#default-btn-7dc01950f7a951e5dda38678f959de00.ico-right-side > i {\n  margin-right: 0px;\n  margin-left: 8px;\n}\n#default-btn-7dc01950f7a951e5dda38678f959de00 > i {\n  margin-right: 8px;\n}\n<\/style><div class=\"btn-align-left\"><a href=\"https:\/\/www.linkedin.com\/in\/danielhesselink\" class=\"default-btn-shortcode dt-btn link-hover-off btn-flat \" target=\"_blank\" id=\"default-btn-7dc01950f7a951e5dda38678f959de00\" rel=\"noopener\"><i class=\"icomoon-icomoonfree-16x16-linkedin\"><\/i><span>Linkedin<\/span><\/a><\/div>[\/vc_column][vc_column width=&#8220;1\/2&#8243;]<div id=\"ultimate-heading-815969e6e9cb2f736\" class=\"uvc-heading ult-adjust-bottom-margin ultimate-heading-815969e6e9cb2f736 uvc-3617  uvc-heading-default-font-sizes\" data-hspacer=\"no_spacer\"  data-halign=\"center\" style=\"text-align:center\"><div class=\"uvc-heading-spacer no_spacer\" style=\"top\"><\/div><div class=\"uvc-main-heading ult-responsive\"  data-ultimate-target='.uvc-heading.ultimate-heading-815969e6e9cb2f736 h2'  data-responsive-json-new='{\"font-size\":\"\",\"line-height\":\"\"}' ><h2 style=\"--font-weight:theme;\">ARNO MASTIK<\/h2><\/div><div class=\"uvc-sub-heading ult-responsive\"  data-ultimate-target='.uvc-heading.ultimate-heading-815969e6e9cb2f736 .uvc-sub-heading '  data-responsive-json-new='{\"font-size\":\"\",\"line-height\":\"\"}'  style=\"font-weight:normal;\">Partner &amp; CTO<\/div><\/div>[vc_empty_space][vc_row_inner][vc_column_inner width=&#8220;1\/4&#8243;]<style type=\"text\/css\" data-type=\"the7_shortcodes-inline-css\">.shortcode-single-image-wrap.shortcode-single-image-edee1dc785a0ae6d2484a914152d3dee.enable-bg-rollover .rollover i,\n.shortcode-single-image-wrap.shortcode-single-image-edee1dc785a0ae6d2484a914152d3dee.enable-bg-rollover .rollover-video i {\n  background: -webkit-linear-gradient();\n  background: linear-gradient();\n}\n.shortcode-single-image-wrap.shortcode-single-image-edee1dc785a0ae6d2484a914152d3dee .rollover-icon {\n  font-size: 32px;\n  color: #ffffff;\n  min-width: 44px;\n  min-height: 44px;\n  line-height: 44px;\n  border-radius: 100px;\n  border-style: solid;\n  border-width: 0px;\n}\n.dt-icon-bg-on.shortcode-single-image-wrap.shortcode-single-image-edee1dc785a0ae6d2484a914152d3dee .rollover-icon {\n  background: rgba(255,255,255,0.3);\n  box-shadow: none;\n}\n<\/style><div class=\"shortcode-single-image-wrap shortcode-single-image-edee1dc785a0ae6d2484a914152d3dee alignnone  enable-bg-rollover dt-icon-bg-off\" style=\"margin-top:0px; margin-bottom:0px; margin-left:0px; margin-right:0px; width:500px;\"><div class=\"shortcode-single-image\"><div class=\"fancy-media-wrap  layzr-bg\" style=\"border-radius:500px;\"><img decoding=\"async\" class=\"preload-me lazy-load aspect\" src=\"data:image\/svg+xml,%3Csvg%20xmlns%3D&#39;http%3A%2F%2Fwww.w3.org%2F2000%2Fsvg&#39;%20viewBox%3D&#39;0%200%20500%20496&#39;%2F%3E\" data-src=\"https:\/\/licenseconsulting.com\/wp-content\/uploads\/2020\/03\/Arno-PPT-picture-500x496.png\" data-srcset=\"https:\/\/licenseconsulting.com\/wp-content\/uploads\/2020\/03\/Arno-PPT-picture-500x496.png 500w, https:\/\/licenseconsulting.com\/wp-content\/uploads\/2020\/03\/Arno-PPT-picture-1000x992.png 1000w\" loading=\"eager\" sizes=\"(max-width: 500px) 100vw, 500px\" width=\"500\" height=\"496\"  data-dt-location=\"https:\/\/licenseconsulting.com\/de\/fuhrungsteam\/attachment\/arno-ppt-picture-2\/\" style=\"--ratio: 500 \/ 496;border-radius:500px;\" alt=\"Arno Mastik\" \/><\/div><\/div><\/div>[\/vc_column_inner][vc_column_inner width=&#8220;3\/4&#8243;][vc_column_text]Arno Mastik ist seit 1998 in der Softwarelizenzierungsbranche t\u00e4tig. Er hatte verschiedene Positionen bei Oracle inne, unter anderem im Support Sales und als Auditor f\u00fcr Oracle License Management Services (LMS). Seine au\u00dfergew\u00f6hnlichen technischen F\u00e4higkeiten erm\u00f6glichten es ihm, Consulting Manager bei einem gro\u00dfen Oracle-Beratungsunternehmen zu werden, als er sich 2012 entschied, in die Lizenzberatung einzusteigen.[\/vc_column_text][\/vc_column_inner][\/vc_row_inner][vc_column_text]Nach seinem Einstieg bei License Consulting nutzte Arno Mastik seine Kenntnisse, um die Methoden der Datenanalyse f\u00fcr Audit-Verteidigungsaktivit\u00e4ten zu optimieren. Er arbeitet mit den technischen Teams unserer Kunden zusammen und unterst\u00fctzt sie dabei, die operative Leistungsf\u00e4higkeit zu sichern und gleichzeitig die Konformit\u00e4t zu kontrollieren.[\/vc_column_text]<style type=\"text\/css\" data-type=\"the7_shortcodes-inline-css\">#default-btn-109e9fcf7488fd0790795cebc78667c5 {\n  border-radius: 0px;\n  font-size: 16px;\n  line-height: 18px;\n}\n.btn-shadow#default-btn-109e9fcf7488fd0790795cebc78667c5 {\n  box-shadow: 0 1px 6px rgba(0,0,0,0.12);\n  transition: box-shadow 0.2s ease-out, opacity 0.45s;\n}\n.btn-shadow#default-btn-109e9fcf7488fd0790795cebc78667c5:hover {\n  box-shadow: 0 5px 11px 0 rgba(0,0,0,0.18), 0 4px 15px 0 rgba(0,0,0,0.15);\n}\n.btn-flat#default-btn-109e9fcf7488fd0790795cebc78667c5 {\n  box-shadow: none;\n}\n.btn-flat#default-btn-109e9fcf7488fd0790795cebc78667c5:hover {\n  box-shadow: none;\n}\n#default-btn-109e9fcf7488fd0790795cebc78667c5.ico-right-side > i {\n  margin-right: 0px;\n  margin-left: 8px;\n}\n#default-btn-109e9fcf7488fd0790795cebc78667c5 > i {\n  margin-right: 8px;\n  font-size: 20px;\n}\n#default-btn-109e9fcf7488fd0790795cebc78667c5:not(:hover) {\n  border-width: 0px;\n  padding: 10px 18px 10px 16px;\n}\n#default-btn-109e9fcf7488fd0790795cebc78667c5:hover {\n  border-width: 0px;\n  padding: 10px 18px 10px 16px;\n}\n#default-btn-109e9fcf7488fd0790795cebc78667c5.ico-right-side > i {\n  margin-right: 0px;\n  margin-left: 8px;\n}\n#default-btn-109e9fcf7488fd0790795cebc78667c5 > i {\n  margin-right: 8px;\n}\n<\/style><a href=\"https:\/\/www.linkedin.com\/in\/arnomastik\/\" class=\"default-btn-shortcode dt-btn link-hover-off btn-inline-left btn-flat \" target=\"_blank\" id=\"default-btn-109e9fcf7488fd0790795cebc78667c5\" rel=\"noopener\"><i class=\"icomoon-icomoonfree-16x16-linkedin\"><\/i><span>Linkedin<\/span><\/a>[\/vc_column][\/vc_row][vc_row][vc_column][vc_empty_space height=&#8220;64px&#8220;][vc_column_text]<\/p>\n<p style=\"text-align: center;\">Lesen Sie mehr <a href=\"https:\/\/licenseconsulting.com\/de\/ueber-uns\/\">\u00fcber das Unternehmen und seine bisherige Entwicklung&#8230;<\/a><\/p>\n<p>[\/vc_column_text][\/vc_column][\/vc_row]<\/p>\n<\/div>","protected":false},"excerpt":{"rendered":"<p>[vc_row][vc_column width=&#8220;1\/2&#8243;][vc_empty_space][vc_row_inner][vc_column_inner width=&#8220;1\/4&#8243;][\/vc_column_inner][vc_column_inner width=&#8220;3\/4&#8243;][vc_column_text]Daniel Hesselink ist seit 1995 in der Softwarelizenzierungsbranche t\u00e4tig und bekleidete verschiedene Positionen bei Verk\u00e4ufern, Distributoren und Wiederverk\u00e4ufern. Aufgrund seiner Beraterf\u00e4higkeiten schulte er Partner und Endanwender im Hinblick auf die Software-Lizenzierung. Als Auditor f\u00fcr Oracle License Management Services (LMS) schulte er auch neue LMS- und Vertriebsmitarbeiter in der gesamten EMEA-Region.[\/vc_column_text][\/vc_column_inner][\/vc_row_inner][vc_column_text]Seit der Gr\u00fcndung&hellip;<\/p>\n","protected":false},"author":1,"featured_media":0,"parent":0,"menu_order":0,"comment_status":"closed","ping_status":"closed","template":"","meta":{"footnotes":""},"class_list":["post-9206","page","type-page","status-publish","hentry","description-off"],"yoast_head":"<!-- This site is optimized with the Yoast SEO Premium plugin v25.2 (Yoast SEO v26.8) - https:\/\/yoast.com\/product\/yoast-seo-premium-wordpress\/ -->\n<title>F\u00fchrungsteam - License Consulting<\/title>\n<meta name=\"robots\" content=\"index, follow, max-snippet:-1, max-image-preview:large, max-video-preview:-1\" \/>\n<link rel=\"canonical\" href=\"https:\/\/licenseconsulting.com\/de\/fuhrungsteam\/\" \/>\n<meta property=\"og:locale\" content=\"de_DE\" \/>\n<meta property=\"og:type\" content=\"article\" \/>\n<meta property=\"og:title\" content=\"F\u00fchrungsteam\" \/>\n<meta property=\"og:description\" content=\"Daniel Hesselink ist seit 1995 in der Softwarelizenzierungsbranche t\u00e4tig und bekleidete verschiedene Positionen bei Verk\u00e4ufern, Distributoren und\" \/>\n<meta property=\"og:url\" content=\"https:\/\/licenseconsulting.com\/de\/fuhrungsteam\/\" \/>\n<meta property=\"og:site_name\" content=\"License Consulting\" \/>\n<meta property=\"article:modified_time\" content=\"2020-04-28T08:17:02+00:00\" \/>\n<meta name=\"twitter:card\" content=\"summary_large_image\" \/>\n<meta name=\"twitter:site\" content=\"@OracleLicensing\" \/>\n<meta name=\"twitter:label1\" content=\"Gesch\u00e4tzte Lesezeit\" \/>\n\t<meta name=\"twitter:data1\" content=\"2\u00a0Minuten\" \/>\n<script type=\"application\/ld+json\" class=\"yoast-schema-graph\">{\"@context\":\"https:\/\/schema.org\",\"@graph\":[{\"@type\":\"WebPage\",\"@id\":\"https:\/\/licenseconsulting.com\/de\/fuhrungsteam\/\",\"url\":\"https:\/\/licenseconsulting.com\/de\/fuhrungsteam\/\",\"name\":\"F\u00fchrungsteam - License Consulting\",\"isPartOf\":{\"@id\":\"https:\/\/licenseconsulting.com\/de\/#website\"},\"datePublished\":\"2019-10-02T11:05:30+00:00\",\"dateModified\":\"2020-04-28T08:17:02+00:00\",\"breadcrumb\":{\"@id\":\"https:\/\/licenseconsulting.com\/de\/fuhrungsteam\/#breadcrumb\"},\"inLanguage\":\"de\",\"potentialAction\":[{\"@type\":\"ReadAction\",\"target\":[\"https:\/\/licenseconsulting.com\/de\/fuhrungsteam\/\"]}]},{\"@type\":\"BreadcrumbList\",\"@id\":\"https:\/\/licenseconsulting.com\/de\/fuhrungsteam\/#breadcrumb\",\"itemListElement\":[{\"@type\":\"ListItem\",\"position\":1,\"name\":\"Home\",\"item\":\"https:\/\/licenseconsulting.com\/de\/\"},{\"@type\":\"ListItem\",\"position\":2,\"name\":\"F\u00fchrungsteam\"}]},{\"@type\":\"WebSite\",\"@id\":\"https:\/\/licenseconsulting.com\/de\/#website\",\"url\":\"https:\/\/licenseconsulting.com\/de\/\",\"name\":\"License Consulting\",\"description\":\"Oracle License Compliance Company\",\"publisher\":{\"@id\":\"https:\/\/licenseconsulting.com\/de\/#organization\"},\"potentialAction\":[{\"@type\":\"SearchAction\",\"target\":{\"@type\":\"EntryPoint\",\"urlTemplate\":\"https:\/\/licenseconsulting.com\/de\/?s={search_term_string}\"},\"query-input\":{\"@type\":\"PropertyValueSpecification\",\"valueRequired\":true,\"valueName\":\"search_term_string\"}}],\"inLanguage\":\"de\"},{\"@type\":\"Organization\",\"@id\":\"https:\/\/licenseconsulting.com\/de\/#organization\",\"name\":\"License Consulting BV\",\"url\":\"https:\/\/licenseconsulting.com\/de\/\",\"logo\":{\"@type\":\"ImageObject\",\"inLanguage\":\"de\",\"@id\":\"https:\/\/licenseconsulting.com\/de\/#\/schema\/logo\/image\/\",\"url\":\"https:\/\/licenseconsulting.com\/wp-content\/uploads\/2020\/07\/LC-logo-2019-768x144-1.png\",\"contentUrl\":\"https:\/\/licenseconsulting.com\/wp-content\/uploads\/2020\/07\/LC-logo-2019-768x144-1.png\",\"width\":768,\"height\":144,\"caption\":\"License Consulting BV\"},\"image\":{\"@id\":\"https:\/\/licenseconsulting.com\/de\/#\/schema\/logo\/image\/\"},\"sameAs\":[\"https:\/\/x.com\/OracleLicensing\",\"https:\/\/www.linkedin.com\/company\/license-consulting\/\"]}]}<\/script>\n<!-- \/ Yoast SEO Premium plugin. -->","yoast_head_json":{"title":"F\u00fchrungsteam - License Consulting","robots":{"index":"index","follow":"follow","max-snippet":"max-snippet:-1","max-image-preview":"max-image-preview:large","max-video-preview":"max-video-preview:-1"},"canonical":"https:\/\/licenseconsulting.com\/de\/fuhrungsteam\/","og_locale":"de_DE","og_type":"article","og_title":"F\u00fchrungsteam","og_description":"Daniel Hesselink ist seit 1995 in der Softwarelizenzierungsbranche t\u00e4tig und bekleidete verschiedene Positionen bei Verk\u00e4ufern, Distributoren und","og_url":"https:\/\/licenseconsulting.com\/de\/fuhrungsteam\/","og_site_name":"License Consulting","article_modified_time":"2020-04-28T08:17:02+00:00","twitter_card":"summary_large_image","twitter_site":"@OracleLicensing","twitter_misc":{"Gesch\u00e4tzte Lesezeit":"2\u00a0Minuten"},"schema":{"@context":"https:\/\/schema.org","@graph":[{"@type":"WebPage","@id":"https:\/\/licenseconsulting.com\/de\/fuhrungsteam\/","url":"https:\/\/licenseconsulting.com\/de\/fuhrungsteam\/","name":"F\u00fchrungsteam - License Consulting","isPartOf":{"@id":"https:\/\/licenseconsulting.com\/de\/#website"},"datePublished":"2019-10-02T11:05:30+00:00","dateModified":"2020-04-28T08:17:02+00:00","breadcrumb":{"@id":"https:\/\/licenseconsulting.com\/de\/fuhrungsteam\/#breadcrumb"},"inLanguage":"de","potentialAction":[{"@type":"ReadAction","target":["https:\/\/licenseconsulting.com\/de\/fuhrungsteam\/"]}]},{"@type":"BreadcrumbList","@id":"https:\/\/licenseconsulting.com\/de\/fuhrungsteam\/#breadcrumb","itemListElement":[{"@type":"ListItem","position":1,"name":"Home","item":"https:\/\/licenseconsulting.com\/de\/"},{"@type":"ListItem","position":2,"name":"F\u00fchrungsteam"}]},{"@type":"WebSite","@id":"https:\/\/licenseconsulting.com\/de\/#website","url":"https:\/\/licenseconsulting.com\/de\/","name":"License Consulting","description":"Oracle License Compliance Company","publisher":{"@id":"https:\/\/licenseconsulting.com\/de\/#organization"},"potentialAction":[{"@type":"SearchAction","target":{"@type":"EntryPoint","urlTemplate":"https:\/\/licenseconsulting.com\/de\/?s={search_term_string}"},"query-input":{"@type":"PropertyValueSpecification","valueRequired":true,"valueName":"search_term_string"}}],"inLanguage":"de"},{"@type":"Organization","@id":"https:\/\/licenseconsulting.com\/de\/#organization","name":"License Consulting BV","url":"https:\/\/licenseconsulting.com\/de\/","logo":{"@type":"ImageObject","inLanguage":"de","@id":"https:\/\/licenseconsulting.com\/de\/#\/schema\/logo\/image\/","url":"https:\/\/licenseconsulting.com\/wp-content\/uploads\/2020\/07\/LC-logo-2019-768x144-1.png","contentUrl":"https:\/\/licenseconsulting.com\/wp-content\/uploads\/2020\/07\/LC-logo-2019-768x144-1.png","width":768,"height":144,"caption":"License Consulting BV"},"image":{"@id":"https:\/\/licenseconsulting.com\/de\/#\/schema\/logo\/image\/"},"sameAs":["https:\/\/x.com\/OracleLicensing","https:\/\/www.linkedin.com\/company\/license-consulting\/"]}]}},"_links":{"self":[{"href":"https:\/\/licenseconsulting.com\/de\/wp-json\/wp\/v2\/pages\/9206","targetHints":{"allow":["GET"]}}],"collection":[{"href":"https:\/\/licenseconsulting.com\/de\/wp-json\/wp\/v2\/pages"}],"about":[{"href":"https:\/\/licenseconsulting.com\/de\/wp-json\/wp\/v2\/types\/page"}],"author":[{"embeddable":true,"href":"https:\/\/licenseconsulting.com\/de\/wp-json\/wp\/v2\/users\/1"}],"replies":[{"embeddable":true,"href":"https:\/\/licenseconsulting.com\/de\/wp-json\/wp\/v2\/comments?post=9206"}],"version-history":[{"count":6,"href":"https:\/\/licenseconsulting.com\/de\/wp-json\/wp\/v2\/pages\/9206\/revisions"}],"predecessor-version":[{"id":11871,"href":"https:\/\/licenseconsulting.com\/de\/wp-json\/wp\/v2\/pages\/9206\/revisions\/11871"}],"wp:attachment":[{"href":"https:\/\/licenseconsulting.com\/de\/wp-json\/wp\/v2\/media?parent=9206"}],"curies":[{"name":"wp","href":"https:\/\/api.w.org\/{rel}","templated":true}]}}